{"id":2405,"date":"2025-12-19T06:44:47","date_gmt":"2025-12-19T06:44:47","guid":{"rendered":"https:\/\/www.zkprintpack.com\/?post_type=product&#038;p=2405"},"modified":"2025-12-19T07:04:57","modified_gmt":"2025-12-19T07:04:57","slug":"custom-meat-packaging-pouch-supplier","status":"publish","type":"product","link":"https:\/\/www.zkprintpack.com\/fr\/product\/custom-meat-packaging-pouch-supplier\/","title":{"rendered":"Fournisseur de pochettes d'emballage de viande sur mesure, pochettes plates \u00e0 fen\u00eatre transparente avec fermeture \u00e0 glissi\u00e8re"},"content":{"rendered":"<div class=\"wp-block-columns is-layout-flex wp-container-core-columns-is-layout-9d6595d7 wp-block-columns-is-layout-flex\">\n<div class=\"wp-block-column is-layout-flow wp-block-column-is-layout-flow\">\n<h2 class=\"wp-block-heading\">Pochette d'emballage de viande personnalis\u00e9e Caract\u00e9ristiques :<\/h2>\n\n\n\n<ul class=\"wp-block-list\">\n<li><strong>Avec une structure de sac \u00e0 fermeture \u00e0 glissi\u00e8re plate : <\/strong>la conception permet une fen\u00eatre de visualisation transparente qui permet aux consommateurs finaux de contr\u00f4ler visuellement la qualit\u00e9 du produit carn\u00e9. Cela r\u00e9pond \u00e0 la double exigence d'attractivit\u00e9 et de praticit\u00e9 des sachets d'emballage de viande sur mesure.<\/li>\n\n\n\n<li><strong>Utilisation de mat\u00e9riaux composites de qualit\u00e9 alimentaire \u00e0 haute barri\u00e8re<\/strong> pour bloquer l'humidit\u00e9, l'oxydation et le transfert d'odeurs afin d'emballer en toute s\u00e9curit\u00e9 la viande fra\u00eeche, la viande congel\u00e9e et les produits de salaison.<\/li>\n\n\n\n<li><strong>Production directe en usine :<\/strong> Avec des lignes de production matures pour la fabrication et l'impression de sacs, nous sommes un fabricant fiable de sacs d'emballage de viande en gros, qui a toujours soutenu les commandes de gros volumes et l'approvisionnement \u00e0 long terme.<\/li>\n\n\n\n<li><strong>Prise en charge de la personnalisation OEM\/ODM : <\/strong>la taille du sac, le rapport de composition des mat\u00e9riaux, le style de la fermeture \u00e9clair et l'emplacement de la fen\u00eatre transparente sont personnalis\u00e9s en fonction des caract\u00e9ristiques du produit, de sorte qu'une grande flexibilit\u00e9 peut \u00eatre maintenue dans l'emballage de la viande avec des sachets fabriqu\u00e9s \u00e0 partir de nouveaux mat\u00e9riaux pour r\u00e9pondre au positionnement de la marque.<\/li>\n\n\n\n<li><strong>Construction robuste<\/strong> pour la r\u00e9sistance \u00e0 la perforation permet une fermeture herm\u00e9tique, tout en conservant une conception l\u00e9g\u00e8re et en r\u00e9duisant efficacement les co\u00fbts de transport et de stockage de la cha\u00eene du froid.<\/li>\n\n\n\n<li><strong>De la viande fra\u00eeche \u00e0 la viande s\u00e9ch\u00e9e en passant par le b\u0153uf s\u00e9ch\u00e9<\/strong>Il couvre un large \u00e9ventail de besoins en mati\u00e8re d'emballage pour diverses marques, transformateurs et canaux de distribution, qu'il s'agisse de produits de consommation courante, d'en-cas ou de produits \u00e0 base de viande pour animaux de compagnie.<\/li>\n<\/ul>\n<\/div>\n<\/div>","protected":false},"excerpt":{"rendered":"<p>Bienvenue chez un fabricant professionnel de sacs d'emballage de viande en gros qui fournit des solutions de pochettes d'emballage de viande personnalis\u00e9es. Nos sachets plats sont dot\u00e9s de fermetures \u00e0 glissi\u00e8re, de fen\u00eatres transparentes, de mat\u00e9riaux de qualit\u00e9 alimentaire et peuvent \u00eatre personnalis\u00e9s pour les marques de viande et les acheteurs en gros.<\/p>\n<h2>Param\u00e8tres de la pochette d'emballage de viande sur mesure<\/h2>\n<ul>\n<li><strong>Mat\u00e9riau :<\/strong> PET\/PE, PET\/NY\/PE, etc.<\/li>\n<li><strong>Type de sac<\/strong>: <strong>Sac \u00e0 sceller sur trois c\u00f4t\u00e9s, pochette plate<\/strong><\/li>\n<li><strong>Taille<\/strong>: Sur mesure<\/li>\n<li><strong>Commande personnalis\u00e9e<\/strong>: Acceptation des OEM et ODM<\/li>\n<li><strong>\u00c9chantillon gratuit<\/strong>: Support<\/li>\n<li><strong>Utilisation<\/strong>sauce tomate, sauce chili et salade<\/li>\n<li><strong>Manipulation de surface<\/strong>: Impression en h\u00e9liogravure<\/li>\n<li><strong>Couleur<\/strong>: Peut \u00eatre personnalis\u00e9<\/li>\n<li><strong>March\u00e9s cibles<\/strong>: Partout dans le monde<\/li>\n<\/ul>","protected":false},"featured_media":2406,"comment_status":"closed","ping_status":"closed","template":"","meta":{"_acf_changed":false},"market":[61],"product_brand":[],"product_cat":[53,67],"product_tag":[],"class_list":{"0":"post-2405","1":"product","2":"type-product","3":"status-publish","4":"has-post-thumbnail","6":"market-snack-packaging-supplier","7":"product_cat-three-side-seal-pouch-wholesale","8":"product_cat-custom-flat-pouch","10":"first","11":"instock","12":"shipping-taxable","13":"product-type-simple"},"acf":[],"_links":{"self":[{"href":"https:\/\/www.zkprintpack.com\/fr\/wp-json\/wp\/v2\/product\/2405","targetHints":{"allow":["GET"]}}],"collection":[{"href":"https:\/\/www.zkprintpack.com\/fr\/wp-json\/wp\/v2\/product"}],"about":[{"href":"https:\/\/www.zkprintpack.com\/fr\/wp-json\/wp\/v2\/types\/product"}],"replies":[{"embeddable":true,"href":"https:\/\/www.zkprintpack.com\/fr\/wp-json\/wp\/v2\/comments?post=2405"}],"wp:featuredmedia":[{"embeddable":true,"href":"https:\/\/www.zkprintpack.com\/fr\/wp-json\/wp\/v2\/media\/2406"}],"wp:attachment":[{"href":"https:\/\/www.zkprintpack.com\/fr\/wp-json\/wp\/v2\/media?parent=2405"}],"wp:term":[{"taxonomy":"market","embeddable":true,"href":"https:\/\/www.zkprintpack.com\/fr\/wp-json\/wp\/v2\/market?post=2405"},{"taxonomy":"product_brand","embeddable":true,"href":"https:\/\/www.zkprintpack.com\/fr\/wp-json\/wp\/v2\/product_brand?post=2405"},{"taxonomy":"product_cat","embeddable":true,"href":"https:\/\/www.zkprintpack.com\/fr\/wp-json\/wp\/v2\/product_cat?post=2405"},{"taxonomy":"product_tag","embeddable":true,"href":"https:\/\/www.zkprintpack.com\/fr\/wp-json\/wp\/v2\/product_tag?post=2405"}],"curies":[{"name":"wp","href":"https:\/\/api.w.org\/{rel}","templated":true}]}}