{"id":2370,"date":"2025-12-09T06:30:31","date_gmt":"2025-12-09T06:30:31","guid":{"rendered":"https:\/\/www.zkprintpack.com\/?post_type=product&#038;p=2370"},"modified":"2026-04-29T01:27:35","modified_gmt":"2026-04-29T01:27:35","slug":"custom-coffee-bags-packaging-supplier","status":"publish","type":"product","link":"https:\/\/www.zkprintpack.com\/fr\/product\/custom-coffee-bags-packaging-supplier\/","title":{"rendered":"Fabricant de sacs de caf\u00e9 personnalis\u00e9s, OEM Pochettes \u00e0 fond plat en gros"},"content":{"rendered":"<div class=\"wp-block-columns is-layout-flex wp-container-core-columns-is-layout-9d6595d7 wp-block-columns-is-layout-flex\">\n<div class=\"wp-block-column is-layout-flow wp-block-column-is-layout-flow\">\n<h2 class=\"wp-block-heading\">Sacs de caf\u00e9 personnalis\u00e9s Caract\u00e9ristiques de l'emballage :<\/h2>\n\n\n\n<ul class=\"wp-block-list\">\n<li><strong>Conception de la structure du sac \u00e0 fond plat : <\/strong>Cela permet de conserver la forme du sac avec une dimensionnalit\u00e9 accrue, am\u00e9liorant ainsi sa pr\u00e9sentation sur les \u00e9tag\u00e8res tout en tenant compte des exigences esth\u00e9tiques et fonctionnelles des sacs \u00e0 caf\u00e9 personnalis\u00e9s.<\/li>\n\n\n\n<li><strong>Mat\u00e9riau composite \u00e0 haute barri\u00e8re : <\/strong>Il prot\u00e8ge efficacement contre la p\u00e9n\u00e9tration de l'oxyg\u00e8ne, de l'humidit\u00e9 et des odeurs. Cet emballage convient au conditionnement du caf\u00e9 en grains ou en poudre.<\/li>\n\n\n\n<li><strong>Mod\u00e8le de production directe :<\/strong> Gr\u00e2ce \u00e0 nos installations automatis\u00e9es de fabrication et d'impression de pointe, nous sommes un fabricant professionnel de sacs d'emballage pour le caf\u00e9, capable de traiter des commandes de production importantes.<\/li>\n\n\n\n<li><strong>Offre des services de personnalisation OEM\/ODM<\/strong>: Il est possible de personnaliser la taille, la composition des mat\u00e9riaux, la disposition des valves et les impressions pour cr\u00e9er des solutions d'emballage personnalis\u00e9es pour les sacs de caf\u00e9.<\/li>\n\n\n\n<li><strong>Conception solide et l\u00e9g\u00e8re : <\/strong>Il permet d'assurer un transport s\u00e9curis\u00e9 du produit tout en offrant une r\u00e9duction efficace des frais logistiques et de stockage, ce qui le rend appropri\u00e9 pour les ventes \u00e0 l'exportation et les achats en gros.<\/li>\n\n\n\n<li>Tr\u00e8s polyvalent pour l'emballage des grains de caf\u00e9, du caf\u00e9 moulu, du caf\u00e9 de sp\u00e9cialit\u00e9 et des marques de commerce de d\u00e9tail\/e-commerce.<\/li>\n<\/ul>\n<\/div>\n\n\n\n<div class=\"wp-block-column is-layout-flow wp-block-column-is-layout-flow\">\n<figure class=\"wp-block-image size-full\"><img decoding=\"async\" width=\"756\" height=\"756\" src=\"https:\/\/www.zkprintpack.com\/wp-content\/uploads\/2025\/12\/Custom-Coffee-Bags-Packaging-Manufacturer-Zhongjia-Packaging-2.webp\" alt=\"Fabricant de sacs de caf\u00e9 sur mesure - Zhongjia Packaging (2)\" class=\"wp-image-2403\" srcset=\"https:\/\/www.zkprintpack.com\/wp-content\/uploads\/2025\/12\/Custom-Coffee-Bags-Packaging-Manufacturer-Zhongjia-Packaging-2.webp 756w, https:\/\/www.zkprintpack.com\/wp-content\/uploads\/2025\/12\/Custom-Coffee-Bags-Packaging-Manufacturer-Zhongjia-Packaging-2-150x150.webp 150w, https:\/\/www.zkprintpack.com\/wp-content\/uploads\/2025\/12\/Custom-Coffee-Bags-Packaging-Manufacturer-Zhongjia-Packaging-2-12x12.webp 12w, https:\/\/www.zkprintpack.com\/wp-content\/uploads\/2025\/12\/Custom-Coffee-Bags-Packaging-Manufacturer-Zhongjia-Packaging-2-600x600.webp 600w, https:\/\/www.zkprintpack.com\/wp-content\/uploads\/2025\/12\/Custom-Coffee-Bags-Packaging-Manufacturer-Zhongjia-Packaging-2-300x300.webp 300w, https:\/\/www.zkprintpack.com\/wp-content\/uploads\/2025\/12\/Custom-Coffee-Bags-Packaging-Manufacturer-Zhongjia-Packaging-2-100x100.webp 100w\" sizes=\"(max-width: 756px) 100vw, 756px\" \/><\/figure>\n<\/div>\n<\/div>\n\n\n\n<p><\/p>","protected":false},"excerpt":{"rendered":"<p>Bienvenue chez un fabricant professionnel de sacs d'emballage de caf\u00e9 fournissant des solutions d'emballage de sacs de caf\u00e9 personnalis\u00e9s. Nos sachets \u00e0 fond plat OEM sont dot\u00e9s de mat\u00e9riaux \u00e0 haute barri\u00e8re, supportent l'impression et les valves personnalis\u00e9es et sont id\u00e9aux pour les acheteurs en gros, les marques de caf\u00e9 et les distributeurs.<\/p>\n<h2>Param\u00e8tres de l'emballage des sacs de caf\u00e9 sur mesure<\/h2>\n<ul>\n<li><strong>Mat\u00e9riau :<\/strong>\u00a0PET\/PE, PET\/NY\/PE, PET\/AL\/NY\/PE, etc.<\/li>\n<li><strong>Type de sac : <a href=\"https:\/\/www.zkprintpack.com\/fr\/custom-flat-bottom-pouch\/\">Pochette \u00e0 fond plat<\/a><\/strong><\/li>\n<li><strong>Taille<\/strong>: Sur mesure<\/li>\n<li><strong>Commande personnalis\u00e9e<\/strong>: Acceptation des OEM et ODM<\/li>\n<li><strong>\u00c9chantillon gratuit<\/strong>: Support<\/li>\n<li><strong>Utilisation<\/strong>lubrifiants, fluides d'entretien automobile, nettoyants, produits chimiques industriels, adjuvants agricoles et autres produits liquides et semi-liquides.<\/li>\n<li><strong>Manipulation de surface<\/strong>: Impression en h\u00e9liogravure<\/li>\n<li><strong>Couleur<\/strong>: Peut \u00eatre personnalis\u00e9<\/li>\n<li><strong>March\u00e9s cibles<\/strong>: Partout dans le monde<\/li>\n<\/ul>","protected":false},"featured_media":2402,"comment_status":"closed","ping_status":"closed","template":"","meta":{"_acf_changed":false},"market":[70],"product_brand":[],"product_cat":[55],"product_tag":[],"class_list":{"0":"post-2370","1":"product","2":"type-product","3":"status-publish","4":"has-post-thumbnail","6":"market-coffee-packaging-supplier","7":"product_cat-flat-bottom-pouches-wholesale","9":"first","10":"instock","11":"shipping-taxable","12":"product-type-simple"},"acf":[],"_links":{"self":[{"href":"https:\/\/www.zkprintpack.com\/fr\/wp-json\/wp\/v2\/product\/2370","targetHints":{"allow":["GET"]}}],"collection":[{"href":"https:\/\/www.zkprintpack.com\/fr\/wp-json\/wp\/v2\/product"}],"about":[{"href":"https:\/\/www.zkprintpack.com\/fr\/wp-json\/wp\/v2\/types\/product"}],"replies":[{"embeddable":true,"href":"https:\/\/www.zkprintpack.com\/fr\/wp-json\/wp\/v2\/comments?post=2370"}],"wp:featuredmedia":[{"embeddable":true,"href":"https:\/\/www.zkprintpack.com\/fr\/wp-json\/wp\/v2\/media\/2402"}],"wp:attachment":[{"href":"https:\/\/www.zkprintpack.com\/fr\/wp-json\/wp\/v2\/media?parent=2370"}],"wp:term":[{"taxonomy":"market","embeddable":true,"href":"https:\/\/www.zkprintpack.com\/fr\/wp-json\/wp\/v2\/market?post=2370"},{"taxonomy":"product_brand","embeddable":true,"href":"https:\/\/www.zkprintpack.com\/fr\/wp-json\/wp\/v2\/product_brand?post=2370"},{"taxonomy":"product_cat","embeddable":true,"href":"https:\/\/www.zkprintpack.com\/fr\/wp-json\/wp\/v2\/product_cat?post=2370"},{"taxonomy":"product_tag","embeddable":true,"href":"https:\/\/www.zkprintpack.com\/fr\/wp-json\/wp\/v2\/product_tag?post=2370"}],"curies":[{"name":"wp","href":"https:\/\/api.w.org\/{rel}","templated":true}]}}