{"id":2336,"date":"2025-11-29T09:23:37","date_gmt":"2025-11-29T09:23:37","guid":{"rendered":"https:\/\/www.zkprintpack.com\/?post_type=product&#038;p=2336"},"modified":"2025-11-29T09:23:39","modified_gmt":"2025-11-29T09:23:39","slug":"custom-spout-pouches-with-handle-grip","status":"publish","type":"product","link":"https:\/\/www.zkprintpack.com\/fr\/product\/custom-spout-pouches-with-handle-grip\/","title":{"rendered":"Pochettes \u00e0 bec sur mesure avec poign\u00e9e, fabricant de sacs d'emballage pour boissons"},"content":{"rendered":"<div class=\"wp-block-columns is-layout-flex wp-container-core-columns-is-layout-9d6595d7 wp-block-columns-is-layout-flex\">\n<div class=\"wp-block-column is-layout-flow wp-block-column-is-layout-flow\">\n<h2 class=\"wp-block-heading\">Pochettes \u00e0 bec personnalis\u00e9es avec poign\u00e9e Caract\u00e9ristiques :<\/h2>\n\n\n\n<ul class=\"wp-block-list\">\n<li><strong>Structure du mat\u00e9riau \u00e0 haute barri\u00e8re id\u00e9ale pour le remplissage de liquides :<\/strong> Nos sachets \u00e0 bec personnalis\u00e9s avec poign\u00e9e utilisent un film composite de qualit\u00e9 alimentaire, offrant des avantages en mati\u00e8re d'\u00e9tanch\u00e9it\u00e9, de r\u00e9sistance aux d\u00e9versements et \u00e0 la pression pour prolonger efficacement la fra\u00eecheur des boissons. En tant que fabricant professionnel de sacs d'emballage pour boissons, nous garantissons une qualit\u00e9 d'emballage constante et fiable.<\/li>\n\n\n\n<li><strong>La conception de la poign\u00e9e am\u00e9liore la portabilit\u00e9 :<\/strong> La structure solide des poign\u00e9es des sachets \u00e0 bec avec poign\u00e9e permet aux consommateurs de les transporter sans effort, ce qui est id\u00e9al pour les boissons \u00e0 emporter, les provisions de voyage, les boissons pour enfants et de nombreux autres cas de figure.<\/li>\n\n\n\n<li><strong>De multiples sp\u00e9cifications sont disponibles avec une personnalisation compl\u00e8te :<\/strong> Nous proposons des solutions sur mesure, y compris des capacit\u00e9s variables, des tailles de becs, des structures de sachets et des conceptions d'impression pour personnaliser la marque et diff\u00e9rencier les produits.<\/li>\n\n\n\n<li><strong>L'impression couleur haute d\u00e9finition am\u00e9liore la visibilit\u00e9 de la marque : <\/strong>Les sachets \u00e0 becs personnalis\u00e9s peuvent \u00eatre imprim\u00e9s en h\u00e9liogravure ou en flexographie haute d\u00e9finition, ce qui permet d'obtenir des couleurs vives et des textures de qualit\u00e9 sup\u00e9rieure qui renforcent la comp\u00e9titivit\u00e9 de la marque dans les rayons des magasins.<\/li>\n\n\n\n<li><strong>Hautement compatible avec les \u00e9quipements de remplissage automatis\u00e9s :<\/strong> Nos sachets sont con\u00e7us pour les machines de remplissage automatis\u00e9es les plus courantes. En tant que fabricant exp\u00e9riment\u00e9 de sacs d'emballage pour boissons, nous fournissons des rouleaux de film stables et des sp\u00e9cifications de sachets pour optimiser l'efficacit\u00e9 du remplissage.<\/li>\n\n\n\n<li><strong>Des solutions de mat\u00e9riaux respectueux de l'environnement sont disponibles :<\/strong> Les sachets \u00e0 bec personnalis\u00e9s peuvent incorporer des structures recyclables, s'alignant ainsi sur les tendances de l'industrie des boissons en mati\u00e8re de d\u00e9veloppement durable et aidant les marques \u00e0 am\u00e9liorer leur image de marque.<\/li>\n<\/ul>\n<\/div>\n\n\n\n<div class=\"wp-block-column is-layout-flow wp-block-column-is-layout-flow\">\n<figure class=\"wp-block-image size-full\"><img decoding=\"async\" width=\"800\" height=\"800\" src=\"https:\/\/www.zkprintpack.com\/wp-content\/uploads\/2025\/11\/Custom-Spout-Pouches-with-Handle-Grip-1.webp\" alt=\"Pochettes \u00e0 bec personnalis\u00e9es avec poign\u00e9e (1)\" class=\"wp-image-2338\" srcset=\"https:\/\/www.zkprintpack.com\/wp-content\/uploads\/2025\/11\/Custom-Spout-Pouches-with-Handle-Grip-1.webp 800w, https:\/\/www.zkprintpack.com\/wp-content\/uploads\/2025\/11\/Custom-Spout-Pouches-with-Handle-Grip-1-150x150.webp 150w, https:\/\/www.zkprintpack.com\/wp-content\/uploads\/2025\/11\/Custom-Spout-Pouches-with-Handle-Grip-1-768x768.webp 768w, https:\/\/www.zkprintpack.com\/wp-content\/uploads\/2025\/11\/Custom-Spout-Pouches-with-Handle-Grip-1-12x12.webp 12w, https:\/\/www.zkprintpack.com\/wp-content\/uploads\/2025\/11\/Custom-Spout-Pouches-with-Handle-Grip-1-600x600.webp 600w, https:\/\/www.zkprintpack.com\/wp-content\/uploads\/2025\/11\/Custom-Spout-Pouches-with-Handle-Grip-1-300x300.webp 300w, https:\/\/www.zkprintpack.com\/wp-content\/uploads\/2025\/11\/Custom-Spout-Pouches-with-Handle-Grip-1-100x100.webp 100w\" sizes=\"(max-width: 800px) 100vw, 800px\" \/><\/figure>\n<\/div>\n<\/div>\n\n\n\n<div class=\"wp-block-columns is-layout-flex wp-container-core-columns-is-layout-9d6595d7 wp-block-columns-is-layout-flex\">\n<div class=\"wp-block-column is-layout-flow wp-block-column-is-layout-flow\">\n<figure class=\"wp-block-image size-full\"><img decoding=\"async\" width=\"800\" height=\"800\" src=\"https:\/\/www.zkprintpack.com\/wp-content\/uploads\/2025\/11\/Custom-Spout-Pouches-with-Handle-Grip-3.webp\" alt=\"Pochettes \u00e0 bec personnalis\u00e9es avec poign\u00e9e (3)\" class=\"wp-image-2340\" srcset=\"https:\/\/www.zkprintpack.com\/wp-content\/uploads\/2025\/11\/Custom-Spout-Pouches-with-Handle-Grip-3.webp 800w, https:\/\/www.zkprintpack.com\/wp-content\/uploads\/2025\/11\/Custom-Spout-Pouches-with-Handle-Grip-3-150x150.webp 150w, https:\/\/www.zkprintpack.com\/wp-content\/uploads\/2025\/11\/Custom-Spout-Pouches-with-Handle-Grip-3-768x768.webp 768w, https:\/\/www.zkprintpack.com\/wp-content\/uploads\/2025\/11\/Custom-Spout-Pouches-with-Handle-Grip-3-12x12.webp 12w, https:\/\/www.zkprintpack.com\/wp-content\/uploads\/2025\/11\/Custom-Spout-Pouches-with-Handle-Grip-3-600x600.webp 600w, https:\/\/www.zkprintpack.com\/wp-content\/uploads\/2025\/11\/Custom-Spout-Pouches-with-Handle-Grip-3-300x300.webp 300w, https:\/\/www.zkprintpack.com\/wp-content\/uploads\/2025\/11\/Custom-Spout-Pouches-with-Handle-Grip-3-100x100.webp 100w\" sizes=\"(max-width: 800px) 100vw, 800px\" \/><\/figure>\n<\/div>\n\n\n\n<div class=\"wp-block-column is-layout-flow wp-block-column-is-layout-flow\">\n<figure class=\"wp-block-image size-full\"><img decoding=\"async\" width=\"800\" height=\"800\" src=\"https:\/\/www.zkprintpack.com\/wp-content\/uploads\/2025\/11\/Custom-Spout-Pouches-Wholesale-Manufacturer.webp\" alt=\"Pochettes \u00e0 bec personnalis\u00e9es Fabricant en gros\" class=\"wp-image-2337\" srcset=\"https:\/\/www.zkprintpack.com\/wp-content\/uploads\/2025\/11\/Custom-Spout-Pouches-Wholesale-Manufacturer.webp 800w, https:\/\/www.zkprintpack.com\/wp-content\/uploads\/2025\/11\/Custom-Spout-Pouches-Wholesale-Manufacturer-150x150.webp 150w, https:\/\/www.zkprintpack.com\/wp-content\/uploads\/2025\/11\/Custom-Spout-Pouches-Wholesale-Manufacturer-768x768.webp 768w, https:\/\/www.zkprintpack.com\/wp-content\/uploads\/2025\/11\/Custom-Spout-Pouches-Wholesale-Manufacturer-12x12.webp 12w, https:\/\/www.zkprintpack.com\/wp-content\/uploads\/2025\/11\/Custom-Spout-Pouches-Wholesale-Manufacturer-600x600.webp 600w, https:\/\/www.zkprintpack.com\/wp-content\/uploads\/2025\/11\/Custom-Spout-Pouches-Wholesale-Manufacturer-300x300.webp 300w, https:\/\/www.zkprintpack.com\/wp-content\/uploads\/2025\/11\/Custom-Spout-Pouches-Wholesale-Manufacturer-100x100.webp 100w\" sizes=\"(max-width: 800px) 100vw, 800px\" \/><\/figure>\n<\/div>\n<\/div>","protected":false},"excerpt":{"rendered":"<p>Nous fournissons des sachets \u00e0 bec personnalis\u00e9s avec poign\u00e9e, con\u00e7us pour les boissons, les aliments pour b\u00e9b\u00e9s et les compl\u00e9ments liquides. En tant que fabricant professionnel de sachets d'emballage pour boissons, nous proposons une faible quantit\u00e9 de pi\u00e8ces, des prix directs et une impression \u00e0 l'encre \u00e0 base d'eau respectueuse de l'environnement. Nos sachets se caract\u00e9risent par des mat\u00e9riaux durables, des performances \u00e9tanches et une personnalisation OEM\/ODM compl\u00e8te pour les marques \u00e0 la recherche de solutions d'emballage de liquides de haute qualit\u00e9.<\/p>\n<h2>Param\u00e8tres des pochettes \u00e0 bec personnalis\u00e9es avec poign\u00e9e<\/h2>\n<ul>\n<li><strong>Mat\u00e9riau :<\/strong>\u00a0PET\/PE, PET\/NY\/PE, PET\/AL\/NY\/PE, etc.<\/li>\n<li><strong>Type de sac<\/strong>: <a href=\"https:\/\/www.zkprintpack.com\/fr\/custom-stand-up-pouch\/\"><strong>Pochette Stand Up<\/strong><\/a>, <strong><a href=\"https:\/\/www.zkprintpack.com\/fr\/custom-spout-pouch\/\">Pochette \u00e0 bec<\/a><\/strong><\/li>\n<li><strong>Taille<\/strong>: Sur mesure<\/li>\n<li><strong>Commande personnalis\u00e9e<\/strong>: Acceptation des OEM et ODM<\/li>\n<li><strong>\u00c9chantillon gratuit<\/strong>: Support<\/li>\n<li><strong>Utilisation<\/strong>lubrifiants, fluides d'entretien automobile, nettoyants, produits chimiques industriels, adjuvants agricoles et autres produits liquides et semi-liquides.<\/li>\n<li><strong>Manipulation de surface<\/strong>: Impression en h\u00e9liogravure<\/li>\n<li><strong>Couleur<\/strong>: Peut \u00eatre personnalis\u00e9<\/li>\n<li><strong>March\u00e9s cibles<\/strong>: Partout dans le monde<\/li>\n<\/ul>","protected":false},"featured_media":2338,"comment_status":"closed","ping_status":"closed","template":"","meta":{"_acf_changed":false},"market":[],"product_brand":[],"product_cat":[50,56],"product_tag":[],"class_list":{"0":"post-2336","1":"product","2":"type-product","3":"status-publish","4":"has-post-thumbnail","6":"product_cat-stand-up-pouches-wholesale","7":"product_cat-custom-spout-pouches-supplier","9":"first","10":"instock","11":"shipping-taxable","12":"product-type-simple"},"acf":[],"_links":{"self":[{"href":"https:\/\/www.zkprintpack.com\/fr\/wp-json\/wp\/v2\/product\/2336","targetHints":{"allow":["GET"]}}],"collection":[{"href":"https:\/\/www.zkprintpack.com\/fr\/wp-json\/wp\/v2\/product"}],"about":[{"href":"https:\/\/www.zkprintpack.com\/fr\/wp-json\/wp\/v2\/types\/product"}],"replies":[{"embeddable":true,"href":"https:\/\/www.zkprintpack.com\/fr\/wp-json\/wp\/v2\/comments?post=2336"}],"wp:featuredmedia":[{"embeddable":true,"href":"https:\/\/www.zkprintpack.com\/fr\/wp-json\/wp\/v2\/media\/2338"}],"wp:attachment":[{"href":"https:\/\/www.zkprintpack.com\/fr\/wp-json\/wp\/v2\/media?parent=2336"}],"wp:term":[{"taxonomy":"market","embeddable":true,"href":"https:\/\/www.zkprintpack.com\/fr\/wp-json\/wp\/v2\/market?post=2336"},{"taxonomy":"product_brand","embeddable":true,"href":"https:\/\/www.zkprintpack.com\/fr\/wp-json\/wp\/v2\/product_brand?post=2336"},{"taxonomy":"product_cat","embeddable":true,"href":"https:\/\/www.zkprintpack.com\/fr\/wp-json\/wp\/v2\/product_cat?post=2336"},{"taxonomy":"product_tag","embeddable":true,"href":"https:\/\/www.zkprintpack.com\/fr\/wp-json\/wp\/v2\/product_tag?post=2336"}],"curies":[{"name":"wp","href":"https:\/\/api.w.org\/{rel}","templated":true}]}}