{"id":2327,"date":"2025-11-29T08:21:46","date_gmt":"2025-11-29T08:21:46","guid":{"rendered":"https:\/\/www.zkprintpack.com\/?post_type=product&#038;p=2327"},"modified":"2025-11-29T08:23:01","modified_gmt":"2025-11-29T08:23:01","slug":"tomato-sauce-sachets-wholesale","status":"publish","type":"product","link":"https:\/\/www.zkprintpack.com\/fr\/product\/tomato-sauce-sachets-wholesale\/","title":{"rendered":"Sachets de sauce tomate en gros, sachets d'emballage de sauce personnalis\u00e9s, fabricant"},"content":{"rendered":"<div class=\"wp-block-columns is-layout-flex wp-container-core-columns-is-layout-9d6595d7 wp-block-columns-is-layout-flex\">\n<div class=\"wp-block-column is-layout-flow wp-block-column-is-layout-flow\">\n<h2 class=\"wp-block-heading\">Sachets de sauce tomate en gros Caract\u00e9ristiques :<\/h2>\n\n\n\n<ul class=\"wp-block-list\">\n<li><strong>Pr\u00e9servation de la fra\u00eecheur \u00e0 haute barri\u00e8re :<\/strong> Nos sachets de sauce tomate en gros utilisent des mat\u00e9riaux \u00e0 haute barri\u00e8re de qualit\u00e9 alimentaire qui r\u00e9sistent efficacement \u00e0 l'humidit\u00e9 et \u00e0 l'oxyg\u00e8ne, pr\u00e9servant ainsi la fra\u00eecheur de la sauce. Notre expertise en tant que fabricant de sachets d'emballage de sauce sur mesure garantit une qualit\u00e9 constante.<\/li>\n\n\n\n<li><strong>Structure solide et \u00e9tanche :<\/strong> Nos sachets de sauce tomate en gros se caract\u00e9risent par une thermoscellabilit\u00e9 et une r\u00e9sistance \u00e0 la pression sup\u00e9rieures, ce qui \u00e9vite les ruptures pendant le transport sur de longues distances. En tant que fabricant fiable de sachets d'emballage de sauce sur mesure, nous adaptons les structures aux caract\u00e9ristiques de la sauce.<\/li>\n\n\n\n<li><strong>Taille flexible et personnalis\u00e9e :<\/strong> Personnalisables de 5 \u00e0 100 g pour r\u00e9pondre aux exigences des cha\u00eenes de restauration, des fabricants sous contrat et des supermarch\u00e9s. Nous offrons une flexibilit\u00e9 totale en termes de dimensions, d'\u00e9paisseur et de styles de sachets dans le secteur de la fabrication de sachets d'emballage de sauces sur mesure.<\/li>\n\n\n\n<li><strong>Impression \u00e0 l'encre \u00e9cologique \u00e0 base d'eau :<\/strong> L'utilisation d'encres \u00e0 base d'eau, respectueuses de l'environnement, permet de r\u00e9duire les odeurs et d'am\u00e9liorer la s\u00e9curit\u00e9, ce qui les rend id\u00e9ales pour l'emballage des sauces alimentaires. Par rapport \u00e0 l'impression \u00e0 base de solvants, les sachets de sauce tomate en gros pr\u00e9sentent des couleurs plus stables et une plus grande compatibilit\u00e9 avec l'environnement - un avantage essentiel pour les fabricants professionnels de sachets d'emballage de sauce personnalis\u00e9s.<\/li>\n\n\n\n<li><strong>L'impression couleur haute d\u00e9finition renforce l'attrait de la marque<\/strong>: L'impression de haute pr\u00e9cision permet d'obtenir des sachets de sauce tomate en gros visuellement percutants. Nous proposons des services de personnalisation compl\u00e8te pour les logos et les motifs, ce qui permet de diff\u00e9rencier les marques.<\/li>\n\n\n\n<li><strong>Livraison rapide et approvisionnement stable<\/strong>: En s'appuyant sur des lignes automatis\u00e9es d'impression et de laminage d'encre \u00e0 base d'eau, les sachets de sauce tomate en gros peuvent atteindre des d\u00e9lais d'ex\u00e9cution rapides. En tant que fabricant exp\u00e9riment\u00e9 de sachets d'emballage de sauce personnalis\u00e9s, nous offrons des capacit\u00e9s d'approvisionnement constantes adapt\u00e9es aux commandes d'exportation \u00e0 grande \u00e9chelle.<\/li>\n<\/ul>\n<\/div>\n\n\n\n<div class=\"wp-block-column is-layout-flow wp-block-column-is-layout-flow\">\n<figure class=\"wp-block-image size-full\"><img decoding=\"async\" width=\"800\" height=\"800\" src=\"https:\/\/www.zkprintpack.com\/wp-content\/uploads\/2025\/11\/Tomato-Sauce-Sachets-Wholesale-Manufacturer.webp\" alt=\"Sachets de sauce tomate Fabricant grossiste\" class=\"wp-image-2331\" srcset=\"https:\/\/www.zkprintpack.com\/wp-content\/uploads\/2025\/11\/Tomato-Sauce-Sachets-Wholesale-Manufacturer.webp 800w, https:\/\/www.zkprintpack.com\/wp-content\/uploads\/2025\/11\/Tomato-Sauce-Sachets-Wholesale-Manufacturer-150x150.webp 150w, https:\/\/www.zkprintpack.com\/wp-content\/uploads\/2025\/11\/Tomato-Sauce-Sachets-Wholesale-Manufacturer-768x768.webp 768w, https:\/\/www.zkprintpack.com\/wp-content\/uploads\/2025\/11\/Tomato-Sauce-Sachets-Wholesale-Manufacturer-12x12.webp 12w, https:\/\/www.zkprintpack.com\/wp-content\/uploads\/2025\/11\/Tomato-Sauce-Sachets-Wholesale-Manufacturer-600x600.webp 600w, https:\/\/www.zkprintpack.com\/wp-content\/uploads\/2025\/11\/Tomato-Sauce-Sachets-Wholesale-Manufacturer-300x300.webp 300w, https:\/\/www.zkprintpack.com\/wp-content\/uploads\/2025\/11\/Tomato-Sauce-Sachets-Wholesale-Manufacturer-100x100.webp 100w\" sizes=\"(max-width: 800px) 100vw, 800px\" \/><\/figure>\n<\/div>\n<\/div>","protected":false},"excerpt":{"rendered":"<p>Nous fournissons en gros des sachets de sauce tomate dot\u00e9s d'une protection durable et \u00e9tanche. En tant que fabricant de sachets d'emballage de sauce personnalis\u00e9s, nous offrons une personnalisation compl\u00e8te OEM\/ODM pour les marques de ketchup, de sauce chili et de condiments, garantissant une qualit\u00e9 constante et des prix d'usine comp\u00e9titifs.<\/p>\n<h2>Param\u00e8tres des sachets de sauce tomate\u00a0<\/h2>\n<ul>\n<li><strong>Mat\u00e9riau :<\/strong>\u00a0PET\/PE, PET\/NY\/PE, PET\/AL\/NY\/PE, etc.<\/li>\n<li><strong>Type de sac<\/strong>: <a href=\"https:\/\/www.zkprintpack.com\/fr\/custom-three-side-seal-pouch\/\"><strong>Sac \u00e0 sceller sur trois c\u00f4t\u00e9s\uff0cSachets d'emballage<\/strong><\/a><\/li>\n<li><strong>Taille<\/strong>: Sur mesure<\/li>\n<li><strong>Commande personnalis\u00e9e<\/strong>: Acceptation des OEM et ODM<\/li>\n<li><strong>\u00c9chantillon gratuit<\/strong>: Support<\/li>\n<li><strong>Utilisation<\/strong>sauce tomate, sauce chili et salade<\/li>\n<li><strong>Manipulation de surface<\/strong>: Impression en h\u00e9liogravure<\/li>\n<li><strong>Couleur<\/strong>: Peut \u00eatre personnalis\u00e9<\/li>\n<li><strong>March\u00e9s cibles<\/strong>: Partout dans le monde<\/li>\n<\/ul>","protected":false},"featured_media":2330,"comment_status":"closed","ping_status":"closed","template":"","meta":{"_acf_changed":false},"market":[59],"product_brand":[],"product_cat":[53],"product_tag":[],"class_list":{"0":"post-2327","1":"product","2":"type-product","3":"status-publish","4":"has-post-thumbnail","6":"market-sauce-and-condiment-packaging-supplier","7":"product_cat-three-side-seal-pouch-wholesale","9":"first","10":"instock","11":"shipping-taxable","12":"product-type-simple"},"acf":[],"_links":{"self":[{"href":"https:\/\/www.zkprintpack.com\/fr\/wp-json\/wp\/v2\/product\/2327","targetHints":{"allow":["GET"]}}],"collection":[{"href":"https:\/\/www.zkprintpack.com\/fr\/wp-json\/wp\/v2\/product"}],"about":[{"href":"https:\/\/www.zkprintpack.com\/fr\/wp-json\/wp\/v2\/types\/product"}],"replies":[{"embeddable":true,"href":"https:\/\/www.zkprintpack.com\/fr\/wp-json\/wp\/v2\/comments?post=2327"}],"wp:featuredmedia":[{"embeddable":true,"href":"https:\/\/www.zkprintpack.com\/fr\/wp-json\/wp\/v2\/media\/2330"}],"wp:attachment":[{"href":"https:\/\/www.zkprintpack.com\/fr\/wp-json\/wp\/v2\/media?parent=2327"}],"wp:term":[{"taxonomy":"market","embeddable":true,"href":"https:\/\/www.zkprintpack.com\/fr\/wp-json\/wp\/v2\/market?post=2327"},{"taxonomy":"product_brand","embeddable":true,"href":"https:\/\/www.zkprintpack.com\/fr\/wp-json\/wp\/v2\/product_brand?post=2327"},{"taxonomy":"product_cat","embeddable":true,"href":"https:\/\/www.zkprintpack.com\/fr\/wp-json\/wp\/v2\/product_cat?post=2327"},{"taxonomy":"product_tag","embeddable":true,"href":"https:\/\/www.zkprintpack.com\/fr\/wp-json\/wp\/v2\/product_tag?post=2327"}],"curies":[{"name":"wp","href":"https:\/\/api.w.org\/{rel}","templated":true}]}}