{"id":2296,"date":"2025-11-19T09:41:01","date_gmt":"2025-11-19T09:41:01","guid":{"rendered":"https:\/\/www.zkprintpack.com\/?post_type=product&#038;p=2296"},"modified":"2025-11-19T09:41:04","modified_gmt":"2025-11-19T09:41:04","slug":"china-three-side-seal-bag-wholesale","status":"publish","type":"product","link":"https:\/\/www.zkprintpack.com\/fr\/product\/china-three-side-seal-bag-wholesale\/","title":{"rendered":"China Three Side Seal Bag Wholesale, Seasoning Powder Packaging Manufacturer (Fabricant d'emballage de poudre d'assaisonnement)"},"content":{"rendered":"<div class=\"wp-block-columns is-layout-flex wp-container-core-columns-is-layout-9d6595d7 wp-block-columns-is-layout-flex\">\n<div class=\"wp-block-column is-layout-flow wp-block-column-is-layout-flow\">\n<h2 class=\"wp-block-heading\">Sac \u00e0 sceller \u00e0 trois c\u00f4t\u00e9s Caract\u00e9ristiques de la vente en gros :<\/h2>\n\n\n\n<ul class=\"wp-block-list\">\n<li><strong>Structure thermoscell\u00e9e de pr\u00e9cision<\/strong>: La construction \u00e0 trois c\u00f4t\u00e9s assure une force de scellage uniforme et une stabilit\u00e9 dimensionnelle, garantissant des performances constantes pour les applications de vente en gros de sacs \u00e0 trois c\u00f4t\u00e9s personnalis\u00e9s.<\/li>\n\n\n\n<li><strong>Optimis\u00e9 pour l'\u00e9coulement et la protection des poudres<\/strong>: Con\u00e7ue pour les assaisonnements et les poudres fines, la structure lamin\u00e9e offre une meilleure barri\u00e8re contre l'humidit\u00e9, l'oxyg\u00e8ne et les ar\u00f4mes afin d'\u00e9viter la formation de grumeaux et de pr\u00e9server la fra\u00eecheur du produit.<\/li>\n\n\n\n<li><strong>Production de haute propret\u00e9 et mat\u00e9riaux de qualit\u00e9 alimentaire<\/strong>: En tant que fabricant professionnel d'emballages de poudres d'assaisonnement, nous utilisons des mat\u00e9riaux certifi\u00e9s en contact avec les aliments et des processus de fabrication contr\u00f4l\u00e9s pour r\u00e9pondre aux normes de s\u00e9curit\u00e9 mondiales.<\/li>\n\n\n\n<li><strong>Int\u00e9gration d'un bec optionnel pour une distribution contr\u00f4l\u00e9e<\/strong>: Le sac \u00e0 bec OEM \u00e0 trois soudures lat\u00e9rales pour les assaisonnements en poudre, con\u00e7u pour assurer une lib\u00e9ration r\u00e9guli\u00e8re de la poudre sans obstruction, convient \u00e0 la fois au commerce de d\u00e9tail et aux utilisations industrielles de recharge.<\/li>\n\n\n\n<li><strong>Impression personnalis\u00e9e et ing\u00e9nierie des mat\u00e9riaux<\/strong>: Disponible en PET\/PE, PET\/AL\/PE, BOPP\/CPP et autres structures avec une impression en h\u00e9liogravure de haute pr\u00e9cision pour obtenir une reproduction pr\u00e9cise des couleurs et une forte visibilit\u00e9 de la marque.<\/li>\n<\/ul>\n<\/div>\n\n\n\n<div class=\"wp-block-column is-layout-flow wp-block-column-is-layout-flow\">\n<figure class=\"wp-block-image size-full\"><img decoding=\"async\" width=\"800\" height=\"800\" src=\"https:\/\/www.zkprintpack.com\/wp-content\/uploads\/2025\/11\/China-Three-Side-Seal-Bag-Wholesale-Manufacturer.webp\" alt=\"Chine Sac \u00e0 sceller \u00e0 trois c\u00f4t\u00e9s Fabricant en gros\" class=\"wp-image-2299\" srcset=\"https:\/\/www.zkprintpack.com\/wp-content\/uploads\/2025\/11\/China-Three-Side-Seal-Bag-Wholesale-Manufacturer.webp 800w, https:\/\/www.zkprintpack.com\/wp-content\/uploads\/2025\/11\/China-Three-Side-Seal-Bag-Wholesale-Manufacturer-150x150.webp 150w, https:\/\/www.zkprintpack.com\/wp-content\/uploads\/2025\/11\/China-Three-Side-Seal-Bag-Wholesale-Manufacturer-768x768.webp 768w, https:\/\/www.zkprintpack.com\/wp-content\/uploads\/2025\/11\/China-Three-Side-Seal-Bag-Wholesale-Manufacturer-12x12.webp 12w, https:\/\/www.zkprintpack.com\/wp-content\/uploads\/2025\/11\/China-Three-Side-Seal-Bag-Wholesale-Manufacturer-600x600.webp 600w, https:\/\/www.zkprintpack.com\/wp-content\/uploads\/2025\/11\/China-Three-Side-Seal-Bag-Wholesale-Manufacturer-300x300.webp 300w, https:\/\/www.zkprintpack.com\/wp-content\/uploads\/2025\/11\/China-Three-Side-Seal-Bag-Wholesale-Manufacturer-100x100.webp 100w\" sizes=\"(max-width: 800px) 100vw, 800px\" \/><\/figure>\n<\/div>\n<\/div>","protected":false},"excerpt":{"rendered":"<p>Nous vous invitons \u00e0 acheter en gros nos sacs \u00e0 trois soudures personnalis\u00e9s con\u00e7us pour les poudres d'assaisonnement et les produits granuleux fins. En tant que fabricant exp\u00e9riment\u00e9 d'emballages pour poudres d'assaisonnement, nous fournissons des sacs \u00e0 bec \u00e0 trois soudures OEM avec des lamin\u00e9s \u00e0 haute barri\u00e8re, une fermeture stable et une impression personnalisable pour r\u00e9pondre aux exigences de votre marque et de votre production.<\/p>\n<h2>Param\u00e8tres des sacs \u00e0 sceller personnalis\u00e9s \u00e0 trois c\u00f4t\u00e9s<\/h2>\n<ul>\n<li><strong>Mat\u00e9riau :<\/strong>\u00a0PET\/PE, PET\/NY\/PE, PET\/AL\/NY\/PE, etc.<\/li>\n<li><strong>Type de sac<\/strong>: <a href=\"https:\/\/www.zkprintpack.com\/fr\/custom-three-side-seal-pouch\/\"><strong>Sac \u00e0 triple soudure<\/strong><\/a><\/li>\n<li><strong>Taille<\/strong>: Sur mesure<\/li>\n<li><strong>Commande personnalis\u00e9e<\/strong>: Acceptation des OEM et ODM<\/li>\n<li><strong>\u00c9chantillon gratuit<\/strong>: Support<\/li>\n<li><strong>Utilisation<\/strong>: Caf\u00e9 en poudre, sucre en poudre, \u00e9pices, levure s\u00e8che, lait en poudre, d\u00e9tergents, aliments pour animaux domestiques et autres produits en poudre ou en granul\u00e9s.<\/li>\n<li><strong>Manipulation de surface<\/strong>: Impression en h\u00e9liogravure<\/li>\n<li><strong>Couleur<\/strong>: Peut \u00eatre personnalis\u00e9<\/li>\n<li><strong>March\u00e9s cibles<\/strong>: Partout dans le monde<\/li>\n<\/ul>","protected":false},"featured_media":2301,"comment_status":"closed","ping_status":"closed","template":"","meta":{"_acf_changed":false},"market":[62],"product_brand":[],"product_cat":[53],"product_tag":[],"class_list":{"0":"post-2296","1":"product","2":"type-product","3":"status-publish","4":"has-post-thumbnail","6":"market-powder-packaging-supplier","7":"product_cat-three-side-seal-pouch-wholesale","9":"first","10":"instock","11":"shipping-taxable","12":"product-type-simple"},"acf":[],"_links":{"self":[{"href":"https:\/\/www.zkprintpack.com\/fr\/wp-json\/wp\/v2\/product\/2296","targetHints":{"allow":["GET"]}}],"collection":[{"href":"https:\/\/www.zkprintpack.com\/fr\/wp-json\/wp\/v2\/product"}],"about":[{"href":"https:\/\/www.zkprintpack.com\/fr\/wp-json\/wp\/v2\/types\/product"}],"replies":[{"embeddable":true,"href":"https:\/\/www.zkprintpack.com\/fr\/wp-json\/wp\/v2\/comments?post=2296"}],"wp:featuredmedia":[{"embeddable":true,"href":"https:\/\/www.zkprintpack.com\/fr\/wp-json\/wp\/v2\/media\/2301"}],"wp:attachment":[{"href":"https:\/\/www.zkprintpack.com\/fr\/wp-json\/wp\/v2\/media?parent=2296"}],"wp:term":[{"taxonomy":"market","embeddable":true,"href":"https:\/\/www.zkprintpack.com\/fr\/wp-json\/wp\/v2\/market?post=2296"},{"taxonomy":"product_brand","embeddable":true,"href":"https:\/\/www.zkprintpack.com\/fr\/wp-json\/wp\/v2\/product_brand?post=2296"},{"taxonomy":"product_cat","embeddable":true,"href":"https:\/\/www.zkprintpack.com\/fr\/wp-json\/wp\/v2\/product_cat?post=2296"},{"taxonomy":"product_tag","embeddable":true,"href":"https:\/\/www.zkprintpack.com\/fr\/wp-json\/wp\/v2\/product_tag?post=2296"}],"curies":[{"name":"wp","href":"https:\/\/api.w.org\/{rel}","templated":true}]}}