{"id":2289,"date":"2025-11-19T09:17:17","date_gmt":"2025-11-19T09:17:17","guid":{"rendered":"https:\/\/www.zkprintpack.com\/?post_type=product&#038;p=2289"},"modified":"2025-11-19T09:17:20","modified_gmt":"2025-11-19T09:17:20","slug":"custom-printed-spout-pouches-wholesale","status":"publish","type":"product","link":"https:\/\/www.zkprintpack.com\/fr\/product\/custom-printed-spout-pouches-wholesale\/","title":{"rendered":"Pochettes \u00e0 bec imprim\u00e9es sur mesure, grossiste, OEM Sacs d'emballage de peinture, fabricant"},"content":{"rendered":"<div class=\"wp-block-columns is-layout-flex wp-container-core-columns-is-layout-9d6595d7 wp-block-columns-is-layout-flex\">\n<div class=\"wp-block-column is-layout-flow wp-block-column-is-layout-flow\">\n<h2 class=\"wp-block-heading\">Pochettes \u00e0 bec imprim\u00e9es sur mesure Caract\u00e9ristiques :<\/h2>\n\n\n\n<ul class=\"wp-block-list\">\n<li><strong>Structure \u00e0 haute r\u00e9sistance pour les produits liquides<\/strong>: Con\u00e7us sp\u00e9cifiquement pour les peintures et les rev\u00eatements, nos sachets \u00e0 bec imprim\u00e9s sur mesure offrent une forte \u00e9tanch\u00e9it\u00e9 et une excellente durabilit\u00e9 pour le transport et le stockage.<\/li>\n\n\n\n<li><strong>Impression et marquage OEM<\/strong>: En tant que fabricant professionnel de sacs d'emballage de peinture, nous fournissons une impression personnalis\u00e9e sur toute la surface pour am\u00e9liorer la visibilit\u00e9 du produit et soutenir la diff\u00e9renciation de la marque.<\/li>\n\n\n\n<li><strong>Bec pratique pour un versement facile<\/strong>: Le bec renforc\u00e9 permet une distribution propre et un versement contr\u00f4l\u00e9, ce qui le rend id\u00e9al pour les poches \u00e0 bec OEM pour la peinture et les liquides industriels.<\/li>\n\n\n\n<li><strong>Alternative l\u00e9g\u00e8re et \u00e9conomique aux bo\u00eetes de conserve<\/strong>: Par rapport aux bo\u00eetes m\u00e9talliques traditionnelles, les sachets \u00e0 bec r\u00e9duisent le poids du transport, \u00e9conomisent de l'espace de stockage et diminuent les co\u00fbts d'emballage.<\/li>\n\n\n\n<li><strong>Protection par barri\u00e8re multicouche<\/strong>: Les mat\u00e9riaux lamin\u00e9s \u00e0 haute barri\u00e8re prot\u00e8gent la peinture de l'humidit\u00e9, de l'oxyg\u00e8ne et de la contamination, garantissant ainsi une stabilit\u00e9 durable du produit.<\/li>\n<\/ul>\n<\/div>\n\n\n\n<div class=\"wp-block-column is-layout-flow wp-block-column-is-layout-flow\">\n<figure class=\"wp-block-image size-full\"><img decoding=\"async\" width=\"800\" height=\"800\" src=\"https:\/\/www.zkprintpack.com\/wp-content\/uploads\/2025\/11\/Custom-Printed-Spout-Pouches-Wholesale-Manufacturer.webp\" alt=\"Pochettes \u00e0 bec imprim\u00e9es sur mesure Fabricant grossiste\" class=\"wp-image-2293\" srcset=\"https:\/\/www.zkprintpack.com\/wp-content\/uploads\/2025\/11\/Custom-Printed-Spout-Pouches-Wholesale-Manufacturer.webp 800w, https:\/\/www.zkprintpack.com\/wp-content\/uploads\/2025\/11\/Custom-Printed-Spout-Pouches-Wholesale-Manufacturer-150x150.webp 150w, https:\/\/www.zkprintpack.com\/wp-content\/uploads\/2025\/11\/Custom-Printed-Spout-Pouches-Wholesale-Manufacturer-768x768.webp 768w, https:\/\/www.zkprintpack.com\/wp-content\/uploads\/2025\/11\/Custom-Printed-Spout-Pouches-Wholesale-Manufacturer-12x12.webp 12w, https:\/\/www.zkprintpack.com\/wp-content\/uploads\/2025\/11\/Custom-Printed-Spout-Pouches-Wholesale-Manufacturer-600x600.webp 600w, https:\/\/www.zkprintpack.com\/wp-content\/uploads\/2025\/11\/Custom-Printed-Spout-Pouches-Wholesale-Manufacturer-300x300.webp 300w, https:\/\/www.zkprintpack.com\/wp-content\/uploads\/2025\/11\/Custom-Printed-Spout-Pouches-Wholesale-Manufacturer-100x100.webp 100w\" sizes=\"(max-width: 800px) 100vw, 800px\" \/><\/figure>\n<\/div>\n<\/div>\n\n\n\n<div class=\"wp-block-columns is-layout-flex wp-container-core-columns-is-layout-9d6595d7 wp-block-columns-is-layout-flex\">\n<div class=\"wp-block-column is-layout-flow wp-block-column-is-layout-flow\">\n<figure class=\"wp-block-image size-full\"><img decoding=\"async\" width=\"800\" height=\"800\" src=\"https:\/\/www.zkprintpack.com\/wp-content\/uploads\/2025\/11\/Custom-Printed-Spout-Pouches-with-Handles.webp\" alt=\"Pochettes \u00e0 bec imprim\u00e9es sur mesure avec poign\u00e9es\" class=\"wp-image-2294\" srcset=\"https:\/\/www.zkprintpack.com\/wp-content\/uploads\/2025\/11\/Custom-Printed-Spout-Pouches-with-Handles.webp 800w, https:\/\/www.zkprintpack.com\/wp-content\/uploads\/2025\/11\/Custom-Printed-Spout-Pouches-with-Handles-150x150.webp 150w, https:\/\/www.zkprintpack.com\/wp-content\/uploads\/2025\/11\/Custom-Printed-Spout-Pouches-with-Handles-768x768.webp 768w, https:\/\/www.zkprintpack.com\/wp-content\/uploads\/2025\/11\/Custom-Printed-Spout-Pouches-with-Handles-12x12.webp 12w, https:\/\/www.zkprintpack.com\/wp-content\/uploads\/2025\/11\/Custom-Printed-Spout-Pouches-with-Handles-600x600.webp 600w, https:\/\/www.zkprintpack.com\/wp-content\/uploads\/2025\/11\/Custom-Printed-Spout-Pouches-with-Handles-300x300.webp 300w, https:\/\/www.zkprintpack.com\/wp-content\/uploads\/2025\/11\/Custom-Printed-Spout-Pouches-with-Handles-100x100.webp 100w\" sizes=\"(max-width: 800px) 100vw, 800px\" \/><\/figure>\n<\/div>\n\n\n\n<div class=\"wp-block-column is-layout-flow wp-block-column-is-layout-flow\">\n<figure class=\"wp-block-image size-full\"><img decoding=\"async\" width=\"800\" height=\"800\" src=\"https:\/\/www.zkprintpack.com\/wp-content\/uploads\/2025\/11\/Custom-Printed-Spout-Pouches-Manufacturer-1.webp\" alt=\"Fabricant de pochettes \u00e0 bec imprim\u00e9es sur mesure (1)\" class=\"wp-image-2291\" srcset=\"https:\/\/www.zkprintpack.com\/wp-content\/uploads\/2025\/11\/Custom-Printed-Spout-Pouches-Manufacturer-1.webp 800w, https:\/\/www.zkprintpack.com\/wp-content\/uploads\/2025\/11\/Custom-Printed-Spout-Pouches-Manufacturer-1-150x150.webp 150w, https:\/\/www.zkprintpack.com\/wp-content\/uploads\/2025\/11\/Custom-Printed-Spout-Pouches-Manufacturer-1-768x768.webp 768w, https:\/\/www.zkprintpack.com\/wp-content\/uploads\/2025\/11\/Custom-Printed-Spout-Pouches-Manufacturer-1-12x12.webp 12w, https:\/\/www.zkprintpack.com\/wp-content\/uploads\/2025\/11\/Custom-Printed-Spout-Pouches-Manufacturer-1-600x600.webp 600w, https:\/\/www.zkprintpack.com\/wp-content\/uploads\/2025\/11\/Custom-Printed-Spout-Pouches-Manufacturer-1-300x300.webp 300w, https:\/\/www.zkprintpack.com\/wp-content\/uploads\/2025\/11\/Custom-Printed-Spout-Pouches-Manufacturer-1-100x100.webp 100w\" sizes=\"(max-width: 800px) 100vw, 800px\" \/><\/figure>\n<\/div>\n<\/div>","protected":false},"excerpt":{"rendered":"<p>Nous vous invitons \u00e0 acheter nos sachets \u00e0 bec imprim\u00e9s personnalis\u00e9s, con\u00e7us pour l'emballage des peintures et des liquides industriels. En tant que fabricant fiable de sacs d'emballage de peinture, nous proposons des sachets \u00e0 bec OEM pour la peinture avec une forte \u00e9tanch\u00e9it\u00e9, une protection \u00e0 haute barri\u00e8re et une impression professionnelle personnalis\u00e9e pour soutenir votre marque et r\u00e9duire les co\u00fbts d'emballage.<\/p>\n<h2>Param\u00e8tres des pochettes \u00e0 bec imprim\u00e9es sur mesure<\/h2>\n<ul>\n<li><strong>Mat\u00e9riau :<\/strong>\u00a0PET\/PE, PET\/NY\/PE, PET\/AL\/NY\/PE, etc.<\/li>\n<li><strong>Type de sac<\/strong>: <a href=\"https:\/\/www.zkprintpack.com\/fr\/custom-stand-up-pouch\/\"><strong>Pochette Stand Up<\/strong><\/a>, <strong><a href=\"https:\/\/www.zkprintpack.com\/fr\/custom-spout-pouch\/\">Pochette \u00e0 bec<\/a><\/strong><\/li>\n<li><strong>Taille<\/strong>: Sur mesure<\/li>\n<li><strong>Commande personnalis\u00e9e<\/strong>: Acceptation des OEM et ODM<\/li>\n<li><strong>\u00c9chantillon gratuit<\/strong>: Support<\/li>\n<li><strong>Utilisation<\/strong>lubrifiants, fluides d'entretien automobile, nettoyants, produits chimiques industriels, adjuvants agricoles et autres produits liquides et semi-liquides.<\/li>\n<li><strong>Manipulation de surface<\/strong>: Impression en h\u00e9liogravure<\/li>\n<li><strong>Couleur<\/strong>: Peut \u00eatre personnalis\u00e9<\/li>\n<li><strong>March\u00e9s cibles<\/strong>: Partout dans le monde<\/li>\n<\/ul>","protected":false},"featured_media":2290,"comment_status":"closed","ping_status":"closed","template":"","meta":{"_acf_changed":false},"market":[],"product_brand":[],"product_cat":[50,56],"product_tag":[],"class_list":{"0":"post-2289","1":"product","2":"type-product","3":"status-publish","4":"has-post-thumbnail","6":"product_cat-stand-up-pouches-wholesale","7":"product_cat-custom-spout-pouches-supplier","9":"first","10":"instock","11":"shipping-taxable","12":"product-type-simple"},"acf":[],"_links":{"self":[{"href":"https:\/\/www.zkprintpack.com\/fr\/wp-json\/wp\/v2\/product\/2289","targetHints":{"allow":["GET"]}}],"collection":[{"href":"https:\/\/www.zkprintpack.com\/fr\/wp-json\/wp\/v2\/product"}],"about":[{"href":"https:\/\/www.zkprintpack.com\/fr\/wp-json\/wp\/v2\/types\/product"}],"replies":[{"embeddable":true,"href":"https:\/\/www.zkprintpack.com\/fr\/wp-json\/wp\/v2\/comments?post=2289"}],"wp:featuredmedia":[{"embeddable":true,"href":"https:\/\/www.zkprintpack.com\/fr\/wp-json\/wp\/v2\/media\/2290"}],"wp:attachment":[{"href":"https:\/\/www.zkprintpack.com\/fr\/wp-json\/wp\/v2\/media?parent=2289"}],"wp:term":[{"taxonomy":"market","embeddable":true,"href":"https:\/\/www.zkprintpack.com\/fr\/wp-json\/wp\/v2\/market?post=2289"},{"taxonomy":"product_brand","embeddable":true,"href":"https:\/\/www.zkprintpack.com\/fr\/wp-json\/wp\/v2\/product_brand?post=2289"},{"taxonomy":"product_cat","embeddable":true,"href":"https:\/\/www.zkprintpack.com\/fr\/wp-json\/wp\/v2\/product_cat?post=2289"},{"taxonomy":"product_tag","embeddable":true,"href":"https:\/\/www.zkprintpack.com\/fr\/wp-json\/wp\/v2\/product_tag?post=2289"}],"curies":[{"name":"wp","href":"https:\/\/api.w.org\/{rel}","templated":true}]}}