{"id":2037,"date":"2025-11-19T10:18:14","date_gmt":"2025-11-19T10:18:14","guid":{"rendered":"https:\/\/www.zkprintpack.com\/?post_type=product&#038;p=2037"},"modified":"2025-11-19T10:18:16","modified_gmt":"2025-11-19T10:18:16","slug":"custom-noodle-packaging-pouches-bulk","status":"publish","type":"product","link":"https:\/\/www.zkprintpack.com\/fr\/product\/custom-noodle-packaging-pouches-bulk\/","title":{"rendered":"Sachets d'emballage de nouilles sur mesure Fournisseur de Sachets d'emballage alimentaire en gros"},"content":{"rendered":"<div class=\"wp-block-columns is-layout-flex wp-container-core-columns-is-layout-9d6595d7 wp-block-columns-is-layout-flex\">\n<div class=\"wp-block-column is-layout-flow wp-block-column-is-layout-flow\">\n<h2 class=\"wp-block-heading\">Pochettes d'emballage de nouilles personnalis\u00e9es Caract\u00e9ristiques :<\/h2>\n\n\n\n<ul class=\"wp-block-list\">\n<li><strong>Protection \u00e0 haute barri\u00e8re :<\/strong> Des mat\u00e9riaux composites multicouches sont utilis\u00e9s dans nos sachets d'emballage de nouilles sur mesure pour isoler efficacement l'humidit\u00e9, l'oxyg\u00e8ne et les odeurs. Les nouilles restent ainsi s\u00e8ches et fra\u00eeches pendant de longues p\u00e9riodes. Nous pouvons fournir de nombreuses capacit\u00e9s et tailles pour les besoins de la vente au d\u00e9tail, de la vente en gros et des OEM, ce qui nous permet de proposer des solutions OEM personnalis\u00e9es pour l'emballage des nouilles.<\/li>\n\n\n\n<li><strong>Conception durable :<\/strong> La structure robuste du sachet \u00e0 trois c\u00f4t\u00e9s ou du sachet debout est adapt\u00e9e au transport, \u00e0 l'empilage et \u00e0 la pr\u00e9sentation en rayon, ce qui am\u00e9liore l'efficacit\u00e9 de la logistique et du stockage.<\/li>\n\n\n\n<li><strong>Facile \u00e0 ouvrir et \u00e0 utiliser : <\/strong>Les fermetures optionnelles \u00e0 d\u00e9chirement ou \u00e0 glissi\u00e8re permettent un acc\u00e8s facile au consommateur tout en pr\u00e9servant l'int\u00e9grit\u00e9 du produit dans son \u00e9tat non ouvert.<\/li>\n\n\n\n<li><strong>Impression de la marque et marchandisage visuel :<\/strong> L'impression en quadrichromie est possible, avec des effets de pelliculage mat ou brillant. Conception et impression de logos de marque, d'emballages et d'illustrations pour am\u00e9liorer l'attrait des rayons.<\/li>\n\n\n\n<li><strong>Mat\u00e9riaux \u00e9cologiques disponibles : <\/strong>Nous fournissons des mat\u00e9riaux recyclables ou biod\u00e9gradables pour aider nos clients \u00e0 mettre en \u0153uvre des strat\u00e9gies d'emballage \u00e9cologique, en tenant compte \u00e0 la fois de la protection de l'environnement et de la protection des produits.<\/li>\n\n\n\n<li><strong>Appropri\u00e9 \u00e0 diff\u00e9rents cas :<\/strong> Il convient \u00e0 l'emballage d'aliments tels que les nouilles instantan\u00e9es, les nouilles s\u00e9ch\u00e9es, les ramen, etc. avec de la poudre s\u00e8che et a de vastes applications qui pourraient \u00eatre \u00e9tendues aux sachets d'assaisonnement, aux aliments pr\u00eats \u00e0 consommer et \u00e0 d'autres sc\u00e9narios.<\/li>\n<\/ul>\n<\/div>\n\n\n\n<div class=\"wp-block-column is-layout-flow wp-block-column-is-layout-flow\">\n<figure class=\"wp-block-image size-full\"><img decoding=\"async\" width=\"800\" height=\"800\" src=\"https:\/\/www.zkprintpack.com\/wp-content\/uploads\/2025\/11\/Custom-Noodle-Packaging-Pouches-Supplier.webp\" alt=\"Emballages de nouilles sur mesure Fournisseur\" class=\"wp-image-2303\" srcset=\"https:\/\/www.zkprintpack.com\/wp-content\/uploads\/2025\/11\/Custom-Noodle-Packaging-Pouches-Supplier.webp 800w, https:\/\/www.zkprintpack.com\/wp-content\/uploads\/2025\/11\/Custom-Noodle-Packaging-Pouches-Supplier-150x150.webp 150w, https:\/\/www.zkprintpack.com\/wp-content\/uploads\/2025\/11\/Custom-Noodle-Packaging-Pouches-Supplier-768x768.webp 768w, https:\/\/www.zkprintpack.com\/wp-content\/uploads\/2025\/11\/Custom-Noodle-Packaging-Pouches-Supplier-12x12.webp 12w, https:\/\/www.zkprintpack.com\/wp-content\/uploads\/2025\/11\/Custom-Noodle-Packaging-Pouches-Supplier-600x600.webp 600w, https:\/\/www.zkprintpack.com\/wp-content\/uploads\/2025\/11\/Custom-Noodle-Packaging-Pouches-Supplier-300x300.webp 300w, https:\/\/www.zkprintpack.com\/wp-content\/uploads\/2025\/11\/Custom-Noodle-Packaging-Pouches-Supplier-100x100.webp 100w\" sizes=\"(max-width: 800px) 100vw, 800px\" \/><\/figure>\n<\/div>\n<\/div>","protected":false},"excerpt":{"rendered":"<p>Nous vous invitons \u00e0 acheter nos sachets d'emballage de nouilles personnalis\u00e9s, parfaits pour les nouilles ramen et autres vari\u00e9t\u00e9s de nouilles. En tant que fournisseur de confiance de <strong data-start=\"1533\" data-end=\"1564\">Emballage OEM de nouilles ramen<\/strong>Nous proposons des sachets durables \u00e0 haute barri\u00e8re, con\u00e7us pour pr\u00e9server la fra\u00eecheur et am\u00e9liorer l'attrait en rayon. Nos emballages sont disponibles en diff\u00e9rentes tailles et comportent une impression personnalis\u00e9e vibrante pour am\u00e9liorer la visibilit\u00e9 de la marque. Choisissez nos solutions d'emballage pour nouilles pour une protection fiable et une pr\u00e9sentation attrayante de vos produits.<\/p>\n<h2>Param\u00e8tres des sachets d'emballage de nouilles sur mesure<\/h2>\n<ul>\n<li><strong>Fabricant :<\/strong> <span style=\"color: #ff0000;\"><a style=\"color: #ff0000;\" href=\"https:\/\/www.zkprintpack.com\/fr\/\"><strong>Zhongjia Packaging<\/strong><\/a><\/span><\/li>\n<li><strong>Mat\u00e9riau :<\/strong>\u00a0PET\/PE, PET\/NY\/PE, PET\/AL\/NY\/PE, etc.<\/li>\n<li><strong>Type de sac<\/strong>:\u00a0<strong>Pochette \u00e0 fond plat<\/strong><\/li>\n<li><strong>Taille<\/strong>: Sur mesure<\/li>\n<li><strong>Commande personnalis\u00e9e<\/strong>: Acceptation des OEM et ODM<\/li>\n<li><strong>\u00c9chantillon gratuit<\/strong>: Support<\/li>\n<li><strong>Utilisation<\/strong>:\u00a0<\/li>\n<li><strong>Manipulation de surface<\/strong>: Impression en h\u00e9liogravure<\/li>\n<li><strong>Couleur<\/strong>: Peut imprimer jusqu'\u00e0 10 couleurs<\/li>\n<li><strong>March\u00e9s cibles<\/strong>: Partout dans le monde<\/li>\n<\/ul>","protected":false},"featured_media":2303,"comment_status":"closed","ping_status":"closed","template":"","meta":{"_acf_changed":false},"market":[],"product_brand":[],"product_cat":[55],"product_tag":[],"class_list":{"0":"post-2037","1":"product","2":"type-product","3":"status-publish","4":"has-post-thumbnail","6":"product_cat-flat-bottom-pouches-wholesale","8":"first","9":"instock","10":"shipping-taxable","11":"product-type-simple"},"acf":[],"_links":{"self":[{"href":"https:\/\/www.zkprintpack.com\/fr\/wp-json\/wp\/v2\/product\/2037","targetHints":{"allow":["GET"]}}],"collection":[{"href":"https:\/\/www.zkprintpack.com\/fr\/wp-json\/wp\/v2\/product"}],"about":[{"href":"https:\/\/www.zkprintpack.com\/fr\/wp-json\/wp\/v2\/types\/product"}],"replies":[{"embeddable":true,"href":"https:\/\/www.zkprintpack.com\/fr\/wp-json\/wp\/v2\/comments?post=2037"}],"wp:featuredmedia":[{"embeddable":true,"href":"https:\/\/www.zkprintpack.com\/fr\/wp-json\/wp\/v2\/media\/2303"}],"wp:attachment":[{"href":"https:\/\/www.zkprintpack.com\/fr\/wp-json\/wp\/v2\/media?parent=2037"}],"wp:term":[{"taxonomy":"market","embeddable":true,"href":"https:\/\/www.zkprintpack.com\/fr\/wp-json\/wp\/v2\/market?post=2037"},{"taxonomy":"product_brand","embeddable":true,"href":"https:\/\/www.zkprintpack.com\/fr\/wp-json\/wp\/v2\/product_brand?post=2037"},{"taxonomy":"product_cat","embeddable":true,"href":"https:\/\/www.zkprintpack.com\/fr\/wp-json\/wp\/v2\/product_cat?post=2037"},{"taxonomy":"product_tag","embeddable":true,"href":"https:\/\/www.zkprintpack.com\/fr\/wp-json\/wp\/v2\/product_tag?post=2037"}],"curies":[{"name":"wp","href":"https:\/\/api.w.org\/{rel}","templated":true}]}}