{"id":2032,"date":"2025-11-09T19:27:06","date_gmt":"2025-11-09T19:27:06","guid":{"rendered":"https:\/\/www.zkprintpack.com\/?post_type=product&#038;p=2032"},"modified":"2025-11-09T19:27:08","modified_gmt":"2025-11-09T19:27:08","slug":"stand-up-pouch-custom-packaging-noodle","status":"publish","type":"product","link":"https:\/\/www.zkprintpack.com\/fr\/product\/stand-up-pouch-custom-packaging-noodle\/","title":{"rendered":"Stand Up Pouch Custom pour nouilles instantan\u00e9es non cuites - fra\u00eeches et pr\u00eates \u00e0 \u00eatre mises en rayon"},"content":{"rendered":"<div class=\"wp-block-columns is-layout-flex wp-container-core-columns-is-layout-9d6595d7 wp-block-columns-is-layout-flex\">\n<div class=\"wp-block-column is-layout-flow wp-block-column-is-layout-flow\">\n<h2 class=\"wp-block-heading\">Caract\u00e9ristiques de la Stand Up Pouch Custom<\/h2>\n\n\n\n<p><strong>Structure multicouche protectrice :<\/strong> Les sachets composites PET\/NY\/PE personnalis\u00e9s ont d'excellentes propri\u00e9t\u00e9s de scellage, de r\u00e9sistance \u00e0 l'humidit\u00e9 et de protection contre l'extrusion, ce qui permet de pr\u00e9server la saveur croustillante des nouilles et d'allonger leur dur\u00e9e de conservation.<\/p>\n\n\n\n<p><strong>Peu encombrant et portable :<\/strong> L'emballage l\u00e9ger permet d'\u00e9conomiser des frais de logistique, il est facile \u00e0 empiler et \u00e0 stocker, et il est pratique pour l'utilisation \u00e0 domicile et la conservation personnelle.<\/p>\n\n\n\n<p><strong>Bonne qualit\u00e9 de la surface d'impression :<\/strong> Les substrats lisses des sachets \u00e0 fond plat personnalis\u00e9s peuvent \u00eatre imprim\u00e9s avec des images de haute qualit\u00e9 et des informations multilingues (anglais, chinois, fran\u00e7ais), ce qui peut renforcer le professionnalisme de la marque sur le march\u00e9 mondial.<\/p>\n\n\n\n<p><strong>Potentiel environnemental :<\/strong> Il est plus l\u00e9ger que les emballages avec des gobelets ou des bols et peut \u00eatre produit avec une structure de film recyclable, ce qui favorise la conformit\u00e9 avec les tendances modernes en mati\u00e8re d'emballage durable.<\/p>\n<\/div>\n\n\n\n<div class=\"wp-block-column is-layout-flow wp-block-column-is-layout-flow\">\n<figure class=\"wp-block-image size-full\"><img decoding=\"async\" width=\"800\" height=\"800\" src=\"https:\/\/www.zkprintpack.com\/wp-content\/uploads\/2025\/09\/stand-up-pouch-custom-2.webp\" alt=\"stand up pouch custom (2)\" class=\"wp-image-2034\" srcset=\"https:\/\/www.zkprintpack.com\/wp-content\/uploads\/2025\/09\/stand-up-pouch-custom-2.webp 800w, https:\/\/www.zkprintpack.com\/wp-content\/uploads\/2025\/09\/stand-up-pouch-custom-2-150x150.webp 150w, https:\/\/www.zkprintpack.com\/wp-content\/uploads\/2025\/09\/stand-up-pouch-custom-2-768x768.webp 768w, https:\/\/www.zkprintpack.com\/wp-content\/uploads\/2025\/09\/stand-up-pouch-custom-2-12x12.webp 12w, https:\/\/www.zkprintpack.com\/wp-content\/uploads\/2025\/09\/stand-up-pouch-custom-2-600x600.webp 600w, https:\/\/www.zkprintpack.com\/wp-content\/uploads\/2025\/09\/stand-up-pouch-custom-2-300x300.webp 300w, https:\/\/www.zkprintpack.com\/wp-content\/uploads\/2025\/09\/stand-up-pouch-custom-2-100x100.webp 100w\" sizes=\"(max-width: 800px) 100vw, 800px\" \/><\/figure>\n<\/div>\n<\/div>","protected":false},"excerpt":{"rendered":"<p>Cette pochette souple et durable est con\u00e7ue pour les nouilles instantan\u00e9es. Avec des visuels vibrants, un marquage clair et une fermeture fiable, elle conserve les nouilles fra\u00eeches, am\u00e9liore l'app\u00e9tit et permet un empilage facile pour le stockage et la pr\u00e9sentation au d\u00e9tail. N'h\u00e9sitez pas \u00e0 demander un devis. Obtenez un \u00e9chantillon gratuit maintenant !<\/p>\n<h2>Param\u00e8tres du Stand Up Pouch Custom<\/h2>\n<ul>\n<li><strong>Mat\u00e9riau :<\/strong>\u00a0PET\/PE, PET\/NY\/PE, PET\/AL\/NY\/PE, etc.<\/li>\n<li><strong>Type de sac<\/strong>: Pochette de rangement<\/li>\n<li><strong>Taille<\/strong>720g\/personne<\/li>\n<li><strong>Commande personnalis\u00e9e<\/strong>: Acceptation des OEM et ODM<\/li>\n<li><strong>\u00c9chantillon gratuit<\/strong>: Support<\/li>\n<li><strong>Utilisation<\/strong>: Produits laitiers, produits en poudre, snacks, etc.<\/li>\n<li><strong>Manipulation de surface<\/strong>: Impression en h\u00e9liogravure<\/li>\n<li><strong>Couleur<\/strong>: Peut \u00eatre personnalis\u00e9<\/li>\n<li><strong>March\u00e9s cibles<\/strong>: Partout dans le monde<\/li>\n<\/ul>","protected":false},"featured_media":2034,"comment_status":"closed","ping_status":"closed","template":"","meta":{"_acf_changed":false},"market":[],"product_brand":[],"product_cat":[50],"product_tag":[],"class_list":{"0":"post-2032","1":"product","2":"type-product","3":"status-publish","4":"has-post-thumbnail","6":"product_cat-stand-up-pouches-wholesale","8":"first","9":"instock","10":"shipping-taxable","11":"product-type-simple"},"acf":[],"_links":{"self":[{"href":"https:\/\/www.zkprintpack.com\/fr\/wp-json\/wp\/v2\/product\/2032","targetHints":{"allow":["GET"]}}],"collection":[{"href":"https:\/\/www.zkprintpack.com\/fr\/wp-json\/wp\/v2\/product"}],"about":[{"href":"https:\/\/www.zkprintpack.com\/fr\/wp-json\/wp\/v2\/types\/product"}],"replies":[{"embeddable":true,"href":"https:\/\/www.zkprintpack.com\/fr\/wp-json\/wp\/v2\/comments?post=2032"}],"wp:featuredmedia":[{"embeddable":true,"href":"https:\/\/www.zkprintpack.com\/fr\/wp-json\/wp\/v2\/media\/2034"}],"wp:attachment":[{"href":"https:\/\/www.zkprintpack.com\/fr\/wp-json\/wp\/v2\/media?parent=2032"}],"wp:term":[{"taxonomy":"market","embeddable":true,"href":"https:\/\/www.zkprintpack.com\/fr\/wp-json\/wp\/v2\/market?post=2032"},{"taxonomy":"product_brand","embeddable":true,"href":"https:\/\/www.zkprintpack.com\/fr\/wp-json\/wp\/v2\/product_brand?post=2032"},{"taxonomy":"product_cat","embeddable":true,"href":"https:\/\/www.zkprintpack.com\/fr\/wp-json\/wp\/v2\/product_cat?post=2032"},{"taxonomy":"product_tag","embeddable":true,"href":"https:\/\/www.zkprintpack.com\/fr\/wp-json\/wp\/v2\/product_tag?post=2032"}],"curies":[{"name":"wp","href":"https:\/\/api.w.org\/{rel}","templated":true}]}}