{"id":2026,"date":"2025-09-30T01:13:51","date_gmt":"2025-09-30T01:13:51","guid":{"rendered":"https:\/\/www.zkprintpack.com\/?post_type=product&#038;p=2026"},"modified":"2025-09-30T01:13:55","modified_gmt":"2025-09-30T01:13:55","slug":"custom-instant-noodles-film-packaging","status":"publish","type":"product","link":"https:\/\/www.zkprintpack.com\/fr\/product\/custom-instant-noodles-film-packaging\/","title":{"rendered":"Usine de conditionnement sous film de nouilles instantan\u00e9es sur mesure - Fra\u00eecheur et commodit\u00e9"},"content":{"rendered":"<div class=\"wp-block-columns is-layout-flex wp-container-core-columns-is-layout-9d6595d7 wp-block-columns-is-layout-flex\">\n<div class=\"wp-block-column is-layout-flow wp-block-column-is-layout-flow\">\n<h2 class=\"wp-block-heading\">Caract\u00e9ristiques de l'emballage sous film des nouilles instantan\u00e9es sur mesure<\/h2>\n\n\n\n<p><strong>Flexible et bien prot\u00e9g\u00e9 :<\/strong> L'emballage en film composite PE\/PP entoure \u00e9troitement le bloc de surface pour \u00e9viter tout dommage pendant le transport et le stockage, tout en pr\u00e9servant l'int\u00e9grit\u00e9 du produit.<\/p>\n\n\n\n<p><strong>Surface d'impression de haute qualit\u00e9 :<\/strong> Le film lisse permet une impression claire et d\u00e9taill\u00e9e des logos de la marque, des effets visuels des produits et des listes d'ingr\u00e9dients, ce qui renforce le professionnalisme de la marque.<\/p>\n\n\n\n<p><strong>Plusieurs tailles pour r\u00e9pondre \u00e0 diff\u00e9rents besoins :<\/strong> L'emballage de 50 g convient \u00e0 la consommation individuelle ou portable, l'emballage de 85 g convient au partage familial ou \u00e0 la restauration rapide.<\/p>\n\n\n\n<p><strong>Applicabilit\u00e9 au march\u00e9 mondial :<\/strong> Nos emballages en film personnalis\u00e9s sont multilingues (anglais, chinois et fran\u00e7ais) et peuvent s'adapter \u00e0 diff\u00e9rents march\u00e9s en Asie, en Europe et dans d'autres r\u00e9gions.<\/p>\n<\/div>\n\n\n\n<div class=\"wp-block-column is-layout-flow wp-block-column-is-layout-flow\">\n<figure class=\"wp-block-image size-full\"><img decoding=\"async\" width=\"800\" height=\"800\" src=\"https:\/\/www.zkprintpack.com\/wp-content\/uploads\/2025\/09\/Custom-Instant-Noodles-Film-Packaging-2.webp\" alt=\"Emballage sous film des nouilles instantan\u00e9es (2)\" class=\"wp-image-2029\" srcset=\"https:\/\/www.zkprintpack.com\/wp-content\/uploads\/2025\/09\/Custom-Instant-Noodles-Film-Packaging-2.webp 800w, https:\/\/www.zkprintpack.com\/wp-content\/uploads\/2025\/09\/Custom-Instant-Noodles-Film-Packaging-2-150x150.webp 150w, https:\/\/www.zkprintpack.com\/wp-content\/uploads\/2025\/09\/Custom-Instant-Noodles-Film-Packaging-2-768x768.webp 768w, https:\/\/www.zkprintpack.com\/wp-content\/uploads\/2025\/09\/Custom-Instant-Noodles-Film-Packaging-2-12x12.webp 12w, https:\/\/www.zkprintpack.com\/wp-content\/uploads\/2025\/09\/Custom-Instant-Noodles-Film-Packaging-2-600x600.webp 600w, https:\/\/www.zkprintpack.com\/wp-content\/uploads\/2025\/09\/Custom-Instant-Noodles-Film-Packaging-2-300x300.webp 300w, https:\/\/www.zkprintpack.com\/wp-content\/uploads\/2025\/09\/Custom-Instant-Noodles-Film-Packaging-2-100x100.webp 100w\" sizes=\"(max-width: 800px) 100vw, 800px\" \/><\/figure>\n<\/div>\n<\/div>\n\n\n\n<p><\/p>","protected":false},"excerpt":{"rendered":"<p>Emballage en film durable et flexible con\u00e7u pour les nouilles instantan\u00e9es. Avec des visuels \u00e9clatants, une marque claire et une fermeture fiable, il permet de conserver la fra\u00eecheur des nouilles, d'am\u00e9liorer l'app\u00e9tit et de faciliter l'empilage pour le stockage et la pr\u00e9sentation au d\u00e9tail. N'h\u00e9sitez pas \u00e0 demander un devis. Obtenez un \u00e9chantillon gratuit d\u00e8s maintenant !<\/p>\n<h2>Param\u00e8tres d'emballage sous film des nouilles instantan\u00e9es :<\/h2>\n<ul>\n<li><strong>Mat\u00e9riau :<\/strong>\u00a0PET\/PE, PET\/NY\/PE, PET\/AL\/NY\/PE, etc.<\/li>\n<li><strong>Type de sac<\/strong>: Rollstock<\/li>\n<li><strong>Taille<\/strong>: 85g\/personne<\/li>\n<li><strong>Commande personnalis\u00e9e<\/strong>: Acceptation des OEM et ODM<\/li>\n<li><strong>\u00c9chantillon gratuit<\/strong>: Support<\/li>\n<li><strong>Utilisation<\/strong>: Produits laitiers, produits en poudre, snacks, etc.<\/li>\n<li><strong>Manipulation de surface<\/strong>: Impression en h\u00e9liogravure<\/li>\n<li><strong>Couleur<\/strong>: Peut \u00eatre personnalis\u00e9<\/li>\n<li><strong>March\u00e9s cibles<\/strong>: Partout dans le monde<\/li>\n<\/ul>","protected":false},"featured_media":2028,"comment_status":"closed","ping_status":"closed","template":"","meta":{"_acf_changed":false},"market":[],"product_brand":[],"product_cat":[57],"product_tag":[],"class_list":{"0":"post-2026","1":"product","2":"type-product","3":"status-publish","4":"has-post-thumbnail","6":"product_cat-rollstock-film-supplier","8":"first","9":"instock","10":"shipping-taxable","11":"product-type-simple"},"acf":[],"_links":{"self":[{"href":"https:\/\/www.zkprintpack.com\/fr\/wp-json\/wp\/v2\/product\/2026","targetHints":{"allow":["GET"]}}],"collection":[{"href":"https:\/\/www.zkprintpack.com\/fr\/wp-json\/wp\/v2\/product"}],"about":[{"href":"https:\/\/www.zkprintpack.com\/fr\/wp-json\/wp\/v2\/types\/product"}],"replies":[{"embeddable":true,"href":"https:\/\/www.zkprintpack.com\/fr\/wp-json\/wp\/v2\/comments?post=2026"}],"wp:featuredmedia":[{"embeddable":true,"href":"https:\/\/www.zkprintpack.com\/fr\/wp-json\/wp\/v2\/media\/2028"}],"wp:attachment":[{"href":"https:\/\/www.zkprintpack.com\/fr\/wp-json\/wp\/v2\/media?parent=2026"}],"wp:term":[{"taxonomy":"market","embeddable":true,"href":"https:\/\/www.zkprintpack.com\/fr\/wp-json\/wp\/v2\/market?post=2026"},{"taxonomy":"product_brand","embeddable":true,"href":"https:\/\/www.zkprintpack.com\/fr\/wp-json\/wp\/v2\/product_brand?post=2026"},{"taxonomy":"product_cat","embeddable":true,"href":"https:\/\/www.zkprintpack.com\/fr\/wp-json\/wp\/v2\/product_cat?post=2026"},{"taxonomy":"product_tag","embeddable":true,"href":"https:\/\/www.zkprintpack.com\/fr\/wp-json\/wp\/v2\/product_tag?post=2026"}],"curies":[{"name":"wp","href":"https:\/\/api.w.org\/{rel}","templated":true}]}}