{"id":2023,"date":"2025-09-30T03:09:36","date_gmt":"2025-09-30T03:09:36","guid":{"rendered":"https:\/\/www.zkprintpack.com\/?post_type=product&#038;p=2023"},"modified":"2025-09-30T03:12:19","modified_gmt":"2025-09-30T03:12:19","slug":"custom-printed-rollstock-for-candy","status":"publish","type":"product","link":"https:\/\/www.zkprintpack.com\/fr\/product\/custom-printed-rollstock-for-candy\/","title":{"rendered":"Film imprim\u00e9 en rouleau pour bonbons, film d'emballage pour bonbons g\u00e9lifi\u00e9s Factory"},"content":{"rendered":"<div class=\"wp-block-columns is-layout-flex wp-container-core-columns-is-layout-9d6595d7 wp-block-columns-is-layout-flex\">\n<div class=\"wp-block-column is-layout-flow wp-block-column-is-layout-flow\">\n<h2 class=\"wp-block-heading\">Rouleau imprim\u00e9 personnalis\u00e9 pour les bonbons Caract\u00e9ristiques :<\/h2>\n\n\n\n<p><strong>Forte protection de l'\u00e9tanch\u00e9it\u00e9 :<\/strong> Notre rouleau imprim\u00e9 personnalis\u00e9 pour les bonbons adopte une structure thermoscell\u00e9e qui bloque l'air et l'humidit\u00e9, ce qui permet aux bonbons de rester moelleux, sucr\u00e9s et d\u00e9licieux, avec une longue dur\u00e9e de conservation.<\/p>\n\n\n\n<p><strong>Portable et pratique :<\/strong> L'emballage l\u00e9ger, disponible en deux tailles (100g et 150g), peut \u00eatre facilement plac\u00e9 dans une poche ou un sac, ce qui permet de le d\u00e9guster \u00e0 tout moment \u00e0 l'\u00e9cole, au bureau ou en voyage.<\/p>\n\n\n\n<p><strong>Applicabilit\u00e9 au march\u00e9 mondial :<\/strong> Impression multilingue et conception universelle, adapt\u00e9e aux rayons de vente au d\u00e9tail internationaux.<\/p>\n\n\n\n<p><strong>Flexible et peu encombrant :<\/strong> Le rouleau personnalis\u00e9 enveloppe \u00e9troitement les gommes pour \u00e9viter toute d\u00e9formation pendant le stockage et le transport, tout en r\u00e9duisant les co\u00fbts logistiques.<\/p>\n<\/div>\n\n\n\n<div class=\"wp-block-column is-layout-flow wp-block-column-is-layout-flow\">\n<figure class=\"wp-block-image size-full\"><img decoding=\"async\" width=\"800\" height=\"800\" src=\"https:\/\/www.zkprintpack.com\/wp-content\/uploads\/2025\/09\/custom-rollstock-packaging-for-filled-candy-1.webp\" alt=\"emballage personnalis\u00e9 pour bonbons fourr\u00e9s (1)\" class=\"wp-image-2024\" srcset=\"https:\/\/www.zkprintpack.com\/wp-content\/uploads\/2025\/09\/custom-rollstock-packaging-for-filled-candy-1.webp 800w, https:\/\/www.zkprintpack.com\/wp-content\/uploads\/2025\/09\/custom-rollstock-packaging-for-filled-candy-1-150x150.webp 150w, https:\/\/www.zkprintpack.com\/wp-content\/uploads\/2025\/09\/custom-rollstock-packaging-for-filled-candy-1-768x768.webp 768w, https:\/\/www.zkprintpack.com\/wp-content\/uploads\/2025\/09\/custom-rollstock-packaging-for-filled-candy-1-12x12.webp 12w, https:\/\/www.zkprintpack.com\/wp-content\/uploads\/2025\/09\/custom-rollstock-packaging-for-filled-candy-1-600x600.webp 600w, https:\/\/www.zkprintpack.com\/wp-content\/uploads\/2025\/09\/custom-rollstock-packaging-for-filled-candy-1-300x300.webp 300w, https:\/\/www.zkprintpack.com\/wp-content\/uploads\/2025\/09\/custom-rollstock-packaging-for-filled-candy-1-100x100.webp 100w\" sizes=\"(max-width: 800px) 100vw, 800px\" \/><\/figure>\n<\/div>\n<\/div>","protected":false},"excerpt":{"rendered":"<p>Les bonbons fourr\u00e9s conviennent \u00e0 notre emballage en rouleau personnalis\u00e9, qui conserve la fra\u00eecheur, est facile \u00e0 stocker et a une apparence \u00e9l\u00e9gante. Le rollstock imprim\u00e9 personnalis\u00e9 pour les bonbons pr\u00e9sente un design moderne et pratique, ce qui en fait un choix id\u00e9al pour les marques et les produits de bonbons. Nous vous invitons \u00e0 faire une demande de devis. Obtenez un \u00e9chantillon gratuit maintenant !<\/p>\n<h2>Param\u00e8tres des rouleaux imprim\u00e9s sur mesure pour les bonbons<\/h2>\n<ul>\n<li><strong>Mat\u00e9riau :<\/strong>\u00a0PET\/PE, PET\/NY\/PE, PET\/AL\/NY\/PE, etc.<\/li>\n<li><strong>Type de sac<\/strong>: Rollstock<\/li>\n<li><strong>Taille<\/strong>: 100g\/personne<\/li>\n<li><strong>Commande personnalis\u00e9e<\/strong>: Acceptation des OEM et ODM<\/li>\n<li><strong>\u00c9chantillon gratuit<\/strong>: Support<\/li>\n<li><strong>Utilisation<\/strong>: Produits laitiers, produits en poudre, snacks, etc.<\/li>\n<li><strong>Manipulation de surface<\/strong>: Impression en h\u00e9liogravure<\/li>\n<li><strong>Couleur<\/strong>: Peut \u00eatre personnalis\u00e9<\/li>\n<li><strong>March\u00e9s cibles<\/strong>: Partout dans le monde<\/li>\n<\/ul>","protected":false},"featured_media":2107,"comment_status":"closed","ping_status":"closed","template":"","meta":{"_acf_changed":false},"market":[60],"product_brand":[],"product_cat":[57],"product_tag":[],"class_list":{"0":"post-2023","1":"product","2":"type-product","3":"status-publish","4":"has-post-thumbnail","6":"market-confectionery-packaging-supplier","7":"product_cat-rollstock-film-supplier","9":"first","10":"instock","11":"shipping-taxable","12":"product-type-simple"},"acf":[],"_links":{"self":[{"href":"https:\/\/www.zkprintpack.com\/fr\/wp-json\/wp\/v2\/product\/2023","targetHints":{"allow":["GET"]}}],"collection":[{"href":"https:\/\/www.zkprintpack.com\/fr\/wp-json\/wp\/v2\/product"}],"about":[{"href":"https:\/\/www.zkprintpack.com\/fr\/wp-json\/wp\/v2\/types\/product"}],"replies":[{"embeddable":true,"href":"https:\/\/www.zkprintpack.com\/fr\/wp-json\/wp\/v2\/comments?post=2023"}],"wp:featuredmedia":[{"embeddable":true,"href":"https:\/\/www.zkprintpack.com\/fr\/wp-json\/wp\/v2\/media\/2107"}],"wp:attachment":[{"href":"https:\/\/www.zkprintpack.com\/fr\/wp-json\/wp\/v2\/media?parent=2023"}],"wp:term":[{"taxonomy":"market","embeddable":true,"href":"https:\/\/www.zkprintpack.com\/fr\/wp-json\/wp\/v2\/market?post=2023"},{"taxonomy":"product_brand","embeddable":true,"href":"https:\/\/www.zkprintpack.com\/fr\/wp-json\/wp\/v2\/product_brand?post=2023"},{"taxonomy":"product_cat","embeddable":true,"href":"https:\/\/www.zkprintpack.com\/fr\/wp-json\/wp\/v2\/product_cat?post=2023"},{"taxonomy":"product_tag","embeddable":true,"href":"https:\/\/www.zkprintpack.com\/fr\/wp-json\/wp\/v2\/product_tag?post=2023"}],"curies":[{"name":"wp","href":"https:\/\/api.w.org\/{rel}","templated":true}]}}