{"id":2020,"date":"2025-09-30T03:17:10","date_gmt":"2025-09-30T03:17:10","guid":{"rendered":"https:\/\/www.zkprintpack.com\/?post_type=product&#038;p=2020"},"modified":"2025-09-30T03:25:49","modified_gmt":"2025-09-30T03:25:49","slug":"custom-lay-flat-pouches-marshmallow","status":"publish","type":"product","link":"https:\/\/www.zkprintpack.com\/fr\/product\/custom-lay-flat-pouches-marshmallow\/","title":{"rendered":"Sachets \u00e0 plat personnalis\u00e9s pour l'emballage des guimauves - Commodit\u00e9 et fra\u00eecheur"},"content":{"rendered":"<div class=\"wp-block-columns is-layout-flex wp-container-core-columns-is-layout-9d6595d7 wp-block-columns-is-layout-flex\">\n<div class=\"wp-block-column is-layout-flow wp-block-column-is-layout-flow\">\n<h2 class=\"wp-block-heading\">Pochettes \u00e0 plat personnalis\u00e9es pour guimauve Caract\u00e9ristiques : <\/h2>\n\n\n\n<ul class=\"wp-block-list\">\n<li><strong>Design audacieux :<\/strong> Ces sachets plats personnalis\u00e9s, orn\u00e9s de bandes orange et blanches, sont associ\u00e9s \u00e0 des guimauves color\u00e9es et \u00e0 des motifs de fruits, ce qui cr\u00e9e un fort impact visuel dans les rayons et met imm\u00e9diatement en valeur la personnalit\u00e9 du produit.<\/li>\n\n\n\n<li><strong>Scellage solide et pr\u00e9servation de la fra\u00eecheur<\/strong>: Les mat\u00e9riaux composites multicouches et les bords thermoscell\u00e9s emp\u00eachent efficacement l'humidit\u00e9 de la barbe \u00e0 papa et pr\u00e9servent sa douceur et son go\u00fbt sucr\u00e9.<\/li>\n\n\n\n<li><strong>Rangement pratique sur une \u00e9tag\u00e8re :<\/strong> La conception de nos sachets \u00e0 plat personnalis\u00e9s est facile \u00e0 empiler dans l'entrep\u00f4t et \u00e0 stocker \u00e0 la maison, tout en restant bien en place sur les \u00e9tag\u00e8res des d\u00e9taillants.<\/li>\n\n\n\n<li><strong>Portable et pratique :<\/strong> L'emballage l\u00e9ger de 150 g est facile \u00e0 transporter, ce qui en fait un en-cas id\u00e9al pour les \u00e9coles, les bureaux ou les voyages.<\/li>\n\n\n\n<li><strong>Fen\u00eatre transparente Design :<\/strong> Une fen\u00eatre transparente permet aux clients d'observer facilement la barbe \u00e0 papa aux couleurs vives qui se trouve \u00e0 l'int\u00e9rieur, ce qui renforce la confiance et stimule l'envie d'acheter.<\/li>\n\n\n\n<li><strong>Encoche de d\u00e9chirure facile :<\/strong> La conception humanis\u00e9e facile \u00e0 d\u00e9chirer permet aux clients d'ouvrir facilement le sachet en un instant sans avoir besoin de ciseaux, ce qui am\u00e9liore l'exp\u00e9rience du client.<\/li>\n\n\n\n<li><strong>Option mat\u00e9riau vert<\/strong>: Les sachets d'emballage en guimauve sont disponibles avec un film recyclable ou biod\u00e9gradable, ce qui rend les sachets \u00e0 plat personnalis\u00e9s plus respectueux de l'environnement et adapt\u00e9s \u00e0 la tendance de l'emballage vert.<\/li>\n<\/ul>\n<\/div>\n\n\n\n<div class=\"wp-block-column is-layout-flow wp-block-column-is-layout-flow\">\n<figure class=\"wp-block-image size-full\"><img decoding=\"async\" width=\"800\" height=\"800\" src=\"https:\/\/www.zkprintpack.com\/wp-content\/uploads\/2025\/09\/custom-lay-flat-pouches-1.webp\" alt=\"\" class=\"wp-image-2021\" srcset=\"https:\/\/www.zkprintpack.com\/wp-content\/uploads\/2025\/09\/custom-lay-flat-pouches-1.webp 800w, https:\/\/www.zkprintpack.com\/wp-content\/uploads\/2025\/09\/custom-lay-flat-pouches-1-150x150.webp 150w, https:\/\/www.zkprintpack.com\/wp-content\/uploads\/2025\/09\/custom-lay-flat-pouches-1-768x768.webp 768w, https:\/\/www.zkprintpack.com\/wp-content\/uploads\/2025\/09\/custom-lay-flat-pouches-1-12x12.webp 12w, https:\/\/www.zkprintpack.com\/wp-content\/uploads\/2025\/09\/custom-lay-flat-pouches-1-600x600.webp 600w, https:\/\/www.zkprintpack.com\/wp-content\/uploads\/2025\/09\/custom-lay-flat-pouches-1-300x300.webp 300w, https:\/\/www.zkprintpack.com\/wp-content\/uploads\/2025\/09\/custom-lay-flat-pouches-1-100x100.webp 100w\" sizes=\"(max-width: 800px) 100vw, 800px\" \/><\/figure>\n<\/div>\n<\/div>","protected":false},"excerpt":{"rendered":"<p>Le marshmallow peut \u00eatre conditionn\u00e9 dans nos sachets plats personnalis\u00e9s, qui conservent la fra\u00eecheur, sont faciles \u00e0 stocker et ont une apparence \u00e9l\u00e9gante. Les sachets plats personnalis\u00e9s ont un design moderne et pratique, ce qui en fait un choix id\u00e9al pour les marques et les produits \u00e0 base de guimauve. N'h\u00e9sitez pas \u00e0 demander un devis. Obtenez un \u00e9chantillon gratuit maintenant !<\/p>\n<h2>Param\u00e8tres de la pochette \u00e0 plat personnalis\u00e9e<\/h2>\n<ul>\n<li><strong>Mat\u00e9riau :<\/strong>\u00a0PET\/PE, PET\/NY\/PE, PET\/AL\/NY\/PE, etc.<\/li>\n<li><strong>Type de sac<\/strong>: Pochette \u00e0 plat<\/li>\n<li><strong>Taille<\/strong>: 150g\/personne<\/li>\n<li><strong>Commande personnalis\u00e9e<\/strong>: Acceptation des OEM et ODM<\/li>\n<li><strong>\u00c9chantillon gratuit<\/strong>: Support<\/li>\n<li><strong>Utilisation<\/strong>: Produits laitiers, produits en poudre, snacks, etc.<\/li>\n<li><strong>Manipulation de surface<\/strong>: Impression en h\u00e9liogravure<\/li>\n<li><strong>Couleur<\/strong>: Peut \u00eatre personnalis\u00e9<\/li>\n<li><strong>March\u00e9s cibles<\/strong>: Partout dans le monde<\/li>\n<\/ul>","protected":false},"featured_media":2021,"comment_status":"closed","ping_status":"closed","template":"","meta":{"_acf_changed":false},"market":[60],"product_brand":[],"product_cat":[53],"product_tag":[],"class_list":{"0":"post-2020","1":"product","2":"type-product","3":"status-publish","4":"has-post-thumbnail","6":"market-confectionery-packaging-supplier","7":"product_cat-three-side-seal-pouch-wholesale","9":"first","10":"instock","11":"shipping-taxable","12":"product-type-simple"},"acf":[],"_links":{"self":[{"href":"https:\/\/www.zkprintpack.com\/fr\/wp-json\/wp\/v2\/product\/2020","targetHints":{"allow":["GET"]}}],"collection":[{"href":"https:\/\/www.zkprintpack.com\/fr\/wp-json\/wp\/v2\/product"}],"about":[{"href":"https:\/\/www.zkprintpack.com\/fr\/wp-json\/wp\/v2\/types\/product"}],"replies":[{"embeddable":true,"href":"https:\/\/www.zkprintpack.com\/fr\/wp-json\/wp\/v2\/comments?post=2020"}],"wp:featuredmedia":[{"embeddable":true,"href":"https:\/\/www.zkprintpack.com\/fr\/wp-json\/wp\/v2\/media\/2021"}],"wp:attachment":[{"href":"https:\/\/www.zkprintpack.com\/fr\/wp-json\/wp\/v2\/media?parent=2020"}],"wp:term":[{"taxonomy":"market","embeddable":true,"href":"https:\/\/www.zkprintpack.com\/fr\/wp-json\/wp\/v2\/market?post=2020"},{"taxonomy":"product_brand","embeddable":true,"href":"https:\/\/www.zkprintpack.com\/fr\/wp-json\/wp\/v2\/product_brand?post=2020"},{"taxonomy":"product_cat","embeddable":true,"href":"https:\/\/www.zkprintpack.com\/fr\/wp-json\/wp\/v2\/product_cat?post=2020"},{"taxonomy":"product_tag","embeddable":true,"href":"https:\/\/www.zkprintpack.com\/fr\/wp-json\/wp\/v2\/product_tag?post=2020"}],"curies":[{"name":"wp","href":"https:\/\/api.w.org\/{rel}","templated":true}]}}