{"id":2017,"date":"2025-09-25T09:19:44","date_gmt":"2025-09-25T09:19:44","guid":{"rendered":"https:\/\/www.zkprintpack.com\/?post_type=product&#038;p=2017"},"modified":"2025-09-25T09:19:50","modified_gmt":"2025-09-25T09:19:50","slug":"custom-stand-up-pouch-snack-packaging","status":"publish","type":"product","link":"https:\/\/www.zkprintpack.com\/fr\/product\/custom-stand-up-pouch-snack-packaging\/","title":{"rendered":"Wholesale Custom Stand Up Pouch For Snacks - Fra\u00eecheur et commodit\u00e9"},"content":{"rendered":"<div class=\"wp-block-columns is-layout-flex wp-container-core-columns-is-layout-9d6595d7 wp-block-columns-is-layout-flex\">\n<div class=\"wp-block-column is-layout-flow wp-block-column-is-layout-flow\">\n<h2 class=\"wp-block-heading\">Caract\u00e9ristiques de la pochette sur pied personnalis\u00e9e pour les desserts<\/h2>\n\n\n\n<p><strong>Conception audacieuse des couleurs de l'emballage :<\/strong> Notre pochette \u00e0 fond plat personnalis\u00e9e offre un orange vif, une image claire du produit et un nom de marque bien visible, ce qui renforce l'attrait en rayon et la confiance des consommateurs.<\/p>\n\n\n\n<p><strong>Avantages des pochettes de transport :<\/strong> L'angle inf\u00e9rieur permet au sac d'emballage de se tenir debout, ce qui am\u00e9liore la visibilit\u00e9 et l'efficacit\u00e9 du stockage.<\/p>\n\n\n\n<p><strong>Pr\u00e9servation et protection :<\/strong> Les mat\u00e9riaux composites multicouches de nos sachets personnalis\u00e9s isolent l'air et l'humidit\u00e9, ce qui permet aux kakis de rester tendres, moelleux et d\u00e9licieux.<\/p>\n\n\n\n<p><strong>Effacer l'affichage des informations :<\/strong> Une surface lisse permet une impression de haute qualit\u00e9 des noms de produits, des certificats d'origine et des histoires de marque.<\/p>\n<\/div>\n\n\n\n<div class=\"wp-block-column is-layout-flow wp-block-column-is-layout-flow\">\n<figure class=\"wp-block-image size-full\"><img decoding=\"async\" width=\"800\" height=\"800\" src=\"https:\/\/www.zkprintpack.com\/wp-content\/uploads\/2025\/09\/wholesale-custom-stand-up-pouch.webp\" alt=\"pochette de rangement personnalis\u00e9e\" class=\"wp-image-2018\" srcset=\"https:\/\/www.zkprintpack.com\/wp-content\/uploads\/2025\/09\/wholesale-custom-stand-up-pouch.webp 800w, https:\/\/www.zkprintpack.com\/wp-content\/uploads\/2025\/09\/wholesale-custom-stand-up-pouch-150x150.webp 150w, https:\/\/www.zkprintpack.com\/wp-content\/uploads\/2025\/09\/wholesale-custom-stand-up-pouch-768x768.webp 768w, https:\/\/www.zkprintpack.com\/wp-content\/uploads\/2025\/09\/wholesale-custom-stand-up-pouch-12x12.webp 12w, https:\/\/www.zkprintpack.com\/wp-content\/uploads\/2025\/09\/wholesale-custom-stand-up-pouch-600x600.webp 600w, https:\/\/www.zkprintpack.com\/wp-content\/uploads\/2025\/09\/wholesale-custom-stand-up-pouch-300x300.webp 300w, https:\/\/www.zkprintpack.com\/wp-content\/uploads\/2025\/09\/wholesale-custom-stand-up-pouch-100x100.webp 100w\" sizes=\"(max-width: 800px) 100vw, 800px\" \/><\/figure>\n<\/div>\n<\/div>","protected":false},"excerpt":{"rendered":"<p>Ce type d'en-cas peut \u00eatre conditionn\u00e9 dans une pochette personnalis\u00e9e, qui conserve la fra\u00eecheur, est facile \u00e0 stocker et pr\u00e9sente des couleurs vives. La pochette personnalis\u00e9e a un design moderne et pratique pour ce type d'en-cas, ce qui en fait un choix id\u00e9al pour les marques et les produits d'en-cas. Nous vous invitons \u00e0 faire une demande de devis. Obtenez un \u00e9chantillon gratuit maintenant !<\/p>\n<h2>Param\u00e8tres de la pochette sur mesure<\/h2>\n<ul>\n<li><strong>Mat\u00e9riau :<\/strong>\u00a0PET\/PE, PET\/NY\/PE, PET\/AL\/NY\/PE, etc.<\/li>\n<li><strong>Type de sac<\/strong>: Pochette de rangement<\/li>\n<li><strong>Taille<\/strong>: 500g\/personne<\/li>\n<li><strong>Commande personnalis\u00e9e<\/strong>: Acceptation des OEM et ODM<\/li>\n<li><strong>\u00c9chantillon gratuit<\/strong>: Support<\/li>\n<li><strong>Utilisation<\/strong>: Produits laitiers, produits en poudre, snacks, etc.<\/li>\n<li><strong>Manipulation de surface<\/strong>: Impression en h\u00e9liogravure<\/li>\n<li><strong>Couleur<\/strong>: Peut \u00eatre personnalis\u00e9<\/li>\n<li><strong>March\u00e9s cibles<\/strong>: Partout dans le monde<\/li>\n<\/ul>","protected":false},"featured_media":2018,"comment_status":"closed","ping_status":"closed","template":"","meta":{"_acf_changed":false},"market":[61],"product_brand":[],"product_cat":[50],"product_tag":[],"class_list":{"0":"post-2017","1":"product","2":"type-product","3":"status-publish","4":"has-post-thumbnail","6":"market-snack-packaging-supplier","7":"product_cat-stand-up-pouches-wholesale","9":"first","10":"instock","11":"shipping-taxable","12":"product-type-simple"},"acf":[],"_links":{"self":[{"href":"https:\/\/www.zkprintpack.com\/fr\/wp-json\/wp\/v2\/product\/2017","targetHints":{"allow":["GET"]}}],"collection":[{"href":"https:\/\/www.zkprintpack.com\/fr\/wp-json\/wp\/v2\/product"}],"about":[{"href":"https:\/\/www.zkprintpack.com\/fr\/wp-json\/wp\/v2\/types\/product"}],"replies":[{"embeddable":true,"href":"https:\/\/www.zkprintpack.com\/fr\/wp-json\/wp\/v2\/comments?post=2017"}],"wp:featuredmedia":[{"embeddable":true,"href":"https:\/\/www.zkprintpack.com\/fr\/wp-json\/wp\/v2\/media\/2018"}],"wp:attachment":[{"href":"https:\/\/www.zkprintpack.com\/fr\/wp-json\/wp\/v2\/media?parent=2017"}],"wp:term":[{"taxonomy":"market","embeddable":true,"href":"https:\/\/www.zkprintpack.com\/fr\/wp-json\/wp\/v2\/market?post=2017"},{"taxonomy":"product_brand","embeddable":true,"href":"https:\/\/www.zkprintpack.com\/fr\/wp-json\/wp\/v2\/product_brand?post=2017"},{"taxonomy":"product_cat","embeddable":true,"href":"https:\/\/www.zkprintpack.com\/fr\/wp-json\/wp\/v2\/product_cat?post=2017"},{"taxonomy":"product_tag","embeddable":true,"href":"https:\/\/www.zkprintpack.com\/fr\/wp-json\/wp\/v2\/product_tag?post=2017"}],"curies":[{"name":"wp","href":"https:\/\/api.w.org\/{rel}","templated":true}]}}