{"id":1941,"date":"2025-09-18T03:13:57","date_gmt":"2025-09-18T03:13:57","guid":{"rendered":"https:\/\/www.zkprintpack.com\/?post_type=product&#038;p=1941"},"modified":"2025-09-18T03:14:04","modified_gmt":"2025-09-18T03:14:04","slug":"wholesale-custom-shaped-pouch-mask","status":"publish","type":"product","link":"https:\/\/www.zkprintpack.com\/fr\/product\/wholesale-custom-shaped-pouch-mask\/","title":{"rendered":"Pochette de forme personnalis\u00e9e pour masque, soins personnels, emballage cosm\u00e9tique Fournisseur de pochettes de conditionnement"},"content":{"rendered":"<div class=\"wp-block-columns is-layout-flex wp-container-core-columns-is-layout-9d6595d7 wp-block-columns-is-layout-flex\">\n<div class=\"wp-block-column is-layout-flow wp-block-column-is-layout-flow\">\n<h2 class=\"wp-block-heading\">Caract\u00e9ristiques de la pochette de forme personnalis\u00e9e<\/h2>\n\n\n\n<p><strong>Conception innovante d'une poche de perfusion intraveineuse :<\/strong><br>La forme du sac d'emballage est similaire \u00e0 celle d'une poche de perfusion m\u00e9dicale, v\u00e9hiculant visuellement le concept de \"haute concentration, r\u00e9paration puissante\", cr\u00e9ant ainsi un fort attrait en rayon et une diff\u00e9renciation de la marque.<\/p>\n\n\n\n<p><strong>Mat\u00e9riau composite \u00e0 haute barri\u00e8re :<br><\/strong>Un film plastique souple multicouche, une feuille d'aluminium ou une couche barri\u00e8re peuvent \u00eatre s\u00e9lectionn\u00e9s pour garantir l'\u00e9tanch\u00e9it\u00e9, emp\u00eacher l'oxydation et maintenir la stabilit\u00e9 et la fra\u00eecheur de l'essence d'alo\u00e8s.<\/p>\n\n\n\n<p><strong>Effets visuels inspir\u00e9s de la nature :<\/strong><br>Le ton vert, le motif de l'aloe vera et le motif des gouttes d'eau mettent l'accent sur les soins hydratants et apaisants, attirant ainsi les consommateurs qui recherchent des soins de la peau naturels.<\/p>\n<\/div>\n\n\n\n<div class=\"wp-block-column is-layout-flow wp-block-column-is-layout-flow\">\n<figure class=\"wp-block-image size-full\"><img decoding=\"async\" width=\"800\" height=\"800\" src=\"https:\/\/www.zkprintpack.com\/wp-content\/uploads\/2025\/09\/custom-shaped-pouch-for-personal-care.webp\" alt=\"sachet de forme personnalis\u00e9e pour les soins personnels\" class=\"wp-image-1943\" srcset=\"https:\/\/www.zkprintpack.com\/wp-content\/uploads\/2025\/09\/custom-shaped-pouch-for-personal-care.webp 800w, https:\/\/www.zkprintpack.com\/wp-content\/uploads\/2025\/09\/custom-shaped-pouch-for-personal-care-150x150.webp 150w, https:\/\/www.zkprintpack.com\/wp-content\/uploads\/2025\/09\/custom-shaped-pouch-for-personal-care-768x768.webp 768w, https:\/\/www.zkprintpack.com\/wp-content\/uploads\/2025\/09\/custom-shaped-pouch-for-personal-care-12x12.webp 12w, https:\/\/www.zkprintpack.com\/wp-content\/uploads\/2025\/09\/custom-shaped-pouch-for-personal-care-600x600.webp 600w, https:\/\/www.zkprintpack.com\/wp-content\/uploads\/2025\/09\/custom-shaped-pouch-for-personal-care-300x300.webp 300w, https:\/\/www.zkprintpack.com\/wp-content\/uploads\/2025\/09\/custom-shaped-pouch-for-personal-care-100x100.webp 100w\" sizes=\"(max-width: 800px) 100vw, 800px\" \/><\/figure>\n<\/div>\n<\/div>","protected":false},"excerpt":{"rendered":"<p>Un masque pour le visage en ampoules au design unique, conditionn\u00e9 dans un sachet de forme (de type IV), pour une identit\u00e9 visuelle \u00e0 fort impact et une exp\u00e9rience de soin de la peau de premi\u00e8re qualit\u00e9. Ce sachet de forme personnalis\u00e9e offre un emballage \u00e0 haute barri\u00e8re qui garantit la fra\u00eecheur, la commodit\u00e9 et un sens du rituel dans chaque application. Prise en charge des services OEM et ODM. Obtenez vos \u00e9chantillons gratuits d\u00e8s maintenant !<\/p>\n<h2>Param\u00e8tres de la pochette fa\u00e7onn\u00e9e sur mesure<\/h2>\n<ul>\n<li><strong>Mat\u00e9riau :<\/strong>\u00a0PET\/PE, PET\/NY\/PE, PET\/AL\/NY\/PE, etc.<\/li>\n<li><strong>Type de sac<\/strong>: Pochette fa\u00e7onn\u00e9e<\/li>\n<li><strong>Taille<\/strong>: Sur mesure<\/li>\n<li><strong>Commande personnalis\u00e9e<\/strong>: Acceptation des OEM et ODM<\/li>\n<li><strong>\u00c9chantillon gratuit<\/strong>: Support<\/li>\n<li><strong>Utilisation<\/strong>: Masque, soins personnels humides, cosm\u00e9tiques, etc.<\/li>\n<li><strong>Manipulation de surface<\/strong>: Impression en h\u00e9liogravure<\/li>\n<li><strong>Couleur<\/strong>: Peut \u00eatre personnalis\u00e9<\/li>\n<li><strong>March\u00e9s cibles<\/strong>: Partout dans le monde<\/li>\n<\/ul>","protected":false},"featured_media":1943,"comment_status":"closed","ping_status":"closed","template":"","meta":{"_acf_changed":false},"market":[58,51],"product_brand":[],"product_cat":[52],"product_tag":[],"class_list":{"0":"post-1941","1":"product","2":"type-product","3":"status-publish","4":"has-post-thumbnail","6":"market-face-mask-packaging-supplier","7":"market-personal-care-and-cosmetic","8":"product_cat-shaped-pouches-factory","10":"first","11":"instock","12":"shipping-taxable","13":"product-type-simple"},"acf":[],"_links":{"self":[{"href":"https:\/\/www.zkprintpack.com\/fr\/wp-json\/wp\/v2\/product\/1941","targetHints":{"allow":["GET"]}}],"collection":[{"href":"https:\/\/www.zkprintpack.com\/fr\/wp-json\/wp\/v2\/product"}],"about":[{"href":"https:\/\/www.zkprintpack.com\/fr\/wp-json\/wp\/v2\/types\/product"}],"replies":[{"embeddable":true,"href":"https:\/\/www.zkprintpack.com\/fr\/wp-json\/wp\/v2\/comments?post=1941"}],"wp:featuredmedia":[{"embeddable":true,"href":"https:\/\/www.zkprintpack.com\/fr\/wp-json\/wp\/v2\/media\/1943"}],"wp:attachment":[{"href":"https:\/\/www.zkprintpack.com\/fr\/wp-json\/wp\/v2\/media?parent=1941"}],"wp:term":[{"taxonomy":"market","embeddable":true,"href":"https:\/\/www.zkprintpack.com\/fr\/wp-json\/wp\/v2\/market?post=1941"},{"taxonomy":"product_brand","embeddable":true,"href":"https:\/\/www.zkprintpack.com\/fr\/wp-json\/wp\/v2\/product_brand?post=1941"},{"taxonomy":"product_cat","embeddable":true,"href":"https:\/\/www.zkprintpack.com\/fr\/wp-json\/wp\/v2\/product_cat?post=1941"},{"taxonomy":"product_tag","embeddable":true,"href":"https:\/\/www.zkprintpack.com\/fr\/wp-json\/wp\/v2\/product_tag?post=1941"}],"curies":[{"name":"wp","href":"https:\/\/api.w.org\/{rel}","templated":true}]}}