{"id":1939,"date":"2025-11-09T19:23:50","date_gmt":"2025-11-09T19:23:50","guid":{"rendered":"https:\/\/www.zkprintpack.com\/?post_type=product&#038;p=1939"},"modified":"2025-11-09T19:23:52","modified_gmt":"2025-11-09T19:23:52","slug":"custom-flat-pouches-for-mask-package","status":"publish","type":"product","link":"https:\/\/www.zkprintpack.com\/fr\/product\/custom-flat-pouches-for-mask-package\/","title":{"rendered":"Pochettes plates personnalis\u00e9es en gros pour l'emballage de masques"},"content":{"rendered":"<div class=\"wp-block-columns is-layout-flex wp-container-core-columns-is-layout-9d6595d7 wp-block-columns-is-layout-flex\">\n<div class=\"wp-block-column is-layout-flow wp-block-column-is-layout-flow\">\n<h2 class=\"wp-block-heading\">Caract\u00e9ristiques des pochettes plates sur mesure<\/h2>\n\n\n\n<p><strong>Portable et pratique :<br><\/strong>Le sachet plat personnalis\u00e9 est l\u00e9ger et facile \u00e0 sceller, garantissant la qualit\u00e9 de l'essence et offrant une forme d'emballage pratique, hygi\u00e9nique et portable.<\/p>\n\n\n\n<p><strong>Mat\u00e9riaux d'emballage \u00e0 haute barri\u00e8re :<\/strong><br>Le film composite PET+PE permet une impression claire et un scellement solide ; la feuille d'aluminium peut bloquer efficacement les ingr\u00e9dients actifs, les prot\u00e9geant de la lumi\u00e8re, de l'humidit\u00e9 et de l'oxyg\u00e8ne.<\/p>\n\n\n\n<p><strong>Pr\u00e9sentation visuelle des avantages du produit :<\/strong><br>L'emballage vert pr\u00e9sente des l\u00e9gumes frais et met l'accent sur les avantages naturels et radieux du soin de la peau. L'emballage beige met l'accent sur l'\u00e9l\u00e9ment miel et transmet le concept de nourrissage et d'hydratation.<\/p>\n<\/div>\n\n\n\n<div class=\"wp-block-column is-layout-flow wp-block-column-is-layout-flow\">\n<figure class=\"wp-block-image size-full\"><img decoding=\"async\" width=\"800\" height=\"800\" src=\"https:\/\/www.zkprintpack.com\/wp-content\/uploads\/2025\/09\/custom-flat-pouches-for-mask-packaging.webp\" alt=\"pochettes plates personnalis\u00e9es pour l&#039;emballage de masques\" class=\"wp-image-1940\" srcset=\"https:\/\/www.zkprintpack.com\/wp-content\/uploads\/2025\/09\/custom-flat-pouches-for-mask-packaging.webp 800w, https:\/\/www.zkprintpack.com\/wp-content\/uploads\/2025\/09\/custom-flat-pouches-for-mask-packaging-150x150.webp 150w, https:\/\/www.zkprintpack.com\/wp-content\/uploads\/2025\/09\/custom-flat-pouches-for-mask-packaging-768x768.webp 768w, https:\/\/www.zkprintpack.com\/wp-content\/uploads\/2025\/09\/custom-flat-pouches-for-mask-packaging-12x12.webp 12w, https:\/\/www.zkprintpack.com\/wp-content\/uploads\/2025\/09\/custom-flat-pouches-for-mask-packaging-600x600.webp 600w, https:\/\/www.zkprintpack.com\/wp-content\/uploads\/2025\/09\/custom-flat-pouches-for-mask-packaging-300x300.webp 300w, https:\/\/www.zkprintpack.com\/wp-content\/uploads\/2025\/09\/custom-flat-pouches-for-mask-packaging-100x100.webp 100w\" sizes=\"(max-width: 800px) 100vw, 800px\" \/><\/figure>\n<\/div>\n<\/div>","protected":false},"excerpt":{"rendered":"<p>Emballage de masque facial jetable de haute qualit\u00e9, frais, portable et tr\u00e8s attractif en rayon. Ce sac d'emballage pr\u00e9sente une conception visuelle de style naturel, des informations bilingues claires et un film composite \u00e0 haute barri\u00e8re, garantissant la stabilit\u00e9 du produit tout en am\u00e9liorant l'image de marque. Nous proposons des services OEM et ODM. Obtenez vos \u00e9chantillons gratuits d\u00e8s maintenant !<\/p>\n<h2>Param\u00e8tres des sachets plats personnalis\u00e9s<\/h2>\n<ul>\n<li><strong>Mat\u00e9riau :<\/strong>\u00a0PET\/PE, PET\/NY\/PE, PET\/AL\/NY\/PE, etc.<\/li>\n<li><strong>Type de sac<\/strong>: Pochette plate<\/li>\n<li><strong>Taille<\/strong>: Sur mesure<\/li>\n<li><strong>Commande personnalis\u00e9e<\/strong>: Acceptation des OEM et ODM<\/li>\n<li><strong>\u00c9chantillon gratuit<\/strong>: Support<\/li>\n<li><strong>Utilisation<\/strong>: Masque, soins personnels humides, cosm\u00e9tiques, etc.<\/li>\n<li><strong>Manipulation de surface<\/strong>: Impression en h\u00e9liogravure<\/li>\n<li><strong>Couleur<\/strong>: Peut \u00eatre personnalis\u00e9<\/li>\n<li><strong>March\u00e9s cibles<\/strong>: Partout dans le monde<\/li>\n<\/ul>","protected":false},"featured_media":1940,"comment_status":"closed","ping_status":"closed","template":"","meta":{"_acf_changed":false},"market":[51],"product_brand":[],"product_cat":[53],"product_tag":[],"class_list":{"0":"post-1939","1":"product","2":"type-product","3":"status-publish","4":"has-post-thumbnail","6":"market-personal-care-and-cosmetic","7":"product_cat-three-side-seal-pouch-wholesale","9":"first","10":"instock","11":"shipping-taxable","12":"product-type-simple"},"acf":[],"_links":{"self":[{"href":"https:\/\/www.zkprintpack.com\/fr\/wp-json\/wp\/v2\/product\/1939","targetHints":{"allow":["GET"]}}],"collection":[{"href":"https:\/\/www.zkprintpack.com\/fr\/wp-json\/wp\/v2\/product"}],"about":[{"href":"https:\/\/www.zkprintpack.com\/fr\/wp-json\/wp\/v2\/types\/product"}],"replies":[{"embeddable":true,"href":"https:\/\/www.zkprintpack.com\/fr\/wp-json\/wp\/v2\/comments?post=1939"}],"wp:featuredmedia":[{"embeddable":true,"href":"https:\/\/www.zkprintpack.com\/fr\/wp-json\/wp\/v2\/media\/1940"}],"wp:attachment":[{"href":"https:\/\/www.zkprintpack.com\/fr\/wp-json\/wp\/v2\/media?parent=1939"}],"wp:term":[{"taxonomy":"market","embeddable":true,"href":"https:\/\/www.zkprintpack.com\/fr\/wp-json\/wp\/v2\/market?post=1939"},{"taxonomy":"product_brand","embeddable":true,"href":"https:\/\/www.zkprintpack.com\/fr\/wp-json\/wp\/v2\/product_brand?post=1939"},{"taxonomy":"product_cat","embeddable":true,"href":"https:\/\/www.zkprintpack.com\/fr\/wp-json\/wp\/v2\/product_cat?post=1939"},{"taxonomy":"product_tag","embeddable":true,"href":"https:\/\/www.zkprintpack.com\/fr\/wp-json\/wp\/v2\/product_tag?post=1939"}],"curies":[{"name":"wp","href":"https:\/\/api.w.org\/{rel}","templated":true}]}}