{"id":1936,"date":"2025-09-25T09:48:47","date_gmt":"2025-09-25T09:48:47","guid":{"rendered":"https:\/\/www.zkprintpack.com\/?post_type=product&#038;p=1936"},"modified":"2025-09-25T09:49:13","modified_gmt":"2025-09-25T09:49:13","slug":"custom-three-side-seal-bags-for-mask","status":"publish","type":"product","link":"https:\/\/www.zkprintpack.com\/fr\/product\/custom-three-side-seal-bags-for-mask\/","title":{"rendered":"Sacs \u00e0 sceller \u00e0 trois c\u00f4t\u00e9s pour masques de beaut\u00e9, Fabricant d'emballage de cosm\u00e9tiques en gros"},"content":{"rendered":"<div class=\"wp-block-columns is-layout-flex wp-container-core-columns-is-layout-9d6595d7 wp-block-columns-is-layout-flex\">\n<div class=\"wp-block-column is-layout-flow wp-block-column-is-layout-flow\">\n<h2 class=\"wp-block-heading\">Caract\u00e9ristiques des sacs \u00e0 trois soudures personnalis\u00e9s<\/h2>\n\n\n\n<p><strong>Mat\u00e9riel d'emballage de haute qualit\u00e9 :<\/strong><br>Les films composites multicouches (PET, PE, feuille d'aluminium) offrent une excellente protection contre l'oxyg\u00e8ne, l'humidit\u00e9 et la lumi\u00e8re, prot\u00e9geant ainsi efficacement les ingr\u00e9dients actifs.<\/p>\n\n\n\n<p><strong>Options de protection de l'environnement :<\/strong><br>Adopter des mat\u00e9riaux recyclables et biod\u00e9gradables pour r\u00e9pondre aux strat\u00e9gies de marque ax\u00e9es sur le d\u00e9veloppement durable et l'ESG.<\/p>\n\n\n\n<p><strong>Conception visuelle attrayante :<\/strong><br>Pr\u00e9sentant des montagnes enneig\u00e9es, des lacs et des for\u00eats d'hiver dans un ton calme de bleu et de blanc, elle \u00e9voque visuellement une exp\u00e9rience de soins de la peau fra\u00eeche et rafra\u00eechissante.<\/p>\n\n\n\n<p><strong>Des informations claires et bilingues :<\/strong><br>Mettre en \u00e9vidence le type de produit, les principaux ingr\u00e9dients et les m\u00e9thodes d'utilisation en chinois et en anglais afin d'attirer les consommateurs nationaux et \u00e9trangers.<\/p>\n<\/div>\n\n\n\n<div class=\"wp-block-column is-layout-flow wp-block-column-is-layout-flow\">\n<figure class=\"wp-block-image size-full\"><img decoding=\"async\" width=\"800\" height=\"800\" src=\"https:\/\/www.zkprintpack.com\/wp-content\/uploads\/2025\/09\/custom-three-side-seal-bag.webp\" alt=\"sac \u00e0 trois soudures personnalis\u00e9\" class=\"wp-image-1937\" srcset=\"https:\/\/www.zkprintpack.com\/wp-content\/uploads\/2025\/09\/custom-three-side-seal-bag.webp 800w, https:\/\/www.zkprintpack.com\/wp-content\/uploads\/2025\/09\/custom-three-side-seal-bag-150x150.webp 150w, https:\/\/www.zkprintpack.com\/wp-content\/uploads\/2025\/09\/custom-three-side-seal-bag-768x768.webp 768w, https:\/\/www.zkprintpack.com\/wp-content\/uploads\/2025\/09\/custom-three-side-seal-bag-12x12.webp 12w, https:\/\/www.zkprintpack.com\/wp-content\/uploads\/2025\/09\/custom-three-side-seal-bag-600x600.webp 600w, https:\/\/www.zkprintpack.com\/wp-content\/uploads\/2025\/09\/custom-three-side-seal-bag-300x300.webp 300w, https:\/\/www.zkprintpack.com\/wp-content\/uploads\/2025\/09\/custom-three-side-seal-bag-100x100.webp 100w\" sizes=\"(max-width: 800px) 100vw, 800px\" \/><\/figure>\n<\/div>\n<\/div>","protected":false},"excerpt":{"rendered":"<p>Un masque de glace \u00e0 usage unique dans un sachet \u00e0 trois soudures personnalis\u00e9, orn\u00e9 d'un motif serein de montagnes enneig\u00e9es. Con\u00e7u pour la fra\u00eecheur et la commodit\u00e9, cet emballage met en valeur les bienfaits rafra\u00eechissants et apaisants du masque tout en offrant une exp\u00e9rience de d\u00e9ballage de premier ordre. Prise en charge des services OEM et ODM. Obtenez vos \u00e9chantillons gratuits d\u00e8s maintenant !<\/p>\n<h2>Param\u00e8tres du sac \u00e0 sceller personnalis\u00e9 \u00e0 trois c\u00f4t\u00e9s<\/h2>\n<ul>\n<li><strong>Mat\u00e9riau :<\/strong>\u00a0PET\/PE, PET\/NY\/PE, PET\/AL\/NY\/PE, etc.<\/li>\n<li><strong>Type de sac<\/strong>: Sac \u00e0 triple soudure<\/li>\n<li><strong>Taille<\/strong>: Sur mesure<\/li>\n<li><strong>Commande personnalis\u00e9e<\/strong>: Acceptation des OEM et ODM<\/li>\n<li><strong>\u00c9chantillon gratuit<\/strong>: Support<\/li>\n<li><strong>Utilisation<\/strong>: Masque, soins personnels humides, cosm\u00e9tiques, etc.<\/li>\n<li><strong>Manipulation de surface<\/strong>: Impression en h\u00e9liogravure<\/li>\n<li><strong>Couleur<\/strong>: Peut \u00eatre personnalis\u00e9<\/li>\n<li><strong>March\u00e9s cibles<\/strong>: Partout dans le monde<\/li>\n<\/ul>","protected":false},"featured_media":1937,"comment_status":"closed","ping_status":"closed","template":"","meta":{"_acf_changed":false},"market":[58],"product_brand":[],"product_cat":[53],"product_tag":[],"class_list":{"0":"post-1936","1":"product","2":"type-product","3":"status-publish","4":"has-post-thumbnail","6":"market-face-mask-packaging-supplier","7":"product_cat-three-side-seal-pouch-wholesale","9":"first","10":"instock","11":"shipping-taxable","12":"product-type-simple"},"acf":[],"_links":{"self":[{"href":"https:\/\/www.zkprintpack.com\/fr\/wp-json\/wp\/v2\/product\/1936","targetHints":{"allow":["GET"]}}],"collection":[{"href":"https:\/\/www.zkprintpack.com\/fr\/wp-json\/wp\/v2\/product"}],"about":[{"href":"https:\/\/www.zkprintpack.com\/fr\/wp-json\/wp\/v2\/types\/product"}],"replies":[{"embeddable":true,"href":"https:\/\/www.zkprintpack.com\/fr\/wp-json\/wp\/v2\/comments?post=1936"}],"wp:featuredmedia":[{"embeddable":true,"href":"https:\/\/www.zkprintpack.com\/fr\/wp-json\/wp\/v2\/media\/1937"}],"wp:attachment":[{"href":"https:\/\/www.zkprintpack.com\/fr\/wp-json\/wp\/v2\/media?parent=1936"}],"wp:term":[{"taxonomy":"market","embeddable":true,"href":"https:\/\/www.zkprintpack.com\/fr\/wp-json\/wp\/v2\/market?post=1936"},{"taxonomy":"product_brand","embeddable":true,"href":"https:\/\/www.zkprintpack.com\/fr\/wp-json\/wp\/v2\/product_brand?post=1936"},{"taxonomy":"product_cat","embeddable":true,"href":"https:\/\/www.zkprintpack.com\/fr\/wp-json\/wp\/v2\/product_cat?post=1936"},{"taxonomy":"product_tag","embeddable":true,"href":"https:\/\/www.zkprintpack.com\/fr\/wp-json\/wp\/v2\/product_tag?post=1936"}],"curies":[{"name":"wp","href":"https:\/\/api.w.org\/{rel}","templated":true}]}}