{"id":1932,"date":"2025-11-09T17:54:09","date_gmt":"2025-11-09T17:54:09","guid":{"rendered":"https:\/\/www.zkprintpack.com\/?post_type=product&#038;p=1932"},"modified":"2025-11-09T17:54:12","modified_gmt":"2025-11-09T17:54:12","slug":"custom-food-packaging-film-for-nuts","status":"publish","type":"product","link":"https:\/\/www.zkprintpack.com\/fr\/product\/custom-food-packaging-film-for-nuts\/","title":{"rendered":"Film d'emballage alimentaire personnalis\u00e9 pour noix, biscuits, cookies et snacaks"},"content":{"rendered":"<div class=\"wp-block-columns is-layout-flex wp-container-core-columns-is-layout-9d6595d7 wp-block-columns-is-layout-flex\">\n<div class=\"wp-block-column is-layout-flow wp-block-column-is-layout-flow\">\n<h2 class=\"wp-block-heading\">Film d'emballage alimentaire personnalis\u00e9 Caract\u00e9ristiques : <\/h2>\n\n\n\n<p><strong>Personnalis\u00e9 et flexible<\/strong>: Le film professionnel d'emballage alimentaire personnalis\u00e9 pour les fruits \u00e0 coque est con\u00e7u pour r\u00e9pondre aux besoins des diff\u00e9rentes marques de fruits \u00e0 coque et de snacks. Il permet l'impression et la conception personnalis\u00e9e afin de rendre les produits plus comp\u00e9titifs.<\/p>\n\n\n\n<p><strong>Emballage de haute qualit\u00e9<\/strong>: Notre film d'emballage alimentaire personnalis\u00e9 est fabriqu\u00e9 \u00e0 partir de mat\u00e9riaux de qualit\u00e9 alimentaire afin de garantir la fra\u00eecheur, l'\u00e9tanch\u00e9it\u00e9 et la protection contre l'humidit\u00e9 des fruits \u00e0 coque.<\/p>\n\n\n\n<p><strong>Une production efficace<\/strong>: La ligne de production automatis\u00e9e garantit que chaque lot est pr\u00e9cis, efficace et conforme aux normes de qualit\u00e9 internationales.<\/p>\n\n\n\n<p><strong>Conception innovante<\/strong>: Nous proposons des films d'emballage innovants pour les fruits \u00e0 coque, \u00e0 la fois esth\u00e9tiques et pratiques, afin d'aider les marques \u00e0 se d\u00e9marquer.<\/p>\n\n\n\n<p><strong>Respectueux de l'environnement et s\u00fbr<\/strong>: Nous utilisons des mat\u00e9riaux et des technologies respectueux de l'environnement pour garantir la s\u00e9curit\u00e9 alimentaire et soutenir le d\u00e9veloppement vert et durable, r\u00e9pondant ainsi aux normes \u00e9lev\u00e9es du march\u00e9.<\/p>\n<\/div>\n\n\n\n<div class=\"wp-block-column is-layout-flow wp-block-column-is-layout-flow\">\n<figure class=\"wp-block-image size-full\"><img decoding=\"async\" width=\"800\" height=\"800\" src=\"https:\/\/www.zkprintpack.com\/wp-content\/uploads\/2025\/09\/custom-food-packaging-film-for-nuts-1.webp\" alt=\"film d&#039;emballage alimentaire personnalis\u00e9 pour noix (1)\" class=\"wp-image-1933\" srcset=\"https:\/\/www.zkprintpack.com\/wp-content\/uploads\/2025\/09\/custom-food-packaging-film-for-nuts-1.webp 800w, https:\/\/www.zkprintpack.com\/wp-content\/uploads\/2025\/09\/custom-food-packaging-film-for-nuts-1-150x150.webp 150w, https:\/\/www.zkprintpack.com\/wp-content\/uploads\/2025\/09\/custom-food-packaging-film-for-nuts-1-768x768.webp 768w, https:\/\/www.zkprintpack.com\/wp-content\/uploads\/2025\/09\/custom-food-packaging-film-for-nuts-1-12x12.webp 12w, https:\/\/www.zkprintpack.com\/wp-content\/uploads\/2025\/09\/custom-food-packaging-film-for-nuts-1-600x600.webp 600w, https:\/\/www.zkprintpack.com\/wp-content\/uploads\/2025\/09\/custom-food-packaging-film-for-nuts-1-300x300.webp 300w, https:\/\/www.zkprintpack.com\/wp-content\/uploads\/2025\/09\/custom-food-packaging-film-for-nuts-1-100x100.webp 100w\" sizes=\"(max-width: 800px) 100vw, 800px\" \/><\/figure>\n<\/div>\n<\/div>","protected":false},"excerpt":{"rendered":"<p>Zhongjia Printing est sp\u00e9cialis\u00e9e dans les films d'emballage alimentaire personnalis\u00e9s pour les produits \u00e0 base de noix, dont les mat\u00e9riaux sont s\u00fbrs et respectueux de l'environnement, et dont la technologie est respectueuse de l'environnement. Contactez-nous d\u00e8s maintenant pour cr\u00e9er un avenir brillant pour votre marque !<\/p>\n<h2>Param\u00e8tres du film d'emballage alimentaire personnalis\u00e9<\/h2>\n<p>Mat\u00e9riau : PET\/NY\/PE, PET\/AL\/NY\/PE, PET+VMPET+PE \/ sur mesure, etc. Type de sac : Emballage en sachet, film en rouleau Taille du sachet : Sur mesure Commande sur mesure : Accepter OEM et ODM \u00c9chantillon gratuit : Support Usage : Noix, biscuits, cookies Traitement de surface : Impression en h\u00e9liogravure Couleur : Peut imprimer jusqu'\u00e0 10 couleurs March\u00e9s cibles : Dans le monde entier<\/p>","protected":false},"featured_media":1933,"comment_status":"closed","ping_status":"closed","template":"","meta":{"_acf_changed":false},"market":[63,61],"product_brand":[],"product_cat":[57],"product_tag":[],"class_list":{"0":"post-1932","1":"product","2":"type-product","3":"status-publish","4":"has-post-thumbnail","6":"market-nuts-packaging-supplier","7":"market-snack-packaging-supplier","8":"product_cat-rollstock-film-supplier","10":"first","11":"instock","12":"shipping-taxable","13":"product-type-simple"},"acf":[],"_links":{"self":[{"href":"https:\/\/www.zkprintpack.com\/fr\/wp-json\/wp\/v2\/product\/1932","targetHints":{"allow":["GET"]}}],"collection":[{"href":"https:\/\/www.zkprintpack.com\/fr\/wp-json\/wp\/v2\/product"}],"about":[{"href":"https:\/\/www.zkprintpack.com\/fr\/wp-json\/wp\/v2\/types\/product"}],"replies":[{"embeddable":true,"href":"https:\/\/www.zkprintpack.com\/fr\/wp-json\/wp\/v2\/comments?post=1932"}],"wp:featuredmedia":[{"embeddable":true,"href":"https:\/\/www.zkprintpack.com\/fr\/wp-json\/wp\/v2\/media\/1933"}],"wp:attachment":[{"href":"https:\/\/www.zkprintpack.com\/fr\/wp-json\/wp\/v2\/media?parent=1932"}],"wp:term":[{"taxonomy":"market","embeddable":true,"href":"https:\/\/www.zkprintpack.com\/fr\/wp-json\/wp\/v2\/market?post=1932"},{"taxonomy":"product_brand","embeddable":true,"href":"https:\/\/www.zkprintpack.com\/fr\/wp-json\/wp\/v2\/product_brand?post=1932"},{"taxonomy":"product_cat","embeddable":true,"href":"https:\/\/www.zkprintpack.com\/fr\/wp-json\/wp\/v2\/product_cat?post=1932"},{"taxonomy":"product_tag","embeddable":true,"href":"https:\/\/www.zkprintpack.com\/fr\/wp-json\/wp\/v2\/product_tag?post=1932"}],"curies":[{"name":"wp","href":"https:\/\/api.w.org\/{rel}","templated":true}]}}