{"id":1927,"date":"2025-11-09T17:59:00","date_gmt":"2025-11-09T17:59:00","guid":{"rendered":"https:\/\/www.zkprintpack.com\/?post_type=product&#038;p=1927"},"modified":"2025-11-09T18:52:50","modified_gmt":"2025-11-09T18:52:50","slug":"custom-printed-stand-up-pouch-powder","status":"publish","type":"product","link":"https:\/\/www.zkprintpack.com\/fr\/product\/custom-printed-stand-up-pouch-powder\/","title":{"rendered":"Fabricant de pochettes imprim\u00e9es sur mesure - Spiece Powder Packaging"},"content":{"rendered":"<div class=\"wp-block-columns is-layout-flex wp-container-core-columns-is-layout-9d6595d7 wp-block-columns-is-layout-flex\">\n<div class=\"wp-block-column is-layout-flow wp-block-column-is-layout-flow\">\n<h2 class=\"wp-block-heading\">Caract\u00e9ristiques de la pochette imprim\u00e9e<\/h2>\n\n\n\n<p><strong>Affichage debout : <\/strong>Il peut \u00eatre plac\u00e9 \u00e0 la verticale sans avoir recours \u00e0 des \u00e9tag\u00e8res\/conteneurs, ce qui le rend plus ordonn\u00e9 et plus stable dans les rayons des supermarch\u00e9s et les armoires des particuliers. Il permet non seulement de renforcer la pr\u00e9sence du produit, mais aussi d'en faciliter l'acc\u00e8s aux consommateurs (en \u00e9vitant l'encombrement visuel caus\u00e9 par le \"stockage et l'empilage\").<\/p>\n\n\n\n<p><strong>Mat\u00e9riau l\u00e9ger :<\/strong> Les substrats en plastique r\u00e9duisent les co\u00fbts de transport tout en conciliant protection de l'environnement et \u00e9conomie.<\/p>\n\n\n\n<p><strong>Adaptation des sc\u00e9narios :<\/strong> La petite taille de 30 g + la forme debout conviennent \u00e0 l'utilisation domestique de \"petites quantit\u00e9s plusieurs fois\" (pour \u00e9viter les d\u00e9chets apr\u00e8s ouverture), et r\u00e9pondent \u00e9galement aux besoins de transport pour la cuisine en plein air, le camping et d'autres sc\u00e9narios.<\/p>\n\n\n\n<p><strong>Adaptabilit\u00e9 de l'impression : <\/strong>La surface du sac autoportant est tr\u00e8s plate et peut \u00eatre imprim\u00e9e en haute d\u00e9finition, ce qui renforce non seulement les points de m\u00e9moire visuelle de la marque, mais \u00e9veille \u00e9galement les attentes gustatives des consommateurs \u00e0 l'avance par le biais de l'association visuelle.<\/p>\n<\/div>\n\n\n\n<div class=\"wp-block-column is-layout-flow wp-block-column-is-layout-flow\">\n<figure class=\"wp-block-image size-full\"><img decoding=\"async\" width=\"800\" height=\"800\" src=\"https:\/\/www.zkprintpack.com\/wp-content\/uploads\/2025\/09\/custom-printed-stand-up-pouch.webp\" alt=\"pochette imprim\u00e9e personnalis\u00e9e\" class=\"wp-image-1928\" srcset=\"https:\/\/www.zkprintpack.com\/wp-content\/uploads\/2025\/09\/custom-printed-stand-up-pouch.webp 800w, https:\/\/www.zkprintpack.com\/wp-content\/uploads\/2025\/09\/custom-printed-stand-up-pouch-150x150.webp 150w, https:\/\/www.zkprintpack.com\/wp-content\/uploads\/2025\/09\/custom-printed-stand-up-pouch-768x768.webp 768w, https:\/\/www.zkprintpack.com\/wp-content\/uploads\/2025\/09\/custom-printed-stand-up-pouch-12x12.webp 12w, https:\/\/www.zkprintpack.com\/wp-content\/uploads\/2025\/09\/custom-printed-stand-up-pouch-600x600.webp 600w, https:\/\/www.zkprintpack.com\/wp-content\/uploads\/2025\/09\/custom-printed-stand-up-pouch-300x300.webp 300w, https:\/\/www.zkprintpack.com\/wp-content\/uploads\/2025\/09\/custom-printed-stand-up-pouch-100x100.webp 100w\" sizes=\"(max-width: 800px) 100vw, 800px\" \/><\/figure>\n<\/div>\n<\/div>\n\n\n\n<p><\/p>","protected":false},"excerpt":{"rendered":"<p>Les \u00e9pices en poudre peuvent \u00eatre conditionn\u00e9es dans des sachets imprim\u00e9s personnalis\u00e9s, qui conservent leur fra\u00eecheur, sont faciles \u00e0 stocker et ont une apparence \u00e9l\u00e9gante. La pochette imprim\u00e9e personnalis\u00e9e a un design moderne et pratique, ce qui en fait un choix id\u00e9al pour les marques et les produits en poudre. Nous vous invitons \u00e0 faire une demande de devis. Obtenez un \u00e9chantillon gratuit maintenant !<\/p>\n<h2>Param\u00e8tres de la pochette sur mesure<\/h2>\n<ul>\n<li><strong>Mat\u00e9riau :<\/strong>\u00a0PET\/PE, PET\/NY\/PE, PET\/AL\/NY\/PE, etc.<\/li>\n<li><strong>Type de sac<\/strong>: Pochette de rangement<\/li>\n<li><strong>Taille<\/strong>: 30g\/personne<\/li>\n<li><strong>Commande personnalis\u00e9e<\/strong>: Acceptation des OEM et ODM<\/li>\n<li><strong>\u00c9chantillon gratuit<\/strong>: Support<\/li>\n<li><strong>Utilisation<\/strong>: Produits laitiers, produits en poudre, snacks, etc.<\/li>\n<li><strong>Manipulation de surface<\/strong>: Impression en h\u00e9liogravure<\/li>\n<li><strong>Couleur<\/strong>: Peut \u00eatre personnalis\u00e9<\/li>\n<li><strong>March\u00e9s cibles<\/strong>: Partout dans le monde<\/li>\n<\/ul>","protected":false},"featured_media":1928,"comment_status":"closed","ping_status":"closed","template":"","meta":{"_acf_changed":false},"market":[62],"product_brand":[],"product_cat":[50],"product_tag":[],"class_list":{"0":"post-1927","1":"product","2":"type-product","3":"status-publish","4":"has-post-thumbnail","6":"market-powder-packaging-supplier","7":"product_cat-stand-up-pouches-wholesale","9":"first","10":"instock","11":"shipping-taxable","12":"product-type-simple"},"acf":[],"_links":{"self":[{"href":"https:\/\/www.zkprintpack.com\/fr\/wp-json\/wp\/v2\/product\/1927","targetHints":{"allow":["GET"]}}],"collection":[{"href":"https:\/\/www.zkprintpack.com\/fr\/wp-json\/wp\/v2\/product"}],"about":[{"href":"https:\/\/www.zkprintpack.com\/fr\/wp-json\/wp\/v2\/types\/product"}],"replies":[{"embeddable":true,"href":"https:\/\/www.zkprintpack.com\/fr\/wp-json\/wp\/v2\/comments?post=1927"}],"wp:featuredmedia":[{"embeddable":true,"href":"https:\/\/www.zkprintpack.com\/fr\/wp-json\/wp\/v2\/media\/1928"}],"wp:attachment":[{"href":"https:\/\/www.zkprintpack.com\/fr\/wp-json\/wp\/v2\/media?parent=1927"}],"wp:term":[{"taxonomy":"market","embeddable":true,"href":"https:\/\/www.zkprintpack.com\/fr\/wp-json\/wp\/v2\/market?post=1927"},{"taxonomy":"product_brand","embeddable":true,"href":"https:\/\/www.zkprintpack.com\/fr\/wp-json\/wp\/v2\/product_brand?post=1927"},{"taxonomy":"product_cat","embeddable":true,"href":"https:\/\/www.zkprintpack.com\/fr\/wp-json\/wp\/v2\/product_cat?post=1927"},{"taxonomy":"product_tag","embeddable":true,"href":"https:\/\/www.zkprintpack.com\/fr\/wp-json\/wp\/v2\/product_tag?post=1927"}],"curies":[{"name":"wp","href":"https:\/\/api.w.org\/{rel}","templated":true}]}}