{"id":1921,"date":"2025-11-09T19:16:37","date_gmt":"2025-11-09T19:16:37","guid":{"rendered":"https:\/\/www.zkprintpack.com\/?post_type=product&#038;p=1921"},"modified":"2025-11-09T19:16:39","modified_gmt":"2025-11-09T19:16:39","slug":"custom-stand-up-pouches-for-powder","status":"publish","type":"product","link":"https:\/\/www.zkprintpack.com\/fr\/product\/custom-stand-up-pouches-for-powder\/","title":{"rendered":"Pochettes sur mesure pour les marques de poudres d'assaisonnement - Trou d'articulation et encoche de d\u00e9chirure"},"content":{"rendered":"<div class=\"wp-block-columns is-layout-flex wp-container-core-columns-is-layout-9d6595d7 wp-block-columns-is-layout-flex\">\n<div class=\"wp-block-column is-layout-flow wp-block-column-is-layout-flow\">\n<h2 class=\"wp-block-heading\">Caract\u00e9ristiques des pochettes sur mesure<\/h2>\n\n\n\n<p><strong>Emballage fonctionnel :<\/strong> Les sachets \u00e0 fond plat offrent une excellente stabilit\u00e9 en rayon sans support suppl\u00e9mentaire, \u00e9conomisent de l'espace et permettent de garder les produits visibles et propres. La fermeture refermable permet de conserver la fra\u00eecheur des produits pendant une p\u00e9riode prolong\u00e9e et d'\u00e9viter la formation de grumeaux.<\/p>\n\n\n\n<p><strong>Impression attrayante<\/strong>: Un fond beige chaud, des \u00e9tiquettes d'un violet profond et un lettrage en or rouge transmettent un go\u00fbt classique de haute qualit\u00e9. Les dessins nervur\u00e9s et les images all\u00e9chantes des aliments permettent aux consommateurs d'identifier imm\u00e9diatement la saveur du produit.<\/p>\n\n\n\n<p><strong>Largement applicable :<\/strong> Convient pour les assaisonnements en poudre, les \u00e9pices, les snacks, le caf\u00e9, le th\u00e9 et d'autres aliments secs.<\/p>\n\n\n\n<p><strong>Emballage rentable :<\/strong> R\u00e9duction des co\u00fbts de transport et de stockage par rapport aux produits en conserve ou en bo\u00eete, et c'est la solution la plus adapt\u00e9e aux demandes d'emballage, qu'elles soient petites ou grandes.<\/p>\n<\/div>\n\n\n\n<div class=\"wp-block-column is-layout-flow wp-block-column-is-layout-flow\">\n<figure class=\"wp-block-image size-full\"><img decoding=\"async\" width=\"800\" height=\"800\" src=\"https:\/\/www.zkprintpack.com\/wp-content\/uploads\/2025\/09\/wholesale-custom-stand-up-pouches.webp\" alt=\"pochettes de rangement personnalis\u00e9es en gros\" class=\"wp-image-1926\" srcset=\"https:\/\/www.zkprintpack.com\/wp-content\/uploads\/2025\/09\/wholesale-custom-stand-up-pouches.webp 800w, https:\/\/www.zkprintpack.com\/wp-content\/uploads\/2025\/09\/wholesale-custom-stand-up-pouches-150x150.webp 150w, https:\/\/www.zkprintpack.com\/wp-content\/uploads\/2025\/09\/wholesale-custom-stand-up-pouches-768x768.webp 768w, https:\/\/www.zkprintpack.com\/wp-content\/uploads\/2025\/09\/wholesale-custom-stand-up-pouches-12x12.webp 12w, https:\/\/www.zkprintpack.com\/wp-content\/uploads\/2025\/09\/wholesale-custom-stand-up-pouches-600x600.webp 600w, https:\/\/www.zkprintpack.com\/wp-content\/uploads\/2025\/09\/wholesale-custom-stand-up-pouches-300x300.webp 300w, https:\/\/www.zkprintpack.com\/wp-content\/uploads\/2025\/09\/wholesale-custom-stand-up-pouches-100x100.webp 100w\" sizes=\"(max-width: 800px) 100vw, 800px\" \/><\/figure>\n<\/div>\n<\/div>\n\n\n\n<p><\/p>","protected":false},"excerpt":{"rendered":"<p>Cette poudre d'assaisonnement aromatis\u00e9e \u00e0 la c\u00f4te de porc peut \u00eatre conditionn\u00e9e dans des sachets personnalis\u00e9s, qui se conservent bien, sont faciles \u00e0 stocker et ont une apparence \u00e9l\u00e9gante. Les sachets stand up personnalis\u00e9s ont un design moderne et pratique, ce qui en fait un choix id\u00e9al pour les marques et les produits en poudre. N'h\u00e9sitez pas \u00e0 demander un devis. Obtenez un \u00e9chantillon gratuit maintenant !<\/p>\n<h2>Param\u00e8tres de la pochette sur mesure<\/h2>\n<ul>\n<li><strong>Mat\u00e9riau :<\/strong>\u00a0PET\/PE, PET\/NY\/PE, PET\/AL\/NY\/PE, etc.<\/li>\n<li><strong>Type de sac<\/strong>: Pochette de rangement<\/li>\n<li><strong>Taille<\/strong>: 180g\/personne<\/li>\n<li><strong>Commande personnalis\u00e9e<\/strong>: Acceptation des OEM et ODM<\/li>\n<li><strong>\u00c9chantillon gratuit<\/strong>: Support<\/li>\n<li><strong>Utilisation<\/strong>: Produits laitiers, produits en poudre, snacks, etc.<\/li>\n<li><strong>Manipulation de surface<\/strong>: Impression en h\u00e9liogravure<\/li>\n<li><strong>Couleur<\/strong>: Peut \u00eatre personnalis\u00e9<\/li>\n<li><strong>March\u00e9s cibles<\/strong>: Partout dans le monde<\/li>\n<\/ul>","protected":false},"featured_media":1926,"comment_status":"closed","ping_status":"closed","template":"","meta":{"_acf_changed":false},"market":[62],"product_brand":[],"product_cat":[50],"product_tag":[],"class_list":{"0":"post-1921","1":"product","2":"type-product","3":"status-publish","4":"has-post-thumbnail","6":"market-powder-packaging-supplier","7":"product_cat-stand-up-pouches-wholesale","9":"first","10":"instock","11":"shipping-taxable","12":"product-type-simple"},"acf":[],"_links":{"self":[{"href":"https:\/\/www.zkprintpack.com\/fr\/wp-json\/wp\/v2\/product\/1921","targetHints":{"allow":["GET"]}}],"collection":[{"href":"https:\/\/www.zkprintpack.com\/fr\/wp-json\/wp\/v2\/product"}],"about":[{"href":"https:\/\/www.zkprintpack.com\/fr\/wp-json\/wp\/v2\/types\/product"}],"replies":[{"embeddable":true,"href":"https:\/\/www.zkprintpack.com\/fr\/wp-json\/wp\/v2\/comments?post=1921"}],"wp:featuredmedia":[{"embeddable":true,"href":"https:\/\/www.zkprintpack.com\/fr\/wp-json\/wp\/v2\/media\/1926"}],"wp:attachment":[{"href":"https:\/\/www.zkprintpack.com\/fr\/wp-json\/wp\/v2\/media?parent=1921"}],"wp:term":[{"taxonomy":"market","embeddable":true,"href":"https:\/\/www.zkprintpack.com\/fr\/wp-json\/wp\/v2\/market?post=1921"},{"taxonomy":"product_brand","embeddable":true,"href":"https:\/\/www.zkprintpack.com\/fr\/wp-json\/wp\/v2\/product_brand?post=1921"},{"taxonomy":"product_cat","embeddable":true,"href":"https:\/\/www.zkprintpack.com\/fr\/wp-json\/wp\/v2\/product_cat?post=1921"},{"taxonomy":"product_tag","embeddable":true,"href":"https:\/\/www.zkprintpack.com\/fr\/wp-json\/wp\/v2\/product_tag?post=1921"}],"curies":[{"name":"wp","href":"https:\/\/api.w.org\/{rel}","templated":true}]}}