{"id":1884,"date":"2025-11-09T19:22:18","date_gmt":"2025-11-09T19:22:18","guid":{"rendered":"https:\/\/www.zkprintpack.com\/?post_type=product&#038;p=1884"},"modified":"2025-11-09T19:22:38","modified_gmt":"2025-11-09T19:22:38","slug":"customized-stand-up-pouches-for-powder","status":"publish","type":"product","link":"https:\/\/www.zkprintpack.com\/fr\/product\/customized-stand-up-pouches-for-powder\/","title":{"rendered":"Pochettes personnalis\u00e9es pour produits pulv\u00e9rulents - encoche de d\u00e9chirure et trou de suspension"},"content":{"rendered":"<div class=\"wp-block-columns is-layout-flex wp-container-core-columns-is-layout-9d6595d7 wp-block-columns-is-layout-flex\">\n<div class=\"wp-block-column is-layout-flow wp-block-column-is-layout-flow\">\n<h2 class=\"wp-block-heading\">Caract\u00e9ristiques des pochettes \u00e0 rabat personnalis\u00e9es<\/h2>\n\n\n\n<p><strong>Une \u00e9tag\u00e8re utile :<\/strong> Le design \"stand up\" permet aux sacs d'emballage de se tenir debout sur les \u00e9tag\u00e8res ou les comptoirs, favorisant ainsi la reconnaissance de la marque et la visibilit\u00e9 du produit.<\/p>\n\n\n\n<p><strong>Pratique et portable : <\/strong>Les mat\u00e9riaux d'emballage composites l\u00e9gers de qualit\u00e9 alimentaire permettent d'\u00e9conomiser sur les frais de transport, tandis que la conception pliable, facile \u00e0 d\u00e9chirer et \u00e0 refermer, est conviviale pour l'acc\u00e8s et la conservation.<\/p>\n\n\n\n<p><strong>Flexibilit\u00e9 de l'option de taille :<\/strong> Des tailles optionnelles de sachets \u00e0 fond plat personnalis\u00e9s, qui peuvent r\u00e9pondre aux besoins de d\u00e9gustation comme \u00e0 l'utilisation quotidienne \u00e0 la maison.<\/p>\n\n\n\n<p><strong>Un espace d'emballage respectueux de la marque :<\/strong> La grande face avant de l'emballage dispose de suffisamment d'espace pour mettre en \u00e9vidence le nom de la marque, le nom du produit et les principaux arguments de vente.<\/p>\n\n\n\n<p><strong>Mat\u00e9riau solide et s\u00fbr :<\/strong> Fabriqu\u00e9 \u00e0 partir d'un film composite de qualit\u00e9, il est capable de pr\u00e9venir efficacement l'humidit\u00e9, le vent et la pollution.<\/p>\n<\/div>\n\n\n\n<div class=\"wp-block-column is-layout-flow wp-block-column-is-layout-flow\">\n<figure class=\"wp-block-image size-full\"><img decoding=\"async\" width=\"800\" height=\"800\" src=\"https:\/\/www.zkprintpack.com\/wp-content\/uploads\/2025\/09\/custom-stand-up-pouch-.webp\" alt=\"pochette de rangement personnalis\u00e9e\" class=\"wp-image-1887\" srcset=\"https:\/\/www.zkprintpack.com\/wp-content\/uploads\/2025\/09\/custom-stand-up-pouch-.webp 800w, https:\/\/www.zkprintpack.com\/wp-content\/uploads\/2025\/09\/custom-stand-up-pouch--150x150.webp 150w, https:\/\/www.zkprintpack.com\/wp-content\/uploads\/2025\/09\/custom-stand-up-pouch--768x768.webp 768w, https:\/\/www.zkprintpack.com\/wp-content\/uploads\/2025\/09\/custom-stand-up-pouch--12x12.webp 12w, https:\/\/www.zkprintpack.com\/wp-content\/uploads\/2025\/09\/custom-stand-up-pouch--600x600.webp 600w, https:\/\/www.zkprintpack.com\/wp-content\/uploads\/2025\/09\/custom-stand-up-pouch--300x300.webp 300w, https:\/\/www.zkprintpack.com\/wp-content\/uploads\/2025\/09\/custom-stand-up-pouch--100x100.webp 100w\" sizes=\"(max-width: 800px) 100vw, 800px\" \/><\/figure>\n<\/div>\n<\/div>\n\n\n\n<p><\/p>","protected":false},"excerpt":{"rendered":"<p>Ces sachets polyvalents et personnalis\u00e9s sont con\u00e7us pour une excellente pr\u00e9sentation en rayon, une portabilit\u00e9 et une commodit\u00e9 de stockage. Ils sont id\u00e9aux pour une vari\u00e9t\u00e9 de produits en poudre, offrant une solution d'emballage de premi\u00e8re qualit\u00e9 pour les marques qui appr\u00e9cient \u00e0 la fois l'aspect pratique et l'attrait visuel. N'h\u00e9sitez pas \u00e0 demander un devis. Obtenez un \u00e9chantillon gratuit maintenant !<\/p>\n<h2>Param\u00e8tres des pochettes sur mesure<\/h2>\n<ul>\n<li><strong>Mat\u00e9riau :<\/strong>\u00a0PET\/PE, PET\/NY\/PE, PET\/AL\/NY\/PE, etc.<\/li>\n<li><strong>Type de sac<\/strong>: Pochette de rangement<\/li>\n<li><strong>Taille<\/strong>: 100g\/227g\/personne<\/li>\n<li><strong>Commande personnalis\u00e9e<\/strong>: Acceptation des OEM et ODM<\/li>\n<li><strong>\u00c9chantillon gratuit<\/strong>: Support<\/li>\n<li><strong>Utilisation<\/strong>: Produits laitiers, produits en poudre, snacks, etc.<\/li>\n<li><strong>Manipulation de surface<\/strong>: Impression en h\u00e9liogravure<\/li>\n<li><strong>Couleur<\/strong>: Peut \u00eatre personnalis\u00e9<\/li>\n<li><strong>March\u00e9s cibles<\/strong>: Partout dans le monde<\/li>\n<\/ul>","protected":false},"featured_media":1886,"comment_status":"closed","ping_status":"closed","template":"","meta":{"_acf_changed":false},"market":[62],"product_brand":[],"product_cat":[50],"product_tag":[],"class_list":{"0":"post-1884","1":"product","2":"type-product","3":"status-publish","4":"has-post-thumbnail","6":"market-powder-packaging-supplier","7":"product_cat-stand-up-pouches-wholesale","9":"first","10":"instock","11":"shipping-taxable","12":"product-type-simple"},"acf":[],"_links":{"self":[{"href":"https:\/\/www.zkprintpack.com\/fr\/wp-json\/wp\/v2\/product\/1884","targetHints":{"allow":["GET"]}}],"collection":[{"href":"https:\/\/www.zkprintpack.com\/fr\/wp-json\/wp\/v2\/product"}],"about":[{"href":"https:\/\/www.zkprintpack.com\/fr\/wp-json\/wp\/v2\/types\/product"}],"replies":[{"embeddable":true,"href":"https:\/\/www.zkprintpack.com\/fr\/wp-json\/wp\/v2\/comments?post=1884"}],"wp:featuredmedia":[{"embeddable":true,"href":"https:\/\/www.zkprintpack.com\/fr\/wp-json\/wp\/v2\/media\/1886"}],"wp:attachment":[{"href":"https:\/\/www.zkprintpack.com\/fr\/wp-json\/wp\/v2\/media?parent=1884"}],"wp:term":[{"taxonomy":"market","embeddable":true,"href":"https:\/\/www.zkprintpack.com\/fr\/wp-json\/wp\/v2\/market?post=1884"},{"taxonomy":"product_brand","embeddable":true,"href":"https:\/\/www.zkprintpack.com\/fr\/wp-json\/wp\/v2\/product_brand?post=1884"},{"taxonomy":"product_cat","embeddable":true,"href":"https:\/\/www.zkprintpack.com\/fr\/wp-json\/wp\/v2\/product_cat?post=1884"},{"taxonomy":"product_tag","embeddable":true,"href":"https:\/\/www.zkprintpack.com\/fr\/wp-json\/wp\/v2\/product_tag?post=1884"}],"curies":[{"name":"wp","href":"https:\/\/api.w.org\/{rel}","templated":true}]}}