{"id":1880,"date":"2025-09-05T19:14:26","date_gmt":"2025-09-05T19:14:26","guid":{"rendered":"https:\/\/www.zkprintpack.com\/?post_type=product&#038;p=1880"},"modified":"2026-02-04T02:50:48","modified_gmt":"2026-02-04T02:50:48","slug":"custom-stand-up-pouch-bag-for-powder","status":"publish","type":"product","link":"https:\/\/www.zkprintpack.com\/fr\/product\/custom-stand-up-pouch-bag-for-powder\/","title":{"rendered":"Sac \u00e0 dos personnalis\u00e9 pour assaisonnement en poudre - d\u00e9chirure, encoche et ligne de d\u00e9marcation"},"content":{"rendered":"<div class=\"wp-block-columns is-layout-flex wp-container-core-columns-is-layout-9d6595d7 wp-block-columns-is-layout-flex\">\n<div class=\"wp-block-column is-layout-flow wp-block-column-is-layout-flow\">\n<h2 class=\"wp-block-heading\">Caract\u00e9ristiques de la pochette Custom Stand Up<\/h2>\n\n\n\n<p><strong>Gain de place : <\/strong>En tant que sac \u00e0 pochette sur pied personnalis\u00e9, il peut se tenir ind\u00e9pendamment sur des \u00e9tag\u00e8res ou des comptoirs de cuisine pour une pr\u00e9sentation et une r\u00e9cup\u00e9ration faciles, am\u00e9liorant ainsi les effets de pr\u00e9sentation du terminal tout en \u00e9conomisant de l'espace de stockage.<\/p>\n\n\n\n<p><strong>Sp\u00e9cifications de grande capacit\u00e9 :<\/strong> Le fond est clairement marqu\u00e9 \"contenu net de 2 kilogrammes\", et la capacit\u00e9 peut \u00eatre personnalis\u00e9e.<\/p>\n\n\n\n<p><strong>Excellente correspondance des couleurs :<\/strong> Avec le jaune vif comme couleur principale, associ\u00e9 au vert frais et au blanc pur, notre sac \u00e0 dos personnalis\u00e9 cr\u00e9e un sentiment d'app\u00e9tit et de vitalit\u00e9, en accord avec l'attribut du produit \"fra\u00eecheur et parfum\" de l'assaisonnement.<\/p>\n\n\n\n<p><strong>Le scellement garantit la qualit\u00e9 : <\/strong>Fabriqu\u00e9 en plastique composite, le sachet \u00e0 fond plat personnalis\u00e9 est imperm\u00e9able \u00e0 l'humidit\u00e9 et \u00e0 la lumi\u00e8re, ce qui prolonge la dur\u00e9e de conservation des assaisonnements. L'ouverture par le haut est pratique pour l'acc\u00e8s et la fermeture secondaire, ce qui permet d'\u00e9quilibrer les besoins en mati\u00e8re de commodit\u00e9 et de stockage.<\/p>\n<\/div>\n\n\n\n<div class=\"wp-block-column is-layout-flow wp-block-column-is-layout-flow\">\n<figure class=\"wp-block-image size-full\"><img decoding=\"async\" width=\"800\" height=\"800\" src=\"https:\/\/www.zkprintpack.com\/wp-content\/uploads\/2025\/09\/custom-stand-up-pouch-bag.webp\" alt=\"\" class=\"wp-image-1882\" srcset=\"https:\/\/www.zkprintpack.com\/wp-content\/uploads\/2025\/09\/custom-stand-up-pouch-bag.webp 800w, https:\/\/www.zkprintpack.com\/wp-content\/uploads\/2025\/09\/custom-stand-up-pouch-bag-150x150.webp 150w, https:\/\/www.zkprintpack.com\/wp-content\/uploads\/2025\/09\/custom-stand-up-pouch-bag-768x768.webp 768w, https:\/\/www.zkprintpack.com\/wp-content\/uploads\/2025\/09\/custom-stand-up-pouch-bag-12x12.webp 12w, https:\/\/www.zkprintpack.com\/wp-content\/uploads\/2025\/09\/custom-stand-up-pouch-bag-600x600.webp 600w, https:\/\/www.zkprintpack.com\/wp-content\/uploads\/2025\/09\/custom-stand-up-pouch-bag-300x300.webp 300w, https:\/\/www.zkprintpack.com\/wp-content\/uploads\/2025\/09\/custom-stand-up-pouch-bag-100x100.webp 100w\" sizes=\"(max-width: 800px) 100vw, 800px\" \/><\/figure>\n<\/div>\n<\/div>\n\n\n\n<p><\/p>","protected":false},"excerpt":{"rendered":"<p>Notre pochette de transport personnalis\u00e9e est fabriqu\u00e9e \u00e0 partir d'un mat\u00e9riau de qualit\u00e9 alimentaire. Il est peu encombrant et a une grande capacit\u00e9 de scellage. Les sachets sont l\u00e9gers, durables et parfaits pour l'emballage d'\u00e9pices, de snacks, de poudres et d'autres produits secs. N'h\u00e9sitez pas \u00e0 demander un devis. Obtenez un \u00e9chantillon gratuit maintenant !<\/p>\n<h2>Param\u00e8tres de la pochette sur mesure<\/h2>\n<ul>\n<li><strong>Mat\u00e9riau :<\/strong>\u00a0PET\/PE, PET\/NY\/PE, PET\/AL\/NY\/PE, etc.<\/li>\n<li><strong>Type de sac<\/strong>: Pochette de rangement<\/li>\n<li><strong>Taille<\/strong>2kg\/personne<\/li>\n<li><strong>Commande personnalis\u00e9e<\/strong>: Acceptation des OEM et ODM<\/li>\n<li><strong>\u00c9chantillon gratuit<\/strong>: Support<\/li>\n<li><strong>Utilisation<\/strong>: Produits laitiers, produits en poudre, snacks, etc.<\/li>\n<li><strong>Manipulation de surface<\/strong>: Impression en h\u00e9liogravure<\/li>\n<li><strong>Couleur<\/strong>: Peut \u00eatre personnalis\u00e9<\/li>\n<li><strong>March\u00e9s cibles<\/strong>: Partout dans le monde<\/li>\n<\/ul>","protected":false},"featured_media":1881,"comment_status":"closed","ping_status":"closed","template":"","meta":{"_acf_changed":false},"market":[62],"product_brand":[],"product_cat":[50],"product_tag":[],"class_list":{"0":"post-1880","1":"product","2":"type-product","3":"status-publish","4":"has-post-thumbnail","6":"market-powder-packaging-supplier","7":"product_cat-stand-up-pouches-wholesale","9":"first","10":"instock","11":"shipping-taxable","12":"product-type-simple"},"acf":[],"_links":{"self":[{"href":"https:\/\/www.zkprintpack.com\/fr\/wp-json\/wp\/v2\/product\/1880","targetHints":{"allow":["GET"]}}],"collection":[{"href":"https:\/\/www.zkprintpack.com\/fr\/wp-json\/wp\/v2\/product"}],"about":[{"href":"https:\/\/www.zkprintpack.com\/fr\/wp-json\/wp\/v2\/types\/product"}],"replies":[{"embeddable":true,"href":"https:\/\/www.zkprintpack.com\/fr\/wp-json\/wp\/v2\/comments?post=1880"}],"wp:featuredmedia":[{"embeddable":true,"href":"https:\/\/www.zkprintpack.com\/fr\/wp-json\/wp\/v2\/media\/1881"}],"wp:attachment":[{"href":"https:\/\/www.zkprintpack.com\/fr\/wp-json\/wp\/v2\/media?parent=1880"}],"wp:term":[{"taxonomy":"market","embeddable":true,"href":"https:\/\/www.zkprintpack.com\/fr\/wp-json\/wp\/v2\/market?post=1880"},{"taxonomy":"product_brand","embeddable":true,"href":"https:\/\/www.zkprintpack.com\/fr\/wp-json\/wp\/v2\/product_brand?post=1880"},{"taxonomy":"product_cat","embeddable":true,"href":"https:\/\/www.zkprintpack.com\/fr\/wp-json\/wp\/v2\/product_cat?post=1880"},{"taxonomy":"product_tag","embeddable":true,"href":"https:\/\/www.zkprintpack.com\/fr\/wp-json\/wp\/v2\/product_tag?post=1880"}],"curies":[{"name":"wp","href":"https:\/\/api.w.org\/{rel}","templated":true}]}}