{"id":1874,"date":"2025-09-05T19:16:11","date_gmt":"2025-09-05T19:16:11","guid":{"rendered":"https:\/\/www.zkprintpack.com\/?post_type=product&#038;p=1874"},"modified":"2026-01-15T02:10:57","modified_gmt":"2026-01-15T02:10:57","slug":"custom-printed-roll-stock-for-snacks","status":"publish","type":"product","link":"https:\/\/www.zkprintpack.com\/fr\/product\/custom-printed-roll-stock-for-snacks\/","title":{"rendered":"Rouleau imprim\u00e9 personnalis\u00e9 pour biscuits et snacks, Fournisseur de film d'emballage pour snacks"},"content":{"rendered":"<div class=\"wp-block-columns is-layout-flex wp-container-core-columns-is-layout-9d6595d7 wp-block-columns-is-layout-flex\">\n<div class=\"wp-block-column is-layout-flow wp-block-column-is-layout-flow\">\n<h2 class=\"wp-block-heading\">Caract\u00e9ristiques des rouleaux imprim\u00e9s sur mesure<\/h2>\n\n\n\n<p><strong>Mat\u00e9riaux de qualit\u00e9 alimentaire, respectueux de l'environnement : <\/strong>Nos rouleaux imprim\u00e9s sur mesure sont fabriqu\u00e9s \u00e0 partir de mat\u00e9riaux composites certifi\u00e9s pour le contact alimentaire afin de garantir la s\u00e9curit\u00e9 et d'allonger la dur\u00e9e de conservation.<\/p>\n\n\n\n<p><strong>Impression \u00e0 l'encre \u00e0 base d'eau : <\/strong><br>Nos rouleaux imprim\u00e9s adoptent des solutions d'impression respectueuses de l'environnement, qui permettent de r\u00e9duire les \u00e9missions de compos\u00e9s organiques volatils (COV), de minimiser les risques li\u00e9s aux m\u00e9taux lourds et de conserver des couleurs vives pendant le transport et le stockage.<\/p>\n\n\n\n<p><strong>Emballage de snack personnalis\u00e9<\/strong>: En tant que leader dans le domaine des solutions d'emballage en rouleaux imprim\u00e9s sur mesure, nous proposons une gamme compl\u00e8te de services de personnalisation pour aider les marques \u00e0 concevoir des emballages uniques afin d'am\u00e9liorer leur comp\u00e9titivit\u00e9 sur le march\u00e9.<\/p>\n\n\n\n<p><strong>Une production efficace<\/strong>: <br>La ligne de production automatis\u00e9e garantit que chaque lot de nos rouleaux imprim\u00e9s est pr\u00e9cis, efficace et conforme aux normes de qualit\u00e9 internationales.<\/p>\n<\/div>\n\n\n\n<div class=\"wp-block-column is-layout-flow wp-block-column-is-layout-flow\">\n<figure class=\"wp-block-image size-full\"><img decoding=\"async\" width=\"800\" height=\"800\" src=\"https:\/\/www.zkprintpack.com\/wp-content\/uploads\/2025\/09\/custom-printed-roll-stock-4.webp\" alt=\"rouleau imprim\u00e9 personnalis\u00e9 (4)\" class=\"wp-image-1878\" srcset=\"https:\/\/www.zkprintpack.com\/wp-content\/uploads\/2025\/09\/custom-printed-roll-stock-4.webp 800w, https:\/\/www.zkprintpack.com\/wp-content\/uploads\/2025\/09\/custom-printed-roll-stock-4-150x150.webp 150w, https:\/\/www.zkprintpack.com\/wp-content\/uploads\/2025\/09\/custom-printed-roll-stock-4-768x768.webp 768w, https:\/\/www.zkprintpack.com\/wp-content\/uploads\/2025\/09\/custom-printed-roll-stock-4-12x12.webp 12w, https:\/\/www.zkprintpack.com\/wp-content\/uploads\/2025\/09\/custom-printed-roll-stock-4-600x600.webp 600w, https:\/\/www.zkprintpack.com\/wp-content\/uploads\/2025\/09\/custom-printed-roll-stock-4-300x300.webp 300w, https:\/\/www.zkprintpack.com\/wp-content\/uploads\/2025\/09\/custom-printed-roll-stock-4-100x100.webp 100w\" sizes=\"(max-width: 800px) 100vw, 800px\" \/><\/figure>\n<\/div>\n<\/div>\n\n\n\n<p><\/p>","protected":false},"excerpt":{"rendered":"<p>Zhongjia Printing se consacre \u00e0 l'impression personnalis\u00e9e de films en rouleau pour les biscuits, les fruits secs, les noix et autres en-cas. Ces films sont s\u00fbrs et respectueux de l'environnement et peuvent \u00eatre utilis\u00e9s dans le cadre d'OEM et d'ODM. Contactez-nous pour cr\u00e9er un avenir brillant pour votre marque ! Obtenez un \u00e9chantillon maintenant !<\/p>\n<h2>Param\u00e8tres des rouleaux imprim\u00e9s sur mesure<\/h2>\n<ul>\n<li><strong>Mat\u00e9riau :<\/strong>\u00a0PET\/PE, PET\/NY\/PE, PET\/AL\/NY\/PE, etc.<\/li>\n<li><strong>Type de sac<\/strong>: Film en rouleau<\/li>\n<li><strong>Taille<\/strong>: 360g\/personne<\/li>\n<li><strong>Commande personnalis\u00e9e<\/strong>: Acceptation des OEM et ODM<\/li>\n<li><strong>\u00c9chantillon gratuit<\/strong>: Support<\/li>\n<li><strong>Utilisation<\/strong>: Produits laitiers, biscuits, fruits secs, noix et autres en-cas<\/li>\n<li><strong>Manipulation de surface<\/strong>: Impression en h\u00e9liogravure<\/li>\n<li><strong>Couleur<\/strong>: Peut \u00eatre personnalis\u00e9<\/li>\n<li><strong>March\u00e9s cibles<\/strong>: Partout dans le monde<\/li>\n<\/ul>","protected":false},"featured_media":1875,"comment_status":"closed","ping_status":"closed","template":"","meta":{"_acf_changed":false},"market":[61],"product_brand":[],"product_cat":[57],"product_tag":[],"class_list":{"0":"post-1874","1":"product","2":"type-product","3":"status-publish","4":"has-post-thumbnail","6":"market-snack-packaging-supplier","7":"product_cat-rollstock-film-supplier","9":"first","10":"instock","11":"shipping-taxable","12":"product-type-simple"},"acf":[],"_links":{"self":[{"href":"https:\/\/www.zkprintpack.com\/fr\/wp-json\/wp\/v2\/product\/1874","targetHints":{"allow":["GET"]}}],"collection":[{"href":"https:\/\/www.zkprintpack.com\/fr\/wp-json\/wp\/v2\/product"}],"about":[{"href":"https:\/\/www.zkprintpack.com\/fr\/wp-json\/wp\/v2\/types\/product"}],"replies":[{"embeddable":true,"href":"https:\/\/www.zkprintpack.com\/fr\/wp-json\/wp\/v2\/comments?post=1874"}],"wp:featuredmedia":[{"embeddable":true,"href":"https:\/\/www.zkprintpack.com\/fr\/wp-json\/wp\/v2\/media\/1875"}],"wp:attachment":[{"href":"https:\/\/www.zkprintpack.com\/fr\/wp-json\/wp\/v2\/media?parent=1874"}],"wp:term":[{"taxonomy":"market","embeddable":true,"href":"https:\/\/www.zkprintpack.com\/fr\/wp-json\/wp\/v2\/market?post=1874"},{"taxonomy":"product_brand","embeddable":true,"href":"https:\/\/www.zkprintpack.com\/fr\/wp-json\/wp\/v2\/product_brand?post=1874"},{"taxonomy":"product_cat","embeddable":true,"href":"https:\/\/www.zkprintpack.com\/fr\/wp-json\/wp\/v2\/product_cat?post=1874"},{"taxonomy":"product_tag","embeddable":true,"href":"https:\/\/www.zkprintpack.com\/fr\/wp-json\/wp\/v2\/product_tag?post=1874"}],"curies":[{"name":"wp","href":"https:\/\/api.w.org\/{rel}","templated":true}]}}