{"id":1871,"date":"2025-09-03T16:01:20","date_gmt":"2025-09-03T16:01:20","guid":{"rendered":"https:\/\/www.zkprintpack.com\/?post_type=product&#038;p=1871"},"modified":"2026-02-04T02:50:34","modified_gmt":"2026-02-04T02:50:34","slug":"custom-cookie-pouch-factory","status":"publish","type":"product","link":"https:\/\/www.zkprintpack.com\/fr\/product\/custom-cookie-pouch-factory\/","title":{"rendered":"Pochette \u00e0 biscuits sur mesure pour biscuits et fruits secs - Encoche de d\u00e9chirure et trou de suspension."},"content":{"rendered":"<div class=\"wp-block-columns is-layout-flex wp-container-core-columns-is-layout-9d6595d7 wp-block-columns-is-layout-flex\">\n<div class=\"wp-block-column is-layout-flow wp-block-column-is-layout-flow\">\n<h2 class=\"wp-block-heading\">Caract\u00e9ristiques de la pochette \u00e0 biscuits personnalis\u00e9e<\/h2>\n\n\n\n<p><strong>Emballage attrayant :<\/strong> <br>Les couleurs vives, les polices de caract\u00e8res accrocheuses et les effets visuels de notre pochette \u00e0 biscuits personnalis\u00e9e sont con\u00e7us pour renforcer l'impact visuel des rayons.<\/p>\n\n\n\n<p><strong>Frais et pratique : <\/strong><br>Les trois c\u00f4t\u00e9s<strong> <\/strong>est facile \u00e0 d\u00e9chirer, gardant les snacks croustillants et faciles \u00e0 ouvrir.<\/p>\n\n\n\n<p><strong>Trous de suspension pour l'affichage : <\/strong><br>Les trous de suspension renforc\u00e9s de la pochette \u00e0 biscuits personnalis\u00e9e permettent de la suspendre \u00e0 des panneaux perfor\u00e9s ou \u00e0 des \u00e9tag\u00e8res pour la pr\u00e9senter, ce qui am\u00e9liore la visibilit\u00e9 en rayon.<\/p>\n\n\n\n<p><strong>Mat\u00e9riaux s\u00fbrs et durables de qualit\u00e9 alimentaire :<br><\/strong>Notre pochette \u00e0 biscuits personnalis\u00e9e est fabriqu\u00e9e \u00e0 partir d'un film composite PE\/PA de qualit\u00e9 alimentaire et scell\u00e9e \u00e0 l'aide d'une technologie de thermoscellage de pr\u00e9cision afin de pr\u00e9venir efficacement la contamination et d'assurer la fra\u00eecheur durable du produit. Les bords lisses et le scellage solide garantissent la durabilit\u00e9 du produit pendant le stockage et le transport.<\/p>\n<\/div>\n\n\n\n<div class=\"wp-block-column is-layout-flow wp-block-column-is-layout-flow\">\n<figure class=\"wp-block-image size-full\"><img decoding=\"async\" width=\"800\" height=\"800\" src=\"https:\/\/www.zkprintpack.com\/wp-content\/uploads\/2025\/09\/Custom-Cookie-Pouch-2.webp\" alt=\"\" class=\"wp-image-1873\" srcset=\"https:\/\/www.zkprintpack.com\/wp-content\/uploads\/2025\/09\/Custom-Cookie-Pouch-2.webp 800w, https:\/\/www.zkprintpack.com\/wp-content\/uploads\/2025\/09\/Custom-Cookie-Pouch-2-150x150.webp 150w, https:\/\/www.zkprintpack.com\/wp-content\/uploads\/2025\/09\/Custom-Cookie-Pouch-2-768x768.webp 768w, https:\/\/www.zkprintpack.com\/wp-content\/uploads\/2025\/09\/Custom-Cookie-Pouch-2-12x12.webp 12w, https:\/\/www.zkprintpack.com\/wp-content\/uploads\/2025\/09\/Custom-Cookie-Pouch-2-600x600.webp 600w, https:\/\/www.zkprintpack.com\/wp-content\/uploads\/2025\/09\/Custom-Cookie-Pouch-2-300x300.webp 300w, https:\/\/www.zkprintpack.com\/wp-content\/uploads\/2025\/09\/Custom-Cookie-Pouch-2-100x100.webp 100w\" sizes=\"(max-width: 800px) 100vw, 800px\" \/><\/figure>\n<\/div>\n<\/div>","protected":false},"excerpt":{"rendered":"<p>Notre pochette \u00e0 biscuits personnalis\u00e9e est fabriqu\u00e9e avec des mat\u00e9riaux de qualit\u00e9 alimentaire, id\u00e9ale pour les biscuits, les fruits secs, les noix et autres snacks. Parfait pour les marques de biscuits, de fruits secs, de noix et d'autres snacks \u00e0 la recherche d'un emballage accrocheur.  Enti\u00e8rement personnalisable (OEM\/ODM) avec des impressions vibrantes et des options de marque blanche. Obtenez des \u00e9chantillons d\u00e8s maintenant !<\/p>\n<h2>Param\u00e8tres de la pochette \u00e0 biscuits personnalis\u00e9e<\/h2>\n<ul>\n<li><strong>Mat\u00e9riau :<\/strong>\u00a0PET\/PE, PET\/NY\/PE, PET\/AL\/NY\/PE, etc.<\/li>\n<li><strong>Type de sac<\/strong>: Pochette de rangement<\/li>\n<li><strong>Taille<\/strong>: 55g\/personne<\/li>\n<li><strong>Commande personnalis\u00e9e<\/strong>: Acceptation des OEM et ODM<\/li>\n<li><strong>\u00c9chantillon gratuit<\/strong>: Support<\/li>\n<li><strong>Utilisation<\/strong>: Produits laitiers, biscuits, fruits secs, noix et autres en-cas<\/li>\n<li><strong>Manipulation de surface<\/strong>: Impression en h\u00e9liogravure<\/li>\n<li><strong>Couleur<\/strong>: Peut \u00eatre personnalis\u00e9<\/li>\n<li><strong>March\u00e9s cibles<\/strong>: Partout dans le monde<\/li>\n<\/ul>","protected":false},"featured_media":1872,"comment_status":"closed","ping_status":"closed","template":"","meta":{"_acf_changed":false},"market":[61],"product_brand":[],"product_cat":[50],"product_tag":[],"class_list":{"0":"post-1871","1":"product","2":"type-product","3":"status-publish","4":"has-post-thumbnail","6":"market-snack-packaging-supplier","7":"product_cat-stand-up-pouches-wholesale","9":"first","10":"instock","11":"shipping-taxable","12":"product-type-simple"},"acf":[],"_links":{"self":[{"href":"https:\/\/www.zkprintpack.com\/fr\/wp-json\/wp\/v2\/product\/1871","targetHints":{"allow":["GET"]}}],"collection":[{"href":"https:\/\/www.zkprintpack.com\/fr\/wp-json\/wp\/v2\/product"}],"about":[{"href":"https:\/\/www.zkprintpack.com\/fr\/wp-json\/wp\/v2\/types\/product"}],"replies":[{"embeddable":true,"href":"https:\/\/www.zkprintpack.com\/fr\/wp-json\/wp\/v2\/comments?post=1871"}],"wp:featuredmedia":[{"embeddable":true,"href":"https:\/\/www.zkprintpack.com\/fr\/wp-json\/wp\/v2\/media\/1872"}],"wp:attachment":[{"href":"https:\/\/www.zkprintpack.com\/fr\/wp-json\/wp\/v2\/media?parent=1871"}],"wp:term":[{"taxonomy":"market","embeddable":true,"href":"https:\/\/www.zkprintpack.com\/fr\/wp-json\/wp\/v2\/market?post=1871"},{"taxonomy":"product_brand","embeddable":true,"href":"https:\/\/www.zkprintpack.com\/fr\/wp-json\/wp\/v2\/product_brand?post=1871"},{"taxonomy":"product_cat","embeddable":true,"href":"https:\/\/www.zkprintpack.com\/fr\/wp-json\/wp\/v2\/product_cat?post=1871"},{"taxonomy":"product_tag","embeddable":true,"href":"https:\/\/www.zkprintpack.com\/fr\/wp-json\/wp\/v2\/product_tag?post=1871"}],"curies":[{"name":"wp","href":"https:\/\/api.w.org\/{rel}","templated":true}]}}