{"id":1866,"date":"2025-09-05T19:20:39","date_gmt":"2025-09-05T19:20:39","guid":{"rendered":"https:\/\/www.zkprintpack.com\/?post_type=product&#038;p=1866"},"modified":"2026-01-15T02:10:46","modified_gmt":"2026-01-15T02:10:46","slug":"custom-cookie-bag-3-side-seal-for-food","status":"publish","type":"product","link":"https:\/\/www.zkprintpack.com\/fr\/product\/custom-cookie-bag-3-side-seal-for-food\/","title":{"rendered":"Sac \u00e0 biscuits personnalis\u00e9 avec fermeture sur 3 c\u00f4t\u00e9s Pour biscuits et autres aliments \u00e0 grignoter"},"content":{"rendered":"<div class=\"wp-block-columns is-layout-flex wp-container-core-columns-is-layout-9d6595d7 wp-block-columns-is-layout-flex\">\n<div class=\"wp-block-column is-layout-flow wp-block-column-is-layout-flow\">\n<h2 class=\"wp-block-heading\">Caract\u00e9ristiques du sac \u00e0 biscuits personnalis\u00e9 avec fermeture sur 3 c\u00f4t\u00e9s<\/h2>\n\n\n\n<p><strong>Emballage pratique et esth\u00e9tique :<\/strong><br>Notre sachet de biscuits personnalis\u00e9 avec fermeture sur trois c\u00f4t\u00e9s garantit l'\u00e9tanch\u00e9it\u00e9, conserve la fra\u00eecheur et la texture croustillante, et emp\u00eache le ramollissement. <\/p>\n\n\n\n<p><strong>Un emballage clair et esth\u00e9tique :<\/strong><br>La couleur vive du sachet de biscuits personnalis\u00e9 \u00e0 fermeture sur trois c\u00f4t\u00e9s refl\u00e8te la fra\u00eecheur naturelle des snacks, tandis que le motif des biscuits et les suggestions d'association cr\u00e9ent un festin visuel. <\/p>\n\n\n\n<p><strong>Mat\u00e9riaux s\u00fbrs et durables de qualit\u00e9 alimentaire :<br><\/strong>Notre sac \u00e0 biscuits personnalis\u00e9 \u00e0 fermeture sur trois c\u00f4t\u00e9s est fabriqu\u00e9 \u00e0 partir d'un film composite PE\/PA de qualit\u00e9 alimentaire et scell\u00e9 \u00e0 l'aide d'une technologie de thermoscellage de pr\u00e9cision afin de pr\u00e9venir efficacement la contamination et de garantir la fra\u00eecheur \u00e0 long terme du produit. Les bords lisses et le scellage solide garantissent la durabilit\u00e9 du produit pendant le stockage et le transport.<\/p>\n\n\n\n<p><strong>Technologie d'impression respectueuse de l'environnement :<\/strong><br>Conform\u00e9ment \u00e0 la tendance du d\u00e9veloppement durable moderne, l'encre \u00e0 base d'eau est utilis\u00e9e pour l'emballage, ce qui permet de r\u00e9duire les \u00e9missions de compos\u00e9s organiques volatils (COV) et les r\u00e9sidus de m\u00e9taux lourds, de minimiser l'impact sur l'environnement et de soutenir l'initiative d'emballage responsable de la marque.<\/p>\n<\/div>\n\n\n\n<div class=\"wp-block-column is-layout-flow wp-block-column-is-layout-flow\">\n<figure class=\"wp-block-image size-full\"><img decoding=\"async\" width=\"800\" height=\"800\" src=\"https:\/\/www.zkprintpack.com\/wp-content\/uploads\/2025\/09\/Custom-Cookie-Bag-3-side-Seal-2.webp\" alt=\"Sac \u00e0 biscuits personnalis\u00e9 avec fermeture sur 3 c\u00f4t\u00e9s (2)\" class=\"wp-image-1869\" srcset=\"https:\/\/www.zkprintpack.com\/wp-content\/uploads\/2025\/09\/Custom-Cookie-Bag-3-side-Seal-2.webp 800w, https:\/\/www.zkprintpack.com\/wp-content\/uploads\/2025\/09\/Custom-Cookie-Bag-3-side-Seal-2-150x150.webp 150w, https:\/\/www.zkprintpack.com\/wp-content\/uploads\/2025\/09\/Custom-Cookie-Bag-3-side-Seal-2-768x768.webp 768w, https:\/\/www.zkprintpack.com\/wp-content\/uploads\/2025\/09\/Custom-Cookie-Bag-3-side-Seal-2-12x12.webp 12w, https:\/\/www.zkprintpack.com\/wp-content\/uploads\/2025\/09\/Custom-Cookie-Bag-3-side-Seal-2-600x600.webp 600w, https:\/\/www.zkprintpack.com\/wp-content\/uploads\/2025\/09\/Custom-Cookie-Bag-3-side-Seal-2-300x300.webp 300w, https:\/\/www.zkprintpack.com\/wp-content\/uploads\/2025\/09\/Custom-Cookie-Bag-3-side-Seal-2-100x100.webp 100w\" sizes=\"(max-width: 800px) 100vw, 800px\" \/><\/figure>\n<\/div>\n<\/div>\n\n\n\n<p><\/p>","protected":false},"excerpt":{"rendered":"<p>Notre sac \u00e0 biscuits personnalis\u00e9 avec fermeture sur 3 c\u00f4t\u00e9s est fabriqu\u00e9 avec des mat\u00e9riaux de qualit\u00e9 alimentaire, id\u00e9al pour les biscuits, les fruits secs, les noix et autres snacks. Parfait pour les marques de biscuits, de fruits secs, de noix et d'autres snacks \u00e0 la recherche d'un emballage accrocheur.  Enti\u00e8rement personnalisable (OEM\/ODM) avec des impressions vibrantes et des options de marque priv\u00e9e. Obtenez des \u00e9chantillons d\u00e8s maintenant !<\/p>\n<h2>Param\u00e8tres du sac \u00e0 biscuits personnalis\u00e9 \u00e0 triple soudure<\/h2>\n<ul>\n<li><strong>Mat\u00e9riau :<\/strong>\u00a0PET\/PE, PET\/NY\/PE, PET\/AL\/NY\/PE, etc.<\/li>\n<li><strong>Type de sac<\/strong>: Sac \u00e0 fermeture sur 3 c\u00f4t\u00e9s<\/li>\n<li><strong>Taille<\/strong>228g\/personne<\/li>\n<li><strong>Commande personnalis\u00e9e<\/strong>: Acceptation des OEM et ODM<\/li>\n<li><strong>\u00c9chantillon gratuit<\/strong>: Support<\/li>\n<li><strong>Utilisation<\/strong>: Produits laitiers, biscuits, fruits secs, noix et autres en-cas<\/li>\n<li><strong>Manipulation de surface<\/strong>: Impression en h\u00e9liogravure<\/li>\n<li><strong>Couleur<\/strong>: Peut \u00eatre personnalis\u00e9<\/li>\n<li><strong>March\u00e9s cibles<\/strong>: Partout dans le monde<\/li>\n<\/ul>","protected":false},"featured_media":1870,"comment_status":"closed","ping_status":"closed","template":"","meta":{"_acf_changed":false},"market":[61],"product_brand":[],"product_cat":[53],"product_tag":[],"class_list":{"0":"post-1866","1":"product","2":"type-product","3":"status-publish","4":"has-post-thumbnail","6":"market-snack-packaging-supplier","7":"product_cat-three-side-seal-pouch-wholesale","9":"first","10":"instock","11":"shipping-taxable","12":"product-type-simple"},"acf":[],"_links":{"self":[{"href":"https:\/\/www.zkprintpack.com\/fr\/wp-json\/wp\/v2\/product\/1866","targetHints":{"allow":["GET"]}}],"collection":[{"href":"https:\/\/www.zkprintpack.com\/fr\/wp-json\/wp\/v2\/product"}],"about":[{"href":"https:\/\/www.zkprintpack.com\/fr\/wp-json\/wp\/v2\/types\/product"}],"replies":[{"embeddable":true,"href":"https:\/\/www.zkprintpack.com\/fr\/wp-json\/wp\/v2\/comments?post=1866"}],"wp:featuredmedia":[{"embeddable":true,"href":"https:\/\/www.zkprintpack.com\/fr\/wp-json\/wp\/v2\/media\/1870"}],"wp:attachment":[{"href":"https:\/\/www.zkprintpack.com\/fr\/wp-json\/wp\/v2\/media?parent=1866"}],"wp:term":[{"taxonomy":"market","embeddable":true,"href":"https:\/\/www.zkprintpack.com\/fr\/wp-json\/wp\/v2\/market?post=1866"},{"taxonomy":"product_brand","embeddable":true,"href":"https:\/\/www.zkprintpack.com\/fr\/wp-json\/wp\/v2\/product_brand?post=1866"},{"taxonomy":"product_cat","embeddable":true,"href":"https:\/\/www.zkprintpack.com\/fr\/wp-json\/wp\/v2\/product_cat?post=1866"},{"taxonomy":"product_tag","embeddable":true,"href":"https:\/\/www.zkprintpack.com\/fr\/wp-json\/wp\/v2\/product_tag?post=1866"}],"curies":[{"name":"wp","href":"https:\/\/api.w.org\/{rel}","templated":true}]}}