{"id":1826,"date":"2025-08-29T19:04:06","date_gmt":"2025-08-29T19:04:06","guid":{"rendered":"https:\/\/www.zkprintpack.com\/?post_type=product&#038;p=1826"},"modified":"2026-01-15T02:11:21","modified_gmt":"2026-01-15T02:11:21","slug":"custom-food-stand-up-pouch-manufacture","status":"publish","type":"product","link":"https:\/\/www.zkprintpack.com\/fr\/product\/custom-food-stand-up-pouch-manufacture\/","title":{"rendered":"Fabricant de sachets alimentaires personnalis\u00e9s pour aliments pr\u00eats \u00e0 cuire - Tear Notch"},"content":{"rendered":"<div class=\"wp-block-columns is-layout-flex wp-container-core-columns-is-layout-9d6595d7 wp-block-columns-is-layout-flex\">\n<div class=\"wp-block-column is-layout-flow wp-block-column-is-layout-flow\">\n<h2 class=\"wp-block-heading\">Caract\u00e9ristiques de la pochette sur mesure pour aliments<\/h2>\n\n\n\n<p><strong>Possibilit\u00e9s accrues de promotion de l'image de marque<\/strong>:<br>Les panneaux avant et arri\u00e8re, larges et peu profonds, de nos sachets alimentaires personnalis\u00e9s offrent de l'espace pour des graphiques, des logos et des informations audacieux. Les rev\u00eatements mats, brillants ou m\u00e9talliques donnent un aspect haut de gamme qui permet aux marques de se d\u00e9marquer des rayons encombr\u00e9s et d'atteindre les consommateurs soucieux de l'environnement et du design.<\/p>\n\n\n\n<p><strong>Excellente protection du produit :<\/strong><br>Ce sachet sur mesure constitue une barri\u00e8re uniforme contre l'humidit\u00e9, les odeurs et l'oxyg\u00e8ne, ce qui permet d'obtenir des produits frais et stables \u00e0 l'\u00e9talage. Les sachets \u00e0 fond plat peuvent \u00eatre combin\u00e9s avec des feuilles d'aluminium, des films barri\u00e8res ou des rev\u00eatements protecteurs pour r\u00e9pondre aux besoins de divers produits alimentaires et boissons.<\/p>\n\n\n\n<p><strong>Stable et pr\u00eat \u00e0 l'emploi :<\/strong><br>Cette conception de l'emballage permet de maintenir l'emballage en place dans les rayons des magasins et dans les entrep\u00f4ts des particuliers, ce qui rend le produit plus propre et plus attrayant. Il emp\u00eache le produit de basculer, ce qui am\u00e9liore l'efficacit\u00e9 du rayon et la facilit\u00e9 d'utilisation pour le consommateur.<\/p>\n<\/div>\n\n\n\n<div class=\"wp-block-column is-layout-flow wp-block-column-is-layout-flow\">\n<figure class=\"wp-block-image size-full\"><img decoding=\"async\" width=\"800\" height=\"800\" src=\"https:\/\/www.zkprintpack.com\/wp-content\/uploads\/2025\/08\/Custom-Pre-made-Food-Stand-up-Pouches-3.webp\" alt=\"Sachets alimentaires pr\u00e9-fabriqu\u00e9s sur mesure (3)\" class=\"wp-image-1829\" srcset=\"https:\/\/www.zkprintpack.com\/wp-content\/uploads\/2025\/08\/Custom-Pre-made-Food-Stand-up-Pouches-3.webp 800w, https:\/\/www.zkprintpack.com\/wp-content\/uploads\/2025\/08\/Custom-Pre-made-Food-Stand-up-Pouches-3-150x150.webp 150w, https:\/\/www.zkprintpack.com\/wp-content\/uploads\/2025\/08\/Custom-Pre-made-Food-Stand-up-Pouches-3-768x768.webp 768w, https:\/\/www.zkprintpack.com\/wp-content\/uploads\/2025\/08\/Custom-Pre-made-Food-Stand-up-Pouches-3-12x12.webp 12w, https:\/\/www.zkprintpack.com\/wp-content\/uploads\/2025\/08\/Custom-Pre-made-Food-Stand-up-Pouches-3-600x600.webp 600w, https:\/\/www.zkprintpack.com\/wp-content\/uploads\/2025\/08\/Custom-Pre-made-Food-Stand-up-Pouches-3-300x300.webp 300w, https:\/\/www.zkprintpack.com\/wp-content\/uploads\/2025\/08\/Custom-Pre-made-Food-Stand-up-Pouches-3-100x100.webp 100w\" sizes=\"(max-width: 800px) 100vw, 800px\" \/><\/figure>\n<\/div>\n<\/div>\n\n\n\n<p><\/p>","protected":false},"excerpt":{"rendered":"<p>Notre pochette alimentaire personnalis\u00e9e est fabriqu\u00e9e avec des mat\u00e9riaux de qualit\u00e9 alimentaire, id\u00e9ale pour les aliments pr\u00eats \u00e0 cuire et les fruits de mer. Parfait pour les marques de produits alimentaires pr\u00eats \u00e0 cuire et les marques de produits de la mer qui recherchent un emballage accrocheur.  Enti\u00e8rement personnalisable (OEM\/ODM) avec des impressions vibrantes et des options de marque priv\u00e9e. Obtenez des \u00e9chantillons d\u00e8s maintenant !<\/p>\n<h2>Param\u00e8tres de la pochette alimentaire sur mesure<\/h2>\n<ul>\n<li><strong>Mat\u00e9riau :<\/strong>\u00a0PET\/PE, PET\/NY\/PE, PET\/AL\/NY\/PE, etc.<\/li>\n<li><strong>Type de sac<\/strong>: Pochette de rangement<\/li>\n<li><strong>Taille<\/strong>: 1.13kg\/personne<\/li>\n<li><strong>Commande personnalis\u00e9e<\/strong>: Acceptation des OEM et ODM<\/li>\n<li><strong>\u00c9chantillon gratuit<\/strong>: Support<\/li>\n<li><strong>Utilisation<\/strong>: Produits laitiers, aliments pr\u00eats \u00e0 cuire, fruits de mer, etc.<\/li>\n<li><strong>Manipulation de surface<\/strong>: Impression en h\u00e9liogravure<\/li>\n<li><strong>Couleur<\/strong>: Peut \u00eatre personnalis\u00e9<\/li>\n<li><strong>March\u00e9s cibles<\/strong>: Partout dans le monde<\/li>\n<\/ul>","protected":false},"featured_media":1828,"comment_status":"closed","ping_status":"closed","template":"","meta":{"_acf_changed":false},"market":[64],"product_brand":[],"product_cat":[53],"product_tag":[],"class_list":{"0":"post-1826","1":"product","2":"type-product","3":"status-publish","4":"has-post-thumbnail","6":"market-seafood-packaging-supplier","7":"product_cat-three-side-seal-pouch-wholesale","9":"first","10":"instock","11":"shipping-taxable","12":"product-type-simple"},"acf":[],"_links":{"self":[{"href":"https:\/\/www.zkprintpack.com\/fr\/wp-json\/wp\/v2\/product\/1826","targetHints":{"allow":["GET"]}}],"collection":[{"href":"https:\/\/www.zkprintpack.com\/fr\/wp-json\/wp\/v2\/product"}],"about":[{"href":"https:\/\/www.zkprintpack.com\/fr\/wp-json\/wp\/v2\/types\/product"}],"replies":[{"embeddable":true,"href":"https:\/\/www.zkprintpack.com\/fr\/wp-json\/wp\/v2\/comments?post=1826"}],"wp:featuredmedia":[{"embeddable":true,"href":"https:\/\/www.zkprintpack.com\/fr\/wp-json\/wp\/v2\/media\/1828"}],"wp:attachment":[{"href":"https:\/\/www.zkprintpack.com\/fr\/wp-json\/wp\/v2\/media?parent=1826"}],"wp:term":[{"taxonomy":"market","embeddable":true,"href":"https:\/\/www.zkprintpack.com\/fr\/wp-json\/wp\/v2\/market?post=1826"},{"taxonomy":"product_brand","embeddable":true,"href":"https:\/\/www.zkprintpack.com\/fr\/wp-json\/wp\/v2\/product_brand?post=1826"},{"taxonomy":"product_cat","embeddable":true,"href":"https:\/\/www.zkprintpack.com\/fr\/wp-json\/wp\/v2\/product_cat?post=1826"},{"taxonomy":"product_tag","embeddable":true,"href":"https:\/\/www.zkprintpack.com\/fr\/wp-json\/wp\/v2\/product_tag?post=1826"}],"curies":[{"name":"wp","href":"https:\/\/api.w.org\/{rel}","templated":true}]}}