{"id":1822,"date":"2025-11-09T19:21:16","date_gmt":"2025-11-09T19:21:16","guid":{"rendered":"https:\/\/www.zkprintpack.com\/?post_type=product&#038;p=1822"},"modified":"2025-11-09T19:21:47","modified_gmt":"2025-11-09T19:21:47","slug":"custom-resealable-stand-up-pouch","status":"publish","type":"product","link":"https:\/\/www.zkprintpack.com\/fr\/product\/custom-resealable-stand-up-pouch\/","title":{"rendered":"Pochette \u00e0 fermeture herm\u00e9tique personnalis\u00e9e 1.13Kg 2.5lb avec ligne de d\u00e9chirure"},"content":{"rendered":"<div class=\"wp-block-columns is-layout-flex wp-container-core-columns-is-layout-9d6595d7 wp-block-columns-is-layout-flex\">\n<div class=\"wp-block-column is-layout-flow wp-block-column-is-layout-flow\">\n<h2 class=\"wp-block-heading\">Caract\u00e9ristiques de la pochette refermable sur mesure<\/h2>\n\n\n\n<p><strong>R\u00e9utilisable et de conception sup\u00e9rieure :<\/strong><br>Notre sachet refermable personnalis\u00e9 est facile \u00e0 refermer par le haut et poss\u00e8de une ligne de d\u00e9chirure. Elle r\u00e9duit le gaspillage alimentaire, emp\u00eache l'humidit\u00e9 de p\u00e9n\u00e9trer et pr\u00e9serve les fruits de mer ouverts.<\/p>\n\n\n\n<p><strong>Fra\u00eecheur sous vide<\/strong>: Contrairement \u00e0 l'emballage ordinaire, l'emballage sous vide en portions contr\u00f4l\u00e9es assure une fra\u00eecheur maximale, emp\u00eache la p\u00e9n\u00e9tration de l'oxyg\u00e8ne et de l'humidit\u00e9 et prolonge automatiquement la dur\u00e9e de conservation.<\/p>\n\n\n\n<p><strong>Mat\u00e9riaux de qualit\u00e9 alimentaire et s\u00fbrs :<\/strong> Compos\u00e9 de films lamin\u00e9s de qualit\u00e9 alimentaire \u00e0 haute barri\u00e8re qui r\u00e9pondent \u00e0 toutes les normes de s\u00e9curit\u00e9 alimentaire et qui sont r\u00e9sistants \u00e0 l'eau, \u00e0 l'oxyg\u00e8ne et \u00e0 l'huile.<\/p>\n\n\n\n<p><strong>Alternative l\u00e9g\u00e8re et verte : <\/strong>Les sachets refermables sur pied permettent d'\u00e9conomiser de l'espace de stockage car ils utilisent moins de plastique que les bo\u00eetes de conserve ou les bocaux. Les sachets sous vide r\u00e9duisent les d\u00e9chets et encouragent une utilisation durable.<\/p>\n<\/div>\n\n\n\n<div class=\"wp-block-column is-layout-flow wp-block-column-is-layout-flow\">\n<figure class=\"wp-block-image size-full\"><img decoding=\"async\" width=\"800\" height=\"800\" src=\"https:\/\/www.zkprintpack.com\/wp-content\/uploads\/2025\/08\/Custom-vacuum-sealed-stand-up-pouch-3.webp\" alt=\"Pochette sous vide personnalis\u00e9e (3)\" class=\"wp-image-1825\" srcset=\"https:\/\/www.zkprintpack.com\/wp-content\/uploads\/2025\/08\/Custom-vacuum-sealed-stand-up-pouch-3.webp 800w, https:\/\/www.zkprintpack.com\/wp-content\/uploads\/2025\/08\/Custom-vacuum-sealed-stand-up-pouch-3-150x150.webp 150w, https:\/\/www.zkprintpack.com\/wp-content\/uploads\/2025\/08\/Custom-vacuum-sealed-stand-up-pouch-3-768x768.webp 768w, https:\/\/www.zkprintpack.com\/wp-content\/uploads\/2025\/08\/Custom-vacuum-sealed-stand-up-pouch-3-12x12.webp 12w, https:\/\/www.zkprintpack.com\/wp-content\/uploads\/2025\/08\/Custom-vacuum-sealed-stand-up-pouch-3-600x600.webp 600w, https:\/\/www.zkprintpack.com\/wp-content\/uploads\/2025\/08\/Custom-vacuum-sealed-stand-up-pouch-3-300x300.webp 300w, https:\/\/www.zkprintpack.com\/wp-content\/uploads\/2025\/08\/Custom-vacuum-sealed-stand-up-pouch-3-100x100.webp 100w\" sizes=\"(max-width: 800px) 100vw, 800px\" \/><\/figure>\n<\/div>\n<\/div>\n\n\n\n<p><\/p>","protected":false},"excerpt":{"rendered":"<p>Ces sachets refermables personnalis\u00e9s sont fabriqu\u00e9s \u00e0 partir de mat\u00e9riaux alimentaires de premi\u00e8re qualit\u00e9 qui garantissent que les aliments restent frais plus longtemps. Les mat\u00e9riaux de qualit\u00e9 sup\u00e9rieure utilis\u00e9s dans la construction de ces sachets offrent une excellente r\u00e9sistance. Enti\u00e8rement personnalisables (OEM\/ODM) avec des impressions vibrantes et des options d'\u00e9tiquetage priv\u00e9. Contactez-nous pour obtenir des \u00e9chantillons d\u00e8s maintenant !<\/p>\n<h2>Param\u00e8tres de la pochette refermable sur mesure<\/h2>\n<ul>\n<li><strong>Mat\u00e9riau :<\/strong>\u00a0PET\/PE, PET\/NY\/PE, PET\/AL\/NY\/PE, etc.<\/li>\n<li><strong>Type de sac<\/strong>: Pochette de rangement<\/li>\n<li><strong>Taille<\/strong>: 1.13kg\/personne<\/li>\n<li><strong>Commande personnalis\u00e9e<\/strong>: Acceptation des OEM et ODM<\/li>\n<li><strong>\u00c9chantillon gratuit<\/strong>: Support<\/li>\n<li><strong>Utilisation<\/strong>: Produits laitiers, aliments pr\u00eats \u00e0 cuire, fruits de mer, etc.<\/li>\n<li><strong>Manipulation de surface<\/strong>: Impression en h\u00e9liogravure<\/li>\n<li><strong>Couleur<\/strong>: Peut \u00eatre personnalis\u00e9<\/li>\n<li><strong>March\u00e9s cibles<\/strong>: Partout dans le monde<\/li>\n<\/ul>","protected":false},"featured_media":1818,"comment_status":"closed","ping_status":"closed","template":"","meta":{"_acf_changed":false},"market":[64],"product_brand":[],"product_cat":[50],"product_tag":[],"class_list":{"0":"post-1822","1":"product","2":"type-product","3":"status-publish","4":"has-post-thumbnail","6":"market-seafood-packaging-supplier","7":"product_cat-stand-up-pouches-wholesale","9":"first","10":"instock","11":"shipping-taxable","12":"product-type-simple"},"acf":[],"_links":{"self":[{"href":"https:\/\/www.zkprintpack.com\/fr\/wp-json\/wp\/v2\/product\/1822","targetHints":{"allow":["GET"]}}],"collection":[{"href":"https:\/\/www.zkprintpack.com\/fr\/wp-json\/wp\/v2\/product"}],"about":[{"href":"https:\/\/www.zkprintpack.com\/fr\/wp-json\/wp\/v2\/types\/product"}],"replies":[{"embeddable":true,"href":"https:\/\/www.zkprintpack.com\/fr\/wp-json\/wp\/v2\/comments?post=1822"}],"wp:featuredmedia":[{"embeddable":true,"href":"https:\/\/www.zkprintpack.com\/fr\/wp-json\/wp\/v2\/media\/1818"}],"wp:attachment":[{"href":"https:\/\/www.zkprintpack.com\/fr\/wp-json\/wp\/v2\/media?parent=1822"}],"wp:term":[{"taxonomy":"market","embeddable":true,"href":"https:\/\/www.zkprintpack.com\/fr\/wp-json\/wp\/v2\/market?post=1822"},{"taxonomy":"product_brand","embeddable":true,"href":"https:\/\/www.zkprintpack.com\/fr\/wp-json\/wp\/v2\/product_brand?post=1822"},{"taxonomy":"product_cat","embeddable":true,"href":"https:\/\/www.zkprintpack.com\/fr\/wp-json\/wp\/v2\/product_cat?post=1822"},{"taxonomy":"product_tag","embeddable":true,"href":"https:\/\/www.zkprintpack.com\/fr\/wp-json\/wp\/v2\/product_tag?post=1822"}],"curies":[{"name":"wp","href":"https:\/\/api.w.org\/{rel}","templated":true}]}}