{"id":1817,"date":"2025-09-05T08:01:42","date_gmt":"2025-09-05T08:01:42","guid":{"rendered":"https:\/\/www.zkprintpack.com\/?post_type=product&#038;p=1817"},"modified":"2025-09-05T08:12:32","modified_gmt":"2025-09-05T08:12:32","slug":"custom-resealable-stand-up-pouches","status":"publish","type":"product","link":"https:\/\/www.zkprintpack.com\/fr\/product\/custom-resealable-stand-up-pouches\/","title":{"rendered":"Sachets refermables personnalis\u00e9s pour fruits de mer avec encoche de d\u00e9chirure"},"content":{"rendered":"<div class=\"wp-block-columns is-layout-flex wp-container-core-columns-is-layout-9d6595d7 wp-block-columns-is-layout-flex\">\n<div class=\"wp-block-column is-layout-flow wp-block-column-is-layout-flow\">\n<h2 class=\"wp-block-heading\">Pochettes refermables Caract\u00e9ristiques :<\/h2>\n\n\n\n<p><strong>Design refermable et ind\u00e9chirable<\/strong>:<br>Gr\u00e2ce \u00e0 une simple ouverture par d\u00e9chirure et \u00e0 une simple refermeture en haut de ces sachets refermables personnalis\u00e9s, ils pr\u00e9servent la fra\u00eecheur des fruits de mer une fois ouverts, emp\u00eachent la p\u00e9n\u00e9tration de l'humidit\u00e9 et r\u00e9duisent le gaspillage alimentaire.<\/p>\n\n\n\n<p><strong>Fra\u00eecheur sous vide<\/strong>:<br>L'emballage sous vide en portions contr\u00f4l\u00e9es de nos sachets refermables personnalis\u00e9s assure une fra\u00eecheur maximale, exclut l'oxyg\u00e8ne et l'humidit\u00e9 et prolonge automatiquement la dur\u00e9e de conservation par rapport \u00e0 un emballage conventionnel.<\/p>\n\n\n\n<p><strong>Mat\u00e9riaux de qualit\u00e9 alimentaire et s\u00fbrs<\/strong>:<br>Fabriqu\u00e9s \u00e0 partir de films lamin\u00e9s de qualit\u00e9 alimentaire \u00e0 haute barri\u00e8re qui r\u00e9sistent \u00e0 l'huile, \u00e0 l'oxyg\u00e8ne et \u00e0 l'humidit\u00e9 et sont enti\u00e8rement conformes aux normes de s\u00e9curit\u00e9 alimentaire.<\/p>\n\n\n\n<p><strong>Alternative l\u00e9g\u00e8re et verte<\/strong>:<br>\u00c9tant donn\u00e9 que moins de plastique est utilis\u00e9 par rapport aux bo\u00eetes de conserve ou aux bocaux, nos sachets refermables personnalis\u00e9s conservent \u00e9galement l'espace de stockage. Les portions sont emball\u00e9es sous vide pour minimiser le gaspillage et promouvoir la consommation durable.<\/p>\n<\/div>\n\n\n\n<div class=\"wp-block-column is-layout-flow wp-block-column-is-layout-flow\">\n<figure class=\"wp-block-image size-full\"><img decoding=\"async\" width=\"800\" height=\"800\" src=\"https:\/\/www.zkprintpack.com\/wp-content\/uploads\/2025\/08\/Custom-Resealable-Stand-up-Pouch-with-Tear-Notch-1.webp\" alt=\"Pochette souple refermable personnalis\u00e9e avec encoche de d\u00e9chirure (1)\" class=\"wp-image-1818\" srcset=\"https:\/\/www.zkprintpack.com\/wp-content\/uploads\/2025\/08\/Custom-Resealable-Stand-up-Pouch-with-Tear-Notch-1.webp 800w, https:\/\/www.zkprintpack.com\/wp-content\/uploads\/2025\/08\/Custom-Resealable-Stand-up-Pouch-with-Tear-Notch-1-150x150.webp 150w, https:\/\/www.zkprintpack.com\/wp-content\/uploads\/2025\/08\/Custom-Resealable-Stand-up-Pouch-with-Tear-Notch-1-768x768.webp 768w, https:\/\/www.zkprintpack.com\/wp-content\/uploads\/2025\/08\/Custom-Resealable-Stand-up-Pouch-with-Tear-Notch-1-12x12.webp 12w, https:\/\/www.zkprintpack.com\/wp-content\/uploads\/2025\/08\/Custom-Resealable-Stand-up-Pouch-with-Tear-Notch-1-600x600.webp 600w, https:\/\/www.zkprintpack.com\/wp-content\/uploads\/2025\/08\/Custom-Resealable-Stand-up-Pouch-with-Tear-Notch-1-300x300.webp 300w, https:\/\/www.zkprintpack.com\/wp-content\/uploads\/2025\/08\/Custom-Resealable-Stand-up-Pouch-with-Tear-Notch-1-100x100.webp 100w\" sizes=\"(max-width: 800px) 100vw, 800px\" \/><\/figure>\n<\/div>\n<\/div>\n\n\n\n<p><\/p>","protected":false},"excerpt":{"rendered":"<p>Fabriqu\u00e9s \u00e0 partir de mat\u00e9riaux de qualit\u00e9 alimentaire, ces sachets refermables personnalis\u00e9s sont id\u00e9aux pour les aliments crus ou semi-crus, ou d'autres produits. Enti\u00e8rement personnalisables (OEM\/ODM) avec des impressions vibrantes et des options de marque priv\u00e9e. Demandez des \u00e9chantillons d\u00e8s aujourd'hui !<\/p>\n<h2>Param\u00e8tres des sachets refermables<\/h2>\n<ul>\n<li><strong>Mat\u00e9riau :<\/strong>\u00a0PET\/PE, PET\/NY\/PE, PET\/AL\/NY\/PE, etc.<\/li>\n<li><strong>Type de sac<\/strong>: Pochette de rangement<\/li>\n<li><strong>Taille<\/strong>: 284g\/ Sur mesure<\/li>\n<li><strong>Commande personnalis\u00e9e<\/strong>: Acceptation des OEM et ODM<\/li>\n<li><strong>\u00c9chantillon gratuit<\/strong>: Support<\/li>\n<li><strong>Utilisation<\/strong>: Produits laitiers et autres<\/li>\n<li><strong>Manipulation de surface<\/strong>: Impression en h\u00e9liogravure<\/li>\n<li><strong>Couleur<\/strong>: Peut \u00eatre personnalis\u00e9<\/li>\n<li><strong>March\u00e9s cibles<\/strong>: Partout dans le monde<\/li>\n<\/ul>","protected":false},"featured_media":1819,"comment_status":"closed","ping_status":"closed","template":"","meta":{"_acf_changed":false},"market":[64],"product_brand":[],"product_cat":[50],"product_tag":[],"class_list":{"0":"post-1817","1":"product","2":"type-product","3":"status-publish","4":"has-post-thumbnail","6":"market-seafood-packaging-supplier","7":"product_cat-stand-up-pouches-wholesale","9":"first","10":"instock","11":"shipping-taxable","12":"product-type-simple"},"acf":[],"_links":{"self":[{"href":"https:\/\/www.zkprintpack.com\/fr\/wp-json\/wp\/v2\/product\/1817","targetHints":{"allow":["GET"]}}],"collection":[{"href":"https:\/\/www.zkprintpack.com\/fr\/wp-json\/wp\/v2\/product"}],"about":[{"href":"https:\/\/www.zkprintpack.com\/fr\/wp-json\/wp\/v2\/types\/product"}],"replies":[{"embeddable":true,"href":"https:\/\/www.zkprintpack.com\/fr\/wp-json\/wp\/v2\/comments?post=1817"}],"wp:featuredmedia":[{"embeddable":true,"href":"https:\/\/www.zkprintpack.com\/fr\/wp-json\/wp\/v2\/media\/1819"}],"wp:attachment":[{"href":"https:\/\/www.zkprintpack.com\/fr\/wp-json\/wp\/v2\/media?parent=1817"}],"wp:term":[{"taxonomy":"market","embeddable":true,"href":"https:\/\/www.zkprintpack.com\/fr\/wp-json\/wp\/v2\/market?post=1817"},{"taxonomy":"product_brand","embeddable":true,"href":"https:\/\/www.zkprintpack.com\/fr\/wp-json\/wp\/v2\/product_brand?post=1817"},{"taxonomy":"product_cat","embeddable":true,"href":"https:\/\/www.zkprintpack.com\/fr\/wp-json\/wp\/v2\/product_cat?post=1817"},{"taxonomy":"product_tag","embeddable":true,"href":"https:\/\/www.zkprintpack.com\/fr\/wp-json\/wp\/v2\/product_tag?post=1817"}],"curies":[{"name":"wp","href":"https:\/\/api.w.org\/{rel}","templated":true}]}}