{"id":1806,"date":"2025-11-09T19:17:35","date_gmt":"2025-11-09T19:17:35","guid":{"rendered":"https:\/\/www.zkprintpack.com\/?post_type=product&#038;p=1806"},"modified":"2025-11-09T19:17:37","modified_gmt":"2025-11-09T19:17:37","slug":"custom-stand-up-pouch-for-powder-eco","status":"publish","type":"product","link":"https:\/\/www.zkprintpack.com\/fr\/product\/custom-stand-up-pouch-for-powder-eco\/","title":{"rendered":"Fabricant de sachets \u00e0 fond plat sur mesure pour l'emballage de poudres - Encoches de d\u00e9chirure"},"content":{"rendered":"<div class=\"wp-block-columns is-layout-flex wp-container-core-columns-is-layout-9d6595d7 wp-block-columns-is-layout-flex\">\n<div class=\"wp-block-column is-layout-flow wp-block-column-is-layout-flow\">\n<h2 class=\"wp-block-heading\">Caract\u00e9ristiques des sachets \u00e0 fond plat personnalis\u00e9s pour l'emballage des poudres<\/h2>\n\n\n\n<p><strong>Pack Stand-Up stable<\/strong>:<br>Nos sachets stand-up personnalis\u00e9s sont stables et se tiennent debout, sans support, ce qui permet une mise en rayon efficace dans un supermarch\u00e9, une sup\u00e9rette ou \u00e0 la maison. Les informations sur la marque et le produit sont lisibles dans leur int\u00e9gralit\u00e9, faciles \u00e0 lire et choisies par les consommateurs.<\/p>\n\n\n\n<p><strong>Fonctionnelle et orient\u00e9e vers le consommateur<\/strong>:<br>L'encoche de d\u00e9chirure de nos pochettes stand-up personnalis\u00e9es permet de les ouvrir facilement d'une seule main.<br>L'emballage \u00e9tanche \u00e0 l'humidit\u00e9 et \u00e0 l'oxyg\u00e8ne garantit la fra\u00eecheur et la protection contre la d\u00e9t\u00e9rioration.<br>L\u00e9ger, facile \u00e0 utiliser, facile \u00e0 man\u0153uvrer et facile \u00e0 transporter lors d'une activit\u00e9 professionnelle, d'un voyage ou d'une activit\u00e9 de plein air.<\/p>\n\n\n\n<p><strong>Mat\u00e9riau durable :<\/strong><br>En incorporant des mat\u00e9riaux durables, les entreprises de sachets stand-up personnalis\u00e9s r\u00e9duisent non seulement leurs \u00e9missions de carbone et leurs d\u00e9chets d'emballage, mais elles r\u00e9pondent \u00e9galement \u00e0 la demande croissante des consommateurs en mati\u00e8re de d\u00e9veloppement durable. Cette caract\u00e9ristique permet aux entreprises de combiner fonctionnalit\u00e9, durabilit\u00e9 et d\u00e9veloppement durable dans un seul et m\u00eame produit.<\/p>\n<\/div>\n\n\n\n<div class=\"wp-block-column is-layout-flow wp-block-column-is-layout-flow\">\n<figure class=\"wp-block-image size-full\"><img decoding=\"async\" width=\"800\" height=\"800\" src=\"https:\/\/www.zkprintpack.com\/wp-content\/uploads\/2025\/08\/custom-stand-up-pouch-for-powder-1.webp\" alt=\"\" class=\"wp-image-1813\" srcset=\"https:\/\/www.zkprintpack.com\/wp-content\/uploads\/2025\/08\/custom-stand-up-pouch-for-powder-1.webp 800w, https:\/\/www.zkprintpack.com\/wp-content\/uploads\/2025\/08\/custom-stand-up-pouch-for-powder-1-150x150.webp 150w, https:\/\/www.zkprintpack.com\/wp-content\/uploads\/2025\/08\/custom-stand-up-pouch-for-powder-1-768x768.webp 768w, https:\/\/www.zkprintpack.com\/wp-content\/uploads\/2025\/08\/custom-stand-up-pouch-for-powder-1-12x12.webp 12w, https:\/\/www.zkprintpack.com\/wp-content\/uploads\/2025\/08\/custom-stand-up-pouch-for-powder-1-600x600.webp 600w, https:\/\/www.zkprintpack.com\/wp-content\/uploads\/2025\/08\/custom-stand-up-pouch-for-powder-1-300x300.webp 300w, https:\/\/www.zkprintpack.com\/wp-content\/uploads\/2025\/08\/custom-stand-up-pouch-for-powder-1-100x100.webp 100w\" sizes=\"(max-width: 800px) 100vw, 800px\" \/><\/figure>\n<\/div>\n<\/div>","protected":false},"excerpt":{"rendered":"<p>Fabriqu\u00e9 \u00e0 partir de mat\u00e9riaux de qualit\u00e9 alimentaire, ce sachet debout personnalis\u00e9 est id\u00e9al pour les produits en poudre. Enti\u00e8rement personnalisable (OEM\/ODM) avec des impressions vibrantes et des options de marque priv\u00e9e. Cette pochette personnalis\u00e9e est parfaite pour les marques de produits en poudre qui recherchent un emballage accrocheur. Demandez des \u00e9chantillons d\u00e8s aujourd'hui !<\/p>\n<h2>Param\u00e8tres de la pochette \u00e0 poudre sur mesure<\/h2>\n<ul>\n<li><strong>Mat\u00e9riau :<\/strong>\u00a0PET\/PE, PET\/NY\/PE, PET\/AL\/NY\/PE, etc.<\/li>\n<li><strong>Type de sac<\/strong>: Pochette de rangement<\/li>\n<li><strong>Taille<\/strong>: Sur mesure<\/li>\n<li><strong>Commande personnalis\u00e9e<\/strong>: Acceptation des OEM et ODM<\/li>\n<li><strong>\u00c9chantillon gratuit<\/strong>: Support<\/li>\n<li><strong>Utilisation<\/strong>: Produits en poudre<\/li>\n<li><strong>Manipulation de surface<\/strong>: Impression en h\u00e9liogravure<\/li>\n<li><strong>Couleur<\/strong>: Peut \u00eatre personnalis\u00e9<\/li>\n<li><strong>March\u00e9s cibles<\/strong>: Partout dans le monde<\/li>\n<\/ul>","protected":false},"featured_media":1812,"comment_status":"closed","ping_status":"closed","template":"","meta":{"_acf_changed":false},"market":[],"product_brand":[],"product_cat":[],"product_tag":[],"class_list":{"0":"post-1806","1":"product","2":"type-product","3":"status-publish","4":"has-post-thumbnail","7":"first","8":"instock","9":"shipping-taxable","10":"product-type-simple"},"acf":[],"_links":{"self":[{"href":"https:\/\/www.zkprintpack.com\/fr\/wp-json\/wp\/v2\/product\/1806","targetHints":{"allow":["GET"]}}],"collection":[{"href":"https:\/\/www.zkprintpack.com\/fr\/wp-json\/wp\/v2\/product"}],"about":[{"href":"https:\/\/www.zkprintpack.com\/fr\/wp-json\/wp\/v2\/types\/product"}],"replies":[{"embeddable":true,"href":"https:\/\/www.zkprintpack.com\/fr\/wp-json\/wp\/v2\/comments?post=1806"}],"wp:featuredmedia":[{"embeddable":true,"href":"https:\/\/www.zkprintpack.com\/fr\/wp-json\/wp\/v2\/media\/1812"}],"wp:attachment":[{"href":"https:\/\/www.zkprintpack.com\/fr\/wp-json\/wp\/v2\/media?parent=1806"}],"wp:term":[{"taxonomy":"market","embeddable":true,"href":"https:\/\/www.zkprintpack.com\/fr\/wp-json\/wp\/v2\/market?post=1806"},{"taxonomy":"product_brand","embeddable":true,"href":"https:\/\/www.zkprintpack.com\/fr\/wp-json\/wp\/v2\/product_brand?post=1806"},{"taxonomy":"product_cat","embeddable":true,"href":"https:\/\/www.zkprintpack.com\/fr\/wp-json\/wp\/v2\/product_cat?post=1806"},{"taxonomy":"product_tag","embeddable":true,"href":"https:\/\/www.zkprintpack.com\/fr\/wp-json\/wp\/v2\/product_tag?post=1806"}],"curies":[{"name":"wp","href":"https:\/\/api.w.org\/{rel}","templated":true}]}}