{"id":1800,"date":"2025-08-29T09:55:51","date_gmt":"2025-08-29T09:55:51","guid":{"rendered":"https:\/\/www.zkprintpack.com\/?post_type=product&#038;p=1800"},"modified":"2026-02-04T02:50:12","modified_gmt":"2026-02-04T02:50:12","slug":"custom-stand-up-pouch-for-powder","status":"publish","type":"product","link":"https:\/\/www.zkprintpack.com\/fr\/product\/custom-stand-up-pouch-for-powder\/","title":{"rendered":"Emballage personnalis\u00e9 de produits en poudre dans des sachets \u00e0 fond plat - Conception claire, pratique et attrayante"},"content":{"rendered":"<div class=\"wp-block-columns is-layout-flex wp-container-core-columns-is-layout-9d6595d7 wp-block-columns-is-layout-flex\">\n<div class=\"wp-block-column is-layout-flow wp-block-column-is-layout-flow\">\n<h2 class=\"wp-block-heading\">Caract\u00e9ristiques de l'emballage de produits en poudre dans des sachets \u00e0 fond plat sur mesure<\/h2>\n\n\n\n<p><strong>Pr\u00e9sentoir stable pour un affichage am\u00e9lior\u00e9<\/strong>:<br>Le sachet stand-up personnalis\u00e9 est libre de se tenir debout sans cadre de support pour \u00e9viter le probl\u00e8me d'empilement des sachets coussins traditionnels. O\u00f9 qu'ils soient stock\u00e9s, sur les \u00e9tag\u00e8res des supermarch\u00e9s, dans le r\u00e9frig\u00e9rateur ou dans les pi\u00e8ces de stockage des particuliers, le design sur pied garantit que la marque et l'\u00e9tiquette du produit sont totalement expos\u00e9es, maximisant ainsi l'exposition et l'interaction avec le consommateur.<\/p>\n\n\n\n<p><strong>Scell\u00e9 et portable <\/strong>:<br>Cette pochette est fabriqu\u00e9e \u00e0 partir de mat\u00e9riaux lamin\u00e9s de qualit\u00e9 alimentaire et r\u00e9siste \u00e0 l'eau et \u00e0 l'oxyg\u00e8ne pour que les poudres restent fra\u00eeches plus longtemps. Elle est s\u00fbre pour les avions, l\u00e9g\u00e8re et pliable, parfaite pour la maison, le transport ou le sport.<\/p>\n\n\n\n<p><strong>Encoche de d\u00e9chirure pour une ouverture facile<\/strong>:<br>Les encoches faciles \u00e0 d\u00e9chirer de cette pochette personnalis\u00e9e permettent de l'ouvrir facilement sans utiliser de lames ou de ciseaux. Il s'agit d'un moyen facile d'assurer une ouverture propre, d'emp\u00eacher la contamination du produit et de compl\u00e9ter la fermeture \u00e0 glissi\u00e8re refermable pour une utilisation r\u00e9p\u00e9t\u00e9e.<\/p>\n<\/div>\n\n\n\n<div class=\"wp-block-column is-layout-flow wp-block-column-is-layout-flow\">\n<figure class=\"wp-block-image size-full\"><img decoding=\"async\" width=\"800\" height=\"800\" src=\"https:\/\/www.zkprintpack.com\/wp-content\/uploads\/2025\/08\/custom-stand-up-pouch-1.webp\" alt=\"pochette de rangement personnalis\u00e9e (1)\" class=\"wp-image-1850\" srcset=\"https:\/\/www.zkprintpack.com\/wp-content\/uploads\/2025\/08\/custom-stand-up-pouch-1.webp 800w, https:\/\/www.zkprintpack.com\/wp-content\/uploads\/2025\/08\/custom-stand-up-pouch-1-150x150.webp 150w, https:\/\/www.zkprintpack.com\/wp-content\/uploads\/2025\/08\/custom-stand-up-pouch-1-768x768.webp 768w, https:\/\/www.zkprintpack.com\/wp-content\/uploads\/2025\/08\/custom-stand-up-pouch-1-12x12.webp 12w, https:\/\/www.zkprintpack.com\/wp-content\/uploads\/2025\/08\/custom-stand-up-pouch-1-600x600.webp 600w, https:\/\/www.zkprintpack.com\/wp-content\/uploads\/2025\/08\/custom-stand-up-pouch-1-300x300.webp 300w, https:\/\/www.zkprintpack.com\/wp-content\/uploads\/2025\/08\/custom-stand-up-pouch-1-100x100.webp 100w\" sizes=\"(max-width: 800px) 100vw, 800px\" \/><\/figure>\n<\/div>\n<\/div>\n\n\n\n<p><\/p>","protected":false},"excerpt":{"rendered":"<p>Sachets personnalis\u00e9s, pratiques et \u00e9l\u00e9gants, con\u00e7us pour les boissons instantan\u00e9es en poudre et les desserts. Ce sachet stand-up personnalis\u00e9 est dot\u00e9 d'une pr\u00e9sentation stable, d'une encoche de d\u00e9chirement, d'informations claires sur le produit et de visuels attrayants. Ces sachets sont id\u00e9aux pour les supermarch\u00e9s, les rayons de vente au d\u00e9tail et les modes de vie nomades. Prise en charge des services ODM\/OEM. Contactez-nous pour obtenir des \u00e9chantillons d\u00e8s maintenant !<\/p>\n<h2>Param\u00e8tres de la pochette \u00e0 poudre sur mesure<\/h2>\n<ul>\n<li><strong>Mat\u00e9riau :<\/strong>\u00a0PET\/PE, PET\/NY\/PE, PET\/AL\/NY\/PE, etc.<\/li>\n<li><strong>Type de sac<\/strong>: Pochette de rangement<\/li>\n<li><strong>Taille<\/strong>: Sur mesure<\/li>\n<li><strong>Commande personnalis\u00e9e<\/strong>: Acceptation des OEM et ODM<\/li>\n<li><strong>\u00c9chantillon gratuit<\/strong>: Support<\/li>\n<li><strong>Utilisation<\/strong>: Produits en poudre<\/li>\n<li><strong>Manipulation de surface<\/strong>: Impression en h\u00e9liogravure<\/li>\n<li><strong>Couleur<\/strong>: Peut \u00eatre personnalis\u00e9<\/li>\n<li><strong>March\u00e9s cibles<\/strong>: Partout dans le monde<\/li>\n<\/ul>","protected":false},"featured_media":1851,"comment_status":"closed","ping_status":"closed","template":"","meta":{"_acf_changed":false},"market":[62],"product_brand":[],"product_cat":[50],"product_tag":[],"class_list":{"0":"post-1800","1":"product","2":"type-product","3":"status-publish","4":"has-post-thumbnail","6":"market-powder-packaging-supplier","7":"product_cat-stand-up-pouches-wholesale","9":"first","10":"instock","11":"shipping-taxable","12":"product-type-simple"},"acf":[],"_links":{"self":[{"href":"https:\/\/www.zkprintpack.com\/fr\/wp-json\/wp\/v2\/product\/1800","targetHints":{"allow":["GET"]}}],"collection":[{"href":"https:\/\/www.zkprintpack.com\/fr\/wp-json\/wp\/v2\/product"}],"about":[{"href":"https:\/\/www.zkprintpack.com\/fr\/wp-json\/wp\/v2\/types\/product"}],"replies":[{"embeddable":true,"href":"https:\/\/www.zkprintpack.com\/fr\/wp-json\/wp\/v2\/comments?post=1800"}],"wp:featuredmedia":[{"embeddable":true,"href":"https:\/\/www.zkprintpack.com\/fr\/wp-json\/wp\/v2\/media\/1851"}],"wp:attachment":[{"href":"https:\/\/www.zkprintpack.com\/fr\/wp-json\/wp\/v2\/media?parent=1800"}],"wp:term":[{"taxonomy":"market","embeddable":true,"href":"https:\/\/www.zkprintpack.com\/fr\/wp-json\/wp\/v2\/market?post=1800"},{"taxonomy":"product_brand","embeddable":true,"href":"https:\/\/www.zkprintpack.com\/fr\/wp-json\/wp\/v2\/product_brand?post=1800"},{"taxonomy":"product_cat","embeddable":true,"href":"https:\/\/www.zkprintpack.com\/fr\/wp-json\/wp\/v2\/product_cat?post=1800"},{"taxonomy":"product_tag","embeddable":true,"href":"https:\/\/www.zkprintpack.com\/fr\/wp-json\/wp\/v2\/product_tag?post=1800"}],"curies":[{"name":"wp","href":"https:\/\/api.w.org\/{rel}","templated":true}]}}