{"id":3072,"date":"2026-04-23T08:02:57","date_gmt":"2026-04-23T08:02:57","guid":{"rendered":"https:\/\/www.zkprintpack.com\/?post_type=product&#038;p=3072"},"modified":"2026-04-23T08:09:55","modified_gmt":"2026-04-23T08:09:55","slug":"custom-back-seal-bag-for-noodles","status":"publish","type":"product","link":"https:\/\/www.zkprintpack.com\/es\/product\/custom-back-seal-bag-for-noodles\/","title":{"rendered":"Impresi\u00f3n personalizada de bolsas con cierre posterior para fideos, Proveedor de bolsas para envasado de alimentos"},"content":{"rendered":"<div class=\"wp-block-columns is-layout-flex wp-container-core-columns-is-layout-9d6595d7 wp-block-columns-is-layout-flex\">\n<div class=\"wp-block-column is-layout-flow wp-block-column-is-layout-flow\">\n<h2 class=\"wp-block-heading\">Bolsa de cierre posterior personalizada para fideos Caracter\u00edsticas:<\/h2>\n\n\n\n<ul class=\"wp-block-list\">\n<li><strong>Soluci\u00f3n de envasado rentable y eficiente<\/strong><br>Nuestra <strong>bolsa con cierre posterior a medida para fideos<\/strong> est\u00e1 dise\u00f1ado con una sencilla estructura de sellado en el centro, lo que reduce el uso de material a la vez que mantiene un buen rendimiento de sellado, ideal para la producci\u00f3n de grandes vol\u00famenes y el control de costes. <\/li>\n\n\n\n<li><strong>Perfecta para el envasado autom\u00e1tico de alta velocidad<\/strong><br>Dise\u00f1ado para un funcionamiento sin problemas en m\u00e1quinas verticales de formado, llenado y sellado (VFFS), este <strong>bolsa con cierre posterior a medida para fideos<\/strong> garantiza una alimentaci\u00f3n estable, un sellado preciso y una mayor eficacia de envasado. <\/li>\n\n\n\n<li><strong>Fuerte barrera protectora para mayor frescura<\/strong><br>Los films laminados multicapa proporcionan una excelente resistencia a la humedad, el ox\u00edgeno y la grasa, ayudando a preservar la calidad, el sabor y la vida \u00fatil de los fideos. <\/li>\n\n\n\n<li><strong>Impresi\u00f3n personalizada de alta calidad<\/strong><br>La impresi\u00f3n avanzada en huecograbado admite colores vibrantes y gr\u00e1ficos n\u00edtidos, lo que permite que su marca destaque en las estanter\u00edas de los comercios y atraiga a m\u00e1s consumidores. <\/li>\n\n\n\n<li><strong>Estanqueidad y durabilidad fiables<\/strong><br>El dise\u00f1o de cierre posterior garantiza un cierre herm\u00e9tico, reduciendo el riesgo de fugas, contaminaci\u00f3n o da\u00f1os durante el almacenamiento y el transporte. <\/li>\n\n\n\n<li><strong>Opciones de materiales flexibles<\/strong><br>Disponibles en varias estructuras de material, como BOPP\/CPP, PET\/PE, PET\/AL\/PE, adaptadas a las distintas necesidades de envasado y caracter\u00edsticas del producto. <\/li>\n\n\n\n<li><strong>Tama\u00f1os y grosores personalizados<\/strong><br>Dimensiones y grosor de pel\u00edcula totalmente personalizables para adaptarse a distintos tipos de fideos, incluidos los instant\u00e1neos, los secos y los de aperitivo. <\/li>\n\n\n\n<li><strong>Calidad alimentaria y norma de exportaci\u00f3n<\/strong><br>Fabricado con materiales certificados aptos para uso alimentario, que cumplen las normas internacionales de envasado para los mercados mundiales.<\/li>\n<\/ul>\n<\/div>\n\n\n\n<div class=\"wp-block-column is-layout-flow wp-block-column-is-layout-flow\">\n<figure class=\"wp-block-image size-full\"><img decoding=\"async\" width=\"800\" height=\"800\" src=\"https:\/\/www.zkprintpack.com\/wp-content\/uploads\/2026\/04\/Custom-Back-Seal-Bag-for-Noodles.webp\" alt=\"Bolsa con cierre posterior personalizada para fideos\" class=\"wp-image-3071\" srcset=\"https:\/\/www.zkprintpack.com\/wp-content\/uploads\/2026\/04\/Custom-Back-Seal-Bag-for-Noodles.webp 800w, https:\/\/www.zkprintpack.com\/wp-content\/uploads\/2026\/04\/Custom-Back-Seal-Bag-for-Noodles-150x150.webp 150w, https:\/\/www.zkprintpack.com\/wp-content\/uploads\/2026\/04\/Custom-Back-Seal-Bag-for-Noodles-768x768.webp 768w, https:\/\/www.zkprintpack.com\/wp-content\/uploads\/2026\/04\/Custom-Back-Seal-Bag-for-Noodles-12x12.webp 12w, https:\/\/www.zkprintpack.com\/wp-content\/uploads\/2026\/04\/Custom-Back-Seal-Bag-for-Noodles-600x600.webp 600w, https:\/\/www.zkprintpack.com\/wp-content\/uploads\/2026\/04\/Custom-Back-Seal-Bag-for-Noodles-300x300.webp 300w, https:\/\/www.zkprintpack.com\/wp-content\/uploads\/2026\/04\/Custom-Back-Seal-Bag-for-Noodles-100x100.webp 100w\" sizes=\"(max-width: 800px) 100vw, 800px\" \/><\/figure>\n<\/div>\n<\/div>\n\n\n\n<p><\/p>","protected":false},"excerpt":{"rendered":"<p>Venta al por mayor de bolsas de sellado posterior personalizadas para fideos con sellado resistente y compatibilidad con m\u00e1quinas de alta velocidad. Materiales de calidad alimentaria, impresi\u00f3n personalizada y suministro directo de f\u00e1brica. \u00a1Obtenga un presupuesto ahora!<\/p>\n<h2>Par\u00e1metros de la bolsa de cierre posterior personalizada para fideos:<\/h2>\n<ul>\n<li><strong>Fabricante:\u00a0<a href=\"https:\/\/www.zkprintpack.com\/es\/\">Embalaje Zhongjia<\/a><\/strong><\/li>\n<li><strong>Material:<\/strong> PET\/PE, PET\/NY\/PE, etc.<\/li>\n<li><strong>Tipo de bolsa<\/strong>: Bolsa de cierre posterior<\/li>\n<li><strong>Talla<\/strong>: A medida<\/li>\n<li><strong>Pedido a medida<\/strong>: Aceptamos OEM y ODM<\/li>\n<li><strong>Muestra gratuita<\/strong>: Soporte<\/li>\n<li><strong>Utilizaci\u00f3n<\/strong>: Productos l\u00e1cteos, productos en polvo, aperitivos, etc.<\/li>\n<li><strong>Manipulaci\u00f3n de superficies<\/strong>: Impresi\u00f3n en huecograbado<\/li>\n<li><strong>Color<\/strong>: Personalizable<\/li>\n<li><strong>Mercados destinatarios<\/strong>: En todo el mundo<\/li>\n<\/ul>","protected":false},"featured_media":3071,"comment_status":"closed","ping_status":"closed","template":"","meta":{"_acf_changed":false},"market":[],"product_brand":[],"product_cat":[54],"product_tag":[],"class_list":{"0":"post-3072","1":"product","2":"type-product","3":"status-publish","4":"has-post-thumbnail","6":"product_cat-quad-seal-pouch-supplier","8":"first","9":"instock","10":"shipping-taxable","11":"product-type-simple"},"acf":[],"_links":{"self":[{"href":"https:\/\/www.zkprintpack.com\/es\/wp-json\/wp\/v2\/product\/3072","targetHints":{"allow":["GET"]}}],"collection":[{"href":"https:\/\/www.zkprintpack.com\/es\/wp-json\/wp\/v2\/product"}],"about":[{"href":"https:\/\/www.zkprintpack.com\/es\/wp-json\/wp\/v2\/types\/product"}],"replies":[{"embeddable":true,"href":"https:\/\/www.zkprintpack.com\/es\/wp-json\/wp\/v2\/comments?post=3072"}],"wp:featuredmedia":[{"embeddable":true,"href":"https:\/\/www.zkprintpack.com\/es\/wp-json\/wp\/v2\/media\/3071"}],"wp:attachment":[{"href":"https:\/\/www.zkprintpack.com\/es\/wp-json\/wp\/v2\/media?parent=3072"}],"wp:term":[{"taxonomy":"market","embeddable":true,"href":"https:\/\/www.zkprintpack.com\/es\/wp-json\/wp\/v2\/market?post=3072"},{"taxonomy":"product_brand","embeddable":true,"href":"https:\/\/www.zkprintpack.com\/es\/wp-json\/wp\/v2\/product_brand?post=3072"},{"taxonomy":"product_cat","embeddable":true,"href":"https:\/\/www.zkprintpack.com\/es\/wp-json\/wp\/v2\/product_cat?post=3072"},{"taxonomy":"product_tag","embeddable":true,"href":"https:\/\/www.zkprintpack.com\/es\/wp-json\/wp\/v2\/product_tag?post=3072"}],"curies":[{"name":"wp","href":"https:\/\/api.w.org\/{rel}","templated":true}]}}