{"id":3068,"date":"2026-04-23T07:28:22","date_gmt":"2026-04-23T07:28:22","guid":{"rendered":"https:\/\/www.zkprintpack.com\/?post_type=product&#038;p=3068"},"modified":"2026-04-23T08:02:45","modified_gmt":"2026-04-23T08:02:45","slug":"custom-printed-gusset-pouch-packaging","status":"publish","type":"product","link":"https:\/\/www.zkprintpack.com\/es\/product\/custom-printed-gusset-pouch-packaging\/","title":{"rendered":"Bolsa con fuelle impresa a medida para el envasado de fideos, fabricante de bolsas flexibles para alimentos"},"content":{"rendered":"<div class=\"wp-block-columns is-layout-flex wp-container-core-columns-is-layout-9d6595d7 wp-block-columns-is-layout-flex\">\n<div class=\"wp-block-column is-layout-flow wp-block-column-is-layout-flow\">\n<h2 class=\"wp-block-heading\">Bolsa con fuelle impresa personalizada Caracter\u00edsticas:<\/h2>\n\n\n\n<ul class=\"wp-block-list\">\n<li><strong>Mayor presencia en las estanter\u00edas con marcas personalizadas<\/strong><br>Nuestra <strong>bolsa de fuelle con impresi\u00f3n personalizada<\/strong> ofrece un atractivo visual de gran impacto gracias a la impresi\u00f3n avanzada en huecograbado, que ayuda a que sus productos de fideos destaquen con colores vivos y detalles n\u00edtidos.<\/li>\n\n\n\n<li><strong>Dise\u00f1o de fuelle extensible para mayor capacidad<\/strong><br>La estructura del fuelle lateral se expande para acomodar vol\u00famenes mayores, haciendo que este <strong>bolsa de fuelle con impresi\u00f3n personalizada<\/strong> ideal para envasar eficazmente fideos instant\u00e1neos, fideos secos y productos alimenticios a granel.<\/li>\n\n\n\n<li><strong>Excelente rendimiento de barrera<\/strong><br>Los materiales laminados multicapa proporcionan una fuerte protecci\u00f3n contra la humedad, el ox\u00edgeno y la luz, lo que garantiza una vida \u00fatil prolongada y preserva la frescura del producto.<\/li>\n\n\n\n<li><strong>Estructura duradera y resistente al desgarro<\/strong><br>Dise\u00f1ada para ser resistente, la bolsa ofrece una alta resistencia a la perforaci\u00f3n y un sellado fiable, evitando fugas o da\u00f1os durante el almacenamiento y el transporte.<\/li>\n\n\n\n<li><strong>Compatible con l\u00edneas de llenado autom\u00e1tico<\/strong><br>Dise\u00f1adas para ser eficientes, estas bolsas pueden integrarse con m\u00e1quinas de envasado autom\u00e1ticas o semiautom\u00e1ticas, mejorando la velocidad de producci\u00f3n y reduciendo los costes de mano de obra.<\/li>\n\n\n\n<li><strong>Materiales y tama\u00f1os personalizables<\/strong><br>Elija entre varias combinaciones de materiales (BOPP\/CPP, PET\/PE, PET\/AL\/PE, etc.) y tama\u00f1os adaptados a sus requisitos espec\u00edficos de producto y mercado.<\/li>\n\n\n\n<li><strong>Funciones opcionales<\/strong><br>A\u00f1ada valor con opciones f\u00e1ciles de usar, como cremalleras resellables, muescas para rasgar, euroagujeros y ventanas transparentes para aumentar la comodidad del consumidor.<\/li>\n\n\n\n<li><strong>Calidad alimentaria y certificada<\/strong><br>Fabricados con materiales seguros y aptos para uso alimentario que cumplen las normas internacionales, aptos para el contacto directo con alimentos y los mercados mundiales de exportaci\u00f3n.<\/li>\n<\/ul>\n<\/div>\n\n\n\n<div class=\"wp-block-column is-layout-flow wp-block-column-is-layout-flow\">\n<figure class=\"wp-block-image size-full\"><img decoding=\"async\" width=\"800\" height=\"800\" src=\"https:\/\/www.zkprintpack.com\/wp-content\/uploads\/2026\/04\/Custom-Printed-Gusset-Pouch-for-Noodles-Packaging.webp\" alt=\"Bolsa con fuelle impresa a medida para el envasado de fideos\" class=\"wp-image-3069\" srcset=\"https:\/\/www.zkprintpack.com\/wp-content\/uploads\/2026\/04\/Custom-Printed-Gusset-Pouch-for-Noodles-Packaging.webp 800w, https:\/\/www.zkprintpack.com\/wp-content\/uploads\/2026\/04\/Custom-Printed-Gusset-Pouch-for-Noodles-Packaging-150x150.webp 150w, https:\/\/www.zkprintpack.com\/wp-content\/uploads\/2026\/04\/Custom-Printed-Gusset-Pouch-for-Noodles-Packaging-768x768.webp 768w, https:\/\/www.zkprintpack.com\/wp-content\/uploads\/2026\/04\/Custom-Printed-Gusset-Pouch-for-Noodles-Packaging-12x12.webp 12w, https:\/\/www.zkprintpack.com\/wp-content\/uploads\/2026\/04\/Custom-Printed-Gusset-Pouch-for-Noodles-Packaging-600x600.webp 600w, https:\/\/www.zkprintpack.com\/wp-content\/uploads\/2026\/04\/Custom-Printed-Gusset-Pouch-for-Noodles-Packaging-300x300.webp 300w, https:\/\/www.zkprintpack.com\/wp-content\/uploads\/2026\/04\/Custom-Printed-Gusset-Pouch-for-Noodles-Packaging-100x100.webp 100w\" sizes=\"(max-width: 800px) 100vw, 800px\" \/><\/figure>\n<\/div>\n<\/div>\n\n\n\n<p><\/p>","protected":false},"excerpt":{"rendered":"<p>Bolsa de fuelle de alta calidad con impresi\u00f3n personalizada para el envasado de fideos. Expansible, duradera y apta para uso alimentario con opciones de impresi\u00f3n personalizadas: un fabricante de envases flexibles de confianza. Solicite un presupuesto hoy mismo.<\/p>\n<h2>Bolsa con fuelle impresa a medida Par\u00e1metros:<\/h2>\n<ul>\n<li><strong>Fabricante:\u00a0<a href=\"https:\/\/www.zkprintpack.com\/es\/\">Embalaje Zhongjia<\/a><\/strong><\/li>\n<li><strong>Material:<\/strong> PET\/PE, PET\/NY\/PE, etc.<\/li>\n<li><strong>Tipo de bolsa<\/strong>: \u00a0<a href=\"https:\/\/www.zkprintpack.com\/es\/custom-gusset-pouch-manufacturer\/\"><strong>Bolsa Guesst<\/strong><\/a><\/li>\n<li><strong>Talla<\/strong>: A medida<\/li>\n<li><strong>Pedido a medida<\/strong>: Aceptamos OEM y ODM<\/li>\n<li><strong>Muestra gratuita<\/strong>: Soporte<\/li>\n<li><strong>Utilizaci\u00f3n<\/strong>: Productos l\u00e1cteos, productos en polvo, aperitivos, etc.<\/li>\n<li><strong>Manipulaci\u00f3n de superficies<\/strong>: Impresi\u00f3n en huecograbado<\/li>\n<li><strong>Color<\/strong>: Personalizable<\/li>\n<li><strong>Mercados destinatarios<\/strong>: En todo el mundo<\/li>\n<\/ul>","protected":false},"featured_media":3069,"comment_status":"closed","ping_status":"closed","template":"","meta":{"_acf_changed":false},"market":[61],"product_brand":[],"product_cat":[54],"product_tag":[],"class_list":{"0":"post-3068","1":"product","2":"type-product","3":"status-publish","4":"has-post-thumbnail","6":"market-snack-packaging-supplier","7":"product_cat-quad-seal-pouch-supplier","9":"first","10":"instock","11":"shipping-taxable","12":"product-type-simple"},"acf":[],"_links":{"self":[{"href":"https:\/\/www.zkprintpack.com\/es\/wp-json\/wp\/v2\/product\/3068","targetHints":{"allow":["GET"]}}],"collection":[{"href":"https:\/\/www.zkprintpack.com\/es\/wp-json\/wp\/v2\/product"}],"about":[{"href":"https:\/\/www.zkprintpack.com\/es\/wp-json\/wp\/v2\/types\/product"}],"replies":[{"embeddable":true,"href":"https:\/\/www.zkprintpack.com\/es\/wp-json\/wp\/v2\/comments?post=3068"}],"wp:featuredmedia":[{"embeddable":true,"href":"https:\/\/www.zkprintpack.com\/es\/wp-json\/wp\/v2\/media\/3069"}],"wp:attachment":[{"href":"https:\/\/www.zkprintpack.com\/es\/wp-json\/wp\/v2\/media?parent=3068"}],"wp:term":[{"taxonomy":"market","embeddable":true,"href":"https:\/\/www.zkprintpack.com\/es\/wp-json\/wp\/v2\/market?post=3068"},{"taxonomy":"product_brand","embeddable":true,"href":"https:\/\/www.zkprintpack.com\/es\/wp-json\/wp\/v2\/product_brand?post=3068"},{"taxonomy":"product_cat","embeddable":true,"href":"https:\/\/www.zkprintpack.com\/es\/wp-json\/wp\/v2\/product_cat?post=3068"},{"taxonomy":"product_tag","embeddable":true,"href":"https:\/\/www.zkprintpack.com\/es\/wp-json\/wp\/v2\/product_tag?post=3068"}],"curies":[{"name":"wp","href":"https:\/\/api.w.org\/{rel}","templated":true}]}}