{"id":3059,"date":"2026-04-23T06:12:31","date_gmt":"2026-04-23T06:12:31","guid":{"rendered":"https:\/\/www.zkprintpack.com\/?post_type=product&#038;p=3059"},"modified":"2026-04-23T06:12:33","modified_gmt":"2026-04-23T06:12:33","slug":"custom-laundry-detergent-pouch-supply","status":"publish","type":"product","link":"https:\/\/www.zkprintpack.com\/es\/product\/custom-laundry-detergent-pouch-supply\/","title":{"rendered":"Bolsa de Detergente Personalizada para Bebe, Mayorista de Bolsas Stand Up"},"content":{"rendered":"<div class=\"wp-block-columns is-layout-flex wp-container-core-columns-is-layout-9d6595d7 wp-block-columns-is-layout-flex\">\n<div class=\"wp-block-column is-layout-flow wp-block-column-is-layout-flow\">\n<h2 class=\"wp-block-heading\">Caracter\u00edsticas de la bolsa personalizada para detergente<\/h2>\n\n\n\n<ul class=\"wp-block-list\">\n<li><strong>Estabilidad aut\u00f3noma:<\/strong> El dise\u00f1o reforzado del fuelle inferior proporciona una presencia superior en las estanter\u00edas, permitiendo que la bolsa se mantenga en pie de forma independiente para una m\u00e1xima visibilidad en el punto de venta.<\/li>\n\n\n\n<li><strong>Ingenier\u00eda resistente a las fugas:<\/strong> Fabricadas para aplicaciones l\u00edquidas, estas bolsas presentan sellos de alta integridad que evitan las fugas y garantizan el transporte seguro de los productos detergentes para ropa.<\/li>\n\n\n\n<li><strong>Personalizaci\u00f3n de marca premium:<\/strong> Como fabricante directo, ofrecemos servicios completos de OEM\/ODM de bolsas de detergente para ropa, lo que le permite adaptar el dise\u00f1o, el tama\u00f1o y la composici\u00f3n del material para satisfacer sus requisitos espec\u00edficos de marca al por mayor.<\/li>\n\n\n\n<li><strong>Perfil de almacenamiento eficiente:<\/strong> En comparaci\u00f3n con las botellas r\u00edgidas tradicionales, nuestras bolsas autoportantes ocupan muy poco espacio, lo que reduce significativamente los costes log\u00edsticos y de almacenamiento para la distribuci\u00f3n a granel.<\/li>\n<\/ul>\n<\/div>\n\n\n\n<div class=\"wp-block-column is-layout-flow wp-block-column-is-layout-flow\">\n<figure class=\"wp-block-image size-full\"><img decoding=\"async\" width=\"800\" height=\"800\" src=\"https:\/\/www.zkprintpack.com\/wp-content\/uploads\/2026\/04\/Custom-Laundry-Detergent-Pouch-Stand-Up-Bag-Packaging.webp\" alt=\"Bolsa personalizada para detergente de lavander\u00eda Stand Up Bag Packaging\" class=\"wp-image-3060\" srcset=\"https:\/\/www.zkprintpack.com\/wp-content\/uploads\/2026\/04\/Custom-Laundry-Detergent-Pouch-Stand-Up-Bag-Packaging.webp 800w, https:\/\/www.zkprintpack.com\/wp-content\/uploads\/2026\/04\/Custom-Laundry-Detergent-Pouch-Stand-Up-Bag-Packaging-150x150.webp 150w, https:\/\/www.zkprintpack.com\/wp-content\/uploads\/2026\/04\/Custom-Laundry-Detergent-Pouch-Stand-Up-Bag-Packaging-768x768.webp 768w, https:\/\/www.zkprintpack.com\/wp-content\/uploads\/2026\/04\/Custom-Laundry-Detergent-Pouch-Stand-Up-Bag-Packaging-12x12.webp 12w, https:\/\/www.zkprintpack.com\/wp-content\/uploads\/2026\/04\/Custom-Laundry-Detergent-Pouch-Stand-Up-Bag-Packaging-600x600.webp 600w, https:\/\/www.zkprintpack.com\/wp-content\/uploads\/2026\/04\/Custom-Laundry-Detergent-Pouch-Stand-Up-Bag-Packaging-300x300.webp 300w, https:\/\/www.zkprintpack.com\/wp-content\/uploads\/2026\/04\/Custom-Laundry-Detergent-Pouch-Stand-Up-Bag-Packaging-100x100.webp 100w\" sizes=\"(max-width: 800px) 100vw, 800px\" \/><\/figure>\n<\/div>\n<\/div>","protected":false},"excerpt":{"rendered":"<p>Zhongjia Printing ofrece al por mayor bolsas de detergente personalizadas para marcas. Dise\u00f1ados teniendo en cuenta tanto la est\u00e9tica como la utilidad, nuestros envases presentan un dise\u00f1o liso de acabado mate que resulta perfecto para una imagen de marca de primera calidad. P\u00f3ngase en contacto con nosotros<\/p>\n<h2>Par\u00e1metros de la bolsa personalizada de detergente para ropa<\/h2>\n<ul>\n<li><strong>Fabricante:<\/strong>\u00a0<a href=\"https:\/\/www.zkprintpack.com\/es\/\">Embalaje Zhongjia<\/a><\/li>\n<li><strong>Material:<\/strong>\u00a0PET\/PE, PET\/NY\/PE, PET\/AL\/NY\/PE, etc.<\/li>\n<li><strong>Tipo de bolsa<\/strong>: <strong>Bolsa Stand Up<\/strong><\/li>\n<li><strong>Talla<\/strong>: A medida<\/li>\n<li><strong>Pedido a medida<\/strong>: Aceptamos OEM y ODM<\/li>\n<li><strong>Muestra gratuita<\/strong>: Soporte<\/li>\n<li><strong>Utilizaci\u00f3n<\/strong>: Detergente, champ\u00fa, l\u00edquidos de cuidado personal y otros<\/li>\n<li><strong>Color<\/strong>: Personalizable<\/li>\n<li><strong>Mercados destinatarios<\/strong>: En todo el mundo<\/li>\n<\/ul>","protected":false},"featured_media":3060,"comment_status":"closed","ping_status":"closed","template":"","meta":{"_acf_changed":false},"market":[51],"product_brand":[],"product_cat":[50],"product_tag":[],"class_list":{"0":"post-3059","1":"product","2":"type-product","3":"status-publish","4":"has-post-thumbnail","6":"market-personal-care-and-cosmetic","7":"product_cat-stand-up-pouches-wholesale","9":"first","10":"instock","11":"shipping-taxable","12":"product-type-simple"},"acf":[],"_links":{"self":[{"href":"https:\/\/www.zkprintpack.com\/es\/wp-json\/wp\/v2\/product\/3059","targetHints":{"allow":["GET"]}}],"collection":[{"href":"https:\/\/www.zkprintpack.com\/es\/wp-json\/wp\/v2\/product"}],"about":[{"href":"https:\/\/www.zkprintpack.com\/es\/wp-json\/wp\/v2\/types\/product"}],"replies":[{"embeddable":true,"href":"https:\/\/www.zkprintpack.com\/es\/wp-json\/wp\/v2\/comments?post=3059"}],"wp:featuredmedia":[{"embeddable":true,"href":"https:\/\/www.zkprintpack.com\/es\/wp-json\/wp\/v2\/media\/3060"}],"wp:attachment":[{"href":"https:\/\/www.zkprintpack.com\/es\/wp-json\/wp\/v2\/media?parent=3059"}],"wp:term":[{"taxonomy":"market","embeddable":true,"href":"https:\/\/www.zkprintpack.com\/es\/wp-json\/wp\/v2\/market?post=3059"},{"taxonomy":"product_brand","embeddable":true,"href":"https:\/\/www.zkprintpack.com\/es\/wp-json\/wp\/v2\/product_brand?post=3059"},{"taxonomy":"product_cat","embeddable":true,"href":"https:\/\/www.zkprintpack.com\/es\/wp-json\/wp\/v2\/product_cat?post=3059"},{"taxonomy":"product_tag","embeddable":true,"href":"https:\/\/www.zkprintpack.com\/es\/wp-json\/wp\/v2\/product_tag?post=3059"}],"curies":[{"name":"wp","href":"https:\/\/api.w.org\/{rel}","templated":true}]}}