{"id":3053,"date":"2026-04-23T06:44:22","date_gmt":"2026-04-23T06:44:22","guid":{"rendered":"https:\/\/www.zkprintpack.com\/?post_type=product&#038;p=3053"},"modified":"2026-04-23T06:44:24","modified_gmt":"2026-04-23T06:44:24","slug":"custom-bread-packaging-bag-pouch","status":"publish","type":"product","link":"https:\/\/www.zkprintpack.com\/es\/product\/custom-bread-packaging-bag-pouch\/","title":{"rendered":"F\u00e1brica de bolsas a medida para pan"},"content":{"rendered":"<div class=\"wp-block-columns is-layout-flex wp-container-core-columns-is-layout-9d6595d7 wp-block-columns-is-layout-flex\">\n<div class=\"wp-block-column is-layout-flow wp-block-column-is-layout-flow\">\n<h2 class=\"wp-block-heading\">Caracter\u00edsticas de las bolsas personalizadas para pan<\/h2>\n\n\n\n<ul class=\"wp-block-list\">\n<li><strong>Protecci\u00f3n de barrera premium:<\/strong> Fabricadas con materiales seguros para los alimentos, estas bolsas ofrecen una s\u00f3lida barrera contra la humedad y el aire, esencial para mantener la frescura de los productos de panader\u00eda.<\/li>\n\n\n\n<li><strong>Marca de alta definici\u00f3n:<\/strong> Nuestras avanzadas capacidades de impresi\u00f3n permiten obtener gr\u00e1ficos personalizados vivos y de alta resoluci\u00f3n que comunican eficazmente la calidad de su marca a los consumidores.<\/li>\n\n\n\n<li><strong>Personalizaci\u00f3n flexible (OEM\/ODM):<\/strong> Ofrecemos servicios integrales de OEM\/ODM, incluidas composiciones de materiales y tama\u00f1os a medida, adaptados a sus requisitos espec\u00edficos de venta al por mayor.<\/li>\n\n\n\n<li><strong>Eficiencia del suministro a granel:<\/strong> Como proveedor experimentado de envases flexibles, estamos equipados para gestionar pedidos a gran escala con un control de calidad constante y plazos de entrega fiables para su red de distribuci\u00f3n.<\/li>\n<\/ul>\n<\/div>\n\n\n\n<div class=\"wp-block-column is-layout-flow wp-block-column-is-layout-flow\">\n<figure class=\"wp-block-image size-full\"><img decoding=\"async\" width=\"800\" height=\"800\" src=\"https:\/\/www.zkprintpack.com\/wp-content\/uploads\/2026\/04\/Custom-Bread-Packaging-Bag-Stand-Up-Pouch-Supplier.webp\" alt=\"Proveedor de bolsas para pan personalizadas Stand Up Pouch\" class=\"wp-image-3054\" srcset=\"https:\/\/www.zkprintpack.com\/wp-content\/uploads\/2026\/04\/Custom-Bread-Packaging-Bag-Stand-Up-Pouch-Supplier.webp 800w, https:\/\/www.zkprintpack.com\/wp-content\/uploads\/2026\/04\/Custom-Bread-Packaging-Bag-Stand-Up-Pouch-Supplier-150x150.webp 150w, https:\/\/www.zkprintpack.com\/wp-content\/uploads\/2026\/04\/Custom-Bread-Packaging-Bag-Stand-Up-Pouch-Supplier-768x768.webp 768w, https:\/\/www.zkprintpack.com\/wp-content\/uploads\/2026\/04\/Custom-Bread-Packaging-Bag-Stand-Up-Pouch-Supplier-12x12.webp 12w, https:\/\/www.zkprintpack.com\/wp-content\/uploads\/2026\/04\/Custom-Bread-Packaging-Bag-Stand-Up-Pouch-Supplier-600x600.webp 600w, https:\/\/www.zkprintpack.com\/wp-content\/uploads\/2026\/04\/Custom-Bread-Packaging-Bag-Stand-Up-Pouch-Supplier-300x300.webp 300w, https:\/\/www.zkprintpack.com\/wp-content\/uploads\/2026\/04\/Custom-Bread-Packaging-Bag-Stand-Up-Pouch-Supplier-100x100.webp 100w\" sizes=\"(max-width: 800px) 100vw, 800px\" \/><\/figure>\n<\/div>\n<\/div>","protected":false},"excerpt":{"rendered":"<p>Venta al por mayor de bolsas personalizadas para envasado de pan. Nuestras bolsas est\u00e1n fabricadas con materiales seguros para los alimentos y de alta barrera que protegen contra la humedad y los contaminantes ambientales, lo cual es fundamental para mantener la textura y la calidad del pan y los productos de panader\u00eda. P\u00f3ngase en contacto con nosotros<\/p>\n<h2>Par\u00e1metros de las bolsas a medida para pan<\/h2>\n<ul>\n<li><strong>Fabricante:<\/strong>\u00a0<a href=\"https:\/\/www.zkprintpack.com\/es\/\">Embalaje Zhongjia<\/a><\/li>\n<li><strong>Material:<\/strong>\u00a0PET\/PE, PET\/NY\/PE, PET\/AL\/NY\/PE, etc.<\/li>\n<li><strong>Tipo de bolsa<\/strong>: <strong>Bolsa Stand Up<\/strong><\/li>\n<li><strong>Talla<\/strong>: A medida<\/li>\n<li><strong>Pedido a medida<\/strong>: Aceptamos OEM y ODM<\/li>\n<li><strong>Muestra gratuita<\/strong>: Soporte<\/li>\n<li><strong>Utilizaci\u00f3n<\/strong>: Pan, bocadillos y otros<\/li>\n<li><strong>Color<\/strong>: Personalizable<\/li>\n<li><strong>Mercados destinatarios<\/strong>: En todo el mundo<\/li>\n<\/ul>","protected":false},"featured_media":3054,"comment_status":"closed","ping_status":"closed","template":"","meta":{"_acf_changed":false},"market":[61],"product_brand":[],"product_cat":[50],"product_tag":[],"class_list":{"0":"post-3053","1":"product","2":"type-product","3":"status-publish","4":"has-post-thumbnail","6":"market-snack-packaging-supplier","7":"product_cat-stand-up-pouches-wholesale","9":"first","10":"instock","11":"shipping-taxable","12":"product-type-simple"},"acf":[],"_links":{"self":[{"href":"https:\/\/www.zkprintpack.com\/es\/wp-json\/wp\/v2\/product\/3053","targetHints":{"allow":["GET"]}}],"collection":[{"href":"https:\/\/www.zkprintpack.com\/es\/wp-json\/wp\/v2\/product"}],"about":[{"href":"https:\/\/www.zkprintpack.com\/es\/wp-json\/wp\/v2\/types\/product"}],"replies":[{"embeddable":true,"href":"https:\/\/www.zkprintpack.com\/es\/wp-json\/wp\/v2\/comments?post=3053"}],"wp:featuredmedia":[{"embeddable":true,"href":"https:\/\/www.zkprintpack.com\/es\/wp-json\/wp\/v2\/media\/3054"}],"wp:attachment":[{"href":"https:\/\/www.zkprintpack.com\/es\/wp-json\/wp\/v2\/media?parent=3053"}],"wp:term":[{"taxonomy":"market","embeddable":true,"href":"https:\/\/www.zkprintpack.com\/es\/wp-json\/wp\/v2\/market?post=3053"},{"taxonomy":"product_brand","embeddable":true,"href":"https:\/\/www.zkprintpack.com\/es\/wp-json\/wp\/v2\/product_brand?post=3053"},{"taxonomy":"product_cat","embeddable":true,"href":"https:\/\/www.zkprintpack.com\/es\/wp-json\/wp\/v2\/product_cat?post=3053"},{"taxonomy":"product_tag","embeddable":true,"href":"https:\/\/www.zkprintpack.com\/es\/wp-json\/wp\/v2\/product_tag?post=3053"}],"curies":[{"name":"wp","href":"https:\/\/api.w.org\/{rel}","templated":true}]}}