{"id":3046,"date":"2026-04-23T06:48:08","date_gmt":"2026-04-23T06:48:08","guid":{"rendered":"https:\/\/www.zkprintpack.com\/?post_type=product&#038;p=3046"},"modified":"2026-04-23T06:48:10","modified_gmt":"2026-04-23T06:48:10","slug":"custom-shampoo-sachet-roll-stock","status":"publish","type":"product","link":"https:\/\/www.zkprintpack.com\/es\/product\/custom-shampoo-sachet-roll-stock\/","title":{"rendered":"Pel\u00edcula en rollo a medida para el envasado de l\u00edquidos de cuidado personal"},"content":{"rendered":"<div class=\"wp-block-columns is-layout-flex wp-container-core-columns-is-layout-9d6595d7 wp-block-columns-is-layout-flex\">\n<div class=\"wp-block-column is-layout-flow wp-block-column-is-layout-flow\">\n<h2 class=\"wp-block-heading\">Caracter\u00edsticas del rollo de champ\u00fa personalizado<\/h2>\n\n\n\n<ul class=\"wp-block-list\">\n<li><strong>Optimizado para la automatizaci\u00f3n:<\/strong> Nuestra pel\u00edcula en rollo para el cuidado personal est\u00e1 dise\u00f1ada espec\u00edficamente para m\u00e1quinas automatizadas de alta velocidad de formado, llenado y sellado, lo que garantiza una integraci\u00f3n perfecta en sus l\u00edneas de producci\u00f3n existentes.<\/li>\n\n\n\n<li><strong>Calidad de impresi\u00f3n superior:<\/strong> Utilizamos tecnolog\u00edas de impresi\u00f3n avanzadas para ofrecer gr\u00e1ficos vibrantes y de alta definici\u00f3n que mejoran el reconocimiento de la marca y el atractivo para el consumidor.<\/li>\n\n\n\n<li><strong>Protecci\u00f3n de barrera excepcional:<\/strong> Cada pel\u00edcula est\u00e1 construida para proporcionar una barrera fiable contra la humedad y el aire, manteniendo la integridad de la formulaci\u00f3n y la vida \u00fatil del contenido l\u00edquido.<\/li>\n\n\n\n<li><strong>Personalizaci\u00f3n completa (OEM\/ODM):<\/strong> Como fabricante directo de pel\u00edculas en rollo, ofrecemos un servicio completo de personalizaci\u00f3n de la anchura del rollo, el grosor de la pel\u00edcula y dise\u00f1os gr\u00e1ficos personalizados para satisfacer sus necesidades operativas espec\u00edficas.<\/li>\n<\/ul>\n<\/div>\n\n\n\n<div class=\"wp-block-column is-layout-flow wp-block-column-is-layout-flow\">\n<figure class=\"wp-block-image size-full\"><img decoding=\"async\" width=\"800\" height=\"800\" src=\"https:\/\/www.zkprintpack.com\/wp-content\/uploads\/2026\/04\/Custom-Shampoo-Sachet-Roll-Stock-Film-3.webp\" alt=\"Pel\u00edcula en rollo para bolsitas de champ\u00fa personalizadas (3)\" class=\"wp-image-3052\" srcset=\"https:\/\/www.zkprintpack.com\/wp-content\/uploads\/2026\/04\/Custom-Shampoo-Sachet-Roll-Stock-Film-3.webp 800w, https:\/\/www.zkprintpack.com\/wp-content\/uploads\/2026\/04\/Custom-Shampoo-Sachet-Roll-Stock-Film-3-150x150.webp 150w, https:\/\/www.zkprintpack.com\/wp-content\/uploads\/2026\/04\/Custom-Shampoo-Sachet-Roll-Stock-Film-3-768x768.webp 768w, https:\/\/www.zkprintpack.com\/wp-content\/uploads\/2026\/04\/Custom-Shampoo-Sachet-Roll-Stock-Film-3-12x12.webp 12w, https:\/\/www.zkprintpack.com\/wp-content\/uploads\/2026\/04\/Custom-Shampoo-Sachet-Roll-Stock-Film-3-600x600.webp 600w, https:\/\/www.zkprintpack.com\/wp-content\/uploads\/2026\/04\/Custom-Shampoo-Sachet-Roll-Stock-Film-3-300x300.webp 300w, https:\/\/www.zkprintpack.com\/wp-content\/uploads\/2026\/04\/Custom-Shampoo-Sachet-Roll-Stock-Film-3-100x100.webp 100w\" sizes=\"(max-width: 800px) 100vw, 800px\" \/><\/figure>\n<\/div>\n<\/div>\n\n\n\n<p><\/p>","protected":false},"excerpt":{"rendered":"<p>Stock al por mayor de bolsitas de champ\u00fa personalizadas. Esta soluci\u00f3n es ideal para champ\u00fas, acondicionadores u otros productos de belleza l\u00edquidos. Tambi\u00e9n est\u00e1 dise\u00f1ada espec\u00edficamente para m\u00e1quinas de llenado autom\u00e1tico de bolsitas de alta velocidad. P\u00f3ngase en contacto con nosotros<\/p>\n<h2>Par\u00e1metros de las bolsas de champ\u00fa en rollo a medida<\/h2>\n<ul>\n<li><strong>Fabricante:\u00a0<a href=\"https:\/\/www.zkprintpack.com\/es\/\">Embalaje Zhongjia<\/a><\/strong><\/li>\n<li><strong>Material:<\/strong>\u00a0PET\/PE, PET\/NY\/PE, PET\/AL\/NY\/PE, etc.<\/li>\n<li><strong>Tipo de bolsa<\/strong>: <strong>Pel\u00edcula en rollo<\/strong><\/li>\n<li><strong>Talla<\/strong>: A medida<\/li>\n<li><strong>Pedido a medida<\/strong>: Aceptamos OEM y ODM<\/li>\n<li><strong>Muestra gratuita<\/strong>: Soporte<\/li>\n<li><strong>Utilizaci\u00f3n<\/strong>: Champ\u00fa, l\u00edquidos de cuidado personal y otros productos<\/li>\n<li><strong>Color<\/strong>: Personalizable<\/li>\n<li><strong>Mercados destinatarios<\/strong>: En todo el mundo<\/li>\n<\/ul>","protected":false},"featured_media":3050,"comment_status":"closed","ping_status":"closed","template":"","meta":{"_acf_changed":false},"market":[51],"product_brand":[],"product_cat":[57],"product_tag":[],"class_list":{"0":"post-3046","1":"product","2":"type-product","3":"status-publish","4":"has-post-thumbnail","6":"market-personal-care-and-cosmetic","7":"product_cat-rollstock-film-supplier","9":"first","10":"instock","11":"shipping-taxable","12":"product-type-simple"},"acf":[],"_links":{"self":[{"href":"https:\/\/www.zkprintpack.com\/es\/wp-json\/wp\/v2\/product\/3046","targetHints":{"allow":["GET"]}}],"collection":[{"href":"https:\/\/www.zkprintpack.com\/es\/wp-json\/wp\/v2\/product"}],"about":[{"href":"https:\/\/www.zkprintpack.com\/es\/wp-json\/wp\/v2\/types\/product"}],"replies":[{"embeddable":true,"href":"https:\/\/www.zkprintpack.com\/es\/wp-json\/wp\/v2\/comments?post=3046"}],"wp:featuredmedia":[{"embeddable":true,"href":"https:\/\/www.zkprintpack.com\/es\/wp-json\/wp\/v2\/media\/3050"}],"wp:attachment":[{"href":"https:\/\/www.zkprintpack.com\/es\/wp-json\/wp\/v2\/media?parent=3046"}],"wp:term":[{"taxonomy":"market","embeddable":true,"href":"https:\/\/www.zkprintpack.com\/es\/wp-json\/wp\/v2\/market?post=3046"},{"taxonomy":"product_brand","embeddable":true,"href":"https:\/\/www.zkprintpack.com\/es\/wp-json\/wp\/v2\/product_brand?post=3046"},{"taxonomy":"product_cat","embeddable":true,"href":"https:\/\/www.zkprintpack.com\/es\/wp-json\/wp\/v2\/product_cat?post=3046"},{"taxonomy":"product_tag","embeddable":true,"href":"https:\/\/www.zkprintpack.com\/es\/wp-json\/wp\/v2\/product_tag?post=3046"}],"curies":[{"name":"wp","href":"https:\/\/api.w.org\/{rel}","templated":true}]}}