{"id":3044,"date":"2026-04-23T03:56:45","date_gmt":"2026-04-23T03:56:45","guid":{"rendered":"https:\/\/www.zkprintpack.com\/?post_type=product&#038;p=3044"},"modified":"2026-04-23T03:56:47","modified_gmt":"2026-04-23T03:56:47","slug":"custom-printed-flat-pouch-wholesale","status":"publish","type":"product","link":"https:\/\/www.zkprintpack.com\/es\/product\/custom-printed-flat-pouch-wholesale\/","title":{"rendered":"Bolsa Plana Impresa al por Mayor, Suministro Bolsa para Alimentos con Ventana Transparente"},"content":{"rendered":"<div class=\"wp-block-columns is-layout-flex wp-container-core-columns-is-layout-9d6595d7 wp-block-columns-is-layout-flex\">\n<div class=\"wp-block-column is-layout-flow wp-block-column-is-layout-flow\">\n<h2 class=\"wp-block-heading\">Funda plana con impresi\u00f3n personalizada Caracter\u00edsticas<\/h2>\n\n\n\n<ul class=\"wp-block-list\">\n<li><strong>Impresi\u00f3n personalizada de gran impacto:<\/strong> Nuestras avanzadas capacidades de impresi\u00f3n con tinta al agua permiten obtener gr\u00e1ficos n\u00edtidos y vibrantes que captan eficazmente la atenci\u00f3n del consumidor y refuerzan la identidad de su marca en las estanter\u00edas de los comercios.<\/li>\n\n\n\n<li><strong>Dise\u00f1o eficiente del espacio:<\/strong> El perfil plano de la bolsa est\u00e1 dise\u00f1ado para optimizar el almacenamiento y la eficiencia del transporte, reduciendo los costes de env\u00edo para la distribuci\u00f3n mayorista.<\/li>\n\n\n\n<li><strong>Aplicaci\u00f3n alimentaria vers\u00e1til:<\/strong> Estas bolsas proporcionan un entorno seguro y apto para alimentos, ideal para envasar una amplia gama de productos secos, aperitivos especiales y alimentos en polvo.<\/li>\n\n\n\n<li><strong>Personalizaci\u00f3n completa (OEM\/ODM):<\/strong> Como proveedores experimentados de bolsas planas impresas a medida, ofrecemos servicios de personalizaci\u00f3n integrales, que incluyen el dimensionamiento a medida, la selecci\u00f3n de materiales y la integraci\u00f3n de dise\u00f1os exclusivos para su marca.<\/li>\n<\/ul>\n<\/div>\n\n\n\n<div class=\"wp-block-column is-layout-flow wp-block-column-is-layout-flow\">\n<figure class=\"wp-block-image size-full\"><img decoding=\"async\" width=\"800\" height=\"800\" src=\"https:\/\/www.zkprintpack.com\/wp-content\/uploads\/2026\/04\/custom-printed-flat-pouch-for-food.webp\" alt=\"bolsa plana para alimentos con impresi\u00f3n personalizada\" class=\"wp-image-3045\" srcset=\"https:\/\/www.zkprintpack.com\/wp-content\/uploads\/2026\/04\/custom-printed-flat-pouch-for-food.webp 800w, https:\/\/www.zkprintpack.com\/wp-content\/uploads\/2026\/04\/custom-printed-flat-pouch-for-food-150x150.webp 150w, https:\/\/www.zkprintpack.com\/wp-content\/uploads\/2026\/04\/custom-printed-flat-pouch-for-food-768x768.webp 768w, https:\/\/www.zkprintpack.com\/wp-content\/uploads\/2026\/04\/custom-printed-flat-pouch-for-food-12x12.webp 12w, https:\/\/www.zkprintpack.com\/wp-content\/uploads\/2026\/04\/custom-printed-flat-pouch-for-food-600x600.webp 600w, https:\/\/www.zkprintpack.com\/wp-content\/uploads\/2026\/04\/custom-printed-flat-pouch-for-food-300x300.webp 300w, https:\/\/www.zkprintpack.com\/wp-content\/uploads\/2026\/04\/custom-printed-flat-pouch-for-food-100x100.webp 100w\" sizes=\"(max-width: 800px) 100vw, 800px\" \/><\/figure>\n<\/div>\n<\/div>\n\n\n\n<p><\/p>","protected":false},"excerpt":{"rendered":"<p>Bolsa plana impresa personalizada al por mayor. Dise\u00f1adas para ser vers\u00e1tiles y estar listas para su uso, estas bolsas ofrecen una est\u00e9tica limpia y profesional que ayuda a su marca a destacar en un entorno minorista competitivo. P\u00f3ngase en contacto con nosotros<\/p>\n<h2>Par\u00e1metros de la bolsa plana impresa a medida<\/h2>\n<ul>\n<li><strong>Fabricante: <span style=\"color: #ff0000;\"><a style=\"color: #ff0000;\" href=\"https:\/\/www.zkprintpack.com\/es\/\">Embalaje Zhongjia<\/a><\/span><\/strong><\/li>\n<li><strong>Material:<\/strong>\u00a0PET\/PE, PET\/NY\/PE, PET\/AL\/NY\/PE, etc.<\/li>\n<li><strong>Tipo de bolsa<\/strong>: <strong>Bolsa plana<\/strong><\/li>\n<li><strong>Talla<\/strong>: A medida<\/li>\n<li><strong>Pedido a medida<\/strong>: Aceptamos OEM y ODM<\/li>\n<li><strong>Muestra gratuita<\/strong>: Soporte<\/li>\n<li><strong>Utilizaci\u00f3n<\/strong>alimentos, cocina medicinal y otros<\/li>\n<li><strong>Color<\/strong>: Personalizable<\/li>\n<li><strong>Mercados destinatarios<\/strong>: En todo el mundo<\/li>\n<\/ul>","protected":false},"featured_media":3045,"comment_status":"closed","ping_status":"closed","template":"","meta":{"_acf_changed":false},"market":[61],"product_brand":[],"product_cat":[67,53],"product_tag":[],"class_list":{"0":"post-3044","1":"product","2":"type-product","3":"status-publish","4":"has-post-thumbnail","6":"market-snack-packaging-supplier","7":"product_cat-custom-flat-pouch","8":"product_cat-three-side-seal-pouch-wholesale","10":"first","11":"instock","12":"shipping-taxable","13":"product-type-simple"},"acf":[],"_links":{"self":[{"href":"https:\/\/www.zkprintpack.com\/es\/wp-json\/wp\/v2\/product\/3044","targetHints":{"allow":["GET"]}}],"collection":[{"href":"https:\/\/www.zkprintpack.com\/es\/wp-json\/wp\/v2\/product"}],"about":[{"href":"https:\/\/www.zkprintpack.com\/es\/wp-json\/wp\/v2\/types\/product"}],"replies":[{"embeddable":true,"href":"https:\/\/www.zkprintpack.com\/es\/wp-json\/wp\/v2\/comments?post=3044"}],"wp:featuredmedia":[{"embeddable":true,"href":"https:\/\/www.zkprintpack.com\/es\/wp-json\/wp\/v2\/media\/3045"}],"wp:attachment":[{"href":"https:\/\/www.zkprintpack.com\/es\/wp-json\/wp\/v2\/media?parent=3044"}],"wp:term":[{"taxonomy":"market","embeddable":true,"href":"https:\/\/www.zkprintpack.com\/es\/wp-json\/wp\/v2\/market?post=3044"},{"taxonomy":"product_brand","embeddable":true,"href":"https:\/\/www.zkprintpack.com\/es\/wp-json\/wp\/v2\/product_brand?post=3044"},{"taxonomy":"product_cat","embeddable":true,"href":"https:\/\/www.zkprintpack.com\/es\/wp-json\/wp\/v2\/product_cat?post=3044"},{"taxonomy":"product_tag","embeddable":true,"href":"https:\/\/www.zkprintpack.com\/es\/wp-json\/wp\/v2\/product_tag?post=3044"}],"curies":[{"name":"wp","href":"https:\/\/api.w.org\/{rel}","templated":true}]}}