{"id":3017,"date":"2026-04-17T03:22:54","date_gmt":"2026-04-17T03:22:54","guid":{"rendered":"https:\/\/www.zkprintpack.com\/?post_type=product&#038;p=3017"},"modified":"2026-04-17T03:22:56","modified_gmt":"2026-04-17T03:22:56","slug":"custom-condom-packaging-film-supply","status":"publish","type":"product","link":"https:\/\/www.zkprintpack.com\/es\/product\/custom-condom-packaging-film-supply\/","title":{"rendered":"Pel\u00edcula de embalaje de preservativos al por mayor - alta barrera, grado m\u00e9dico"},"content":{"rendered":"<div class=\"wp-block-columns is-layout-flex wp-container-core-columns-is-layout-9d6595d7 wp-block-columns-is-layout-flex\">\n<div class=\"wp-block-column is-layout-flow wp-block-column-is-layout-flow\">\n<h2 class=\"wp-block-heading\">Film para envasado de preservativos a medida Caracter\u00edsticas<\/h2>\n\n\n\n<ul class=\"wp-block-list\">\n<li><strong>Protecci\u00f3n de barrera herm\u00e9tica absoluta: <\/strong>El envase ofrece un sellado herm\u00e9tico 100% para bloquear el ox\u00edgeno, la humedad y la contaminaci\u00f3n microbiana. Esto es fundamental para mantener la estabilidad del l\u00e1tex, la integridad del lubricante y la seguridad general del producto durante toda su vida \u00fatil.<\/li>\n\n\n\n<li><strong>Compatibilidad con materiales de grado m\u00e9dico: <\/strong>Todas las capas del envase est\u00e1n dise\u00f1adas para ser totalmente compatibles con el l\u00e1tex, el aceite de silicona y los aditivos funcionales. Garantiza que no se produzcan migraciones o interacciones perjudiciales que puedan comprometer el rendimiento del producto o la seguridad del usuario.<\/li>\n\n\n\n<li><strong>Alta resistencia a la perforaci\u00f3n para una protecci\u00f3n real: <\/strong>La estructura est\u00e1 reforzada para resistir la perforaci\u00f3n y la abrasi\u00f3n de objetos externos como llaves o monedas. Esto garantiza la integridad del producto durante el transporte, el almacenamiento y el transporte diario.<\/li>\n\n\n\n<li><strong>Personalizaci\u00f3n completa OEM\/ODM para identidad de marca:<\/strong> Los compradores B2B pueden adaptar las dimensiones de la l\u00e1mina, los efectos met\u00e1licos y la composici\u00f3n del material para satisfacer las demandas espec\u00edficas del mercado y los requisitos t\u00e9cnicos del hardware.<\/li>\n<\/ul>\n<\/div>\n\n\n\n<div class=\"wp-block-column is-layout-flow wp-block-column-is-layout-flow\">\n<figure class=\"wp-block-image size-full\"><img decoding=\"async\" width=\"800\" height=\"800\" src=\"https:\/\/www.zkprintpack.com\/wp-content\/uploads\/2026\/04\/Custom-Condom-Packaging-Film-1.webp\" alt=\"Film para envasado de preservativos a medida (1)\" class=\"wp-image-3018\" srcset=\"https:\/\/www.zkprintpack.com\/wp-content\/uploads\/2026\/04\/Custom-Condom-Packaging-Film-1.webp 800w, https:\/\/www.zkprintpack.com\/wp-content\/uploads\/2026\/04\/Custom-Condom-Packaging-Film-1-150x150.webp 150w, https:\/\/www.zkprintpack.com\/wp-content\/uploads\/2026\/04\/Custom-Condom-Packaging-Film-1-768x768.webp 768w, https:\/\/www.zkprintpack.com\/wp-content\/uploads\/2026\/04\/Custom-Condom-Packaging-Film-1-12x12.webp 12w, https:\/\/www.zkprintpack.com\/wp-content\/uploads\/2026\/04\/Custom-Condom-Packaging-Film-1-600x600.webp 600w, https:\/\/www.zkprintpack.com\/wp-content\/uploads\/2026\/04\/Custom-Condom-Packaging-Film-1-300x300.webp 300w, https:\/\/www.zkprintpack.com\/wp-content\/uploads\/2026\/04\/Custom-Condom-Packaging-Film-1-100x100.webp 100w\" sizes=\"(max-width: 800px) 100vw, 800px\" \/><\/figure>\n<\/div>\n<\/div>\n\n\n\n<p><\/p>","protected":false},"excerpt":{"rendered":"<p>Suministro al por mayor de pel\u00edcula para envasado de preservativos a medida. Nuestros rollos de pel\u00edcula est\u00e1n dise\u00f1ados espec\u00edficamente para l\u00edneas de envasado de sellado cuatrilateral automatizadas de alta velocidad, garantizando el m\u00e1ximo rendimiento y eficiencia operativa. \u00a1Obtenga su presupuesto ahora!<\/p>\n<h2>Par\u00e1metros de la pel\u00edcula para embalaje de preservativos a medida<\/h2>\n<ul>\n<li><strong>Material:<\/strong>\u00a0PET\/PE, PET\/NY\/PE, PET\/AL\/NY\/PE, etc.<\/li>\n<li><strong>Tipo de bolsa<\/strong>: <strong>Pel\u00edcula en rollo<\/strong><\/li>\n<li><strong>Talla<\/strong>: A medida<\/li>\n<li><strong>Pedido a medida<\/strong>: Aceptamos OEM y ODM<\/li>\n<li><strong>Muestra gratuita<\/strong>: Soporte<\/li>\n<li><strong>Utilizaci\u00f3n<\/strong>: Preservativos y otros<\/li>\n<li><strong>Color<\/strong>: Personalizable<\/li>\n<li><strong>Mercados destinatarios<\/strong>: En todo el mundo<\/li>\n<\/ul>","protected":false},"featured_media":3018,"comment_status":"closed","ping_status":"closed","template":"","meta":{"_acf_changed":false},"market":[51],"product_brand":[],"product_cat":[57],"product_tag":[],"class_list":{"0":"post-3017","1":"product","2":"type-product","3":"status-publish","4":"has-post-thumbnail","6":"market-personal-care-and-cosmetic","7":"product_cat-rollstock-film-supplier","9":"first","10":"instock","11":"shipping-taxable","12":"product-type-simple"},"acf":[],"_links":{"self":[{"href":"https:\/\/www.zkprintpack.com\/es\/wp-json\/wp\/v2\/product\/3017","targetHints":{"allow":["GET"]}}],"collection":[{"href":"https:\/\/www.zkprintpack.com\/es\/wp-json\/wp\/v2\/product"}],"about":[{"href":"https:\/\/www.zkprintpack.com\/es\/wp-json\/wp\/v2\/types\/product"}],"replies":[{"embeddable":true,"href":"https:\/\/www.zkprintpack.com\/es\/wp-json\/wp\/v2\/comments?post=3017"}],"wp:featuredmedia":[{"embeddable":true,"href":"https:\/\/www.zkprintpack.com\/es\/wp-json\/wp\/v2\/media\/3018"}],"wp:attachment":[{"href":"https:\/\/www.zkprintpack.com\/es\/wp-json\/wp\/v2\/media?parent=3017"}],"wp:term":[{"taxonomy":"market","embeddable":true,"href":"https:\/\/www.zkprintpack.com\/es\/wp-json\/wp\/v2\/market?post=3017"},{"taxonomy":"product_brand","embeddable":true,"href":"https:\/\/www.zkprintpack.com\/es\/wp-json\/wp\/v2\/product_brand?post=3017"},{"taxonomy":"product_cat","embeddable":true,"href":"https:\/\/www.zkprintpack.com\/es\/wp-json\/wp\/v2\/product_cat?post=3017"},{"taxonomy":"product_tag","embeddable":true,"href":"https:\/\/www.zkprintpack.com\/es\/wp-json\/wp\/v2\/product_tag?post=3017"}],"curies":[{"name":"wp","href":"https:\/\/api.w.org\/{rel}","templated":true}]}}