{"id":3014,"date":"2026-04-17T03:27:55","date_gmt":"2026-04-17T03:27:55","guid":{"rendered":"https:\/\/www.zkprintpack.com\/?post_type=product&#038;p=3014"},"modified":"2026-04-17T03:27:57","modified_gmt":"2026-04-17T03:27:57","slug":"custom-condom-foil-laminate-film","status":"publish","type":"product","link":"https:\/\/www.zkprintpack.com\/es\/product\/custom-condom-foil-laminate-film\/","title":{"rendered":"Preservativo Impreso Personalizado L\u00e1mina Laminada Suministro al por mayor - Rollstock Film Suministro del fabricante"},"content":{"rendered":"<div class=\"wp-block-columns is-layout-flex wp-container-core-columns-is-layout-9d6595d7 wp-block-columns-is-layout-flex\">\n<div class=\"wp-block-column is-layout-flow wp-block-column-is-layout-flow\">\n<h2 class=\"wp-block-heading\">Pel\u00edcula laminada para preservativos con impresi\u00f3n personalizada Caracter\u00edsticas<\/h2>\n\n\n\n<ul class=\"wp-block-list\">\n<li><strong>Control de calidad y fiabilidad de grado m\u00e9dico:<\/strong> Como fabricantes directos de rollos de pel\u00edcula, nos adherimos a estrictos protocolos de producci\u00f3n para garantizar que cada rollo cumpla las normas de higiene y durabilidad exigidas para los productos sensibles de cuidado personal.<\/li>\n\n\n\n<li><strong>Laminaci\u00f3n de l\u00e1mina de alta barrera para una m\u00e1xima protecci\u00f3n:<\/strong> Nuestra estructura de papel de aluminio multicapa proporciona una barrera absoluta contra la luz, la humedad y el ox\u00edgeno para garantizar la seguridad del producto y la estabilidad de su vida \u00fatil.<\/li>\n\n\n\n<li><strong>Optimizado para maquinaria automatizada de alta velocidad:<\/strong> Estas bobinas de film est\u00e1n dise\u00f1adas para ofrecer excelentes propiedades de deslizamiento y un termosellado uniforme, lo que permite una producci\u00f3n de alta eficiencia en l\u00edneas automatizadas de sellado por los cuatro lados.<\/li>\n\n\n\n<li><strong>Personalizaci\u00f3n completa OEM\/ODM para identidad de marca:<\/strong> Los compradores B2B pueden adaptar las dimensiones de la l\u00e1mina, los efectos met\u00e1licos y la composici\u00f3n del material para satisfacer las demandas espec\u00edficas del mercado y los requisitos t\u00e9cnicos del hardware.<\/li>\n<\/ul>\n<\/div>\n\n\n\n<div class=\"wp-block-column is-layout-flow wp-block-column-is-layout-flow\">\n<figure class=\"wp-block-image size-full\"><img decoding=\"async\" width=\"800\" height=\"800\" src=\"https:\/\/www.zkprintpack.com\/wp-content\/uploads\/2026\/04\/Custom-Condom-Foil-Laminate-Film-2.webp\" alt=\"Pel\u00edcula laminada personalizada para preservativos (2)\" class=\"wp-image-3016\" srcset=\"https:\/\/www.zkprintpack.com\/wp-content\/uploads\/2026\/04\/Custom-Condom-Foil-Laminate-Film-2.webp 800w, https:\/\/www.zkprintpack.com\/wp-content\/uploads\/2026\/04\/Custom-Condom-Foil-Laminate-Film-2-150x150.webp 150w, https:\/\/www.zkprintpack.com\/wp-content\/uploads\/2026\/04\/Custom-Condom-Foil-Laminate-Film-2-768x768.webp 768w, https:\/\/www.zkprintpack.com\/wp-content\/uploads\/2026\/04\/Custom-Condom-Foil-Laminate-Film-2-12x12.webp 12w, https:\/\/www.zkprintpack.com\/wp-content\/uploads\/2026\/04\/Custom-Condom-Foil-Laminate-Film-2-600x600.webp 600w, https:\/\/www.zkprintpack.com\/wp-content\/uploads\/2026\/04\/Custom-Condom-Foil-Laminate-Film-2-300x300.webp 300w, https:\/\/www.zkprintpack.com\/wp-content\/uploads\/2026\/04\/Custom-Condom-Foil-Laminate-Film-2-100x100.webp 100w\" sizes=\"(max-width: 800px) 100vw, 800px\" \/><\/figure>\n<\/div>\n<\/div>\n\n\n\n<p><\/p>","protected":false},"excerpt":{"rendered":"<p>Zhongjia suministra l\u00e1minas para preservativos impresas a medida, dise\u00f1adas para cumplir los m\u00e1s altos est\u00e1ndares de seguridad e integridad de barrera. Esto es fundamental para mantener la estabilidad de los lubricantes y garantizar la integridad del producto a largo plazo. \u00a1Solicite su presupuesto ahora!<\/p>\n<h2>Par\u00e1metros de la pel\u00edcula laminada para preservativos impresa a medida<\/h2>\n<ul>\n<li><strong>Material:<\/strong>\u00a0PET\/PE, PET\/NY\/PE, PET\/AL\/NY\/PE, etc.<\/li>\n<li><strong>Tipo de bolsa<\/strong>: <strong>Pel\u00edcula en rollo<\/strong><\/li>\n<li><strong>Talla<\/strong>: A medida<\/li>\n<li><strong>Pedido a medida<\/strong>: Aceptamos OEM y ODM<\/li>\n<li><strong>Muestra gratuita<\/strong>: Soporte<\/li>\n<li><strong>Utilizaci\u00f3n<\/strong>: Preservativos y otros<\/li>\n<li><strong>Color<\/strong>: Personalizable<\/li>\n<li><strong>Mercados destinatarios<\/strong>: En todo el mundo<\/li>\n<\/ul>","protected":false},"featured_media":3016,"comment_status":"closed","ping_status":"closed","template":"","meta":{"_acf_changed":false},"market":[51],"product_brand":[],"product_cat":[57],"product_tag":[],"class_list":{"0":"post-3014","1":"product","2":"type-product","3":"status-publish","4":"has-post-thumbnail","6":"market-personal-care-and-cosmetic","7":"product_cat-rollstock-film-supplier","9":"first","10":"instock","11":"shipping-taxable","12":"product-type-simple"},"acf":[],"_links":{"self":[{"href":"https:\/\/www.zkprintpack.com\/es\/wp-json\/wp\/v2\/product\/3014","targetHints":{"allow":["GET"]}}],"collection":[{"href":"https:\/\/www.zkprintpack.com\/es\/wp-json\/wp\/v2\/product"}],"about":[{"href":"https:\/\/www.zkprintpack.com\/es\/wp-json\/wp\/v2\/types\/product"}],"replies":[{"embeddable":true,"href":"https:\/\/www.zkprintpack.com\/es\/wp-json\/wp\/v2\/comments?post=3014"}],"wp:featuredmedia":[{"embeddable":true,"href":"https:\/\/www.zkprintpack.com\/es\/wp-json\/wp\/v2\/media\/3016"}],"wp:attachment":[{"href":"https:\/\/www.zkprintpack.com\/es\/wp-json\/wp\/v2\/media?parent=3014"}],"wp:term":[{"taxonomy":"market","embeddable":true,"href":"https:\/\/www.zkprintpack.com\/es\/wp-json\/wp\/v2\/market?post=3014"},{"taxonomy":"product_brand","embeddable":true,"href":"https:\/\/www.zkprintpack.com\/es\/wp-json\/wp\/v2\/product_brand?post=3014"},{"taxonomy":"product_cat","embeddable":true,"href":"https:\/\/www.zkprintpack.com\/es\/wp-json\/wp\/v2\/product_cat?post=3014"},{"taxonomy":"product_tag","embeddable":true,"href":"https:\/\/www.zkprintpack.com\/es\/wp-json\/wp\/v2\/product_tag?post=3014"}],"curies":[{"name":"wp","href":"https:\/\/api.w.org\/{rel}","templated":true}]}}