{"id":3011,"date":"2026-04-17T03:32:17","date_gmt":"2026-04-17T03:32:17","guid":{"rendered":"https:\/\/www.zkprintpack.com\/?post_type=product&#038;p=3011"},"modified":"2026-04-17T03:32:19","modified_gmt":"2026-04-17T03:32:19","slug":"oem-printed-toy-packaging-film-roll","status":"publish","type":"product","link":"https:\/\/www.zkprintpack.com\/es\/product\/oem-printed-toy-packaging-film-roll\/","title":{"rendered":"OEM Printed Toy Packaging Film Roll Supply - Totalmente Personalizable, R\u00e1pido Plazo de Entrega"},"content":{"rendered":"<div class=\"wp-block-columns is-layout-flex wp-container-core-columns-is-layout-9d6595d7 wp-block-columns-is-layout-flex\">\n<div class=\"wp-block-column is-layout-flow wp-block-column-is-layout-flow\">\n<h2 class=\"wp-block-heading\">Rollo de film para embalaje de juguetes con impresi\u00f3n OEM Caracter\u00edsticas<\/h2>\n\n\n\n<ul class=\"wp-block-list\">\n<li><strong>Impresi\u00f3n viva para el impacto en el comercio minorista:<\/strong> Nuestra f\u00e1brica ofrece impresi\u00f3n multicolor de alta definici\u00f3n que da vida a complejos dise\u00f1os de personajes con detalles n\u00edtidos y colores vibrantes que atraen la atenci\u00f3n de los estantes.<\/li>\n\n\n\n<li><strong>S\u00f3lida barrera y resistencia a la perforaci\u00f3n:<\/strong> La estructura laminada multicapa proporciona un escudo superior contra la humedad y el polvo, garantizando que los productos de jugueter\u00eda y papeler\u00eda sensibles permanezcan protegidos en cualquier clima.<\/li>\n\n\n\n<li><strong>Totalmente personalizable OEM\/ODM Especificaciones:<\/strong> Ofrecemos a los compradores B2B un control total sobre las dimensiones de las bobinas, los tama\u00f1os de los n\u00facleos y las mezclas de materiales para garantizar una compatibilidad perfecta con el hardware de envasado espec\u00edfico.<\/li>\n\n\n\n<li><strong>Soluci\u00f3n log\u00edstica a granel rentable:<\/strong> El suministro de envases en rollos reduce el volumen de almacenamiento y disminuye los costes de transporte internacional, lo que supone una importante ventaja financiera para los distribuidores de gran volumen.<\/li>\n<\/ul>\n<\/div>\n\n\n\n<div class=\"wp-block-column is-layout-flow wp-block-column-is-layout-flow\">\n<figure class=\"wp-block-image size-full\"><img decoding=\"async\" width=\"800\" height=\"800\" src=\"https:\/\/www.zkprintpack.com\/wp-content\/uploads\/2026\/04\/OEM-printed-toy-packaging-film-roll-2.webp\" alt=\"Rollo de pel\u00edcula para embalaje de juguetes con impresi\u00f3n OEM 2\" class=\"wp-image-3013\" srcset=\"https:\/\/www.zkprintpack.com\/wp-content\/uploads\/2026\/04\/OEM-printed-toy-packaging-film-roll-2.webp 800w, https:\/\/www.zkprintpack.com\/wp-content\/uploads\/2026\/04\/OEM-printed-toy-packaging-film-roll-2-150x150.webp 150w, https:\/\/www.zkprintpack.com\/wp-content\/uploads\/2026\/04\/OEM-printed-toy-packaging-film-roll-2-768x768.webp 768w, https:\/\/www.zkprintpack.com\/wp-content\/uploads\/2026\/04\/OEM-printed-toy-packaging-film-roll-2-12x12.webp 12w, https:\/\/www.zkprintpack.com\/wp-content\/uploads\/2026\/04\/OEM-printed-toy-packaging-film-roll-2-600x600.webp 600w, https:\/\/www.zkprintpack.com\/wp-content\/uploads\/2026\/04\/OEM-printed-toy-packaging-film-roll-2-300x300.webp 300w, https:\/\/www.zkprintpack.com\/wp-content\/uploads\/2026\/04\/OEM-printed-toy-packaging-film-roll-2-100x100.webp 100w\" sizes=\"(max-width: 800px) 100vw, 800px\" \/><\/figure>\n<\/div>\n<\/div>\n\n\n\n<p><\/p>","protected":false},"excerpt":{"rendered":"<p>Suministro al por mayor de rollos de embalaje de juguetes impresos OEM. Como fabricante de embalajes flexibles, proporcionamos a nuestros clientes B2B -incluidos distribuidores de juguetes, importadores de art\u00edculos de papeler\u00eda y mayoristas globales- materiales de embalaje flexibles que equilibran una est\u00e9tica vibrante con una durabilidad de calidad industrial. Al abastecerse directamente en nuestras instalaciones, se asegura una cadena de suministro fiable, una igualaci\u00f3n de colores uniforme y precios competitivos directos de f\u00e1brica para maximizar sus m\u00e1rgenes de mercado. P\u00f3ngase en contacto con nosotros<\/p>\n<h2>Par\u00e1metros del rollo de pel\u00edcula para embalaje de juguetes impresa OEM<\/h2>\n<ul>\n<li><strong>Material:<\/strong>\u00a0PET\/PE, PET\/NY\/PE, PET\/AL\/NY\/PE, etc.<\/li>\n<li><strong>Tipo de bolsa<\/strong>: <strong>Pel\u00edcula en rollo<\/strong><\/li>\n<li><strong>Talla<\/strong>: A medida<\/li>\n<li><strong>Pedido a medida<\/strong>: Aceptamos OEM y ODM<\/li>\n<li><strong>Muestra gratuita<\/strong>: Soporte<\/li>\n<li><strong>Utilizaci\u00f3n<\/strong>: Tarjeta de juguete, gidget y otros<\/li>\n<li><strong>Color<\/strong>: Personalizable<\/li>\n<li><strong>Mercados destinatarios<\/strong>: En todo el mundo<\/li>\n<\/ul>","protected":false},"featured_media":3012,"comment_status":"closed","ping_status":"closed","template":"","meta":{"_acf_changed":false},"market":[69],"product_brand":[],"product_cat":[57],"product_tag":[],"class_list":{"0":"post-3011","1":"product","2":"type-product","3":"status-publish","4":"has-post-thumbnail","6":"market-custom-toy-packaging-supplier","7":"product_cat-rollstock-film-supplier","9":"first","10":"instock","11":"shipping-taxable","12":"product-type-simple"},"acf":[],"_links":{"self":[{"href":"https:\/\/www.zkprintpack.com\/es\/wp-json\/wp\/v2\/product\/3011","targetHints":{"allow":["GET"]}}],"collection":[{"href":"https:\/\/www.zkprintpack.com\/es\/wp-json\/wp\/v2\/product"}],"about":[{"href":"https:\/\/www.zkprintpack.com\/es\/wp-json\/wp\/v2\/types\/product"}],"replies":[{"embeddable":true,"href":"https:\/\/www.zkprintpack.com\/es\/wp-json\/wp\/v2\/comments?post=3011"}],"wp:featuredmedia":[{"embeddable":true,"href":"https:\/\/www.zkprintpack.com\/es\/wp-json\/wp\/v2\/media\/3012"}],"wp:attachment":[{"href":"https:\/\/www.zkprintpack.com\/es\/wp-json\/wp\/v2\/media?parent=3011"}],"wp:term":[{"taxonomy":"market","embeddable":true,"href":"https:\/\/www.zkprintpack.com\/es\/wp-json\/wp\/v2\/market?post=3011"},{"taxonomy":"product_brand","embeddable":true,"href":"https:\/\/www.zkprintpack.com\/es\/wp-json\/wp\/v2\/product_brand?post=3011"},{"taxonomy":"product_cat","embeddable":true,"href":"https:\/\/www.zkprintpack.com\/es\/wp-json\/wp\/v2\/product_cat?post=3011"},{"taxonomy":"product_tag","embeddable":true,"href":"https:\/\/www.zkprintpack.com\/es\/wp-json\/wp\/v2\/product_tag?post=3011"}],"curies":[{"name":"wp","href":"https:\/\/api.w.org\/{rel}","templated":true}]}}