{"id":3007,"date":"2026-04-17T03:35:41","date_gmt":"2026-04-17T03:35:41","guid":{"rendered":"https:\/\/www.zkprintpack.com\/?post_type=product&#038;p=3007"},"modified":"2026-04-17T03:35:42","modified_gmt":"2026-04-17T03:35:42","slug":"custom-plastic-packaging-film-for-toy","status":"publish","type":"product","link":"https:\/\/www.zkprintpack.com\/es\/product\/custom-plastic-packaging-film-for-toy\/","title":{"rendered":"Pel\u00edcula pl\u00e1stica de encargo del embalaje para los juguetes y los Gidgets - fuente de la f\u00e1brica de la pel\u00edcula del rodillo"},"content":{"rendered":"<div class=\"wp-block-columns is-layout-flex wp-container-core-columns-is-layout-9d6595d7 wp-block-columns-is-layout-flex\">\n<div class=\"wp-block-column is-layout-flow wp-block-column-is-layout-flow\">\n<h2 class=\"wp-block-heading\">Film de pl\u00e1stico personalizado para embalaje de juguetes Caracter\u00edsticas<\/h2>\n\n\n\n<ul class=\"wp-block-list\">\n<li><strong>Compatibilidad automatizada de alta velocidad:<\/strong> Nuestro film de envasado est\u00e1 dise\u00f1ado para ofrecer un rendimiento de baja fricci\u00f3n en l\u00edneas automatizadas de alta velocidad, garantizando un seguimiento suave y un sellado uniforme para la producci\u00f3n a gran escala.<\/li>\n\n\n\n<li><strong>Impresi\u00f3n vibrante de alta definici\u00f3n:<\/strong> Utilizamos tecnolog\u00eda de impresi\u00f3n de tinta al agua para producir gr\u00e1ficos n\u00edtidos y vivos y reducir las emisiones.<\/li>\n\n\n\n<li><strong>S\u00f3lidas propiedades de barrera protectora:<\/strong> El pl\u00e1stico laminado multicapa proporciona una resistencia superior a los pinchazos y protecci\u00f3n contra la humedad, manteniendo los juguetes y objetos de colecci\u00f3n delicados en perfectas condiciones a lo largo de toda la cadena de suministro.<\/li>\n\n\n\n<li><strong>Personalizaci\u00f3n directa de f\u00e1brica escalable:<\/strong> Ofrecemos un amplio soporte OEM\/ODM, que le permite adaptar las especificaciones del film, las dimensiones de los rollos y los acabados para satisfacer las necesidades exclusivas de su marca y su equipo de envasado.<\/li>\n<\/ul>\n<\/div>\n\n\n\n<div class=\"wp-block-column is-layout-flow wp-block-column-is-layout-flow\">\n<figure class=\"wp-block-image size-full\"><img decoding=\"async\" width=\"800\" height=\"800\" src=\"https:\/\/www.zkprintpack.com\/wp-content\/uploads\/2026\/04\/custom-plastic-packaging-film-for-toy-3.webp\" alt=\"film de pl\u00e1stico personalizado para juguetes 3\" class=\"wp-image-3010\" srcset=\"https:\/\/www.zkprintpack.com\/wp-content\/uploads\/2026\/04\/custom-plastic-packaging-film-for-toy-3.webp 800w, https:\/\/www.zkprintpack.com\/wp-content\/uploads\/2026\/04\/custom-plastic-packaging-film-for-toy-3-150x150.webp 150w, https:\/\/www.zkprintpack.com\/wp-content\/uploads\/2026\/04\/custom-plastic-packaging-film-for-toy-3-768x768.webp 768w, https:\/\/www.zkprintpack.com\/wp-content\/uploads\/2026\/04\/custom-plastic-packaging-film-for-toy-3-12x12.webp 12w, https:\/\/www.zkprintpack.com\/wp-content\/uploads\/2026\/04\/custom-plastic-packaging-film-for-toy-3-600x600.webp 600w, https:\/\/www.zkprintpack.com\/wp-content\/uploads\/2026\/04\/custom-plastic-packaging-film-for-toy-3-300x300.webp 300w, https:\/\/www.zkprintpack.com\/wp-content\/uploads\/2026\/04\/custom-plastic-packaging-film-for-toy-3-100x100.webp 100w\" sizes=\"(max-width: 800px) 100vw, 800px\" \/><\/figure>\n<\/div>\n<\/div>\n\n\n\n<p><\/p>","protected":false},"excerpt":{"rendered":"<p>Zhongjia Printing ofrece l\u00e1minas de pl\u00e1stico personalizadas para el embalaje de juguetes. Esta soluci\u00f3n es ideal para compradores B2B, incluidos distribuidores de juguetes, importadores de art\u00edculos de papeler\u00eda y mayoristas globales que buscan optimizar la velocidad de producci\u00f3n sin comprometer el atractivo est\u00e9tico. P\u00f3ngase en contacto con nosotros<\/p>\n<h2>Par\u00e1metros de la pel\u00edcula de pl\u00e1stico para embalaje de juguetes<\/h2>\n<ul>\n<li><strong>Material:<\/strong>\u00a0PET\/PE, PET\/NY\/PE, PET\/AL\/NY\/PE, etc.<\/li>\n<li><strong>Tipo de bolsa<\/strong>: <strong>Pel\u00edcula en rollo<\/strong><\/li>\n<li><strong>Talla<\/strong>: A medida<\/li>\n<li><strong>Pedido a medida<\/strong>: Aceptamos OEM y ODM<\/li>\n<li><strong>Muestra gratuita<\/strong>: Soporte<\/li>\n<li><strong>Utilizaci\u00f3n<\/strong>: Tarjeta de juguete, gidget y otros<\/li>\n<li><strong>Color<\/strong>: Personalizable<\/li>\n<li><strong>Mercados destinatarios<\/strong>: En todo el mundo<\/li>\n<\/ul>","protected":false},"featured_media":3010,"comment_status":"closed","ping_status":"closed","template":"","meta":{"_acf_changed":false},"market":[69],"product_brand":[],"product_cat":[57],"product_tag":[],"class_list":{"0":"post-3007","1":"product","2":"type-product","3":"status-publish","4":"has-post-thumbnail","6":"market-custom-toy-packaging-supplier","7":"product_cat-rollstock-film-supplier","9":"first","10":"instock","11":"shipping-taxable","12":"product-type-simple"},"acf":[],"_links":{"self":[{"href":"https:\/\/www.zkprintpack.com\/es\/wp-json\/wp\/v2\/product\/3007","targetHints":{"allow":["GET"]}}],"collection":[{"href":"https:\/\/www.zkprintpack.com\/es\/wp-json\/wp\/v2\/product"}],"about":[{"href":"https:\/\/www.zkprintpack.com\/es\/wp-json\/wp\/v2\/types\/product"}],"replies":[{"embeddable":true,"href":"https:\/\/www.zkprintpack.com\/es\/wp-json\/wp\/v2\/comments?post=3007"}],"wp:featuredmedia":[{"embeddable":true,"href":"https:\/\/www.zkprintpack.com\/es\/wp-json\/wp\/v2\/media\/3010"}],"wp:attachment":[{"href":"https:\/\/www.zkprintpack.com\/es\/wp-json\/wp\/v2\/media?parent=3007"}],"wp:term":[{"taxonomy":"market","embeddable":true,"href":"https:\/\/www.zkprintpack.com\/es\/wp-json\/wp\/v2\/market?post=3007"},{"taxonomy":"product_brand","embeddable":true,"href":"https:\/\/www.zkprintpack.com\/es\/wp-json\/wp\/v2\/product_brand?post=3007"},{"taxonomy":"product_cat","embeddable":true,"href":"https:\/\/www.zkprintpack.com\/es\/wp-json\/wp\/v2\/product_cat?post=3007"},{"taxonomy":"product_tag","embeddable":true,"href":"https:\/\/www.zkprintpack.com\/es\/wp-json\/wp\/v2\/product_tag?post=3007"}],"curies":[{"name":"wp","href":"https:\/\/api.w.org\/{rel}","templated":true}]}}