{"id":3003,"date":"2026-04-17T03:19:17","date_gmt":"2026-04-17T03:19:17","guid":{"rendered":"https:\/\/www.zkprintpack.com\/?post_type=product&#038;p=3003"},"modified":"2026-04-17T03:19:18","modified_gmt":"2026-04-17T03:19:18","slug":"custom-toy-card-packaging-film","status":"publish","type":"product","link":"https:\/\/www.zkprintpack.com\/es\/product\/custom-toy-card-packaging-film\/","title":{"rendered":"Pel\u00edcula para embalaje de tarjetas de juguete, Chiikawa Graphics - OEM Roll Film Manufacturer Supply"},"content":{"rendered":"<div class=\"wp-block-columns is-layout-flex wp-container-core-columns-is-layout-9d6595d7 wp-block-columns-is-layout-flex\">\n<div class=\"wp-block-column is-layout-flow wp-block-column-is-layout-flow\">\n<h2 class=\"wp-block-heading\">Pel\u00edcula de embalaje personalizada para tarjetas de juguete Caracter\u00edsticas<\/h2>\n\n\n\n<ul class=\"wp-block-list\">\n<li><strong>Optimizado para el envasado automatizado de alta velocidad:<\/strong> Estas bobinas de film est\u00e1n dise\u00f1adas para funcionar sin problemas en m\u00e1quinas verticales y horizontales de formado, llenado y sellado, maximizando la eficacia de la producci\u00f3n para los fabricantes de productos a granel.<\/li>\n\n\n\n<li><strong>Impresi\u00f3n en huecograbado de alta calidad para una marca vibrante:<\/strong> Nuestra f\u00e1brica ofrece impresi\u00f3n multicolor de alta definici\u00f3n que da vida a complejas ilustraciones de personajes y marcas con una precisi\u00f3n de color y un atractivo excepcional.<\/li>\n\n\n\n<li><strong>Aplicaci\u00f3n vers\u00e1til para diversos bienes de consumo:<\/strong> Aunque es ideal para los sectores del juguete y la papeler\u00eda, esta pel\u00edcula de envasado flexible tambi\u00e9n es adecuada para peque\u00f1os aparatos electr\u00f3nicos, art\u00edculos promocionales y paquetes multiempaque para la venta al por menor.<\/li>\n\n\n\n<li><strong>Flexibilidad total de especificaciones OEM\/ODM:<\/strong> Los compradores B2B pueden personalizar completamente las dimensiones de las bobinas, los tama\u00f1os de los n\u00facleos y las mezclas de materiales para que se ajusten perfectamente a los requisitos espec\u00edficos de sus productos y equipos t\u00e9cnicos.<\/li>\n<\/ul>\n<\/div>\n\n\n\n<div class=\"wp-block-column is-layout-flow wp-block-column-is-layout-flow\">\n<figure class=\"wp-block-image size-full\"><img decoding=\"async\" width=\"800\" height=\"800\" src=\"https:\/\/www.zkprintpack.com\/wp-content\/uploads\/2026\/04\/Custom-Flexible-Packaging-Film-for-Toys-1.webp\" alt=\"Film de embalaje flexible a medida para juguetes 1\" class=\"wp-image-3004\" srcset=\"https:\/\/www.zkprintpack.com\/wp-content\/uploads\/2026\/04\/Custom-Flexible-Packaging-Film-for-Toys-1.webp 800w, https:\/\/www.zkprintpack.com\/wp-content\/uploads\/2026\/04\/Custom-Flexible-Packaging-Film-for-Toys-1-150x150.webp 150w, https:\/\/www.zkprintpack.com\/wp-content\/uploads\/2026\/04\/Custom-Flexible-Packaging-Film-for-Toys-1-768x768.webp 768w, https:\/\/www.zkprintpack.com\/wp-content\/uploads\/2026\/04\/Custom-Flexible-Packaging-Film-for-Toys-1-12x12.webp 12w, https:\/\/www.zkprintpack.com\/wp-content\/uploads\/2026\/04\/Custom-Flexible-Packaging-Film-for-Toys-1-600x600.webp 600w, https:\/\/www.zkprintpack.com\/wp-content\/uploads\/2026\/04\/Custom-Flexible-Packaging-Film-for-Toys-1-300x300.webp 300w, https:\/\/www.zkprintpack.com\/wp-content\/uploads\/2026\/04\/Custom-Flexible-Packaging-Film-for-Toys-1-100x100.webp 100w\" sizes=\"(max-width: 800px) 100vw, 800px\" \/><\/figure>\n<\/div>\n<\/div>\n\n\n\n<p><\/p>","protected":false},"excerpt":{"rendered":"<p>Zhongjia Printing ofrece soluciones de film para el embalaje de tarjetas de juguete personalizadas. Estos rollos de pel\u00edcula permiten una producci\u00f3n continua y de gran volumen, reduciendo significativamente los costes de mano de obra y aumentando el rendimiento a gran escala. <b data-path-to-node=\"6\" data-index-in-node=\"336\">a granel<\/b> operaciones. P\u00f3ngase en contacto con nosotros<\/p>\n<h2>Par\u00e1metros de la pel\u00edcula personalizada para embalaje de tarjetas de juguete<\/h2>\n<ul>\n<li><strong>Material:<\/strong>\u00a0PET\/PE, PET\/NY\/PE, PET\/AL\/NY\/PE, etc.<\/li>\n<li><strong>Tipo de bolsa<\/strong>: <strong>Pel\u00edcula en rollo<\/strong><\/li>\n<li><strong>Talla<\/strong>: A medida<\/li>\n<li><strong>Pedido a medida<\/strong>: Aceptamos OEM y ODM<\/li>\n<li><strong>Muestra gratuita<\/strong>: Soporte<\/li>\n<li><strong>Utilizaci\u00f3n<\/strong>: Tarjeta de juguete, y otros<\/li>\n<li><strong>Color<\/strong>: Personalizable<\/li>\n<li><strong>Mercados destinatarios<\/strong>: En todo el mundo<\/li>\n<\/ul>","protected":false},"featured_media":3006,"comment_status":"closed","ping_status":"closed","template":"","meta":{"_acf_changed":false},"market":[69],"product_brand":[],"product_cat":[57],"product_tag":[],"class_list":{"0":"post-3003","1":"product","2":"type-product","3":"status-publish","4":"has-post-thumbnail","6":"market-custom-toy-packaging-supplier","7":"product_cat-rollstock-film-supplier","9":"first","10":"instock","11":"shipping-taxable","12":"product-type-simple"},"acf":[],"_links":{"self":[{"href":"https:\/\/www.zkprintpack.com\/es\/wp-json\/wp\/v2\/product\/3003","targetHints":{"allow":["GET"]}}],"collection":[{"href":"https:\/\/www.zkprintpack.com\/es\/wp-json\/wp\/v2\/product"}],"about":[{"href":"https:\/\/www.zkprintpack.com\/es\/wp-json\/wp\/v2\/types\/product"}],"replies":[{"embeddable":true,"href":"https:\/\/www.zkprintpack.com\/es\/wp-json\/wp\/v2\/comments?post=3003"}],"wp:featuredmedia":[{"embeddable":true,"href":"https:\/\/www.zkprintpack.com\/es\/wp-json\/wp\/v2\/media\/3006"}],"wp:attachment":[{"href":"https:\/\/www.zkprintpack.com\/es\/wp-json\/wp\/v2\/media?parent=3003"}],"wp:term":[{"taxonomy":"market","embeddable":true,"href":"https:\/\/www.zkprintpack.com\/es\/wp-json\/wp\/v2\/market?post=3003"},{"taxonomy":"product_brand","embeddable":true,"href":"https:\/\/www.zkprintpack.com\/es\/wp-json\/wp\/v2\/product_brand?post=3003"},{"taxonomy":"product_cat","embeddable":true,"href":"https:\/\/www.zkprintpack.com\/es\/wp-json\/wp\/v2\/product_cat?post=3003"},{"taxonomy":"product_tag","embeddable":true,"href":"https:\/\/www.zkprintpack.com\/es\/wp-json\/wp\/v2\/product_tag?post=3003"}],"curies":[{"name":"wp","href":"https:\/\/api.w.org\/{rel}","templated":true}]}}