{"id":3001,"date":"2026-04-17T03:12:38","date_gmt":"2026-04-17T03:12:38","guid":{"rendered":"https:\/\/www.zkprintpack.com\/?post_type=product&#038;p=3001"},"modified":"2026-04-17T03:12:40","modified_gmt":"2026-04-17T03:12:40","slug":"oem-dry-food-packaging-pouches-supply","status":"publish","type":"product","link":"https:\/\/www.zkprintpack.com\/es\/product\/oem-dry-food-packaging-pouches-supply\/","title":{"rendered":"OEM Bolsa para envasado de alimentos secos Suministro al por mayor- Alta barrera, Ventana transparente"},"content":{"rendered":"<div class=\"wp-block-columns is-layout-flex wp-container-core-columns-is-layout-9d6595d7 wp-block-columns-is-layout-flex\">\n<div class=\"wp-block-column is-layout-flow wp-block-column-is-layout-flow\">\n<h2 class=\"wp-block-heading\">OEM Bolsa para envasado de alimentos secos Caracter\u00edsticas<\/h2>\n\n\n\n<ul class=\"wp-block-list\">\n<li><strong>Ventana transparente integrada para mayor transparencia del producto:<\/strong> Una ventana transparente colocada con precisi\u00f3n permite a los consumidores ver directamente el contenido, mostrando la frescura del producto y aumentando la confianza en la compra.<\/li>\n\n\n\n<li><strong>Protecci\u00f3n de alta barrera para productos secos:<\/strong> Nuestras bolsas est\u00e1n fabricadas con films multicapa que sellan eficazmente la humedad, lo que las convierte en la opci\u00f3n ideal para fideos, almidones y otros alimentos secos sensibles a la humedad.<\/li>\n\n\n\n<li><strong>Personalizaci\u00f3n e impresi\u00f3n OEM directa de f\u00e1brica:<\/strong> Ofrecemos una personalizaci\u00f3n completa para su marca, incluidos tama\u00f1os a medida, muescas de rasgado para mayor comodidad e impresi\u00f3n en huecograbado vibrante para satisfacer la est\u00e9tica espec\u00edfica del mercado.<\/li>\n\n\n\n<li><strong>Construcci\u00f3n termosellable duradera:<\/strong> Dise\u00f1adas para l\u00edneas de llenado de alta velocidad, nuestras bolsas incorporan robustos sellos laterales que evitan que se rompan y mantienen la integridad del producto durante todo el ciclo de distribuci\u00f3n global.<\/li>\n<\/ul>\n<\/div>\n\n\n\n<div class=\"wp-block-column is-layout-flow wp-block-column-is-layout-flow\">\n<figure class=\"wp-block-image size-full\"><img decoding=\"async\" width=\"800\" height=\"800\" src=\"https:\/\/www.zkprintpack.com\/wp-content\/uploads\/2026\/04\/OEM-dry-food-packaging-pouches-wholesale.webp\" alt=\"OEM bolsas de envasado de alimentos secos al por mayor\" class=\"wp-image-3002\" srcset=\"https:\/\/www.zkprintpack.com\/wp-content\/uploads\/2026\/04\/OEM-dry-food-packaging-pouches-wholesale.webp 800w, https:\/\/www.zkprintpack.com\/wp-content\/uploads\/2026\/04\/OEM-dry-food-packaging-pouches-wholesale-150x150.webp 150w, https:\/\/www.zkprintpack.com\/wp-content\/uploads\/2026\/04\/OEM-dry-food-packaging-pouches-wholesale-768x768.webp 768w, https:\/\/www.zkprintpack.com\/wp-content\/uploads\/2026\/04\/OEM-dry-food-packaging-pouches-wholesale-12x12.webp 12w, https:\/\/www.zkprintpack.com\/wp-content\/uploads\/2026\/04\/OEM-dry-food-packaging-pouches-wholesale-600x600.webp 600w, https:\/\/www.zkprintpack.com\/wp-content\/uploads\/2026\/04\/OEM-dry-food-packaging-pouches-wholesale-300x300.webp 300w, https:\/\/www.zkprintpack.com\/wp-content\/uploads\/2026\/04\/OEM-dry-food-packaging-pouches-wholesale-100x100.webp 100w\" sizes=\"(max-width: 800px) 100vw, 800px\" \/><\/figure>\n<\/div>\n<\/div>\n\n\n\n<p><\/p>","protected":false},"excerpt":{"rendered":"<p>Venta al por mayor de bolsas OEM para el envasado de alimentos secos. Fabricadas con materiales laminados multicapa de primera calidad, estas bolsas proporcionan un escudo esencial contra la humedad y el ox\u00edgeno, garantizando que los productos deshidratados o en polvo mantengan la textura y el sabor deseados desde el principio. <b data-path-to-node=\"6\" data-index-in-node=\"559\">f\u00e1brica<\/b> a la cocina del consumidor. P\u00f3ngase en contacto con nosotros<\/p>\n<h2>Par\u00e1metros de la bolsa OEM para envasado de alimentos secos<\/h2>\n<ul>\n<li><strong>Material:<\/strong>\u00a0PET\/PE, PET\/NY\/PE, PET\/AL\/NY\/PE, etc.<\/li>\n<li><strong>Tipo de bolsa<\/strong>: <strong>Bolsa plana<\/strong><\/li>\n<li><strong>Talla<\/strong>: A medida<\/li>\n<li><strong>Pedido a medida<\/strong>: Aceptamos OEM y ODM<\/li>\n<li><strong>Muestra gratuita<\/strong>: Soporte<\/li>\n<li><strong>Utilizaci\u00f3n<\/strong>: Verduras secas, alimentos secos y otros<\/li>\n<li><strong>Color<\/strong>: Personalizable<\/li>\n<li><strong>Mercados destinatarios<\/strong>: En todo el mundo<\/li>\n<\/ul>","protected":false},"featured_media":3002,"comment_status":"closed","ping_status":"closed","template":"","meta":{"_acf_changed":false},"market":[],"product_brand":[],"product_cat":[67,53],"product_tag":[],"class_list":{"0":"post-3001","1":"product","2":"type-product","3":"status-publish","4":"has-post-thumbnail","6":"product_cat-custom-flat-pouch","7":"product_cat-three-side-seal-pouch-wholesale","9":"first","10":"instock","11":"shipping-taxable","12":"product-type-simple"},"acf":[],"_links":{"self":[{"href":"https:\/\/www.zkprintpack.com\/es\/wp-json\/wp\/v2\/product\/3001","targetHints":{"allow":["GET"]}}],"collection":[{"href":"https:\/\/www.zkprintpack.com\/es\/wp-json\/wp\/v2\/product"}],"about":[{"href":"https:\/\/www.zkprintpack.com\/es\/wp-json\/wp\/v2\/types\/product"}],"replies":[{"embeddable":true,"href":"https:\/\/www.zkprintpack.com\/es\/wp-json\/wp\/v2\/comments?post=3001"}],"wp:featuredmedia":[{"embeddable":true,"href":"https:\/\/www.zkprintpack.com\/es\/wp-json\/wp\/v2\/media\/3002"}],"wp:attachment":[{"href":"https:\/\/www.zkprintpack.com\/es\/wp-json\/wp\/v2\/media?parent=3001"}],"wp:term":[{"taxonomy":"market","embeddable":true,"href":"https:\/\/www.zkprintpack.com\/es\/wp-json\/wp\/v2\/market?post=3001"},{"taxonomy":"product_brand","embeddable":true,"href":"https:\/\/www.zkprintpack.com\/es\/wp-json\/wp\/v2\/product_brand?post=3001"},{"taxonomy":"product_cat","embeddable":true,"href":"https:\/\/www.zkprintpack.com\/es\/wp-json\/wp\/v2\/product_cat?post=3001"},{"taxonomy":"product_tag","embeddable":true,"href":"https:\/\/www.zkprintpack.com\/es\/wp-json\/wp\/v2\/product_tag?post=3001"}],"curies":[{"name":"wp","href":"https:\/\/api.w.org\/{rel}","templated":true}]}}