{"id":2997,"date":"2026-04-17T03:39:02","date_gmt":"2026-04-17T03:39:02","guid":{"rendered":"https:\/\/www.zkprintpack.com\/?post_type=product&#038;p=2997"},"modified":"2026-04-17T03:39:05","modified_gmt":"2026-04-17T03:39:05","slug":"custom-vegetable-packaging-bag","status":"publish","type":"product","link":"https:\/\/www.zkprintpack.com\/es\/product\/custom-vegetable-packaging-bag\/","title":{"rendered":"Bolsas personalizadas para el envasado de verduras - Bolsas a granel para alimentos secos, Envasado de verduras secas"},"content":{"rendered":"<div class=\"wp-block-columns is-layout-flex wp-container-core-columns-is-layout-9d6595d7 wp-block-columns-is-layout-flex\">\n<div class=\"wp-block-column is-layout-flow wp-block-column-is-layout-flow\">\n<h2 class=\"wp-block-heading\">Caracter\u00edsticas de las bolsas personalizadas para verduras<\/h2>\n\n\n\n<ul class=\"wp-block-list\">\n<li><strong>Cremallera resellable para conservar la frescura:<\/strong> El cierre a presi\u00f3n integrado permite a los consumidores mantener el crujido y el sabor de las verduras deshidratadas, lo que a\u00f1ade un valor significativo a las marcas de aperitivos de primera calidad.<\/li>\n\n\n\n<li><strong>Merchandising vers\u00e1til con agujeros para colgar integrados:<\/strong> Cada bolsa incluye un orificio preperforado para colgarla, lo que ofrece a mayoristas y minoristas opciones de exposici\u00f3n flexibles tanto para colocar en estanter\u00edas como para colgar en tiras.<\/li>\n\n\n\n<li><strong>Dise\u00f1o de ventanas y marcas OEM\/ODM a medida:<\/strong> Ofrecemos una personalizaci\u00f3n completa de las formas y tama\u00f1os de las zonas gr\u00e1ficas, lo que le permite mostrar de forma destacada la calidad y el color del contenido de sus aperitivos a granel para fomentar la confianza del consumidor.<\/li>\n\n\n\n<li><strong>Material de alta barrera para una vida \u00fatil prolongada:<\/strong> Fabricadas con pel\u00edculas multicapa especializadas, estas bolsas proporcionan un excelente escudo contra la humedad y el ox\u00edgeno, lo que resulta esencial para conservar los aperitivos fritos al vac\u00edo o deshidratados.<\/li>\n<\/ul>\n<\/div>\n\n\n\n<div class=\"wp-block-column is-layout-flow wp-block-column-is-layout-flow\">\n<figure class=\"wp-block-image size-full\"><img decoding=\"async\" width=\"800\" height=\"800\" src=\"https:\/\/www.zkprintpack.com\/wp-content\/uploads\/2026\/04\/Custom-Vegetable-Packaging-Bags-3.webp\" alt=\"Bolsas personalizadas para verduras (3)\" class=\"wp-image-3000\" srcset=\"https:\/\/www.zkprintpack.com\/wp-content\/uploads\/2026\/04\/Custom-Vegetable-Packaging-Bags-3.webp 800w, https:\/\/www.zkprintpack.com\/wp-content\/uploads\/2026\/04\/Custom-Vegetable-Packaging-Bags-3-150x150.webp 150w, https:\/\/www.zkprintpack.com\/wp-content\/uploads\/2026\/04\/Custom-Vegetable-Packaging-Bags-3-768x768.webp 768w, https:\/\/www.zkprintpack.com\/wp-content\/uploads\/2026\/04\/Custom-Vegetable-Packaging-Bags-3-12x12.webp 12w, https:\/\/www.zkprintpack.com\/wp-content\/uploads\/2026\/04\/Custom-Vegetable-Packaging-Bags-3-600x600.webp 600w, https:\/\/www.zkprintpack.com\/wp-content\/uploads\/2026\/04\/Custom-Vegetable-Packaging-Bags-3-300x300.webp 300w, https:\/\/www.zkprintpack.com\/wp-content\/uploads\/2026\/04\/Custom-Vegetable-Packaging-Bags-3-100x100.webp 100w\" sizes=\"(max-width: 800px) 100vw, 800px\" \/><\/figure>\n<\/div>\n<\/div>\n\n\n\n<p><\/p>","protected":false},"excerpt":{"rendered":"<p>Venta al por mayor de bolsas personalizadas para envasar verduras, as\u00ed como bolsas para envasar alimentos secos. M\u00e1s all\u00e1 de su forma \u00fanica, esta bolsa est\u00e1 dise\u00f1ada para ser funcional en el comercio minorista. Dispone de una cremallera que se puede volver a cerrar para mantener el producto crujiente y de un orificio para colgar que permite a los minoristas exponer los productos en tableros de clavijas o en tiras en los estantes. P\u00f3ngase en contacto con nosotros<\/p>\n<h2>Par\u00e1metros de la bolsa a medida para verduras<\/h2>\n<ul>\n<li><strong>Material:<\/strong>\u00a0PET\/PE, PET\/NY\/PE, PET\/AL\/NY\/PE, etc.<\/li>\n<li><strong>Tipo de bolsa<\/strong>: <strong>Bolsa con forma<\/strong><\/li>\n<li><strong>Talla<\/strong>: A medida<\/li>\n<li><strong>Pedido a medida<\/strong>: Aceptamos OEM y ODM<\/li>\n<li><strong>Muestra gratuita<\/strong>: Soporte<\/li>\n<li><strong>Utilizaci\u00f3n<\/strong>: Verduras secas, alimentos secos y otros<\/li>\n<li><strong>Color<\/strong>: Personalizable<\/li>\n<li><strong>Mercados destinatarios<\/strong>: En todo el mundo<\/li>\n<\/ul>","protected":false},"featured_media":2999,"comment_status":"closed","ping_status":"closed","template":"","meta":{"_acf_changed":false},"market":[61],"product_brand":[],"product_cat":[52],"product_tag":[],"class_list":{"0":"post-2997","1":"product","2":"type-product","3":"status-publish","4":"has-post-thumbnail","6":"market-snack-packaging-supplier","7":"product_cat-shaped-pouches-factory","9":"first","10":"instock","11":"shipping-taxable","12":"product-type-simple"},"acf":[],"_links":{"self":[{"href":"https:\/\/www.zkprintpack.com\/es\/wp-json\/wp\/v2\/product\/2997","targetHints":{"allow":["GET"]}}],"collection":[{"href":"https:\/\/www.zkprintpack.com\/es\/wp-json\/wp\/v2\/product"}],"about":[{"href":"https:\/\/www.zkprintpack.com\/es\/wp-json\/wp\/v2\/types\/product"}],"replies":[{"embeddable":true,"href":"https:\/\/www.zkprintpack.com\/es\/wp-json\/wp\/v2\/comments?post=2997"}],"wp:featuredmedia":[{"embeddable":true,"href":"https:\/\/www.zkprintpack.com\/es\/wp-json\/wp\/v2\/media\/2999"}],"wp:attachment":[{"href":"https:\/\/www.zkprintpack.com\/es\/wp-json\/wp\/v2\/media?parent=2997"}],"wp:term":[{"taxonomy":"market","embeddable":true,"href":"https:\/\/www.zkprintpack.com\/es\/wp-json\/wp\/v2\/market?post=2997"},{"taxonomy":"product_brand","embeddable":true,"href":"https:\/\/www.zkprintpack.com\/es\/wp-json\/wp\/v2\/product_brand?post=2997"},{"taxonomy":"product_cat","embeddable":true,"href":"https:\/\/www.zkprintpack.com\/es\/wp-json\/wp\/v2\/product_cat?post=2997"},{"taxonomy":"product_tag","embeddable":true,"href":"https:\/\/www.zkprintpack.com\/es\/wp-json\/wp\/v2\/product_tag?post=2997"}],"curies":[{"name":"wp","href":"https:\/\/api.w.org\/{rel}","templated":true}]}}