{"id":2993,"date":"2026-04-17T02:48:12","date_gmt":"2026-04-17T02:48:12","guid":{"rendered":"https:\/\/www.zkprintpack.com\/?post_type=product&#038;p=2993"},"modified":"2026-04-17T02:48:14","modified_gmt":"2026-04-17T02:48:14","slug":"oem-refill-spout-pouch-for-detergent","status":"publish","type":"product","link":"https:\/\/www.zkprintpack.com\/es\/product\/oem-refill-spout-pouch-for-detergent\/","title":{"rendered":"Bolsa con boquilla a medida para l\u00edquidos detergentes - Bolsa con boquilla a granel para suministro de l\u00edquidos qu\u00edmicos"},"content":{"rendered":"<div class=\"wp-block-columns is-layout-flex wp-container-core-columns-is-layout-9d6595d7 wp-block-columns-is-layout-flex\">\n<div class=\"wp-block-column is-layout-flow wp-block-column-is-layout-flow\">\n<h2 class=\"wp-block-heading\">Bolsa de recarga personalizada para l\u00edquidos detergentes Caracter\u00edsticas<\/h2>\n\n\n\n<ul class=\"wp-block-list\">\n<li><strong>Mango ergon\u00f3mico troquelado para uso intensivo:<\/strong> El dise\u00f1o del asa integrada permite a los consumidores transportar y verter con facilidad contenidos l\u00edquidos pesados, lo que supone una importante ventaja funcional para los envases de recarga de gran capacidad de 1,68 kg.<\/li>\n\n\n\n<li><strong>Ca\u00f1o esquinero a prueba de fugas y cierre seguro:<\/strong> Nuestros pitorros y tapones de rosca de precisi\u00f3n garantizan un cierre herm\u00e9tico que evita las fugas durante el transporte y permite una dosificaci\u00f3n precisa y sin complicaciones por parte del usuario final.<\/li>\n\n\n\n<li><strong>Laminaci\u00f3n multicapa de alta resistencia:<\/strong> Fabricadas con films de alta barrera, estas bolsas ofrecen una durabilidad y una resistencia a la perforaci\u00f3n superiores, protegiendo los detergentes l\u00edquidos de la degradaci\u00f3n medioambiental y la lixiviaci\u00f3n qu\u00edmica.<\/li>\n\n\n\n<li><strong>Personalizaci\u00f3n OEM y de marca directa de f\u00e1brica:<\/strong> Ofrecemos asistencia completa para la impresi\u00f3n personalizada y los ajustes estructurales, lo que permite a los mayoristas lanzar l\u00edneas de recambios de marca que se ajustan perfectamente a las preferencias est\u00e9ticas y funcionales de su mercado.<\/li>\n<\/ul>\n<\/div>\n\n\n\n<div class=\"wp-block-column is-layout-flow wp-block-column-is-layout-flow\">\n<figure class=\"wp-block-image size-full\"><img decoding=\"async\" width=\"800\" height=\"800\" src=\"https:\/\/www.zkprintpack.com\/wp-content\/uploads\/2026\/04\/Custom-Refill-Spout-Pouch-for-Liquid-Detergent-1.webp\" alt=\"Bolsa de recarga personalizada para detergente l\u00edquido (1)\" class=\"wp-image-2994\" srcset=\"https:\/\/www.zkprintpack.com\/wp-content\/uploads\/2026\/04\/Custom-Refill-Spout-Pouch-for-Liquid-Detergent-1.webp 800w, https:\/\/www.zkprintpack.com\/wp-content\/uploads\/2026\/04\/Custom-Refill-Spout-Pouch-for-Liquid-Detergent-1-150x150.webp 150w, https:\/\/www.zkprintpack.com\/wp-content\/uploads\/2026\/04\/Custom-Refill-Spout-Pouch-for-Liquid-Detergent-1-768x768.webp 768w, https:\/\/www.zkprintpack.com\/wp-content\/uploads\/2026\/04\/Custom-Refill-Spout-Pouch-for-Liquid-Detergent-1-12x12.webp 12w, https:\/\/www.zkprintpack.com\/wp-content\/uploads\/2026\/04\/Custom-Refill-Spout-Pouch-for-Liquid-Detergent-1-600x600.webp 600w, https:\/\/www.zkprintpack.com\/wp-content\/uploads\/2026\/04\/Custom-Refill-Spout-Pouch-for-Liquid-Detergent-1-300x300.webp 300w, https:\/\/www.zkprintpack.com\/wp-content\/uploads\/2026\/04\/Custom-Refill-Spout-Pouch-for-Liquid-Detergent-1-100x100.webp 100w\" sizes=\"(max-width: 800px) 100vw, 800px\" \/><\/figure>\n<\/div>\n<\/div>\n\n\n\n<p><\/p>","protected":false},"excerpt":{"rendered":"<p>Optimice la distribuci\u00f3n de sus productos l\u00edquidos con nuestro sistema de alto rendimiento <b data-path-to-node=\"5\" data-index-in-node=\"68\">Bolsa de ca\u00f1o personalizada<\/b>, dise\u00f1ado espec\u00edficamente para satisfacer las exigentes necesidades de las industrias de detergentes y productos qu\u00edmicos dom\u00e9sticos. La boquilla esquinera integrada y el tap\u00f3n de rosca seguro garantizan un cierre herm\u00e9tico y un vertido controlado, lo que lo convierte en la opci\u00f3n ideal para detergentes l\u00edquidos, jabones para vajilla y limpiadores industriales. P\u00f3ngase en contacto con nosotros<\/p>\n<h2>Par\u00e1metros de la bolsa de recarga personalizada<\/h2>\n<ul>\n<li><strong>Material:<\/strong>\u00a0PET\/PE, PET\/NY\/PE, PET\/AL\/NY\/PE, etc.<\/li>\n<li><strong>Tipo de bolsa<\/strong>: <strong>Bolsa de ca\u00f1o<\/strong><\/li>\n<li><strong>Talla<\/strong>: A medida<\/li>\n<li><strong>Pedido a medida<\/strong>: Aceptamos OEM y ODM<\/li>\n<li><strong>Muestra gratuita<\/strong>: Soporte<\/li>\n<li><strong>Utilizaci\u00f3n<\/strong>: L\u00edquidos detergentes, l\u00edquidos qu\u00edmicos, l\u00edquidos industriales y otros<\/li>\n<li><strong>Color<\/strong>: Personalizable<\/li>\n<li><strong>Mercados destinatarios<\/strong>: En todo el mundo<\/li>\n<\/ul>","protected":false},"featured_media":2996,"comment_status":"closed","ping_status":"closed","template":"","meta":{"_acf_changed":false},"market":[51],"product_brand":[],"product_cat":[56],"product_tag":[],"class_list":{"0":"post-2993","1":"product","2":"type-product","3":"status-publish","4":"has-post-thumbnail","6":"market-personal-care-and-cosmetic","7":"product_cat-custom-spout-pouches-supplier","9":"first","10":"instock","11":"shipping-taxable","12":"product-type-simple"},"acf":[],"_links":{"self":[{"href":"https:\/\/www.zkprintpack.com\/es\/wp-json\/wp\/v2\/product\/2993","targetHints":{"allow":["GET"]}}],"collection":[{"href":"https:\/\/www.zkprintpack.com\/es\/wp-json\/wp\/v2\/product"}],"about":[{"href":"https:\/\/www.zkprintpack.com\/es\/wp-json\/wp\/v2\/types\/product"}],"replies":[{"embeddable":true,"href":"https:\/\/www.zkprintpack.com\/es\/wp-json\/wp\/v2\/comments?post=2993"}],"wp:featuredmedia":[{"embeddable":true,"href":"https:\/\/www.zkprintpack.com\/es\/wp-json\/wp\/v2\/media\/2996"}],"wp:attachment":[{"href":"https:\/\/www.zkprintpack.com\/es\/wp-json\/wp\/v2\/media?parent=2993"}],"wp:term":[{"taxonomy":"market","embeddable":true,"href":"https:\/\/www.zkprintpack.com\/es\/wp-json\/wp\/v2\/market?post=2993"},{"taxonomy":"product_brand","embeddable":true,"href":"https:\/\/www.zkprintpack.com\/es\/wp-json\/wp\/v2\/product_brand?post=2993"},{"taxonomy":"product_cat","embeddable":true,"href":"https:\/\/www.zkprintpack.com\/es\/wp-json\/wp\/v2\/product_cat?post=2993"},{"taxonomy":"product_tag","embeddable":true,"href":"https:\/\/www.zkprintpack.com\/es\/wp-json\/wp\/v2\/product_tag?post=2993"}],"curies":[{"name":"wp","href":"https:\/\/api.w.org\/{rel}","templated":true}]}}