{"id":2990,"date":"2026-04-17T02:12:57","date_gmt":"2026-04-17T02:12:57","guid":{"rendered":"https:\/\/www.zkprintpack.com\/?post_type=product&#038;p=2990"},"modified":"2026-04-17T02:13:00","modified_gmt":"2026-04-17T02:13:00","slug":"custom-dry-food-packaging-pouch-supply","status":"publish","type":"product","link":"https:\/\/www.zkprintpack.com\/es\/product\/custom-dry-food-packaging-pouch-supply\/","title":{"rendered":"Bolsa para envasado de alimentos secos a medida, bolsa de fondo plano a granel - Pouch Packaging Factory Supply"},"content":{"rendered":"<div class=\"wp-block-columns is-layout-flex wp-container-core-columns-is-layout-9d6595d7 wp-block-columns-is-layout-flex\">\n<div class=\"wp-block-column is-layout-flow wp-block-column-is-layout-flow\">\n<h2 class=\"wp-block-heading\">Envasado a medida de alimentos secos Caracter\u00edsticas<\/h2>\n\n\n\n<ul class=\"wp-block-list\">\n<li><strong>Dise\u00f1o profesional de stands para la excelencia en el comercio minorista:<\/strong> Dise\u00f1ada con una base s\u00f3lida y plana, esta bolsa se mantiene erguida sin soporte externo, ofreciendo una presentaci\u00f3n limpia y lista para la venta al por menor. Este dise\u00f1o optimiza el espacio en los estantes y atrae la atenci\u00f3n del consumidor.<\/li>\n\n\n\n<li><strong>Sello t\u00e9rmico resistente con dise\u00f1o de f\u00e1cil apertura: <\/strong>Todos los bordes de sellado est\u00e1n dise\u00f1ados para un sellado t\u00e9rmico de alta resistencia que evita las fugas de aire y la entrada de humedad. Una muesca de f\u00e1cil apertura o un cierre resellable mejoran la comodidad del consumidor una vez abierto el envase.<\/li>\n\n\n\n<li><strong>Propiedades de barrera optimizadas para prolongar la vida \u00fatil:<\/strong> Las estructuras laminadas de nuestros materiales proporcionan una protecci\u00f3n superior contra el ox\u00edgeno y la humedad, lo que resulta esencial para conservar la frescura y la textura crujiente de sus productos de tofu, garantizando la calidad en el momento de la entrega a sus clientes finales.<\/li>\n\n\n\n<li><strong>Dise\u00f1o de apertura f\u00e1cil<\/strong><br>Las muescas de rasgado precortadas permiten a los consumidores abrir la bolsa r\u00e1pidamente sin tijeras. La l\u00ednea de rasgado limpia mejora la experiencia de primer uso a la vez que mantiene la integridad del envase antes de abrirlo.<\/li>\n\n\n\n<li>Como f\u00e1brica especializada en la venta al por mayor de bolsas con fondo plano, podemos ofrecer una producci\u00f3n directa de f\u00e1brica con un refinado proceso de fabricaci\u00f3n e impresi\u00f3n de bolsas. Por lo tanto, podemos proporcionar una base estable para pedidos de gran volumen.<\/li>\n<\/ul>\n<\/div>\n\n\n\n<div class=\"wp-block-column is-layout-flow wp-block-column-is-layout-flow\">\n<figure class=\"wp-block-image size-full\"><img decoding=\"async\" width=\"800\" height=\"800\" src=\"https:\/\/www.zkprintpack.com\/wp-content\/uploads\/2026\/04\/custom-dry-food-pakcaging-pouch.webp\" alt=\"bolsa personalizada para alimentos secos\" class=\"wp-image-2989\" srcset=\"https:\/\/www.zkprintpack.com\/wp-content\/uploads\/2026\/04\/custom-dry-food-pakcaging-pouch.webp 800w, https:\/\/www.zkprintpack.com\/wp-content\/uploads\/2026\/04\/custom-dry-food-pakcaging-pouch-150x150.webp 150w, https:\/\/www.zkprintpack.com\/wp-content\/uploads\/2026\/04\/custom-dry-food-pakcaging-pouch-768x768.webp 768w, https:\/\/www.zkprintpack.com\/wp-content\/uploads\/2026\/04\/custom-dry-food-pakcaging-pouch-12x12.webp 12w, https:\/\/www.zkprintpack.com\/wp-content\/uploads\/2026\/04\/custom-dry-food-pakcaging-pouch-600x600.webp 600w, https:\/\/www.zkprintpack.com\/wp-content\/uploads\/2026\/04\/custom-dry-food-pakcaging-pouch-300x300.webp 300w, https:\/\/www.zkprintpack.com\/wp-content\/uploads\/2026\/04\/custom-dry-food-pakcaging-pouch-100x100.webp 100w\" sizes=\"(max-width: 800px) 100vw, 800px\" \/><\/figure>\n<\/div>\n<\/div>\n\n\n\n<p><\/p>","protected":false},"excerpt":{"rendered":"<p>Bolsa personalizada para envasado de alimentos secos con un fabricante de bolsas directo de f\u00e1brica. Este envase est\u00e1 dise\u00f1ado para conservar una textura crujiente y combina materiales de alta barrera con una narrativa visual tradicional dibujada a mano para mejorar tanto la protecci\u00f3n del producto como su atractivo en el lineal. P\u00f3ngase en contacto con nosotros<\/p>\n<h2>Par\u00e1metros de la bolsa personalizada para envasado de alimentos secos<\/h2>\n<ul>\n<li><strong>Fabricante:<\/strong> Embalaje Zhongjia<\/li>\n<li><strong>Material:<\/strong>\u00a0PET\/PE, PET\/NY\/PE, PET\/AL\/NY\/PE, etc.<\/li>\n<li><strong>Tipo de bolsa<\/strong>: <strong>Bolsa de fondo plano<\/strong><\/li>\n<li><strong>Talla<\/strong>: A medida<\/li>\n<li><strong>Pedido a medida<\/strong>: Aceptamos OEM y ODM<\/li>\n<li><strong>Muestra gratuita<\/strong>: Soporte<\/li>\n<li><strong>Utilizaci\u00f3n<\/strong>: Piel de tofu, alimentos secos y otros<\/li>\n<li><strong>Color<\/strong>: Personalizable<\/li>\n<li><strong>Mercados destinatarios<\/strong>: En todo el mundo<\/li>\n<\/ul>","protected":false},"featured_media":2989,"comment_status":"closed","ping_status":"closed","template":"","meta":{"_acf_changed":false},"market":[],"product_brand":[],"product_cat":[55],"product_tag":[],"class_list":{"0":"post-2990","1":"product","2":"type-product","3":"status-publish","4":"has-post-thumbnail","6":"product_cat-flat-bottom-pouches-wholesale","8":"first","9":"instock","10":"shipping-taxable","11":"product-type-simple"},"acf":[],"_links":{"self":[{"href":"https:\/\/www.zkprintpack.com\/es\/wp-json\/wp\/v2\/product\/2990","targetHints":{"allow":["GET"]}}],"collection":[{"href":"https:\/\/www.zkprintpack.com\/es\/wp-json\/wp\/v2\/product"}],"about":[{"href":"https:\/\/www.zkprintpack.com\/es\/wp-json\/wp\/v2\/types\/product"}],"replies":[{"embeddable":true,"href":"https:\/\/www.zkprintpack.com\/es\/wp-json\/wp\/v2\/comments?post=2990"}],"wp:featuredmedia":[{"embeddable":true,"href":"https:\/\/www.zkprintpack.com\/es\/wp-json\/wp\/v2\/media\/2989"}],"wp:attachment":[{"href":"https:\/\/www.zkprintpack.com\/es\/wp-json\/wp\/v2\/media?parent=2990"}],"wp:term":[{"taxonomy":"market","embeddable":true,"href":"https:\/\/www.zkprintpack.com\/es\/wp-json\/wp\/v2\/market?post=2990"},{"taxonomy":"product_brand","embeddable":true,"href":"https:\/\/www.zkprintpack.com\/es\/wp-json\/wp\/v2\/product_brand?post=2990"},{"taxonomy":"product_cat","embeddable":true,"href":"https:\/\/www.zkprintpack.com\/es\/wp-json\/wp\/v2\/product_cat?post=2990"},{"taxonomy":"product_tag","embeddable":true,"href":"https:\/\/www.zkprintpack.com\/es\/wp-json\/wp\/v2\/product_tag?post=2990"}],"curies":[{"name":"wp","href":"https:\/\/api.w.org\/{rel}","templated":true}]}}