{"id":2988,"date":"2026-04-17T03:44:31","date_gmt":"2026-04-17T03:44:31","guid":{"rendered":"https:\/\/www.zkprintpack.com\/?post_type=product&#038;p=2988"},"modified":"2026-04-17T03:44:34","modified_gmt":"2026-04-17T03:44:34","slug":"custom-flat-bottom-pouch-for-noodles","status":"publish","type":"product","link":"https:\/\/www.zkprintpack.com\/es\/product\/custom-flat-bottom-pouch-for-noodles\/","title":{"rendered":"Bolsa de fondo plano personalizada para fideos - Proveedor de envases de bolsa a granel"},"content":{"rendered":"<div class=\"wp-block-columns is-layout-flex wp-container-core-columns-is-layout-9d6595d7 wp-block-columns-is-layout-flex\">\n<div class=\"wp-block-column is-layout-flow wp-block-column-is-layout-flow\">\n<h2 class=\"wp-block-heading\">Fundas de fondo plano personalizadas Caracter\u00edsticas<\/h2>\n\n\n\n<ul class=\"wp-block-list\">\n<li><strong>Estructura de fondo plano de primera calidad para una m\u00e1xima estabilidad:<\/strong> La base reforzada tipo caja garantiza que la bolsa se mantenga en posici\u00f3n vertical incluso cuando est\u00e1 llena de contenido pesado. Esta estabilidad vertical optimiza el espacio en las estanter\u00edas y proporciona un aspecto profesional de alta gama que los minoristas prefieren a las alternativas que se hunden.<\/li>\n\n\n\n<li><strong>Cinco caras de la marca inmobiliaria:<\/strong> Este dise\u00f1o ofrece mucho m\u00e1s espacio de marketing que las bolsas est\u00e1ndar. Esto permite a las marcas utilizar los fuelles laterales y la parte inferior para c\u00f3digos de barras, historias de origen o instrucciones en varios idiomas sin saturar el dise\u00f1o frontal principal.<\/li>\n\n\n\n<li><strong>Protecci\u00f3n de barrera avanzada para prolongar la vida \u00fatil:<\/strong> Nuestras bolsas se fabrican con films laminados de alto rendimiento dise\u00f1ados para proporcionar un escudo superior contra los elementos externos. Esto es fundamental para mantener la textura y el sabor de los alimentos secos, garantizando que lleguen al consumidor final en las mejores condiciones.<\/li>\n\n\n\n<li><strong>Personalizaci\u00f3n completa OEM\/ODM para marcas B2B:<\/strong> Como <strong>proveedor<\/strong>, Ofrecemos amplias opciones de personalizaci\u00f3n. Puede especificar acabados mates, brillantes o suaves al tacto, integrar ventanas transparentes para mostrar la calidad del producto y elegir entre varios sistemas de cierre para satisfacer las necesidades funcionales espec\u00edficas de su mercado objetivo.<\/li>\n\n\n\n<li><strong>Producci\u00f3n industrial de gran volumen y log\u00edstica a granel:<\/strong> Estamos equipados para gestionar <strong>venta al por mayor<\/strong> con un control de calidad constante. Nuestro proceso de fabricaci\u00f3n racionalizado garantiza plazos de entrega competitivos y env\u00edos fiables para importadores internacionales y distribuidores a gran escala que buscan un socio de producci\u00f3n a largo plazo.<\/li>\n<\/ul>\n<\/div>\n\n\n\n<div class=\"wp-block-column is-layout-flow wp-block-column-is-layout-flow\">\n<figure class=\"wp-block-image size-full\"><img decoding=\"async\" width=\"800\" height=\"800\" src=\"https:\/\/www.zkprintpack.com\/wp-content\/uploads\/2026\/04\/custom-flat-bottom-pouch-factory.webp\" alt=\"f\u00e1brica de bolsas de fondo plano a medida\" class=\"wp-image-2992\" srcset=\"https:\/\/www.zkprintpack.com\/wp-content\/uploads\/2026\/04\/custom-flat-bottom-pouch-factory.webp 800w, https:\/\/www.zkprintpack.com\/wp-content\/uploads\/2026\/04\/custom-flat-bottom-pouch-factory-150x150.webp 150w, https:\/\/www.zkprintpack.com\/wp-content\/uploads\/2026\/04\/custom-flat-bottom-pouch-factory-768x768.webp 768w, https:\/\/www.zkprintpack.com\/wp-content\/uploads\/2026\/04\/custom-flat-bottom-pouch-factory-12x12.webp 12w, https:\/\/www.zkprintpack.com\/wp-content\/uploads\/2026\/04\/custom-flat-bottom-pouch-factory-600x600.webp 600w, https:\/\/www.zkprintpack.com\/wp-content\/uploads\/2026\/04\/custom-flat-bottom-pouch-factory-300x300.webp 300w, https:\/\/www.zkprintpack.com\/wp-content\/uploads\/2026\/04\/custom-flat-bottom-pouch-factory-100x100.webp 100w\" sizes=\"(max-width: 800px) 100vw, 800px\" \/><\/figure>\n<\/div>\n<\/div>\n\n\n\n<p><\/p>","protected":false},"excerpt":{"rendered":"<p>Bolsa de fondo plano personalizada para fideos, suministro de f\u00e1brica del fabricante. Esta bolsa presenta una base rectangular completamente plana que le permite mantenerse firme como una caja. Ideales para aplicaciones pesadas como fideos, arroz, comida para mascotas y aperitivos a granel, nuestras bolsas est\u00e1n fabricadas con laminados multicapa de alta barrera. P\u00f3ngase en contacto con nosotros<\/p>\n<h2>Par\u00e1metros de la bolsa de fondo plano a medida para fideos<\/h2>\n<ul>\n<li><strong>Material:<\/strong>\u00a0PET\/PE, PET\/NY\/PE, PET\/AL\/NY\/PE, etc.<\/li>\n<li><strong>Tipo de bolsa<\/strong>: <strong>Bolsa de fondo plano<\/strong><\/li>\n<li><strong>Talla<\/strong>: A medida<\/li>\n<li><strong>Pedido a medida<\/strong>: Aceptamos OEM y ODM<\/li>\n<li><strong>Muestra gratuita<\/strong>: Soporte<\/li>\n<li><strong>Utilizaci\u00f3n<\/strong>: Fideos, comida seca y otros<\/li>\n<li><strong>Color<\/strong>: Personalizable<\/li>\n<li><strong>Mercados destinatarios<\/strong>: En todo el mundo<\/li>\n<\/ul>","protected":false},"featured_media":2991,"comment_status":"closed","ping_status":"closed","template":"","meta":{"_acf_changed":false},"market":[],"product_brand":[],"product_cat":[55],"product_tag":[],"class_list":{"0":"post-2988","1":"product","2":"type-product","3":"status-publish","4":"has-post-thumbnail","6":"product_cat-flat-bottom-pouches-wholesale","8":"first","9":"instock","10":"shipping-taxable","11":"product-type-simple"},"acf":[],"_links":{"self":[{"href":"https:\/\/www.zkprintpack.com\/es\/wp-json\/wp\/v2\/product\/2988","targetHints":{"allow":["GET"]}}],"collection":[{"href":"https:\/\/www.zkprintpack.com\/es\/wp-json\/wp\/v2\/product"}],"about":[{"href":"https:\/\/www.zkprintpack.com\/es\/wp-json\/wp\/v2\/types\/product"}],"replies":[{"embeddable":true,"href":"https:\/\/www.zkprintpack.com\/es\/wp-json\/wp\/v2\/comments?post=2988"}],"wp:featuredmedia":[{"embeddable":true,"href":"https:\/\/www.zkprintpack.com\/es\/wp-json\/wp\/v2\/media\/2991"}],"wp:attachment":[{"href":"https:\/\/www.zkprintpack.com\/es\/wp-json\/wp\/v2\/media?parent=2988"}],"wp:term":[{"taxonomy":"market","embeddable":true,"href":"https:\/\/www.zkprintpack.com\/es\/wp-json\/wp\/v2\/market?post=2988"},{"taxonomy":"product_brand","embeddable":true,"href":"https:\/\/www.zkprintpack.com\/es\/wp-json\/wp\/v2\/product_brand?post=2988"},{"taxonomy":"product_cat","embeddable":true,"href":"https:\/\/www.zkprintpack.com\/es\/wp-json\/wp\/v2\/product_cat?post=2988"},{"taxonomy":"product_tag","embeddable":true,"href":"https:\/\/www.zkprintpack.com\/es\/wp-json\/wp\/v2\/product_tag?post=2988"}],"curies":[{"name":"wp","href":"https:\/\/api.w.org\/{rel}","templated":true}]}}