{"id":2919,"date":"2026-03-26T09:31:35","date_gmt":"2026-03-26T09:31:35","guid":{"rendered":"https:\/\/www.zkprintpack.com\/?post_type=product&#038;p=2919"},"modified":"2026-03-26T09:31:37","modified_gmt":"2026-03-26T09:31:37","slug":"custom-seasoning-powder-pouch-supply","status":"publish","type":"product","link":"https:\/\/www.zkprintpack.com\/es\/product\/custom-seasoning-powder-pouch-supply\/","title":{"rendered":"Bolsa para condimentos en polvo, alta barrera, sellado en 3 lados"},"content":{"rendered":"<div class=\"wp-block-columns is-layout-flex wp-container-core-columns-is-layout-9d6595d7 wp-block-columns-is-layout-flex\">\n<div class=\"wp-block-column is-layout-flow wp-block-column-is-layout-flow\">\n<h2 class=\"wp-block-heading\">Custom Seasoning Powder Pouch Features<\/h2>\n\n\n\n<ul class=\"wp-block-list\">\n<li><strong>Effective Oxygen and Aroma Protection<br><\/strong>The structure of this custom seasoning powder pouch reduces oxygen exposure and locks in volatile flavor compounds. This helps maintain the original aroma, taste, and freshness of seasoning products over time.<\/li>\n\n\n\n<li><strong>Strong Heat Sealing for Leak Prevention<\/strong><br>All sealing areas are designed for high strength and durability to prevent powder leakage. The structure maintains integrity under stacking pressure and transportation conditions.<\/li>\n\n\n\n<li><strong>Food-Grade Safe Material Structure<\/strong><br>The inner layer of our custom seasoning powder pouch complies with food-contact safety standards and does not react with salt or spice ingredients. This ensures product safety and prevents contamination.<\/li>\n\n\n\n<li><strong>Dise\u00f1o de apertura f\u00e1cil<\/strong><br>Las muescas de rasgado precortadas permiten a los consumidores abrir la bolsa r\u00e1pidamente sin tijeras. La l\u00ednea de rasgado limpia mejora la experiencia de primer uso a la vez que mantiene la integridad del envase antes de abrirlo.<\/li>\n\n\n\n<li>As a specialized custom 3-side seal pouch factory, we can provide factory-direct production with a refined bag-making and printing process. Thus, we can provide a stable basis for large volume orders.<\/li>\n<\/ul>\n<\/div>\n\n\n\n<div class=\"wp-block-column is-layout-flow wp-block-column-is-layout-flow\">\n<figure class=\"wp-block-image size-full\"><img decoding=\"async\" width=\"800\" height=\"800\" src=\"https:\/\/www.zkprintpack.com\/wp-content\/uploads\/2026\/03\/Custom-3-Side-Seal-Seasoning-Powder-Pouches-2.webp\" alt=\"Custom 3-Side Seal Seasoning Powder Pouches (2)\" class=\"wp-image-2922\" srcset=\"https:\/\/www.zkprintpack.com\/wp-content\/uploads\/2026\/03\/Custom-3-Side-Seal-Seasoning-Powder-Pouches-2.webp 800w, https:\/\/www.zkprintpack.com\/wp-content\/uploads\/2026\/03\/Custom-3-Side-Seal-Seasoning-Powder-Pouches-2-150x150.webp 150w, https:\/\/www.zkprintpack.com\/wp-content\/uploads\/2026\/03\/Custom-3-Side-Seal-Seasoning-Powder-Pouches-2-768x768.webp 768w, https:\/\/www.zkprintpack.com\/wp-content\/uploads\/2026\/03\/Custom-3-Side-Seal-Seasoning-Powder-Pouches-2-12x12.webp 12w, https:\/\/www.zkprintpack.com\/wp-content\/uploads\/2026\/03\/Custom-3-Side-Seal-Seasoning-Powder-Pouches-2-600x600.webp 600w, https:\/\/www.zkprintpack.com\/wp-content\/uploads\/2026\/03\/Custom-3-Side-Seal-Seasoning-Powder-Pouches-2-300x300.webp 300w, https:\/\/www.zkprintpack.com\/wp-content\/uploads\/2026\/03\/Custom-3-Side-Seal-Seasoning-Powder-Pouches-2-100x100.webp 100w\" sizes=\"(max-width: 800px) 100vw, 800px\" \/><\/figure>\n<\/div>\n<\/div>\n\n\n\n<p><\/p>","protected":false},"excerpt":{"rendered":"<p>Soluciones personalizadas de bolsa de sellado por 3 lados, bolsa personalizada para condimentos en polvo. Esta bolsa personalizada para condimentos en polvo combina el control de la humedad, el rendimiento de la barrera al ox\u00edgeno y la comodidad del usuario. Protege a la perfecci\u00f3n la integridad del producto, preserva el sabor y permite un consumo pr\u00e1ctico y multiuso. Obtenga ahora una muestra gratuita<\/p>\n<h2>Par\u00e1metros de la bolsa personalizada para condimentos en polvo<\/h2>\n<ul>\n<li><strong>Fabricante:<\/strong> <a href=\"https:\/\/www.zkprintpack.com\/es\/\"><span style=\"color: #ff0000;\">Embalaje Zhongjia<\/span><\/a><\/li>\n<li><strong>Material:<\/strong>\u00a0PET\/PE, PET\/NY\/PE, PET\/AL\/NY\/PE, etc.<\/li>\n<li><strong>Tipo de bolsa<\/strong>: <strong>Junta de 3 lados<\/strong><strong>\u00a0Bolsa<\/strong><\/li>\n<li><strong>Talla<\/strong>: A medida<\/li>\n<li><strong>Pedido a medida<\/strong>: Aceptamos OEM y ODM<\/li>\n<li><strong>Muestra gratuita<\/strong>: Soporte<\/li>\n<li><strong>Utilizaci\u00f3n<\/strong>: Condimentos en polvo y otros<\/li>\n<li><strong>Color<\/strong>: Personalizable<\/li>\n<li><strong>Mercados destinatarios<\/strong>: En todo el mundo<\/li>\n<\/ul>","protected":false},"featured_media":2921,"comment_status":"closed","ping_status":"closed","template":"","meta":{"_acf_changed":false},"market":[62],"product_brand":[],"product_cat":[53],"product_tag":[],"class_list":{"0":"post-2919","1":"product","2":"type-product","3":"status-publish","4":"has-post-thumbnail","6":"market-powder-packaging-supplier","7":"product_cat-three-side-seal-pouch-wholesale","9":"first","10":"instock","11":"shipping-taxable","12":"product-type-simple"},"acf":[],"_links":{"self":[{"href":"https:\/\/www.zkprintpack.com\/es\/wp-json\/wp\/v2\/product\/2919","targetHints":{"allow":["GET"]}}],"collection":[{"href":"https:\/\/www.zkprintpack.com\/es\/wp-json\/wp\/v2\/product"}],"about":[{"href":"https:\/\/www.zkprintpack.com\/es\/wp-json\/wp\/v2\/types\/product"}],"replies":[{"embeddable":true,"href":"https:\/\/www.zkprintpack.com\/es\/wp-json\/wp\/v2\/comments?post=2919"}],"wp:featuredmedia":[{"embeddable":true,"href":"https:\/\/www.zkprintpack.com\/es\/wp-json\/wp\/v2\/media\/2921"}],"wp:attachment":[{"href":"https:\/\/www.zkprintpack.com\/es\/wp-json\/wp\/v2\/media?parent=2919"}],"wp:term":[{"taxonomy":"market","embeddable":true,"href":"https:\/\/www.zkprintpack.com\/es\/wp-json\/wp\/v2\/market?post=2919"},{"taxonomy":"product_brand","embeddable":true,"href":"https:\/\/www.zkprintpack.com\/es\/wp-json\/wp\/v2\/product_brand?post=2919"},{"taxonomy":"product_cat","embeddable":true,"href":"https:\/\/www.zkprintpack.com\/es\/wp-json\/wp\/v2\/product_cat?post=2919"},{"taxonomy":"product_tag","embeddable":true,"href":"https:\/\/www.zkprintpack.com\/es\/wp-json\/wp\/v2\/product_tag?post=2919"}],"curies":[{"name":"wp","href":"https:\/\/api.w.org\/{rel}","templated":true}]}}