{"id":2918,"date":"2026-03-26T09:26:34","date_gmt":"2026-03-26T09:26:34","guid":{"rendered":"https:\/\/www.zkprintpack.com\/?post_type=product&#038;p=2918"},"modified":"2026-03-26T09:26:37","modified_gmt":"2026-03-26T09:26:37","slug":"wholesale-3-side-seal-pouch-herbal-bag","status":"publish","type":"product","link":"https:\/\/www.zkprintpack.com\/es\/product\/wholesale-3-side-seal-pouch-herbal-bag\/","title":{"rendered":"Suministro al por mayor de bolsas de sellado por 3 lados para el envasado de hierbas y nutrac\u00e9uticos"},"content":{"rendered":"<div class=\"wp-block-columns is-layout-flex wp-container-core-columns-is-layout-9d6595d7 wp-block-columns-is-layout-flex\">\n<div class=\"wp-block-column is-layout-flow wp-block-column-is-layout-flow\">\n<h2 class=\"wp-block-heading\">Wholesale 3-Side Seal Pouch Features<\/h2>\n\n\n\n<ul class=\"wp-block-list\">\n<li><strong>Ultra-High Moisture Barrier Protection<\/strong><br>Our wholesale 3-side seal pouch features multilayer construction with excellent water vapor resistance to maintain a dry internal environment. This prevents mold growth, moisture absorption, and quality deterioration in sensitive herbal products.<\/li>\n\n\n\n<li><strong>Reinforced Hanging Hole Design<\/strong><br>The integrated hanging hole is strengthened to support the full product weight during retail display or storage. Clean cutting and reinforced edges prevent tearing during handling.<\/li>\n\n\n\n<li><strong>High-Transparency Viewing Window<\/strong><br>This wholesale 3-side seal pouch includes a clear window that allows consumers to inspect the product quality visually. The material maintains clarity without distortion while still supporting protective barrier functions.<\/li>\n\n\n\n<li><strong>Dise\u00f1o de apertura f\u00e1cil<\/strong><br>Las muescas de rasgado precortadas permiten a los consumidores abrir la bolsa r\u00e1pidamente sin tijeras. La l\u00ednea de rasgado limpia mejora la experiencia de primer uso a la vez que mantiene la integridad del envase antes de abrirlo.<\/li>\n\n\n\n<li>As a specialized wholesale 3-side seal pouch factory, we can provide factory-direct production with a refined bag-making and printing process. Thus, we can provide a stable basis for large volume orders.<\/li>\n<\/ul>\n<\/div>\n\n\n\n<div class=\"wp-block-column is-layout-flow wp-block-column-is-layout-flow\">\n<figure class=\"wp-block-image size-full\"><img decoding=\"async\" width=\"800\" height=\"800\" src=\"https:\/\/www.zkprintpack.com\/wp-content\/uploads\/2026\/03\/Wholesale-3-Side-Seal-Pouches-for-Pharmaceutical.webp\" alt=\"Venta al por mayor de bolsas de sellado por 3 lados para productos farmac\u00e9uticos\" class=\"wp-image-2920\" srcset=\"https:\/\/www.zkprintpack.com\/wp-content\/uploads\/2026\/03\/Wholesale-3-Side-Seal-Pouches-for-Pharmaceutical.webp 800w, https:\/\/www.zkprintpack.com\/wp-content\/uploads\/2026\/03\/Wholesale-3-Side-Seal-Pouches-for-Pharmaceutical-150x150.webp 150w, https:\/\/www.zkprintpack.com\/wp-content\/uploads\/2026\/03\/Wholesale-3-Side-Seal-Pouches-for-Pharmaceutical-768x768.webp 768w, https:\/\/www.zkprintpack.com\/wp-content\/uploads\/2026\/03\/Wholesale-3-Side-Seal-Pouches-for-Pharmaceutical-12x12.webp 12w, https:\/\/www.zkprintpack.com\/wp-content\/uploads\/2026\/03\/Wholesale-3-Side-Seal-Pouches-for-Pharmaceutical-600x600.webp 600w, https:\/\/www.zkprintpack.com\/wp-content\/uploads\/2026\/03\/Wholesale-3-Side-Seal-Pouches-for-Pharmaceutical-300x300.webp 300w, https:\/\/www.zkprintpack.com\/wp-content\/uploads\/2026\/03\/Wholesale-3-Side-Seal-Pouches-for-Pharmaceutical-100x100.webp 100w\" sizes=\"(max-width: 800px) 100vw, 800px\" \/><\/figure>\n<\/div>\n<\/div>\n\n\n\n<p><\/p>","protected":false},"excerpt":{"rendered":"<p>Zhongjia Printing ofrece soluciones al por mayor de bolsas de sellado por 3 lados para el envasado de hierbas y nutrac\u00e9uticos. Esta bolsa de sellado por 3 caras al por mayor est\u00e1 dise\u00f1ada para preservar la potencia, evitar la degradaci\u00f3n y permitir el uso repetido, al tiempo que refuerza la autenticidad del producto y la presentaci\u00f3n de primera calidad en el estante. Protege perfectamente la integridad del producto, preserva el sabor y admite situaciones de consumo pr\u00e1cticas y multiuso, al tiempo que mantiene un gran atractivo en el lineal. Obtenga ahora una muestra gratuita<\/p>\n<h2>Par\u00e1metros de la bolsa de cierre trilateral al por mayor<\/h2>\n<ul>\n<li><strong>Material:<\/strong>\u00a0PET\/PE, PET\/NY\/PE, PET\/AL\/NY\/PE, etc.<\/li>\n<li><strong>Tipo de bolsa<\/strong>: <strong>Junta de 3 lados<\/strong><strong>\u00a0Bolsa<\/strong><\/li>\n<li><strong>Talla<\/strong>: A medida<\/li>\n<li><strong>Pedido a medida<\/strong>: Aceptamos OEM y ODM<\/li>\n<li><strong>Muestra gratuita<\/strong>: Soporte<\/li>\n<li><strong>Utilizaci\u00f3n<\/strong>: Nutrac\u00e9uticos a base de plantas y otros<\/li>\n<li><strong>Color<\/strong>: Personalizable<\/li>\n<li><strong>Mercados destinatarios<\/strong>: En todo el mundo<\/li>\n<\/ul>","protected":false},"featured_media":2920,"comment_status":"closed","ping_status":"closed","template":"","meta":{"_acf_changed":false},"market":[],"product_brand":[],"product_cat":[53,67],"product_tag":[],"class_list":{"0":"post-2918","1":"product","2":"type-product","3":"status-publish","4":"has-post-thumbnail","6":"product_cat-three-side-seal-pouch-wholesale","7":"product_cat-custom-flat-pouch","9":"first","10":"instock","11":"shipping-taxable","12":"product-type-simple"},"acf":[],"_links":{"self":[{"href":"https:\/\/www.zkprintpack.com\/es\/wp-json\/wp\/v2\/product\/2918","targetHints":{"allow":["GET"]}}],"collection":[{"href":"https:\/\/www.zkprintpack.com\/es\/wp-json\/wp\/v2\/product"}],"about":[{"href":"https:\/\/www.zkprintpack.com\/es\/wp-json\/wp\/v2\/types\/product"}],"replies":[{"embeddable":true,"href":"https:\/\/www.zkprintpack.com\/es\/wp-json\/wp\/v2\/comments?post=2918"}],"wp:featuredmedia":[{"embeddable":true,"href":"https:\/\/www.zkprintpack.com\/es\/wp-json\/wp\/v2\/media\/2920"}],"wp:attachment":[{"href":"https:\/\/www.zkprintpack.com\/es\/wp-json\/wp\/v2\/media?parent=2918"}],"wp:term":[{"taxonomy":"market","embeddable":true,"href":"https:\/\/www.zkprintpack.com\/es\/wp-json\/wp\/v2\/market?post=2918"},{"taxonomy":"product_brand","embeddable":true,"href":"https:\/\/www.zkprintpack.com\/es\/wp-json\/wp\/v2\/product_brand?post=2918"},{"taxonomy":"product_cat","embeddable":true,"href":"https:\/\/www.zkprintpack.com\/es\/wp-json\/wp\/v2\/product_cat?post=2918"},{"taxonomy":"product_tag","embeddable":true,"href":"https:\/\/www.zkprintpack.com\/es\/wp-json\/wp\/v2\/product_tag?post=2918"}],"curies":[{"name":"wp","href":"https:\/\/api.w.org\/{rel}","templated":true}]}}