{"id":2865,"date":"2026-03-13T11:10:29","date_gmt":"2026-03-13T11:10:29","guid":{"rendered":"https:\/\/www.zkprintpack.com\/?post_type=product&#038;p=2865"},"modified":"2026-03-13T11:10:31","modified_gmt":"2026-03-13T11:10:31","slug":"customized-spout-pouch-chemical-liquid","status":"publish","type":"product","link":"https:\/\/www.zkprintpack.com\/es\/product\/customized-spout-pouch-chemical-liquid\/","title":{"rendered":"Bolsa con boquilla personalizada para productos qu\u00edmicos de construcci\u00f3n, suministro de bolsas para l\u00edquidos de construcci\u00f3n"},"content":{"rendered":"<div class=\"wp-block-columns is-layout-flex wp-container-core-columns-is-layout-9d6595d7 wp-block-columns-is-layout-flex\">\n<div class=\"wp-block-column is-layout-flow wp-block-column-is-layout-flow\">\n<h2 class=\"wp-block-heading\">Bolsa con boquilla personalizada Caracter\u00edsticas<\/h2>\n\n\n\n<ul class=\"wp-block-list\">\n<li><strong>Capa interior resistente a productos qu\u00edmicos<br><\/strong>El material interior de nuestra bolsa con boquilla personalizada est\u00e1 dise\u00f1ado para resistir disolventes, pol\u00edmeros, resinas y aditivos que se encuentran habitualmente en los productos qu\u00edmicos para la construcci\u00f3n. Esto evita la degradaci\u00f3n del material, la hinchaz\u00f3n o la contaminaci\u00f3n durante el almacenamiento a largo plazo.<\/li>\n\n\n\n<li><strong>Integraci\u00f3n segura de tapa y ca\u00f1o<\/strong><br>El pico proporciona una liberaci\u00f3n controlada del producto al tiempo que mantiene un cierre herm\u00e9tico. Estos cierres evitan las fugas al tiempo que permiten abrir y volver a cerrar el envase varias veces.<\/li>\n\n\n\n<li><strong>Calidad de impresi\u00f3n industrial duradera<\/strong><br>La impresi\u00f3n de alta adherencia garantiza que los logotipos, los nombres de los productos y la informaci\u00f3n t\u00e9cnica permanezcan claros durante todo el ciclo de vida del producto. Los gr\u00e1ficos resisten la abrasi\u00f3n y la exposici\u00f3n ambiental habituales en las obras.<\/li>\n\n\n\n<li><strong>Sellado fiable a prueba de fugas<br><\/strong>Esta bolsa con boquilla personalizada presenta bordes termosellados resistentes que garantizan que los l\u00edquidos viscosos, los revestimientos o las pastas permanezcan contenidos de forma segura durante el transporte y el almacenamiento. La estructura de sellado est\u00e1 dise\u00f1ada para soportar la presi\u00f3n del apilamiento y los impactos de la manipulaci\u00f3n.<\/li>\n\n\n\n<li>Como fabricante especializado en bolsas con boquilla personalizadas, podemos ofrecer una producci\u00f3n directa de f\u00e1brica con un refinado proceso de fabricaci\u00f3n e impresi\u00f3n de bolsas. De este modo, podemos ofrecer una base estable para pedidos de gran volumen.<\/li>\n<\/ul>\n<\/div>\n\n\n\n<div class=\"wp-block-column is-layout-flow wp-block-column-is-layout-flow\">\n<figure class=\"wp-block-image size-full\"><img decoding=\"async\" width=\"800\" height=\"800\" src=\"https:\/\/www.zkprintpack.com\/wp-content\/uploads\/2026\/03\/customized-spout-pouch-4.webp\" alt=\"bolsa con boquilla personalizada (4)\" class=\"wp-image-2869\" srcset=\"https:\/\/www.zkprintpack.com\/wp-content\/uploads\/2026\/03\/customized-spout-pouch-4.webp 800w, https:\/\/www.zkprintpack.com\/wp-content\/uploads\/2026\/03\/customized-spout-pouch-4-150x150.webp 150w, https:\/\/www.zkprintpack.com\/wp-content\/uploads\/2026\/03\/customized-spout-pouch-4-768x768.webp 768w, https:\/\/www.zkprintpack.com\/wp-content\/uploads\/2026\/03\/customized-spout-pouch-4-12x12.webp 12w, https:\/\/www.zkprintpack.com\/wp-content\/uploads\/2026\/03\/customized-spout-pouch-4-600x600.webp 600w, https:\/\/www.zkprintpack.com\/wp-content\/uploads\/2026\/03\/customized-spout-pouch-4-300x300.webp 300w, https:\/\/www.zkprintpack.com\/wp-content\/uploads\/2026\/03\/customized-spout-pouch-4-100x100.webp 100w\" sizes=\"(max-width: 800px) 100vw, 800px\" \/><\/figure>\n<\/div>\n<\/div>\n\n\n\n<p><\/p>","protected":false},"excerpt":{"rendered":"<p>Estas bolsas con boquilla personalizadas est\u00e1n dise\u00f1adas para productos qu\u00edmicos de construcci\u00f3n como revestimientos impermeables, selladores, adhesivos de mortero y pastas de construcci\u00f3n. Fabricadas con materiales resistentes a los productos qu\u00edmicos y estructuras de sellado reforzadas, las bolsas con boquilla personalizadas garantizan un almacenamiento seguro, un transporte a prueba de fugas y una aplicaci\u00f3n c\u00f3moda en los exigentes entornos de las obras de construcci\u00f3n.<\/p>\n<h2>Par\u00e1metros de la bolsa con boquilla personalizada<\/h2>\n<ul>\n<li><strong>Material:<\/strong>\u00a0PET\/PE, PET\/NY\/PE, PET\/AL\/NY\/PE, etc.<\/li>\n<li><strong>Tipo de bolsa<\/strong>: <strong>Ca\u00f1o <\/strong><strong>Bolsa<\/strong><\/li>\n<li><strong>Talla<\/strong>: A medida<\/li>\n<li><strong>Pedido a medida<\/strong>: Aceptamos OEM y ODM<\/li>\n<li><strong>Muestra gratuita<\/strong>: Soporte<\/li>\n<li><strong>Utilizaci\u00f3n<\/strong>: L\u00edquido de construcci\u00f3n y otros<\/li>\n<li><strong>Color<\/strong>: Personalizable<\/li>\n<li><strong>Mercados destinatarios<\/strong>: En todo el mundo<\/li>\n<\/ul>","protected":false},"featured_media":2870,"comment_status":"closed","ping_status":"closed","template":"","meta":{"_acf_changed":false},"market":[],"product_brand":[],"product_cat":[56],"product_tag":[],"class_list":{"0":"post-2865","1":"product","2":"type-product","3":"status-publish","4":"has-post-thumbnail","6":"product_cat-custom-spout-pouches-supplier","8":"first","9":"instock","10":"shipping-taxable","11":"product-type-simple"},"acf":[],"_links":{"self":[{"href":"https:\/\/www.zkprintpack.com\/es\/wp-json\/wp\/v2\/product\/2865","targetHints":{"allow":["GET"]}}],"collection":[{"href":"https:\/\/www.zkprintpack.com\/es\/wp-json\/wp\/v2\/product"}],"about":[{"href":"https:\/\/www.zkprintpack.com\/es\/wp-json\/wp\/v2\/types\/product"}],"replies":[{"embeddable":true,"href":"https:\/\/www.zkprintpack.com\/es\/wp-json\/wp\/v2\/comments?post=2865"}],"wp:featuredmedia":[{"embeddable":true,"href":"https:\/\/www.zkprintpack.com\/es\/wp-json\/wp\/v2\/media\/2870"}],"wp:attachment":[{"href":"https:\/\/www.zkprintpack.com\/es\/wp-json\/wp\/v2\/media?parent=2865"}],"wp:term":[{"taxonomy":"market","embeddable":true,"href":"https:\/\/www.zkprintpack.com\/es\/wp-json\/wp\/v2\/market?post=2865"},{"taxonomy":"product_brand","embeddable":true,"href":"https:\/\/www.zkprintpack.com\/es\/wp-json\/wp\/v2\/product_brand?post=2865"},{"taxonomy":"product_cat","embeddable":true,"href":"https:\/\/www.zkprintpack.com\/es\/wp-json\/wp\/v2\/product_cat?post=2865"},{"taxonomy":"product_tag","embeddable":true,"href":"https:\/\/www.zkprintpack.com\/es\/wp-json\/wp\/v2\/product_tag?post=2865"}],"curies":[{"name":"wp","href":"https:\/\/api.w.org\/{rel}","templated":true}]}}