{"id":2860,"date":"2026-03-13T11:14:57","date_gmt":"2026-03-13T11:14:57","guid":{"rendered":"https:\/\/www.zkprintpack.com\/?post_type=product&#038;p=2860"},"modified":"2026-03-13T11:14:59","modified_gmt":"2026-03-13T11:14:59","slug":"wholesale-rice-packaging-bag-factory","status":"publish","type":"product","link":"https:\/\/www.zkprintpack.com\/es\/product\/wholesale-rice-packaging-bag-factory\/","title":{"rendered":"Bolsas de Arroz al por mayor - Quad Seal Pouch Supply"},"content":{"rendered":"<div class=\"wp-block-columns is-layout-flex wp-container-core-columns-is-layout-9d6595d7 wp-block-columns-is-layout-flex\">\n<div class=\"wp-block-column is-layout-flow wp-block-column-is-layout-flow\">\n<h2 class=\"wp-block-heading\">Bolsa para envasado de arroz al por mayor personalizada Caracter\u00edsticas<\/h2>\n\n\n\n<ul class=\"wp-block-list\">\n<li><strong>Estructura de material laminado de alta resistencia<\/strong><br>Nuestra bolsa de envasado de arroz al por mayor utiliza materiales laminados multicapa duraderos dise\u00f1ados para soportar el peso de los productos de grano a granel. Esta estructura proporciona una fuerte resistencia al desgarro, los pinchazos y la abrasi\u00f3n durante el almacenamiento y el transporte.<\/li>\n\n\n\n<li><strong>Excelente protecci\u00f3n contra la humedad<\/strong><br>El envase incorpora capas de alta barrera contra la humedad para impedir que el vapor de agua penetre en la bolsa. Esto ayuda a mantener el arroz seco, evitando la formaci\u00f3n de moho, la infestaci\u00f3n de insectos y el deterioro de la calidad durante el almacenamiento.<\/li>\n\n\n\n<li><strong>Bordes termosellados fiables<\/strong><br>Todas las zonas de sellado, incluidas las juntas laterales y la junta inferior, est\u00e1n dise\u00f1adas para ofrecer una gran resistencia de sellado. Esto evita las fugas de grano y garantiza que la bolsa mantenga su integridad durante la distribuci\u00f3n y la manipulaci\u00f3n.<\/li>\n\n\n\n<li><strong>Asa de transporte reforzada<br><\/strong>El asa troquelada de la parte superior de la bolsa de envasado de arroz al por mayor est\u00e1 reforzada para soportar con seguridad todo el peso del producto. Este dise\u00f1o permite a los consumidores transportar c\u00f3modamente bolsas de arroz pesadas sin riesgo de que se rompan.<\/li>\n\n\n\n<li>Como fabricante especializado en la venta al por mayor de bolsas personalizadas para el envasado de arroz, podemos ofrecer una producci\u00f3n directa de f\u00e1brica con un refinado proceso de fabricaci\u00f3n e impresi\u00f3n de bolsas. Por lo tanto, podemos proporcionar una base estable para pedidos de gran volumen.<\/li>\n<\/ul>\n<\/div>\n\n\n\n<div class=\"wp-block-column is-layout-flow wp-block-column-is-layout-flow\">\n<figure class=\"wp-block-image size-full\"><img decoding=\"async\" width=\"800\" height=\"800\" src=\"https:\/\/www.zkprintpack.com\/wp-content\/uploads\/2026\/03\/wholesale-rice-packaging-bags-3.webp\" alt=\"venta al por mayor de bolsas para envasar arroz (3)\" class=\"wp-image-2863\" srcset=\"https:\/\/www.zkprintpack.com\/wp-content\/uploads\/2026\/03\/wholesale-rice-packaging-bags-3.webp 800w, https:\/\/www.zkprintpack.com\/wp-content\/uploads\/2026\/03\/wholesale-rice-packaging-bags-3-150x150.webp 150w, https:\/\/www.zkprintpack.com\/wp-content\/uploads\/2026\/03\/wholesale-rice-packaging-bags-3-768x768.webp 768w, https:\/\/www.zkprintpack.com\/wp-content\/uploads\/2026\/03\/wholesale-rice-packaging-bags-3-12x12.webp 12w, https:\/\/www.zkprintpack.com\/wp-content\/uploads\/2026\/03\/wholesale-rice-packaging-bags-3-600x600.webp 600w, https:\/\/www.zkprintpack.com\/wp-content\/uploads\/2026\/03\/wholesale-rice-packaging-bags-3-300x300.webp 300w, https:\/\/www.zkprintpack.com\/wp-content\/uploads\/2026\/03\/wholesale-rice-packaging-bags-3-100x100.webp 100w\" sizes=\"(max-width: 800px) 100vw, 800px\" \/><\/figure>\n<\/div>\n<\/div>\n\n\n\n<p><\/p>","protected":false},"excerpt":{"rendered":"<p>Bolsa de envasado de arroz al por mayor, dise\u00f1ada para productos de grano a granel. Construida con materiales laminados de alta resistencia, estructuras de transporte reforzadas y una excelente protecci\u00f3n contra la humedad, garantiza un transporte seguro, frescura a largo plazo y una s\u00f3lida presentaci\u00f3n en los estantes para la marca de arroz de primera calidad.<\/p>\n<h2>Par\u00e1metros de la bolsa para envasado de arroz al por mayor<\/h2>\n<ul>\n<li><strong>Material:<\/strong>\u00a0PET\/PE, PET\/NY\/PE, PET\/AL\/NY\/PE, etc.<\/li>\n<li><strong>Tipo de bolsa<\/strong>: <strong>Quad Seal <\/strong><strong>Bolsa<\/strong><\/li>\n<li><strong>Talla<\/strong>: A medida<\/li>\n<li><strong>Pedido a medida<\/strong>: Aceptamos OEM y ODM<\/li>\n<li><strong>Muestra gratuita<\/strong>: Soporte<\/li>\n<li><strong>Utilizaci\u00f3n<\/strong>: Arroz, cereales y otros<\/li>\n<li><strong>Color<\/strong>: Personalizable<\/li>\n<li><strong>Mercados destinatarios<\/strong>: En todo el mundo<\/li>\n<\/ul>","protected":false},"featured_media":2862,"comment_status":"closed","ping_status":"closed","template":"","meta":{"_acf_changed":false},"market":[],"product_brand":[],"product_cat":[54],"product_tag":[],"class_list":{"0":"post-2860","1":"product","2":"type-product","3":"status-publish","4":"has-post-thumbnail","6":"product_cat-quad-seal-pouch-supplier","8":"first","9":"instock","10":"shipping-taxable","11":"product-type-simple"},"acf":[],"_links":{"self":[{"href":"https:\/\/www.zkprintpack.com\/es\/wp-json\/wp\/v2\/product\/2860","targetHints":{"allow":["GET"]}}],"collection":[{"href":"https:\/\/www.zkprintpack.com\/es\/wp-json\/wp\/v2\/product"}],"about":[{"href":"https:\/\/www.zkprintpack.com\/es\/wp-json\/wp\/v2\/types\/product"}],"replies":[{"embeddable":true,"href":"https:\/\/www.zkprintpack.com\/es\/wp-json\/wp\/v2\/comments?post=2860"}],"wp:featuredmedia":[{"embeddable":true,"href":"https:\/\/www.zkprintpack.com\/es\/wp-json\/wp\/v2\/media\/2862"}],"wp:attachment":[{"href":"https:\/\/www.zkprintpack.com\/es\/wp-json\/wp\/v2\/media?parent=2860"}],"wp:term":[{"taxonomy":"market","embeddable":true,"href":"https:\/\/www.zkprintpack.com\/es\/wp-json\/wp\/v2\/market?post=2860"},{"taxonomy":"product_brand","embeddable":true,"href":"https:\/\/www.zkprintpack.com\/es\/wp-json\/wp\/v2\/product_brand?post=2860"},{"taxonomy":"product_cat","embeddable":true,"href":"https:\/\/www.zkprintpack.com\/es\/wp-json\/wp\/v2\/product_cat?post=2860"},{"taxonomy":"product_tag","embeddable":true,"href":"https:\/\/www.zkprintpack.com\/es\/wp-json\/wp\/v2\/product_tag?post=2860"}],"curies":[{"name":"wp","href":"https:\/\/api.w.org\/{rel}","templated":true}]}}