{"id":2854,"date":"2026-03-13T11:11:07","date_gmt":"2026-03-13T11:11:07","guid":{"rendered":"https:\/\/www.zkprintpack.com\/?post_type=product&#038;p=2854"},"modified":"2026-03-24T10:33:23","modified_gmt":"2026-03-24T10:33:23","slug":"wholesale-spout-pouches-factory-direct","status":"publish","type":"product","link":"https:\/\/www.zkprintpack.com\/es\/product\/wholesale-spout-pouches-factory-direct\/","title":{"rendered":"Venta al por mayor bolsas de ca\u00f1o con agujero de la manija, directo de f\u00e1brica - f\u00e1brica de bolsas de ca\u00f1o"},"content":{"rendered":"<div class=\"wp-block-columns is-layout-flex wp-container-core-columns-is-layout-9d6595d7 wp-block-columns-is-layout-flex\">\n<div class=\"wp-block-column is-layout-flow wp-block-column-is-layout-flow\">\n<h2 class=\"wp-block-heading\">Caracter\u00edstica de las bolsas de ca\u00f1o al por mayor personalizadas<\/h2>\n\n\n\n<ul class=\"wp-block-list\">\n<li><strong>Sellado a prueba de fugas de alta resistencia<\/strong><br>Nuestras bolsas con boquilla al por mayor utilizan tecnolog\u00eda de termosellado reforzado para evitar fugas durante el llenado, el transporte y el almacenamiento. Esta estructura garantiza la contenci\u00f3n segura de l\u00edquidos, productos viscosos y polvos sometidos a presi\u00f3n o movimiento.<\/li>\n\n\n\n<li><strong>Material interior resistente a productos qu\u00edmicos<br><\/strong>La capa interior est\u00e1 dise\u00f1ada para soportar componentes qu\u00edmicos como pol\u00edmeros, tensioactivos, fragancias y aditivos. Esto evita la degradaci\u00f3n del material, la migraci\u00f3n o la contaminaci\u00f3n del producto envasado.<\/li>\n\n\n\n<li><strong>Construcci\u00f3n duradera para uso industrial<\/strong><br>Los films laminados de alta dureza proporcionan a estas bolsas de ca\u00f1o para mayoristas una gran resistencia a la perforaci\u00f3n, la abrasi\u00f3n y los impactos. Esta durabilidad permite que el envase funcione de forma fiable en entornos log\u00edsticos, almacenes y obras de construcci\u00f3n.<\/li>\n\n\n\n<li><strong>Impresi\u00f3n duradera<\/strong><br>Las tintas de impresi\u00f3n de alta adherencia garantizan que la informaci\u00f3n de la marca, la identificaci\u00f3n del producto y las instrucciones de uso permanezcan claras y visibles. Los gr\u00e1ficos resisten la abrasi\u00f3n, la decoloraci\u00f3n y la exposici\u00f3n ambiental durante la distribuci\u00f3n.<\/li>\n\n\n\n<li>Como f\u00e1brica mayorista especializada en bolsas con pico personalizadas, podemos ofrecer una producci\u00f3n directa de f\u00e1brica con un refinado proceso de fabricaci\u00f3n e impresi\u00f3n de bolsas. Por lo tanto, podemos proporcionar una base estable para pedidos de gran volumen.<\/li>\n<\/ul>\n<\/div>\n\n\n\n<div class=\"wp-block-column is-layout-flow wp-block-column-is-layout-flow\">\n<figure class=\"wp-block-image size-full\"><img decoding=\"async\" width=\"800\" height=\"800\" src=\"https:\/\/www.zkprintpack.com\/wp-content\/uploads\/2026\/03\/Wholesale-Spout-Pouches-Factory-4.webp\" alt=\"F\u00e1brica de bolsas de ca\u00f1o al por mayor (4)\" class=\"wp-image-2858\" srcset=\"https:\/\/www.zkprintpack.com\/wp-content\/uploads\/2026\/03\/Wholesale-Spout-Pouches-Factory-4.webp 800w, https:\/\/www.zkprintpack.com\/wp-content\/uploads\/2026\/03\/Wholesale-Spout-Pouches-Factory-4-150x150.webp 150w, https:\/\/www.zkprintpack.com\/wp-content\/uploads\/2026\/03\/Wholesale-Spout-Pouches-Factory-4-768x768.webp 768w, https:\/\/www.zkprintpack.com\/wp-content\/uploads\/2026\/03\/Wholesale-Spout-Pouches-Factory-4-12x12.webp 12w, https:\/\/www.zkprintpack.com\/wp-content\/uploads\/2026\/03\/Wholesale-Spout-Pouches-Factory-4-600x600.webp 600w, https:\/\/www.zkprintpack.com\/wp-content\/uploads\/2026\/03\/Wholesale-Spout-Pouches-Factory-4-300x300.webp 300w, https:\/\/www.zkprintpack.com\/wp-content\/uploads\/2026\/03\/Wholesale-Spout-Pouches-Factory-4-100x100.webp 100w\" sizes=\"(max-width: 800px) 100vw, 800px\" \/><\/figure>\n<\/div>\n<\/div>\n\n\n\n<p><\/p>","protected":false},"excerpt":{"rendered":"<p>Suministro al por mayor de bolsas con boquilla. Estas bolsas del canal\u00f3n se dise\u00f1an para las sustancias qu\u00edmicas industriales, los detergentes del hogar, y los condimentos del polvo que requieren alta durabilidad, la prevenci\u00f3n del escape, y un agujero \u00fatil de la manija.<\/p>\n<h2>Par\u00e1metros de las bolsas de ca\u00f1o al por mayor<\/h2>\n<ul>\n<li><strong>Material:<\/strong>\u00a0PET\/PE, PET\/NY\/PE, PET\/AL\/NY\/PE, etc.<\/li>\n<li><strong>Tipo de bolsa<\/strong>: <strong>Ca\u00f1o <\/strong><strong>Bolsa<\/strong><\/li>\n<li><strong>Talla<\/strong>: A medida<\/li>\n<li><strong>Pedido a medida<\/strong>: Aceptamos OEM y ODM<\/li>\n<li><strong>Muestra gratuita<\/strong>: Soporte<\/li>\n<li><strong>Utilizaci\u00f3n<\/strong>: Emulsiones industriales, jab\u00f3n de fregar, polvo de resonar y otros<\/li>\n<li><strong>Color<\/strong>: Personalizable<\/li>\n<li><strong>Mercados destinatarios<\/strong>: En todo el mundo<\/li>\n<\/ul>","protected":false},"featured_media":2858,"comment_status":"closed","ping_status":"closed","template":"","meta":{"_acf_changed":false},"market":[51],"product_brand":[],"product_cat":[56],"product_tag":[],"class_list":{"0":"post-2854","1":"product","2":"type-product","3":"status-publish","4":"has-post-thumbnail","6":"market-personal-care-and-cosmetic","7":"product_cat-custom-spout-pouches-supplier","9":"first","10":"instock","11":"shipping-taxable","12":"product-type-simple"},"acf":[],"_links":{"self":[{"href":"https:\/\/www.zkprintpack.com\/es\/wp-json\/wp\/v2\/product\/2854","targetHints":{"allow":["GET"]}}],"collection":[{"href":"https:\/\/www.zkprintpack.com\/es\/wp-json\/wp\/v2\/product"}],"about":[{"href":"https:\/\/www.zkprintpack.com\/es\/wp-json\/wp\/v2\/types\/product"}],"replies":[{"embeddable":true,"href":"https:\/\/www.zkprintpack.com\/es\/wp-json\/wp\/v2\/comments?post=2854"}],"wp:featuredmedia":[{"embeddable":true,"href":"https:\/\/www.zkprintpack.com\/es\/wp-json\/wp\/v2\/media\/2858"}],"wp:attachment":[{"href":"https:\/\/www.zkprintpack.com\/es\/wp-json\/wp\/v2\/media?parent=2854"}],"wp:term":[{"taxonomy":"market","embeddable":true,"href":"https:\/\/www.zkprintpack.com\/es\/wp-json\/wp\/v2\/market?post=2854"},{"taxonomy":"product_brand","embeddable":true,"href":"https:\/\/www.zkprintpack.com\/es\/wp-json\/wp\/v2\/product_brand?post=2854"},{"taxonomy":"product_cat","embeddable":true,"href":"https:\/\/www.zkprintpack.com\/es\/wp-json\/wp\/v2\/product_cat?post=2854"},{"taxonomy":"product_tag","embeddable":true,"href":"https:\/\/www.zkprintpack.com\/es\/wp-json\/wp\/v2\/product_tag?post=2854"}],"curies":[{"name":"wp","href":"https:\/\/api.w.org\/{rel}","templated":true}]}}