{"id":2850,"date":"2026-03-13T11:16:14","date_gmt":"2026-03-13T11:16:14","guid":{"rendered":"https:\/\/www.zkprintpack.com\/?post_type=product&#038;p=2850"},"modified":"2026-03-13T11:16:16","modified_gmt":"2026-03-13T11:16:16","slug":"wholesale-flat-bottom-pouch-supply","status":"publish","type":"product","link":"https:\/\/www.zkprintpack.com\/es\/product\/wholesale-flat-bottom-pouch-supply\/","title":{"rendered":"Mayorista Bolsa De Fondo Plano Con Cremallera, Suministro De F\u00e1brica - Flat Bottom Pouch Packaging Factory"},"content":{"rendered":"<div class=\"wp-block-columns is-layout-flex wp-container-core-columns-is-layout-9d6595d7 wp-block-columns-is-layout-flex\">\n<div class=\"wp-block-column is-layout-flow wp-block-column-is-layout-flow\">\n<h2 class=\"wp-block-heading\">Bolsa de fondo plano al por mayor personalizada Caracter\u00edsticas<\/h2>\n\n\n\n<ul class=\"wp-block-list\">\n<li><strong>Refuerzo inferior estable de pie<br><\/strong>Nuestra bolsa de fondo plano al por mayor presenta un dise\u00f1o de fuelle inferior, que se expande para crear una base estable cuando est\u00e1 llena. Esto permite que la bolsa se mantenga en posici\u00f3n vertical en las estanter\u00edas de los comercios y en casa, mejorando la comodidad de almacenamiento y la presentaci\u00f3n visual.<\/li>\n\n\n\n<li><strong>Cremallera resellable duradera<br><\/strong>El cierre de cremallera de alta calidad permite abrir y volver a cerrar la bolsa varias veces. Esta caracter\u00edstica ayuda a mantener la frescura una vez abierta.<\/li>\n\n\n\n<li><strong>Alta barrera al ox\u00edgeno para proteger la frescura<br><\/strong>La bolsa de fondo plano para mayoristas utiliza materiales laminados de alta barrera dise\u00f1ados para reducir la transmisi\u00f3n de ox\u00edgeno. Esto ayuda a preservar el sabor, el color y el valor nutricional durante toda la vida \u00fatil del producto.<\/li>\n\n\n\n<li><strong>Dise\u00f1o de apertura f\u00e1cil<\/strong><br>Las muescas de rasgado precortadas permiten a los consumidores abrir la bolsa r\u00e1pidamente sin tijeras. La l\u00ednea de rasgado limpia mejora la experiencia de primer uso a la vez que mantiene la integridad del envase antes de abrirlo.<\/li>\n\n\n\n<li>Como f\u00e1brica especializada en la venta al por mayor de bolsas con fondo plano, podemos ofrecer una producci\u00f3n directa de f\u00e1brica con un refinado proceso de fabricaci\u00f3n e impresi\u00f3n de bolsas. Por lo tanto, podemos proporcionar una base estable para pedidos de gran volumen.<\/li>\n<\/ul>\n<\/div>\n\n\n\n<div class=\"wp-block-column is-layout-flow wp-block-column-is-layout-flow\">\n<figure class=\"wp-block-image size-full\"><img decoding=\"async\" width=\"800\" height=\"800\" src=\"https:\/\/www.zkprintpack.com\/wp-content\/uploads\/2026\/03\/Flat-Bottom-Pouch-Factory.webp\" alt=\"Bolsa de fondo plano de f\u00e1brica\" class=\"wp-image-2852\" srcset=\"https:\/\/www.zkprintpack.com\/wp-content\/uploads\/2026\/03\/Flat-Bottom-Pouch-Factory.webp 800w, https:\/\/www.zkprintpack.com\/wp-content\/uploads\/2026\/03\/Flat-Bottom-Pouch-Factory-150x150.webp 150w, https:\/\/www.zkprintpack.com\/wp-content\/uploads\/2026\/03\/Flat-Bottom-Pouch-Factory-768x768.webp 768w, https:\/\/www.zkprintpack.com\/wp-content\/uploads\/2026\/03\/Flat-Bottom-Pouch-Factory-12x12.webp 12w, https:\/\/www.zkprintpack.com\/wp-content\/uploads\/2026\/03\/Flat-Bottom-Pouch-Factory-600x600.webp 600w, https:\/\/www.zkprintpack.com\/wp-content\/uploads\/2026\/03\/Flat-Bottom-Pouch-Factory-300x300.webp 300w, https:\/\/www.zkprintpack.com\/wp-content\/uploads\/2026\/03\/Flat-Bottom-Pouch-Factory-100x100.webp 100w\" sizes=\"(max-width: 800px) 100vw, 800px\" \/><\/figure>\n<\/div>\n<\/div>\n\n\n\n<p><\/p>","protected":false},"excerpt":{"rendered":"<p>Bolsa de fondo plano al por mayor, suministro de f\u00e1brica. Cuenta con materiales de alta barrera, una cremallera resellable, la protecci\u00f3n de la frescura al tiempo que ofrece la presentaci\u00f3n del estante de primera calidad y el uso diario conveniente.<\/p>\n<h2>Par\u00e1metros de la bolsa de fondo plano al por mayor<\/h2>\n<ul>\n<li><strong>Material:<\/strong>\u00a0PET\/PE, PET\/NY\/PE, PET\/AL\/NY\/PE, etc.<\/li>\n<li><strong>Tipo de bolsa<\/strong>: <strong>Bolsa de fondo plano<\/strong><\/li>\n<li><strong>Talla<\/strong>: A medida<\/li>\n<li><strong>Pedido a medida<\/strong>: Aceptamos OEM y ODM<\/li>\n<li><strong>Muestra gratuita<\/strong>: Soporte<\/li>\n<li><strong>Utilizaci\u00f3n<\/strong>: Fideos y otros<\/li>\n<li><strong>Color<\/strong>: Personalizable<\/li>\n<li><strong>Mercados destinatarios<\/strong>: En todo el mundo<\/li>\n<\/ul>","protected":false},"featured_media":2853,"comment_status":"closed","ping_status":"closed","template":"","meta":{"_acf_changed":false},"market":[],"product_brand":[],"product_cat":[55],"product_tag":[],"class_list":{"0":"post-2850","1":"product","2":"type-product","3":"status-publish","4":"has-post-thumbnail","6":"product_cat-flat-bottom-pouches-wholesale","8":"first","9":"instock","10":"shipping-taxable","11":"product-type-simple"},"acf":[],"_links":{"self":[{"href":"https:\/\/www.zkprintpack.com\/es\/wp-json\/wp\/v2\/product\/2850","targetHints":{"allow":["GET"]}}],"collection":[{"href":"https:\/\/www.zkprintpack.com\/es\/wp-json\/wp\/v2\/product"}],"about":[{"href":"https:\/\/www.zkprintpack.com\/es\/wp-json\/wp\/v2\/types\/product"}],"replies":[{"embeddable":true,"href":"https:\/\/www.zkprintpack.com\/es\/wp-json\/wp\/v2\/comments?post=2850"}],"wp:featuredmedia":[{"embeddable":true,"href":"https:\/\/www.zkprintpack.com\/es\/wp-json\/wp\/v2\/media\/2853"}],"wp:attachment":[{"href":"https:\/\/www.zkprintpack.com\/es\/wp-json\/wp\/v2\/media?parent=2850"}],"wp:term":[{"taxonomy":"market","embeddable":true,"href":"https:\/\/www.zkprintpack.com\/es\/wp-json\/wp\/v2\/market?post=2850"},{"taxonomy":"product_brand","embeddable":true,"href":"https:\/\/www.zkprintpack.com\/es\/wp-json\/wp\/v2\/product_brand?post=2850"},{"taxonomy":"product_cat","embeddable":true,"href":"https:\/\/www.zkprintpack.com\/es\/wp-json\/wp\/v2\/product_cat?post=2850"},{"taxonomy":"product_tag","embeddable":true,"href":"https:\/\/www.zkprintpack.com\/es\/wp-json\/wp\/v2\/product_tag?post=2850"}],"curies":[{"name":"wp","href":"https:\/\/api.w.org\/{rel}","templated":true}]}}